{"id":12585,"date":"2022-07-13T13:53:29","date_gmt":"2022-07-13T13:53:29","guid":{"rendered":"https:\/\/www.traxgo.be\/?page_id=12585"},"modified":"2025-02-13T07:51:15","modified_gmt":"2025-02-13T07:51:15","slug":"numerisation-dans-le-secteur-des-transports","status":"publish","type":"page","link":"https:\/\/www.traxgo.be\/fr\/numerisation-dans-le-secteur-des-transports\/","title":{"rendered":"Num\u00e9risation dans le secteur des transports"},"content":{"rendered":"<h2>Secteur des transports:<br \/>\nle suivi des camions comme base<\/h2>\n<p><img loading=\"lazy\" decoding=\"async\" class=\"alignright wp-image-4549\" src=\"https:\/\/www.traxgo.be\/wp-content\/uploads\/2019\/07\/automobile-automotive-blur-977213-1024x683.jpg\" alt=\"Accro\u00eetre l'efficacit\u00e9 dans le secteur des transports gr\u00e2ce \u00e0 la num\u00e9risation bas\u00e9e sur le suivi des camions\" width=\"580\" height=\"387\" srcset=\"https:\/\/www.traxgo.be\/wp-content\/uploads\/2019\/07\/automobile-automotive-blur-977213-1024x683.jpg 1024w, https:\/\/www.traxgo.be\/wp-content\/uploads\/2019\/07\/automobile-automotive-blur-977213-300x200.jpg 300w, https:\/\/www.traxgo.be\/wp-content\/uploads\/2019\/07\/automobile-automotive-blur-977213-768x512.jpg 768w\" sizes=\"auto, (max-width: 580px) 100vw, 580px\" \/>Les donn\u00e9es d\u00e9taill\u00e9es collect\u00e9es avec un syst\u00e8me de suivi des camions permettent de localiser \u00e0 tout moment tous les v\u00e9hicules de votre flotte. En tant que dirigeant d'une entreprise du secteur des transports, vous pouvez donc facilement voir \u00e0 distance o\u00f9 se trouvent actuellement vos camions ou v\u00e9hicules, ce qui est un atout majeur d'une <strong>digitalisation<\/strong> pouss\u00e9e au sein de votre entreprise.<\/p>\n<p>En plus de l'emplacement des v\u00e9hicules, la consommation, les niveaux de temp\u00e9rature, les niveaux d'humidit\u00e9 et bien d'autres choses peuvent \u00e9galement \u00eatre enregistr\u00e9s. <a href=\"https:\/\/www.traxgo.be\/fr\/online-track-et-trace-et-systemes-de-localisation\/lecture-du-tachygraphe\/\">La lecture \u00e0 distance des tachygraphes<\/a> fait \u00e9galement partie des nombreuses options. Vous pouvez tout suivre parfaitement et vous obtenez un aper\u00e7u du flux de travail de votre entreprise.<\/p>\n<p>Parce que tout se passe num\u00e9riquement et rapidement, la communication sera \u00e9galement plus rapide. Vous \u00eates en contact permanent avec les chauffeurs et les autres employ\u00e9s. Les documents et les adresses peuvent \u00eatre transmis sans probl\u00e8me et vous gagnez beaucoup de temps.<\/p>\n<h3>Plus qu'un syst\u00e8me de suivi et de localisation pour les entreprises de transport<\/h3>\n<p>Le secteur des transports pr\u00e9sente de nombreux d\u00e9fis et regroupe des entreprises charg\u00e9es du transport des d\u00e9chets, du transport de marchandises en vrac, de produits alimentaires, de mati\u00e8res premi\u00e8res, etc. Il existe souvent des chevauchements avec d'autres secteurs, par exemple: au <a href=\"https:\/\/www.traxgo.be\/fr\/le-suivi-augmente-lefficacite-des-entreprises-de-recyclage\/\">secteur des d\u00e9chets et du recyclage<\/a> en pleine croissance. Gr\u00e2ce \u00e0 une communication fluide, il existe \u00e9galement une planification optimale, ce qui profite \u00e0 <strong>l'efficacit\u00e9<\/strong>. Le flux de travail sera donc plus optimal qu'auparavant. Les syst\u00e8mes num\u00e9riques de Traxgo aident votre entreprise \u00e0 un niveau sup\u00e9rieur. Co\u00fbts r\u00e9duits, moins de temps perdu, bon flux de travail, etc. Seuls avantages. Souhaitez-vous \u00e9galement vous concentrer sur la poursuite de la num\u00e9risation pour vos employ\u00e9s et augmenter l'efficacit\u00e9 de votre entreprise dans le secteur des transports? Vous recherchez une <a href=\"https:\/\/www.traxgo.be\/fr\/suivi-de-flotte-un-systeme-de-suivi-pour-votre-flotte\/\">solution de suivi pour votre flotte<\/a>? N'h\u00e9sitez pas \u00e0 nous contacter, nous chercherons avec vous la meilleure solution.<\/p>\n<p><a class=\"button cta\" href=\"#contact\">Plus d'information? <strong>Contactez-nous<\/strong><\/a><\/p>\n<p>&nbsp;<\/p>\n<p>D\u00e9couvrez \u00e9galement nos solutions de track-and-trace et de monitoring pour de nombreux autres secteurs:<\/p>\n<ul>\n<li><a href=\"https:\/\/www.traxgo.be\/fr\/numerisation-dans-les-municipalites-et-le-gouvernement\/\">Num\u00e9risation dans les municipalit\u00e9s et le gouvernement<\/a><\/li>\n<li><a href=\"https:\/\/www.traxgo.be\/fr\/numerisation-dans-les-services-durgence\/\">Num\u00e9risation dans les services d'urgence<\/a><\/li>\n<li><a href=\"https:\/\/www.traxgo.be\/fr\/numerisation-au-service-de-messagerie\/\">Num\u00e9risation au service de messagerie<\/a><\/li>\n<li><a href=\"https:\/\/www.traxgo.be\/fr\/numerisation-dans-les-entreprises-de-nettoyage\/\">Num\u00e9risation dans les entreprises de nettoyage<\/a><\/li>\n<li><a href=\"https:\/\/www.traxgo.be\/fr\/la-digitalisation-du-service-et-du-service-apres-vente\/\">La digitalisation du service et du service apr\u00e8s-vente<\/a><\/li>\n<li><a href=\"https:\/\/www.traxgo.be\/fr\/numerisation-dans-les-services-de-taxi\/\">Num\u00e9risation dans les services de taxi<\/a><\/li>\n<li><a href=\"https:\/\/www.traxgo.be\/fr\/\">Syst\u00e8mes de g\u00e9olocalisation<\/a><\/li>\n<li><a href=\"https:\/\/www.traxgo.be\/fr\/online-track-et-trace-et-systemes-de-localisation\/monitoring\/\">Surveillance de votre flotte<\/a><\/li>\n<li><a href=\"https:\/\/www.traxgo.be\/fr\/tracking\/\">Syst\u00e8mes de suivi<\/a><\/li>\n<\/ul>\n","protected":false},"excerpt":{"rendered":"<p>Secteur des transports: le suivi des camions comme base Les donn\u00e9es d\u00e9taill\u00e9es collect\u00e9es avec un syst\u00e8me de suivi des camions permettent de localiser \u00e0 tout moment tous les v\u00e9hicules de votre flotte. En tant que dirigeant d'une entreprise du secteur des transports, vous pouvez donc facilement voir \u00e0 distance o\u00f9 se trouvent actuellement vos camions [&hellip;]<\/p>\n","protected":false},"author":1,"featured_media":6584,"parent":0,"menu_order":0,"comment_status":"closed","ping_status":"closed","template":"","meta":{"_acf_changed":false,"footnotes":""},"class_list":["post-12585","page","type-page","status-publish","has-post-thumbnail","hentry"],"acf":[],"_links":{"self":[{"href":"https:\/\/www.traxgo.be\/fr\/wp-json\/wp\/v2\/pages\/12585","targetHints":{"allow":["GET"]}}],"collection":[{"href":"https:\/\/www.traxgo.be\/fr\/wp-json\/wp\/v2\/pages"}],"about":[{"href":"https:\/\/www.traxgo.be\/fr\/wp-json\/wp\/v2\/types\/page"}],"author":[{"embeddable":true,"href":"https:\/\/www.traxgo.be\/fr\/wp-json\/wp\/v2\/users\/1"}],"replies":[{"embeddable":true,"href":"https:\/\/www.traxgo.be\/fr\/wp-json\/wp\/v2\/comments?post=12585"}],"version-history":[{"count":9,"href":"https:\/\/www.traxgo.be\/fr\/wp-json\/wp\/v2\/pages\/12585\/revisions"}],"predecessor-version":[{"id":17039,"href":"https:\/\/www.traxgo.be\/fr\/wp-json\/wp\/v2\/pages\/12585\/revisions\/17039"}],"wp:featuredmedia":[{"embeddable":true,"href":"https:\/\/www.traxgo.be\/fr\/wp-json\/wp\/v2\/media\/6584"}],"wp:attachment":[{"href":"https:\/\/www.traxgo.be\/fr\/wp-json\/wp\/v2\/media?parent=12585"}],"curies":[{"name":"wp","href":"https:\/\/api.w.org\/{rel}","templated":true}]}}