{"id":12733,"date":"2022-07-20T08:29:56","date_gmt":"2022-07-20T08:29:56","guid":{"rendered":"https:\/\/www.traxgo.be\/?page_id=12733"},"modified":"2022-07-20T08:47:29","modified_gmt":"2022-07-20T08:47:29","slug":"bande-etroite-portee-et-application","status":"publish","type":"page","link":"https:\/\/www.traxgo.be\/fr\/bande-etroite-portee-et-application\/","title":{"rendered":"Bande \u00e9troite - Port\u00e9e et application"},"content":{"rendered":"<h2>Bande \u00e9troite - Port\u00e9e et application<\/h2>\n<p><strong><img loading=\"lazy\" decoding=\"async\" class=\"alignright wp-image-4329\" src=\"https:\/\/www.traxgo.be\/wp-content\/uploads\/2019\/06\/transmission-tower-4021837_1920-1024x683.jpg\" alt=\"Narrowband ou bande \u00e9troite | Narrowband Internet of Things | Traxgo\" width=\"580\" height=\"387\" srcset=\"https:\/\/www.traxgo.be\/wp-content\/uploads\/2019\/06\/transmission-tower-4021837_1920-1024x683.jpg 1024w, https:\/\/www.traxgo.be\/wp-content\/uploads\/2019\/06\/transmission-tower-4021837_1920-300x200.jpg 300w, https:\/\/www.traxgo.be\/wp-content\/uploads\/2019\/06\/transmission-tower-4021837_1920-768x512.jpg 768w, https:\/\/www.traxgo.be\/wp-content\/uploads\/2019\/06\/transmission-tower-4021837_1920.jpg 1920w\" sizes=\"auto, (max-width: 580px) 100vw, 580px\" \/>NB-IoT (Narrowband Internet of Things) ou bande \u00e9troite est une nouvelle technologie qui permet \u00e0 des appareils peu puissants de communiquer \u00e0 grande distance.<\/strong><br \/>\nLa technologie a une tr\u00e8s faible consommation d'\u00e9nergie et fonctionne sur une longue distance. Elle ressemble un peu \u00e0 la 4G, mais elle ne convient que pour envoyer de petites quantit\u00e9s de donn\u00e9es. De cette fa\u00e7on, vous pouvez envoyer de petites commandes simples telles que l'ouverture de portes, de portails ou d'autres choses \u00e0 distance.<\/p>\n<h3 style=\"background: white; margin: 14.4pt 0cm 8.4pt 0cm;\">Port\u00e9e et application<\/h3>\n<p>L'IoT \u00e0 bande \u00e9troite a une port\u00e9e comparable \u00e0 la couverture actuelle du r\u00e9seau. Comme mentionn\u00e9 pr\u00e9c\u00e9demment, la consommation d'\u00e9nergie est tr\u00e8s faible. La batterie aura bient\u00f4t une dur\u00e9e de vie de 10 ans. L'avantage du syst\u00e8me r\u00e9side dans la collecte de donn\u00e9es. Les mesures peuvent \u00eatre r\u00e9alis\u00e9es via les applications Narrowband qui sont tr\u00e8s int\u00e9ressantes pour les entreprises commerciales.<\/p>\n<p>Un bon exemple de ceci est un capteur plac\u00e9 dans une poubelle. Celui-ci d\u00e9tecte qu'un conteneur est plein et transmet ce signal. De cette fa\u00e7on, vous pouvez travailler tr\u00e8s efficacement. Il existe de nombreuses autres applications qui peuvent rendre la vie plus facile et plus efficace.<\/p>\n<p><a class=\"button cta\" href=\"#contact\">Plus d'information? <strong>Contactez-nous<\/strong><\/a><\/p>\n<p>&nbsp;<\/p>\n<h4>D\u00e9couvrez encore plus sur cette technologie IoT:<\/h4>\n<ul>\n<li><a href=\"https:\/\/www.traxgo.be\/fr\/narrowband\/\">Qu'est-ce que la bande \u00e9troite (Narrowband)?<\/a><\/li>\n<li><a href=\"https:\/\/www.traxgo.be\/fr\/avantages-de-la-bande-etroite\/\">Avantages de la bande \u00e9troite<\/a><\/li>\n<\/ul>\n","protected":false},"excerpt":{"rendered":"<p>Bande \u00e9troite - Port\u00e9e et application NB-IoT (Narrowband Internet of Things) ou bande \u00e9troite est une nouvelle technologie qui permet \u00e0 des appareils peu puissants de communiquer \u00e0 grande distance. La technologie a une tr\u00e8s faible consommation d'\u00e9nergie et fonctionne sur une longue distance. Elle ressemble un peu \u00e0 la 4G, mais elle ne convient [&hellip;]<\/p>\n","protected":false},"author":1,"featured_media":6528,"parent":0,"menu_order":0,"comment_status":"closed","ping_status":"closed","template":"","meta":{"_acf_changed":false,"footnotes":""},"class_list":["post-12733","page","type-page","status-publish","has-post-thumbnail","hentry"],"acf":[],"_links":{"self":[{"href":"https:\/\/www.traxgo.be\/fr\/wp-json\/wp\/v2\/pages\/12733","targetHints":{"allow":["GET"]}}],"collection":[{"href":"https:\/\/www.traxgo.be\/fr\/wp-json\/wp\/v2\/pages"}],"about":[{"href":"https:\/\/www.traxgo.be\/fr\/wp-json\/wp\/v2\/types\/page"}],"author":[{"embeddable":true,"href":"https:\/\/www.traxgo.be\/fr\/wp-json\/wp\/v2\/users\/1"}],"replies":[{"embeddable":true,"href":"https:\/\/www.traxgo.be\/fr\/wp-json\/wp\/v2\/comments?post=12733"}],"version-history":[{"count":7,"href":"https:\/\/www.traxgo.be\/fr\/wp-json\/wp\/v2\/pages\/12733\/revisions"}],"predecessor-version":[{"id":12750,"href":"https:\/\/www.traxgo.be\/fr\/wp-json\/wp\/v2\/pages\/12733\/revisions\/12750"}],"wp:featuredmedia":[{"embeddable":true,"href":"https:\/\/www.traxgo.be\/fr\/wp-json\/wp\/v2\/media\/6528"}],"wp:attachment":[{"href":"https:\/\/www.traxgo.be\/fr\/wp-json\/wp\/v2\/media?parent=12733"}],"curies":[{"name":"wp","href":"https:\/\/api.w.org\/{rel}","templated":true}]}}