{"id":12815,"date":"2022-07-20T12:04:41","date_gmt":"2022-07-20T12:04:41","guid":{"rendered":"https:\/\/www.traxgo.be\/?page_id=12815"},"modified":"2022-07-20T12:21:27","modified_gmt":"2022-07-20T12:21:27","slug":"quest-ce-que-sigfox","status":"publish","type":"page","link":"https:\/\/www.traxgo.be\/fr\/quest-ce-que-sigfox\/","title":{"rendered":"Qu'est-ce que sigfox"},"content":{"rendered":"<h2><strong>Qu'est-ce que Sigfox?<\/strong><\/h2>\n<p>Sigfox est une solution qui connecte des capteurs et des appareils de mani\u00e8re \u00e9conomique et fiable \u00e0 faible consommation d'\u00e9nergie. Plus pr\u00e9cis\u00e9ment, il est destin\u00e9 \u00e0 activer les solutions Internet des objets. Le r\u00e9seau est mondial et sera \u00e9largi tous les mois.<\/p>\n<p><img loading=\"lazy\" decoding=\"async\" class=\"alignright wp-image-4336\" src=\"https:\/\/www.traxgo.be\/wp-content\/uploads\/2019\/06\/capacitors-chips-circuit-1472443-1024x683.jpg\" alt=\"Fonctionnalit\u00e9s Sigfox | R\u00e9seau Sigfox | Traxgo\" width=\"580\" height=\"387\" srcset=\"https:\/\/www.traxgo.be\/wp-content\/uploads\/2019\/06\/capacitors-chips-circuit-1472443-1024x683.jpg 1024w, https:\/\/www.traxgo.be\/wp-content\/uploads\/2019\/06\/capacitors-chips-circuit-1472443-300x200.jpg 300w, https:\/\/www.traxgo.be\/wp-content\/uploads\/2019\/06\/capacitors-chips-circuit-1472443-768x512.jpg 768w\" sizes=\"auto, (max-width: 580px) 100vw, 580px\" \/>Voici quelques caract\u00e9ristiques de la connectivit\u00e9:<\/p>\n<ul class=\"advantages\">\n<li><strong>Autonomie<br \/>\n<\/strong>Notre solution de connectivit\u00e9 unique offre la plus faible consommation d'\u00e9nergie entre les appareils et le cloud. En simplifiant la communication, nous permettons une consommation d'\u00e9nergie incroyablement faible. Bient\u00f4t, il ne sera plus n\u00e9cessaire de remplacer ou de recharger les batteries, car les appareils g\u00e9n\u00e9reront eux-m\u00eames de l'\u00e9nergie.<br \/>\n<span style=\"color: #ffffff;\">-<\/span><\/li>\n<li><strong>Simplicit\u00e9<br \/>\n<\/strong>Votre capteur est op\u00e9rationnel sur le r\u00e9seau en quelques minutes car aucune configuration n'est requise.<br \/>\n<span style=\"color: #ffffff;\">-<\/span><\/li>\n<li><strong>\u00c9conomique<br \/>\n<\/strong>Du mat\u00e9riel des capteurs \u00e0 la construction du r\u00e9seau, Sigfox a tout optimis\u00e9 pour fonctionner de la mani\u00e8re la plus \u00e9conomique possible.<br \/>\n<span style=\"color: #ffffff;\">-<\/span><\/li>\n<li><strong>Petits messages<br \/>\n<\/strong>Nous ne travaillons pas avec de gros messages de donn\u00e9es ou des m\u00e9dias, seulement de petits messages.<br \/>\n<span style=\"color: #ffffff;\">-<\/span><\/li>\n<li><strong>Compl\u00e9mentaire<br \/>\n<\/strong>Gr\u00e2ce \u00e0 sa commodit\u00e9 et \u00e0 son faible co\u00fbt, le r\u00e9seau est excellent \u00e0 utiliser comme solution de secours pour d'autres types de r\u00e9seaux tels que Wi-Fi, Bluetooth, etc. Le r\u00e9seau est ainsi compatible Bluetooth, GPS 2G\/3G\/4G et Wifi. En combinant d'autres solutions de connectivit\u00e9 avec <a href=\"https:\/\/www.traxgo.be\/fr\/reseau-sigfox\/\">Sigfox<\/a>, les analyses de rentabilisation et l'exp\u00e9rience utilisateur peuvent \u00eatre consid\u00e9rablement am\u00e9lior\u00e9es.<\/li>\n<\/ul>\n<p><a class=\"button cta\" href=\"#contact\">Plus d'information? <strong>Contactez-nous<\/strong><\/a><\/p>\n<p>&nbsp;<\/p>\n<h4>D\u00e9couvrez encore plus sur cette technologie IoT:<\/h4>\n<ul>\n<li><a href=\"https:\/\/www.traxgo.be\/fr\/reseau-sigfox\/\">Le r\u00e9seau Sigfox<\/a><\/li>\n<li><a href=\"https:\/\/www.traxgo.be\/fr\/online-track-et-trace-et-systemes-de-localisation\/sigfox-en-belgique\/\">Sigfox en Belgique<\/a><\/li>\n<\/ul>\n","protected":false},"excerpt":{"rendered":"<p>Qu'est-ce que Sigfox? Sigfox est une solution qui connecte des capteurs et des appareils de mani\u00e8re \u00e9conomique et fiable \u00e0 faible consommation d'\u00e9nergie. Plus pr\u00e9cis\u00e9ment, il est destin\u00e9 \u00e0 activer les solutions Internet des objets. Le r\u00e9seau est mondial et sera \u00e9largi tous les mois. Voici quelques caract\u00e9ristiques de la connectivit\u00e9: Autonomie Notre solution de [&hellip;]<\/p>\n","protected":false},"author":1,"featured_media":6536,"parent":0,"menu_order":0,"comment_status":"closed","ping_status":"closed","template":"","meta":{"_acf_changed":false,"footnotes":""},"class_list":["post-12815","page","type-page","status-publish","has-post-thumbnail","hentry"],"acf":[],"_links":{"self":[{"href":"https:\/\/www.traxgo.be\/fr\/wp-json\/wp\/v2\/pages\/12815","targetHints":{"allow":["GET"]}}],"collection":[{"href":"https:\/\/www.traxgo.be\/fr\/wp-json\/wp\/v2\/pages"}],"about":[{"href":"https:\/\/www.traxgo.be\/fr\/wp-json\/wp\/v2\/types\/page"}],"author":[{"embeddable":true,"href":"https:\/\/www.traxgo.be\/fr\/wp-json\/wp\/v2\/users\/1"}],"replies":[{"embeddable":true,"href":"https:\/\/www.traxgo.be\/fr\/wp-json\/wp\/v2\/comments?post=12815"}],"version-history":[{"count":9,"href":"https:\/\/www.traxgo.be\/fr\/wp-json\/wp\/v2\/pages\/12815\/revisions"}],"predecessor-version":[{"id":12831,"href":"https:\/\/www.traxgo.be\/fr\/wp-json\/wp\/v2\/pages\/12815\/revisions\/12831"}],"wp:featuredmedia":[{"embeddable":true,"href":"https:\/\/www.traxgo.be\/fr\/wp-json\/wp\/v2\/media\/6536"}],"wp:attachment":[{"href":"https:\/\/www.traxgo.be\/fr\/wp-json\/wp\/v2\/media?parent=12815"}],"curies":[{"name":"wp","href":"https:\/\/api.w.org\/{rel}","templated":true}]}}