{"id":12826,"date":"2022-07-20T12:18:35","date_gmt":"2022-07-20T12:18:35","guid":{"rendered":"https:\/\/www.traxgo.be\/?page_id=12826"},"modified":"2022-07-20T12:22:20","modified_gmt":"2022-07-20T12:22:20","slug":"sigfox-en-belgique","status":"publish","type":"page","link":"https:\/\/www.traxgo.be\/fr\/online-track-et-trace-et-systemes-de-localisation\/sigfox-en-belgique\/","title":{"rendered":"Sigfox en Belgique"},"content":{"rendered":"<h2>D\u00e9ploiement de Sigfox en Belgique<\/h2>\n<p>En 2015, Engie a commenc\u00e9 \u00e0 d\u00e9ployer un Low Power Wide Area Network (LPWAN) bas\u00e9 sur la technologie Sigfox. Ils ont pu compter sur l'aide de Telenet et ont donc \u00e9galement utilis\u00e9 son infrastructure. Le r\u00e9seau Sigfox en Belgique est exploit\u00e9 par la filiale Engie M2M et est destin\u00e9 \u00e0 l'internet des objets. Chez Engie eux-m\u00eames, ils pensent aux compteurs d'eau et d'\u00e9nergie intelligents ou aux solutions de suivi et de tra\u00e7abilit\u00e9.<\/p>\n<h3>Avantage et inconv\u00e9nient Sigfox<\/h3>\n<p><img loading=\"lazy\" decoding=\"async\" class=\"alignright wp-image-4339\" title=\"Sigfox | R\u00e9seau Sigfox en Belgique | Traxgo\" src=\"https:\/\/www.traxgo.be\/wp-content\/uploads\/2019\/06\/chips-circuit-conductor-163073-1024x680.jpg\" alt=\"Sigfox | Sigfox netwerk in Belgi\u00eb | Traxgo\" width=\"580\" height=\"385\" srcset=\"https:\/\/www.traxgo.be\/wp-content\/uploads\/2019\/06\/chips-circuit-conductor-163073-1024x680.jpg 1024w, https:\/\/www.traxgo.be\/wp-content\/uploads\/2019\/06\/chips-circuit-conductor-163073-300x199.jpg 300w, https:\/\/www.traxgo.be\/wp-content\/uploads\/2019\/06\/chips-circuit-conductor-163073-768x510.jpg 768w, https:\/\/www.traxgo.be\/wp-content\/uploads\/2019\/06\/chips-circuit-conductor-163073.jpg 1920w\" sizes=\"auto, (max-width: 580px) 100vw, 580px\" \/><\/p>\n<p>Quel est le gros avantage par rapport aux r\u00e9seaux mobiles classiques? La consommation d'\u00e9nergie pour envoyer des donn\u00e9es est bien inf\u00e9rieure \u00e0 celle des appareils dot\u00e9s d'une carte SIM. De cette fa\u00e7on, les appareils peuvent parfois transmettre des donn\u00e9es jusqu'\u00e0 dix ans sans avoir \u00e0 charger ou \u00e0 remplacer la batterie. Comme mentionn\u00e9 pr\u00e9c\u00e9demment, cet avantage s'accompagne d'un inconv\u00e9nient. Les applications de donn\u00e9es lourdes telles que l'envoi de photos ou les conversations de chat ne sont pas possibles.<\/p>\n<p>L'autre avantage est la port\u00e9e. Engie et Sigfox ont pu connecter toute la Belgique avec plusieurs centaines de stations. Si l'\u00e9metteur et le r\u00e9cepteur sont en ligne de mire, la distance maximale est d'environ 130 kilom\u00e8tres. De plus, ils utilisent \u00e9galement la fr\u00e9quence sans licence de 869 MHz pour que la communication se d\u00e9roule sans heurts.<\/p>\n<p>Toute personne qui le souhaite peut utiliser <a href=\"https:\/\/www.traxgo.be\/fr\/reseau-sigfox\/\">les r\u00e9seaux de Sigfox<\/a>. A partir du moment o\u00f9 vous commencez \u00e0 l'utiliser \u00e0 des fins commerciales, vous payez quelques euros par capteur et par an.<\/p>\n<p><a class=\"button cta\" href=\"#contact\">Plus d'information? <strong>Contactez-nous<\/strong><\/a><\/p>\n<p>&nbsp;<\/p>\n<h4>D\u00e9couvrez encore plus sur cette technologie IoT:<\/h4>\n<ul>\n<li><a href=\"https:\/\/www.traxgo.be\/fr\/quest-ce-que-sigfox\/\">Fonctionnalit\u00e9s Sigfox, qu'est-ce que Sigfox?<\/a><\/li>\n<li><a href=\"https:\/\/www.traxgo.be\/fr\/reseau-sigfox\/\">Le r\u00e9seau Sigfox<\/a><\/li>\n<\/ul>\n","protected":false},"excerpt":{"rendered":"<p>D\u00e9ploiement de Sigfox en Belgique En 2015, Engie a commenc\u00e9 \u00e0 d\u00e9ployer un Low Power Wide Area Network (LPWAN) bas\u00e9 sur la technologie Sigfox. Ils ont pu compter sur l'aide de Telenet et ont donc \u00e9galement utilis\u00e9 son infrastructure. Le r\u00e9seau Sigfox en Belgique est exploit\u00e9 par la filiale Engie M2M et est destin\u00e9 \u00e0 [&hellip;]<\/p>\n","protected":false},"author":1,"featured_media":6536,"parent":553,"menu_order":0,"comment_status":"closed","ping_status":"closed","template":"","meta":{"_acf_changed":false,"footnotes":""},"class_list":["post-12826","page","type-page","status-publish","has-post-thumbnail","hentry"],"acf":[],"_links":{"self":[{"href":"https:\/\/www.traxgo.be\/fr\/wp-json\/wp\/v2\/pages\/12826","targetHints":{"allow":["GET"]}}],"collection":[{"href":"https:\/\/www.traxgo.be\/fr\/wp-json\/wp\/v2\/pages"}],"about":[{"href":"https:\/\/www.traxgo.be\/fr\/wp-json\/wp\/v2\/types\/page"}],"author":[{"embeddable":true,"href":"https:\/\/www.traxgo.be\/fr\/wp-json\/wp\/v2\/users\/1"}],"replies":[{"embeddable":true,"href":"https:\/\/www.traxgo.be\/fr\/wp-json\/wp\/v2\/comments?post=12826"}],"version-history":[{"count":5,"href":"https:\/\/www.traxgo.be\/fr\/wp-json\/wp\/v2\/pages\/12826\/revisions"}],"predecessor-version":[{"id":12833,"href":"https:\/\/www.traxgo.be\/fr\/wp-json\/wp\/v2\/pages\/12826\/revisions\/12833"}],"up":[{"embeddable":true,"href":"https:\/\/www.traxgo.be\/fr\/wp-json\/wp\/v2\/pages\/553"}],"wp:featuredmedia":[{"embeddable":true,"href":"https:\/\/www.traxgo.be\/fr\/wp-json\/wp\/v2\/media\/6536"}],"wp:attachment":[{"href":"https:\/\/www.traxgo.be\/fr\/wp-json\/wp\/v2\/media?parent=12826"}],"curies":[{"name":"wp","href":"https:\/\/api.w.org\/{rel}","templated":true}]}}