{"id":12839,"date":"2022-07-20T12:51:34","date_gmt":"2022-07-20T12:51:34","guid":{"rendered":"https:\/\/www.traxgo.be\/?page_id=12839"},"modified":"2022-07-20T12:53:24","modified_gmt":"2022-07-20T12:53:24","slug":"acheter-traceur-gps-de-voiture","status":"publish","type":"page","link":"https:\/\/www.traxgo.be\/fr\/acheter-traceur-gps-de-voiture\/","title":{"rendered":"Acheter traceur GPS de voiture"},"content":{"rendered":"<h1>Acheter un traceur GPS de voiture<\/h1>\n<p>Avec les progr\u00e8s de la technologie, il est de plus en plus facile d'avoir un aper\u00e7u d\u00e9taill\u00e9 de vos processus d'affaires. Par exemple, Traxgo a un traceur GPS, un tracker que vous pouvez acheter pour vos v\u00e9hicules utilitaires. Ce <strong>tracker<\/strong> fournit des informations sur des \u00e9l\u00e9ments tels que l'emplacement et la vitesse de vos v\u00e9hicules. Les avantages d'un traceur GPS sont :<\/p>\n<ul class=\"advantages\">\n<li><strong>Administration simplifi\u00e9e:<\/strong> Gr\u00e2ce \u00e0 le traceur GPS, vous recevez un aper\u00e7u clair de toutes les heures de d\u00e9marrage et d'arr\u00eat de vos v\u00e9hicules utilitaires. Vous savez \u00e9galement exactement combien de kilom\u00e8tres ont \u00e9t\u00e9 parcourus. Cela simplifie consid\u00e9rablement l'administration. Il n'y a plus de place pour l'ambigu\u00eft\u00e9.<\/li>\n<li><strong>Acc\u00e8s en direct aux donn\u00e9es de localisation:<\/strong> De plus, un tracker dans les v\u00e9hicules utilitaires ou les camions est tr\u00e8s utile pour savoir o\u00f9 se trouvent vos v\u00e9hicules en temps r\u00e9el. Vous savez exactement o\u00f9 se trouve tout le monde. Si un ajustement est n\u00e9cessaire, vous pouvez r\u00e9pondre parfaitement \u00e0 la situation. L'acc\u00e8s \u00e0 un aper\u00e7u d\u00e9taill\u00e9 des donn\u00e9es de localisation est tr\u00e8s pr\u00e9cieux dans l'industrie du transport.<\/li>\n<li><strong>Option antid\u00e9marrage:<\/strong> L'option d'utiliser un antid\u00e9marrage est \u00e9galement utile. Vous pouvez emp\u00eacher \u00e0 distance le d\u00e9marrage de votre v\u00e9hicule utilitaire. Une situation dans laquelle cela peut \u00eatre utile est, par exemple, en cas de vol.<\/li>\n<li><strong>Contr\u00f4le de la productivit\u00e9 des employ\u00e9s:<\/strong> Vous pouvez \u00e9galement acc\u00e9der aux donn\u00e9es de productivit\u00e9 de vos employ\u00e9s avec un tracker dans vos v\u00e9hicules de soci\u00e9t\u00e9. Vous savez exactement ce qu'ils ont fait et ce qu'ils n'ont pas fait. Cela vous \u00e9vite de payer trop cher. Un bon contr\u00f4le de la productivit\u00e9 pr\u00e9sente des avantages significatifs pour les op\u00e9rations commerciales dans leur ensemble.<\/li>\n<li><strong>Informations sp\u00e9cifiques au v\u00e9hicule:<\/strong> Vous pouvez \u00e9galement afficher des informations tr\u00e8s sp\u00e9cifiques par v\u00e9hicule. Pensez, par exemple, \u00e0 la quantit\u00e9 de carburant dont dispose encore un v\u00e9hicule utilitaire. Ou la vitesse. Ce type de donn\u00e9es peut aider \u00e0 mieux comprendre pourquoi certaines actions sont entreprises.<\/li>\n<li><strong>Gain de temps:<\/strong> L'achat d'un tracker vous fait gagner beaucoup de temps. L'administration simplifi\u00e9e, la productivit\u00e9 accrue et la possibilit\u00e9 de faire des ajustements en direct en sont les meilleurs exemples.<\/li>\n<\/ul>\n<p><a class=\"button cta\" href=\"#contact\">Plus d'information? <strong>Contactez-nous<\/strong><\/a><\/p>\n<p>&nbsp;<\/p>\n<h2>Vous souhaitez acheter un traceur?<\/h2>\n<p><img loading=\"lazy\" decoding=\"async\" class=\"alignright size-full wp-image-7770\" src=\"https:\/\/www.traxgo.be\/wp-content\/uploads\/2021\/01\/black-suv-beside-grey-auv-crossing-the-pedestrian-line-125514.png.jpg\" alt=\"Achetez un tracker ou un traceur pour votre voiture\" width=\"580\" height=\"326\" srcset=\"https:\/\/www.traxgo.be\/wp-content\/uploads\/2021\/01\/black-suv-beside-grey-auv-crossing-the-pedestrian-line-125514.png.jpg 580w, https:\/\/www.traxgo.be\/wp-content\/uploads\/2021\/01\/black-suv-beside-grey-auv-crossing-the-pedestrian-line-125514.png-300x169.jpg 300w\" sizes=\"auto, (max-width: 580px) 100vw, 580px\" \/><\/p>\n<p>L'achat d'un traceur peut donc vous offrir de nombreux avantages et vous faire gagner un temps et des efforts consid\u00e9rables \u00e0 long terme. Cela garantit que vous pouvez continuer \u00e0 grandir en tant qu'entreprise. Une am\u00e9lioration de divers processus commerciaux en combinaison avec le temps lib\u00e9r\u00e9 signifie que davantage d'opportunit\u00e9s seront disponibles.<\/p>\n<p>Pour plus d'informations sur un tracker Traxgo, vous pouvez bien s\u00fbr <a href=\"#contact\">nous contacter<\/a>. En tant que sp\u00e9cialiste de la fourniture de trackers pour les entreprises poss\u00e9dant de nombreux v\u00e9hicules, nous pouvons vous conseiller de mani\u00e8re professionnelle. Nous mettons donc tout en \u0153uvre pour vous aider au mieux.<\/p>\n","protected":false},"excerpt":{"rendered":"<p>Acheter un traceur GPS de voiture Avec les progr\u00e8s de la technologie, il est de plus en plus facile d'avoir un aper\u00e7u d\u00e9taill\u00e9 de vos processus d'affaires. Par exemple, Traxgo a un traceur GPS, un tracker que vous pouvez acheter pour vos v\u00e9hicules utilitaires. Ce tracker fournit des informations sur des \u00e9l\u00e9ments tels que l'emplacement [&hellip;]<\/p>\n","protected":false},"author":1,"featured_media":6742,"parent":0,"menu_order":0,"comment_status":"closed","ping_status":"closed","template":"","meta":{"_acf_changed":false,"footnotes":""},"class_list":["post-12839","page","type-page","status-publish","has-post-thumbnail","hentry"],"acf":[],"_links":{"self":[{"href":"https:\/\/www.traxgo.be\/fr\/wp-json\/wp\/v2\/pages\/12839","targetHints":{"allow":["GET"]}}],"collection":[{"href":"https:\/\/www.traxgo.be\/fr\/wp-json\/wp\/v2\/pages"}],"about":[{"href":"https:\/\/www.traxgo.be\/fr\/wp-json\/wp\/v2\/types\/page"}],"author":[{"embeddable":true,"href":"https:\/\/www.traxgo.be\/fr\/wp-json\/wp\/v2\/users\/1"}],"replies":[{"embeddable":true,"href":"https:\/\/www.traxgo.be\/fr\/wp-json\/wp\/v2\/comments?post=12839"}],"version-history":[{"count":3,"href":"https:\/\/www.traxgo.be\/fr\/wp-json\/wp\/v2\/pages\/12839\/revisions"}],"predecessor-version":[{"id":12842,"href":"https:\/\/www.traxgo.be\/fr\/wp-json\/wp\/v2\/pages\/12839\/revisions\/12842"}],"wp:featuredmedia":[{"embeddable":true,"href":"https:\/\/www.traxgo.be\/fr\/wp-json\/wp\/v2\/media\/6742"}],"wp:attachment":[{"href":"https:\/\/www.traxgo.be\/fr\/wp-json\/wp\/v2\/media?parent=12839"}],"curies":[{"name":"wp","href":"https:\/\/api.w.org\/{rel}","templated":true}]}}