{"id":12905,"date":"2022-07-27T08:10:54","date_gmt":"2022-07-27T08:10:54","guid":{"rendered":"https:\/\/www.traxgo.be\/?page_id=12905"},"modified":"2022-07-27T08:16:30","modified_gmt":"2022-07-27T08:16:30","slug":"logiciel-de-gestion-du-temps-et-des-presences","status":"publish","type":"page","link":"https:\/\/www.traxgo.be\/fr\/logiciel-de-gestion-du-temps-et-des-presences\/","title":{"rendered":"Logiciel de gestion du temps et des pr\u00e9sences"},"content":{"rendered":"<h2>Logiciel de gestion du temps et des pr\u00e9sences<\/h2>\n<p><img loading=\"lazy\" decoding=\"async\" class=\"alignright wp-image-3763\" src=\"https:\/\/www.traxgo.be\/wp-content\/uploads\/2019\/04\/Tijdklok-2.jpg\" alt=\"Logiciel de gestion du temps et des pr\u00e9sences\" width=\"580\" height=\"387\" srcset=\"https:\/\/www.traxgo.be\/wp-content\/uploads\/2019\/04\/Tijdklok-2.jpg 960w, https:\/\/www.traxgo.be\/wp-content\/uploads\/2019\/04\/Tijdklok-2-300x200.jpg 300w, https:\/\/www.traxgo.be\/wp-content\/uploads\/2019\/04\/Tijdklok-2-768x512.jpg 768w\" sizes=\"auto, (max-width: 580px) 100vw, 580px\" \/>Gr\u00e2ce \u00e0 l'application logicielle d'<a href=\"https:\/\/www.traxgo.be\/fr\/online-track-et-trace-et-systemes-de-localisation\/enregistrement-de-temps\/\">enregistrement du temps<\/a> de Traxgo, votre personnel peut tr\u00e8s facilement s'enregistrer et sortir num\u00e9riquement. Le logiciel convivial vous offre un aper\u00e7u clair des heures de travail de votre personnel.<\/p>\n<h3>Inscription automatique<\/h3>\n<p>Les heures travaill\u00e9es sont automatiquement enregistr\u00e9es, m\u00eame si un employ\u00e9 est en retard ou a effectu\u00e9 des heures suppl\u00e9mentaires. De plus, les heures de travail effectu\u00e9es sont compar\u00e9es au planning du personnel et vous recevrez une notification si celles-ci s'\u00e9cartent des horaires pr\u00e9vus. Vous pouvez consulter les donn\u00e9es \u00e0 tout moment, n'importe o\u00f9, au moment qui vous convient le mieux. Cela vous permet d'ajuster rapidement et facilement la planification ou d'intervenir \u00e0 temps en cas de probl\u00e8me.<\/p>\n<h3>Comment fonctionne le logiciel de pointage?<\/h3>\n<ul>\n<li>S'enregistrer<\/li>\n<li>Mettre en pause ou v\u00e9rifier<\/li>\n<li>Consulter l'aper\u00e7u des heures de travail<\/li>\n<li>V\u00e9rifier ou ajuster les heures travaill\u00e9es<\/li>\n<li>Transmettre les donn\u00e9es au secr\u00e9tariat social ou \u00e0 l'\u00e9quipe RH<\/li>\n<\/ul>\n<p>Vous souhaitez en savoir plus sur les solutions sur mesure de Traxgo? Contactez-nous pour un entretien sans engagement.<\/p>\n<p><a class=\"button cta\" href=\"#contact\">Plus d'information? <strong>Contactez-nous<\/strong><\/a><\/p>\n","protected":false},"excerpt":{"rendered":"<p>Logiciel de gestion du temps et des pr\u00e9sences Gr\u00e2ce \u00e0 l'application logicielle d'enregistrement du temps de Traxgo, votre personnel peut tr\u00e8s facilement s'enregistrer et sortir num\u00e9riquement. Le logiciel convivial vous offre un aper\u00e7u clair des heures de travail de votre personnel. Inscription automatique Les heures travaill\u00e9es sont automatiquement enregistr\u00e9es, m\u00eame si un employ\u00e9 est en [&hellip;]<\/p>\n","protected":false},"author":1,"featured_media":6398,"parent":0,"menu_order":0,"comment_status":"closed","ping_status":"closed","template":"","meta":{"_acf_changed":false,"footnotes":""},"class_list":["post-12905","page","type-page","status-publish","has-post-thumbnail","hentry"],"acf":[],"_links":{"self":[{"href":"https:\/\/www.traxgo.be\/fr\/wp-json\/wp\/v2\/pages\/12905","targetHints":{"allow":["GET"]}}],"collection":[{"href":"https:\/\/www.traxgo.be\/fr\/wp-json\/wp\/v2\/pages"}],"about":[{"href":"https:\/\/www.traxgo.be\/fr\/wp-json\/wp\/v2\/types\/page"}],"author":[{"embeddable":true,"href":"https:\/\/www.traxgo.be\/fr\/wp-json\/wp\/v2\/users\/1"}],"replies":[{"embeddable":true,"href":"https:\/\/www.traxgo.be\/fr\/wp-json\/wp\/v2\/comments?post=12905"}],"version-history":[{"count":2,"href":"https:\/\/www.traxgo.be\/fr\/wp-json\/wp\/v2\/pages\/12905\/revisions"}],"predecessor-version":[{"id":12907,"href":"https:\/\/www.traxgo.be\/fr\/wp-json\/wp\/v2\/pages\/12905\/revisions\/12907"}],"wp:featuredmedia":[{"embeddable":true,"href":"https:\/\/www.traxgo.be\/fr\/wp-json\/wp\/v2\/media\/6398"}],"wp:attachment":[{"href":"https:\/\/www.traxgo.be\/fr\/wp-json\/wp\/v2\/media?parent=12905"}],"curies":[{"name":"wp","href":"https:\/\/api.w.org\/{rel}","templated":true}]}}