{"id":12914,"date":"2022-07-27T10:40:11","date_gmt":"2022-07-27T10:40:11","guid":{"rendered":"https:\/\/www.traxgo.be\/?page_id=12914"},"modified":"2022-07-27T10:52:02","modified_gmt":"2022-07-27T10:52:02","slug":"lora","status":"publish","type":"page","link":"https:\/\/www.traxgo.be\/fr\/lora\/","title":{"rendered":"LoRa"},"content":{"rendered":"<h2>Qu'est-ce que LoRa et \u00e0 quoi sert la technologie?<\/h2>\n<p><img loading=\"lazy\" decoding=\"async\" class=\"alignright wp-image-4311\" src=\"https:\/\/www.traxgo.be\/wp-content\/uploads\/2019\/06\/LoRa-Alliance-1024x683.jpg\" alt=\"LoRa | Technologie LoRa | Optimisation des processus m\u00e9tier | Traxgo\" width=\"580\" height=\"387\" srcset=\"https:\/\/www.traxgo.be\/wp-content\/uploads\/2019\/06\/LoRa-Alliance-1024x683.jpg 1024w, https:\/\/www.traxgo.be\/wp-content\/uploads\/2019\/06\/LoRa-Alliance-300x200.jpg 300w, https:\/\/www.traxgo.be\/wp-content\/uploads\/2019\/06\/LoRa-Alliance-768x512.jpg 768w\" sizes=\"auto, (max-width: 580px) 100vw, 580px\" \/><\/p>\n<p>La technologie LoRa (Long Range) est une plate-forme sans fil basse tension qui est devenue la technologie des r\u00e9seaux Internet des objets (IoT) dans le monde entier.<\/p>\n<p>La technologie permet aux applications IoT intelligentes de r\u00e9soudre certains des plus grands d\u00e9fis de la plan\u00e8te. \u00c0 savoir, la gestion de l'\u00e9nergie, le contr\u00f4le de la pollution, la pr\u00e9vention des catastrophes, etc. La technologie est l'ADN de l'IoT, cr\u00e9ant une plan\u00e8te plus intelligente.<\/p>\n<h3>Technologie sans fil LoRa<\/h3>\n<p><strong>LoRa<\/strong> est une innovation qui apporte plusieurs avantages. Il a une longue port\u00e9e, une faible consommation d'\u00e9nergie et une transmission de donn\u00e9es s\u00e9curis\u00e9e. La technologie peut \u00eatre utilis\u00e9e par des r\u00e9seaux publics, priv\u00e9s et hybrides. De plus, il offre \u00e9galement une plus grande port\u00e9e que les r\u00e9seaux mobiles. La technologie peut facilement \u00eatre connect\u00e9e \u00e0 l'infrastructure existante. En cons\u00e9quence, il permet des applications Internet des objets \u00e0 faible co\u00fbt avec des batteries. La technologie sans fil sera int\u00e9gr\u00e9e dans des puces connect\u00e9es \u00e0 des r\u00e9seaux du monde entier. En termes simples, cette technologie connecte les appareils au cloud.<\/p>\n<h3>Qu'est-ce que LoRaWAN?<\/h3>\n<p>La sp\u00e9cification ouverte <a href=\"https:\/\/www.traxgo.be\/fr\/lora-wan\/\">LoRaWAN<\/a> est un protocole de r\u00e9seau \u00e9tendu \u00e0 faible zone (LPWAN) bas\u00e9 sur la technologie. Le protocole est con\u00e7u pour connecter sans fil des objets fonctionnant sur batterie \u00e0 Internet. Cela inclut les r\u00e9seaux r\u00e9gionaux, nationaux et internationaux. Vous souhaitez plus d'informations sur nos applications ? Alors contactez-nous sans engagement.<\/p>\n<p><a class=\"button cta\" href=\"#contact\">Plus d'information? <strong>Contactez-nous<\/strong><\/a><\/p>\n<h4>D\u00e9couvrez encore plus sur cette technologie IoT:<\/h4>\n<ul>\n<li><a href=\"https:\/\/www.traxgo.be\/fr\/lora-wan\/\">Technologie LoRa pour l'Internet des Objets<\/a><\/li>\n<li><a href=\"https:\/\/www.traxgo.be\/fr\/caracteristiques-lora\/\">Caract\u00e9ristiques de la technologie LoRa<\/a><\/li>\n<\/ul>\n","protected":false},"excerpt":{"rendered":"<p>Qu'est-ce que LoRa et \u00e0 quoi sert la technologie? La technologie LoRa (Long Range) est une plate-forme sans fil basse tension qui est devenue la technologie des r\u00e9seaux Internet des objets (IoT) dans le monde entier. La technologie permet aux applications IoT intelligentes de r\u00e9soudre certains des plus grands d\u00e9fis de la plan\u00e8te. \u00c0 savoir, [&hellip;]<\/p>\n","protected":false},"author":1,"featured_media":6524,"parent":0,"menu_order":0,"comment_status":"closed","ping_status":"closed","template":"","meta":{"_acf_changed":false,"footnotes":""},"class_list":["post-12914","page","type-page","status-publish","has-post-thumbnail","hentry"],"acf":[],"_links":{"self":[{"href":"https:\/\/www.traxgo.be\/fr\/wp-json\/wp\/v2\/pages\/12914","targetHints":{"allow":["GET"]}}],"collection":[{"href":"https:\/\/www.traxgo.be\/fr\/wp-json\/wp\/v2\/pages"}],"about":[{"href":"https:\/\/www.traxgo.be\/fr\/wp-json\/wp\/v2\/types\/page"}],"author":[{"embeddable":true,"href":"https:\/\/www.traxgo.be\/fr\/wp-json\/wp\/v2\/users\/1"}],"replies":[{"embeddable":true,"href":"https:\/\/www.traxgo.be\/fr\/wp-json\/wp\/v2\/comments?post=12914"}],"version-history":[{"count":7,"href":"https:\/\/www.traxgo.be\/fr\/wp-json\/wp\/v2\/pages\/12914\/revisions"}],"predecessor-version":[{"id":12928,"href":"https:\/\/www.traxgo.be\/fr\/wp-json\/wp\/v2\/pages\/12914\/revisions\/12928"}],"wp:featuredmedia":[{"embeddable":true,"href":"https:\/\/www.traxgo.be\/fr\/wp-json\/wp\/v2\/media\/6524"}],"wp:attachment":[{"href":"https:\/\/www.traxgo.be\/fr\/wp-json\/wp\/v2\/media?parent=12914"}],"curies":[{"name":"wp","href":"https:\/\/api.w.org\/{rel}","templated":true}]}}