{"id":12924,"date":"2022-07-27T10:49:18","date_gmt":"2022-07-27T10:49:18","guid":{"rendered":"https:\/\/www.traxgo.be\/?page_id=12924"},"modified":"2022-07-27T10:52:49","modified_gmt":"2022-07-27T10:52:49","slug":"caracteristiques-lora","status":"publish","type":"page","link":"https:\/\/www.traxgo.be\/fr\/caracteristiques-lora\/","title":{"rendered":"Caract\u00e9ristiques LoRa"},"content":{"rendered":"<h2>Principales caract\u00e9ristiques de la technologie LoRa<\/h2>\n<h3><strong><img loading=\"lazy\" decoding=\"async\" class=\"alignright wp-image-4312\" src=\"https:\/\/www.traxgo.be\/wp-content\/uploads\/2019\/06\/cardboard-communication-connecting-1246743-1024x682.jpg\" alt=\"LoRa | Caract\u00e9ristiques de la technologie sans fil LoRa | Traxgo\" width=\"580\" height=\"387\" srcset=\"https:\/\/www.traxgo.be\/wp-content\/uploads\/2019\/06\/cardboard-communication-connecting-1246743-1024x682.jpg 1024w, https:\/\/www.traxgo.be\/wp-content\/uploads\/2019\/06\/cardboard-communication-connecting-1246743-300x200.jpg 300w, https:\/\/www.traxgo.be\/wp-content\/uploads\/2019\/06\/cardboard-communication-connecting-1246743-768x512.jpg 768w\" sizes=\"auto, (max-width: 580px) 100vw, 580px\" \/>Longue distance<br \/>\n<\/strong><\/h3>\n<p>La technologie LoRa connecte des appareils jusqu'\u00e0 50 km l'un de l'autre. Les zones rurales, les zones urbaines denses ou les zones basses telles que les sous-sols ne posent aucun probl\u00e8me.<\/p>\n<h3>Faible consommation et pas cher<\/h3>\n<p>N\u00e9cessite un minimum d'\u00e9nergie, avec une dur\u00e9e de vie prolong\u00e9e de la batterie jusqu'\u00e0 10 ans, ce qui minimise les co\u00fbts de remplacement de la batterie. Il faudra donc moins investir dans les infrastructures et les co\u00fbts op\u00e9rationnels seront \u00e9galement moins \u00e9lev\u00e9s.<\/p>\n<h3>S\u00e9curit\u00e9<\/h3>\n<p>La <a href=\"https:\/\/www.traxgo.be\/fr\/lora\/\">technologie Lora<\/a> comprend un cryptage AES128 de bout en bout, une authentification mutuelle, une protection de l'int\u00e9grit\u00e9 et la confidentialit\u00e9. C'est donc une technologie tr\u00e8s s\u00e9curis\u00e9e.<\/p>\n<h3>Standard<\/h3>\n<p>Il fournit l'interop\u00e9rabilit\u00e9 des appareils et la disponibilit\u00e9 mondiale des r\u00e9seaux LoRaWAN. Cela signifie qu'il est possible que diff\u00e9rents syst\u00e8mes ou appareils autonomes communiquent et fonctionnent ensemble. Cela garantit ensuite un d\u00e9ploiement rapide des applications IoT partout dans le monde.<\/p>\n<h3>G\u00e9olocalisation<\/h3>\n<p>Permet des applications de suivi sans GPS et offre des avantages uniques \u00e0 faible consommation d'\u00e9nergie non affect\u00e9s par d'autres technologies.<\/p>\n<h3>Mobile<\/h3>\n<p>La communication avec les appareils mobiles peut \u00eatre maintenue sans peser sur la consommation d'\u00e9nergie.<\/p>\n<h3>Grande capacit\u00e9<\/h3>\n<p>Le syst\u00e8me est capable de prendre en charge des millions de messages par station de base. En outre, il r\u00e9pond \u00e9galement aux besoins des op\u00e9rateurs de r\u00e9seaux publics desservant de grands march\u00e9s.<\/p>\n<p><a class=\"button cta\" href=\"#contact\">Plus d'information? <strong>Contactez-nous<\/strong><\/a><\/p>\n<h4>D\u00e9couvrez encore plus sur cette technologie IoT:<\/h4>\n<ul>\n<li><a href=\"https:\/\/www.traxgo.be\/fr\/lora-wan\/\">Technologie LoRa pour l'Internet des Objets<\/a><\/li>\n<li><a href=\"https:\/\/www.traxgo.be\/fr\/lora\/\">Technologie sans fil LoRa<\/a><\/li>\n<\/ul>\n","protected":false},"excerpt":{"rendered":"<p>Principales caract\u00e9ristiques de la technologie LoRa Longue distance La technologie LoRa connecte des appareils jusqu'\u00e0 50 km l'un de l'autre. Les zones rurales, les zones urbaines denses ou les zones basses telles que les sous-sols ne posent aucun probl\u00e8me. Faible consommation et pas cher N\u00e9cessite un minimum d'\u00e9nergie, avec une dur\u00e9e de vie prolong\u00e9e de [&hellip;]<\/p>\n","protected":false},"author":1,"featured_media":6524,"parent":0,"menu_order":0,"comment_status":"closed","ping_status":"closed","template":"","meta":{"_acf_changed":false,"footnotes":""},"class_list":["post-12924","page","type-page","status-publish","has-post-thumbnail","hentry"],"acf":[],"_links":{"self":[{"href":"https:\/\/www.traxgo.be\/fr\/wp-json\/wp\/v2\/pages\/12924","targetHints":{"allow":["GET"]}}],"collection":[{"href":"https:\/\/www.traxgo.be\/fr\/wp-json\/wp\/v2\/pages"}],"about":[{"href":"https:\/\/www.traxgo.be\/fr\/wp-json\/wp\/v2\/types\/page"}],"author":[{"embeddable":true,"href":"https:\/\/www.traxgo.be\/fr\/wp-json\/wp\/v2\/users\/1"}],"replies":[{"embeddable":true,"href":"https:\/\/www.traxgo.be\/fr\/wp-json\/wp\/v2\/comments?post=12924"}],"version-history":[{"count":5,"href":"https:\/\/www.traxgo.be\/fr\/wp-json\/wp\/v2\/pages\/12924\/revisions"}],"predecessor-version":[{"id":12931,"href":"https:\/\/www.traxgo.be\/fr\/wp-json\/wp\/v2\/pages\/12924\/revisions\/12931"}],"wp:featuredmedia":[{"embeddable":true,"href":"https:\/\/www.traxgo.be\/fr\/wp-json\/wp\/v2\/media\/6524"}],"wp:attachment":[{"href":"https:\/\/www.traxgo.be\/fr\/wp-json\/wp\/v2\/media?parent=12924"}],"curies":[{"name":"wp","href":"https:\/\/api.w.org\/{rel}","templated":true}]}}