{"id":12970,"date":"2022-07-28T08:27:53","date_gmt":"2022-07-28T08:27:53","guid":{"rendered":"https:\/\/www.traxgo.be\/?page_id=12970"},"modified":"2022-07-28T08:31:45","modified_gmt":"2022-07-28T08:31:45","slug":"secteur-de-la-location","status":"publish","type":"page","link":"https:\/\/www.traxgo.be\/fr\/secteur-de-la-location\/","title":{"rendered":"Secteur de la location"},"content":{"rendered":"<h2>Suivi des demandes pour le secteur de la location<\/h2>\n<p><img loading=\"lazy\" decoding=\"async\" class=\"alignright wp-image-4965\" src=\"https:\/\/www.traxgo.be\/wp-content\/uploads\/2019\/12\/PC-Trackerweb_oog-768x768-300x300.jpg\" alt=\"Track and trace ou syst\u00e8mes de suivi pour le secteur de la location\" width=\"580\" height=\"580\" srcset=\"https:\/\/www.traxgo.be\/wp-content\/uploads\/2019\/12\/PC-Trackerweb_oog-768x768-300x300.jpg 300w, https:\/\/www.traxgo.be\/wp-content\/uploads\/2019\/12\/PC-Trackerweb_oog-768x768-150x150.jpg 150w, https:\/\/www.traxgo.be\/wp-content\/uploads\/2019\/12\/PC-Trackerweb_oog-768x768.jpg 768w\" sizes=\"auto, (max-width: 580px) 100vw, 580px\" \/>Le secteur de la location est un secteur tr\u00e8s large: il va de la location de machines, de mat\u00e9riels aux camionnettes de livraison. Gr\u00e2ce \u00e0 Traxgo, vous pouvez tracer plus rapidement votre mat\u00e9riel et vos camionnettes. De cette fa\u00e7on, vous connaissez l'emplacement de tout \u00e9quipement ou v\u00e9hicule lou\u00e9 en temps r\u00e9el. De plus, g\u00e9rez votre administration en un coup d'\u0153il. Organisez votre entreprise de la mani\u00e8re la plus efficace possible.<\/p>\n<h3>Suivez vos v\u00e9hicules avec nos solutions de suivi et de tra\u00e7abilit\u00e9<\/h3>\n<p>Vous voulez toujours savoir o\u00f9 se trouvent vos mat\u00e9riaux\/v\u00e9hicules ? Gr\u00e2ce \u00e0 nos solutions Track and Trace, vous pouvez suivre n'importe quel v\u00e9hicule quand et o\u00f9 vous le souhaitez.<\/p>\n<p>M\u00eame si quelque chose a \u00e9t\u00e9 vol\u00e9, vous pouvez facilement le r\u00e9cup\u00e9rer. Tout cela assure un travail plus efficace, plus de gain de temps et moins de stress.<\/p>\n<p style=\"text-align: left;\"><a class=\"button\" title=\"Geolocalisation de v\u00e9hicules\" href=\"https:\/\/www.traxgo.be\/fr\/online-track-et-trace-et-systemes-de-localisation\/localisation-vehicules\/\">Geolocalisation de v\u00e9hicules<\/a><\/p>\n<p>&nbsp;<\/p>\n<p><img loading=\"lazy\" decoding=\"async\" class=\"alignleft wp-image-4885\" src=\"https:\/\/www.traxgo.be\/wp-content\/uploads\/2019\/12\/black-calculator-near-ballpoint-pen-on-white-printed-paper-53621-300x300.jpg\" alt=\"Enregistrement du temps\" width=\"250\" height=\"250\" srcset=\"https:\/\/www.traxgo.be\/wp-content\/uploads\/2019\/12\/black-calculator-near-ballpoint-pen-on-white-printed-paper-53621-300x300.jpg 300w, https:\/\/www.traxgo.be\/wp-content\/uploads\/2019\/12\/black-calculator-near-ballpoint-pen-on-white-printed-paper-53621-150x150.jpg 150w, https:\/\/www.traxgo.be\/wp-content\/uploads\/2019\/12\/black-calculator-near-ballpoint-pen-on-white-printed-paper-53621-768x768.jpg 768w, https:\/\/www.traxgo.be\/wp-content\/uploads\/2019\/12\/black-calculator-near-ballpoint-pen-on-white-printed-paper-53621-1024x1024.jpg 1024w\" sizes=\"auto, (max-width: 250px) 100vw, 250px\" \/><\/p>\n<h3>Administration dans le secteur de la location<\/h3>\n<p>Vous souhaitez louer beaucoup de mat\u00e9riel ou de vans ? Ensuite, vous pouvez \u00e9galement avoir beaucoup d'administration. Mais pas gr\u00e2ce aux solutions Traxgo pour le secteur de la location. Gr\u00e2ce \u00e0 nos solutions, vous pouvez facilement v\u00e9rifier, corriger et traiter tous les documents. De cette fa\u00e7on, vous et vos <strong>employ\u00e9s<\/strong> travaillez beaucoup plus efficacement.<\/p>\n<p style=\"text-align: left;\"><a class=\"button\" title=\"ConstruBadge\" href=\"http:\/\/www.construbadges.be\">ConstruBadge<\/a><\/p>\n<p>&nbsp;<\/p>\n<p><img loading=\"lazy\" decoding=\"async\" class=\"alignright wp-image-4966\" src=\"https:\/\/www.traxgo.be\/wp-content\/uploads\/2019\/12\/Containerpark-transparant-300x279.jpg\" alt=\"Surveillance \u00e0 distance, \u00e0 tout moment de la journ\u00e9e\" width=\"580\" height=\"540\" srcset=\"https:\/\/www.traxgo.be\/wp-content\/uploads\/2019\/12\/Containerpark-transparant-300x279.jpg 300w, https:\/\/www.traxgo.be\/wp-content\/uploads\/2019\/12\/Containerpark-transparant.jpg 496w\" sizes=\"auto, (max-width: 580px) 100vw, 580px\" \/><\/p>\n<h3>Surveillance \u00e0 distance, \u00e0 tout moment de la journ\u00e9e<\/h3>\n<p>Vous louez du mat\u00e9riel ou des v\u00e9hicules et vous souhaitez garder le contr\u00f4le ? Nos syst\u00e8mes mesurent en permanence les informations et transmettent ces informations. De cette fa\u00e7on, nous nous assurons que vous pouvez toujours consulter l'emplacement correct de vos mat\u00e9riaux ou v\u00e9hicules.<\/p>\n<p>Gr\u00e2ce \u00e0 la surveillance Traxgo, vous pouvez surveiller efficacement vos v\u00e9hicules et \u00e9quipements:<\/p>\n<ul class=\"advantages\">\n<li style=\"text-align: left;\">Sachez toujours o\u00f9 se trouvent vos v\u00e9hicules ou vos mat\u00e9riaux<\/li>\n<li style=\"text-align: left;\">Recevez un aper\u00e7u \u00e0 tout moment, n'importe o\u00f9<\/li>\n<li style=\"text-align: left;\">Travaillez plus efficacement<\/li>\n<\/ul>\n<p>Vous souhaitez recevoir plus d'informations sur nos solutions pour le secteur de la location ? <a href=\"#contact\">Contactez-nous<\/a>.<\/p>\n<p style=\"text-align: left;\"><a class=\"button\" title=\"Geolocalisation de mat\u00e9riaux\" href=\"https:\/\/www.traxgo.be\/fr\/online-track-et-trace-et-systemes-de-localisation\/localisation-materiaux\/\">Geolocalisation de mat\u00e9riaux<\/a><\/p>\n","protected":false},"excerpt":{"rendered":"<p>Suivi des demandes pour le secteur de la location Le secteur de la location est un secteur tr\u00e8s large: il va de la location de machines, de mat\u00e9riels aux camionnettes de livraison. Gr\u00e2ce \u00e0 Traxgo, vous pouvez tracer plus rapidement votre mat\u00e9riel et vos camionnettes. De cette fa\u00e7on, vous connaissez l'emplacement de tout \u00e9quipement ou [&hellip;]<\/p>\n","protected":false},"author":1,"featured_media":6660,"parent":0,"menu_order":0,"comment_status":"closed","ping_status":"closed","template":"","meta":{"_acf_changed":false,"footnotes":""},"class_list":["post-12970","page","type-page","status-publish","has-post-thumbnail","hentry"],"acf":[],"_links":{"self":[{"href":"https:\/\/www.traxgo.be\/fr\/wp-json\/wp\/v2\/pages\/12970","targetHints":{"allow":["GET"]}}],"collection":[{"href":"https:\/\/www.traxgo.be\/fr\/wp-json\/wp\/v2\/pages"}],"about":[{"href":"https:\/\/www.traxgo.be\/fr\/wp-json\/wp\/v2\/types\/page"}],"author":[{"embeddable":true,"href":"https:\/\/www.traxgo.be\/fr\/wp-json\/wp\/v2\/users\/1"}],"replies":[{"embeddable":true,"href":"https:\/\/www.traxgo.be\/fr\/wp-json\/wp\/v2\/comments?post=12970"}],"version-history":[{"count":4,"href":"https:\/\/www.traxgo.be\/fr\/wp-json\/wp\/v2\/pages\/12970\/revisions"}],"predecessor-version":[{"id":12974,"href":"https:\/\/www.traxgo.be\/fr\/wp-json\/wp\/v2\/pages\/12970\/revisions\/12974"}],"wp:featuredmedia":[{"embeddable":true,"href":"https:\/\/www.traxgo.be\/fr\/wp-json\/wp\/v2\/media\/6660"}],"wp:attachment":[{"href":"https:\/\/www.traxgo.be\/fr\/wp-json\/wp\/v2\/media?parent=12970"}],"curies":[{"name":"wp","href":"https:\/\/api.w.org\/{rel}","templated":true}]}}