{"id":13492,"date":"2022-11-25T09:37:55","date_gmt":"2022-11-25T09:37:55","guid":{"rendered":"https:\/\/www.traxgo.be\/?page_id=13492"},"modified":"2022-12-15T08:34:24","modified_gmt":"2022-12-15T08:34:24","slug":"suivi-et-tracabilite-pour-les-services-express","status":"publish","type":"page","link":"https:\/\/www.traxgo.be\/fr\/suivi-et-tracabilite-pour-les-services-express\/","title":{"rendered":"Suivi et tra\u00e7abilit\u00e9 pour les services express"},"content":{"rendered":"<h2>Applications de suivi pour les services express<\/h2>\n<p><img loading=\"lazy\" decoding=\"async\" class=\"alignright size-large wp-image-5095\" src=\"https:\/\/www.traxgo.be\/wp-content\/uploads\/2020\/01\/claudio-schwarz-purzlbaum-FLLKq3yDnfI-unsplash-1024x518.jpg\" alt=\"Syst\u00e8me de suivi et de tra\u00e7abilit\u00e9 pour les services de messagerie ou les services express\" width=\"640\" height=\"324\" srcset=\"https:\/\/www.traxgo.be\/wp-content\/uploads\/2020\/01\/claudio-schwarz-purzlbaum-FLLKq3yDnfI-unsplash-1024x518.jpg 1024w, https:\/\/www.traxgo.be\/wp-content\/uploads\/2020\/01\/claudio-schwarz-purzlbaum-FLLKq3yDnfI-unsplash-300x152.jpg 300w, https:\/\/www.traxgo.be\/wp-content\/uploads\/2020\/01\/claudio-schwarz-purzlbaum-FLLKq3yDnfI-unsplash-768x389.jpg 768w\" sizes=\"auto, (max-width: 640px) 100vw, 640px\" \/><\/p>\n<p>De nombreuses entreprises b\u00e9n\u00e9ficient d'un <a href=\"https:\/\/www.traxgo.be\/fr\/online-track-et-trace-et-systemes-de-localisation\/localisation-vehicules\/\">syst\u00e8me de suivi et de tra\u00e7abilit\u00e9<\/a>, y compris en particulier un track and trace pour les services express. Par exemple, en tant que service express, il est utile de savoir o\u00f9 se trouvent vos v\u00e9hicules, tels que les camionnettes.<\/p>\n<p>Le logiciel de suivi et de localisation de Traxgo vous permet de localiser vos v\u00e9hicules 24h\/24 et 7j\/7 en temps r\u00e9el. Les trajets et les consommations sont cartographi\u00e9s et au moyen de une analyse approfondie vous permet de l'ajuster si n\u00e9cessaire. Cela vous fait gagner \u00e0 la fois beaucoup de temps et beaucoup d'argent. Le logiciel peut \u00eatre install\u00e9 dans n'importe quel v\u00e9hicule.<\/p>\n<h3>Un suivi et une tra\u00e7abilit\u00e9 fiables indispensables pour les services express<\/h3>\n<p>De plus, notre syst\u00e8me de suivi et de tra\u00e7abilit\u00e9 est \u00e9galement tr\u00e8s fiable. En effet, nous traitons les donn\u00e9es en temps r\u00e9el et les pla\u00e7ons sur le serveur. La vitesse du v\u00e9hicule et l'activit\u00e9 en cours (\u00e0 l'arr\u00eat ou en mouvement) s'afficheront sur votre \u00e9cran en un rien de temps.<\/p>\n<p>Notre logiciel offre \u00e9galement un grand avantage en termes de s\u00e9curit\u00e9. De cette fa\u00e7on, vous \u00eates constamment au courant de l'endroit o\u00f9 se trouvent vos v\u00e9hicules, de sorte que vous pouvez facilement les retrouver, par exemple en cas de vol.<\/p>\n<p>Souhaitez-vous en savoir plus sur le suivi et la localisation pour les services de messagerie ou les services express? Contactez-nous sans engagement pour plus d'informations ou un <a href=\"https:\/\/www.traxgo.be\/fr\/contact\/\">devis de suivi personnalis\u00e9<\/a> et d\u00e9couvrez aujourd'hui ce que nous pouvons faire pour votre entreprise avec nos applications efficaces.<\/p>\n<p><a class=\"button cta\" href=\"#contact\">Plus d'information? <strong>Contactez-nous<\/strong><\/a><\/p>\n","protected":false},"excerpt":{"rendered":"<p>Applications de suivi pour les services express De nombreuses entreprises b\u00e9n\u00e9ficient d'un syst\u00e8me de suivi et de tra\u00e7abilit\u00e9, y compris en particulier un track and trace pour les services express. Par exemple, en tant que service express, il est utile de savoir o\u00f9 se trouvent vos v\u00e9hicules, tels que les camionnettes. Le logiciel de suivi [&hellip;]<\/p>\n","protected":false},"author":1,"featured_media":6676,"parent":0,"menu_order":0,"comment_status":"closed","ping_status":"closed","template":"","meta":{"_acf_changed":false,"footnotes":""},"class_list":["post-13492","page","type-page","status-publish","has-post-thumbnail","hentry"],"acf":[],"_links":{"self":[{"href":"https:\/\/www.traxgo.be\/fr\/wp-json\/wp\/v2\/pages\/13492","targetHints":{"allow":["GET"]}}],"collection":[{"href":"https:\/\/www.traxgo.be\/fr\/wp-json\/wp\/v2\/pages"}],"about":[{"href":"https:\/\/www.traxgo.be\/fr\/wp-json\/wp\/v2\/types\/page"}],"author":[{"embeddable":true,"href":"https:\/\/www.traxgo.be\/fr\/wp-json\/wp\/v2\/users\/1"}],"replies":[{"embeddable":true,"href":"https:\/\/www.traxgo.be\/fr\/wp-json\/wp\/v2\/comments?post=13492"}],"version-history":[{"count":8,"href":"https:\/\/www.traxgo.be\/fr\/wp-json\/wp\/v2\/pages\/13492\/revisions"}],"predecessor-version":[{"id":13595,"href":"https:\/\/www.traxgo.be\/fr\/wp-json\/wp\/v2\/pages\/13492\/revisions\/13595"}],"wp:featuredmedia":[{"embeddable":true,"href":"https:\/\/www.traxgo.be\/fr\/wp-json\/wp\/v2\/media\/6676"}],"wp:attachment":[{"href":"https:\/\/www.traxgo.be\/fr\/wp-json\/wp\/v2\/media?parent=13492"}],"curies":[{"name":"wp","href":"https:\/\/api.w.org\/{rel}","templated":true}]}}