{"id":1399,"date":"2018-02-14T09:31:20","date_gmt":"2018-02-14T09:31:20","guid":{"rendered":"http:\/\/www.traxgo.be\/online-catalogus-e-shop\/"},"modified":"2018-05-09T16:22:40","modified_gmt":"2018-05-09T16:22:40","slug":"online-catalogus-e-shop","status":"publish","type":"page","link":"https:\/\/www.traxgo.be\/fr\/online-catalogus-e-shop\/","title":{"rendered":"Site web et boutique en ligne"},"content":{"rendered":"<h2>Votre vitrine en ligne<\/h2>\n<h3>S\u00e9duire et fid\u00e9liser des clients en ligne<\/h3>\n<p><img loading=\"lazy\" decoding=\"async\" class=\"alignright wp-image-1392\" style=\"background-color: transparent; color: #333333; float: right; font-family: Georgia,&amp;quot; times new roman&amp;quot;,&amp;quot;bitstream charter&amp;quot;,times,serif; font-size: 16px; font-style: normal; font-variant: normal; font-weight: 400; height: 346.8px; letter-spacing: normal; max-width: 1380px; orphans: 2; outline-color: #72777c; outline-style: solid; outline-width: 1px; text-align: left; text-decoration: none; text-indent: 0px; text-transform: none; -webkit-text-stroke-width: 0px; white-space: normal; word-spacing: 0px; margin: 8px 0px 8px 16px;\" src=\"http:\/\/www.traxgo.be\/wp-content\/uploads\/2018\/03\/CMS-BoetiekChic-folder2018-900x612.jpg\" alt=\"\" width=\"510\" height=\"347\" srcset=\"https:\/\/www.traxgo.be\/wp-content\/uploads\/2018\/03\/CMS-BoetiekChic-folder2018-900x612.jpg 900w, https:\/\/www.traxgo.be\/wp-content\/uploads\/2018\/03\/CMS-BoetiekChic-folder2018-900x612-300x204.jpg 300w, https:\/\/www.traxgo.be\/wp-content\/uploads\/2018\/03\/CMS-BoetiekChic-folder2018-900x612-768x522.jpg 768w\" sizes=\"auto, (max-width: 510px) 100vw, 510px\" \/>Vous vendez des produits\u00a0? Ou vous offrez des services\u00a0? Quel que soit le logiciel dont vous avez besoin pour d\u00e9marrer et faire cro\u00eetre votre entreprise, Traxgo a le progiciel qu'il vous faut. Sans vitrine en ligne pour vos services ou produits, il vous est difficile d'attirer des clients. Et sans clients, vous ne vendez rien. Un plan de marketing et de vente moderne commence donc par un site Web ou une boutique en ligne. Avec un r\u00e9seau extranet \u2013 un portail en ligne s\u00e9curis\u00e9 \u2013 vous reliez vos clients, fournisseurs et autres partenaires \u00e0 votre entreprise.<\/p>\n<h3>Lien avec votre progiciel CRM ou ERP<\/h3>\n<p>Nous int\u00e9grons votre site Web ou boutique en ligne en toute transparence dans votre progiciel CRM ou ERP. Une fois connect\u00e9, la gestion de vos clients, des produits et des photos est un v\u00e9ritable jeu d\u2019enfant.<\/p>\n<h3>Sites Web sur mesure<\/h3>\n<p>Nous cr\u00e9ons un site Web adapt\u00e9 aux besoins de votre entreprise, sur la base du logiciel de gestion Traxgo pour entreprises. Votre entreprise et votre site Web se d\u00e9veloppent\u00a0? Vous pouvez facilement ajouter de nouveaux \u00e9l\u00e9ments\u00a0:<\/p>\n<ul>\n<li>Page d\u2019offres d\u2019emploi<\/li>\n<li>Boutique en ligne<\/li>\n<li>Portail clients<\/li>\n<li>Calendrier d\u2019\u00e9v\u00e9nements<\/li>\n<li>Blog<\/li>\n<li>Bulletin d'information<\/li>\n<li>Marketing par courrier \u00e9lectronique<\/li>\n<li>....<\/li>\n<\/ul>\n<h3>4 avantages<\/h3>\n<ul>\n<li><strong>Gain de temps.<\/strong> Fonctionne int\u00e9gralement en ligne. O\u00f9 et quand vous le voulez.<\/li>\n<li><strong>Faible investissement de d\u00e9marrage.<\/strong> Choisissez uniquement les modules dont vous avez besoin.<\/li>\n<li><strong>Pour n\u2019importe quel dispositif.<\/strong> Utilisez notre logiciel sur votre PC, ordinateur portable, tablette et smartphone.<\/li>\n<li><strong>Modules sur mesure.<\/strong> Vous souhaitez un module sur mesure? Faites-nous-en la demande. Nous avons d\u00e9j\u00e0 d\u00e9velopp\u00e9, pour diverses entreprises, des modules qui int\u00e8grent de mani\u00e8re transparente des progiciels externes tels que le syst\u00e8me Track &amp; Trace, la gestion du carburant et le contr\u00f4le d'acc\u00e8s dans notre logiciel d\u2019entreprise.<\/li>\n<\/ul>\n<p>&nbsp;<\/p>\n<p style=\"text-align: center;\"><a class=\"button\" href=\"#contact\">Demandez une offre sans engagement<\/a><\/p>\n","protected":false},"excerpt":{"rendered":"<p>Votre vitrine en ligne S\u00e9duire et fid\u00e9liser des clients en ligne Vous vendez des produits\u00a0? Ou vous offrez des services\u00a0? Quel que soit le logiciel dont vous avez besoin pour d\u00e9marrer et faire cro\u00eetre votre entreprise, Traxgo a le progiciel qu'il vous faut. Sans vitrine en ligne pour vos services ou produits, il vous est [&hellip;]<\/p>\n","protected":false},"author":2,"featured_media":1419,"parent":0,"menu_order":0,"comment_status":"closed","ping_status":"closed","template":"","meta":{"_acf_changed":false,"footnotes":""},"class_list":["post-1399","page","type-page","status-publish","has-post-thumbnail","hentry"],"acf":[],"_links":{"self":[{"href":"https:\/\/www.traxgo.be\/fr\/wp-json\/wp\/v2\/pages\/1399","targetHints":{"allow":["GET"]}}],"collection":[{"href":"https:\/\/www.traxgo.be\/fr\/wp-json\/wp\/v2\/pages"}],"about":[{"href":"https:\/\/www.traxgo.be\/fr\/wp-json\/wp\/v2\/types\/page"}],"author":[{"embeddable":true,"href":"https:\/\/www.traxgo.be\/fr\/wp-json\/wp\/v2\/users\/2"}],"replies":[{"embeddable":true,"href":"https:\/\/www.traxgo.be\/fr\/wp-json\/wp\/v2\/comments?post=1399"}],"version-history":[{"count":7,"href":"https:\/\/www.traxgo.be\/fr\/wp-json\/wp\/v2\/pages\/1399\/revisions"}],"predecessor-version":[{"id":1426,"href":"https:\/\/www.traxgo.be\/fr\/wp-json\/wp\/v2\/pages\/1399\/revisions\/1426"}],"wp:featuredmedia":[{"embeddable":true,"href":"https:\/\/www.traxgo.be\/fr\/wp-json\/wp\/v2\/media\/1419"}],"wp:attachment":[{"href":"https:\/\/www.traxgo.be\/fr\/wp-json\/wp\/v2\/media?parent=1399"}],"curies":[{"name":"wp","href":"https:\/\/api.w.org\/{rel}","templated":true}]}}