{"id":14149,"date":"2023-04-21T11:48:41","date_gmt":"2023-04-21T11:48:41","guid":{"rendered":"https:\/\/www.traxgo.be\/?page_id=14149"},"modified":"2023-07-19T07:14:58","modified_gmt":"2023-07-19T07:14:58","slug":"antidemarrage-pour-vehicules-et-machines","status":"publish","type":"page","link":"https:\/\/www.traxgo.be\/fr\/antidemarrage-pour-vehicules-et-machines\/","title":{"rendered":"Antid\u00e9marrage pour v\u00e9hicules et machines"},"content":{"rendered":"<p><img loading=\"lazy\" decoding=\"async\" class=\"alignright wp-image-4026\" src=\"https:\/\/www.traxgo.be\/wp-content\/uploads\/2019\/05\/68618053_s.jpg\" alt=\"Track and trace avec antid\u00e9marrage: pour v\u00e9hicules, machines, etc.\" width=\"580\" height=\"386\" srcset=\"https:\/\/www.traxgo.be\/wp-content\/uploads\/2019\/05\/68618053_s.jpg 848w, https:\/\/www.traxgo.be\/wp-content\/uploads\/2019\/05\/68618053_s-300x200.jpg 300w, https:\/\/www.traxgo.be\/wp-content\/uploads\/2019\/05\/68618053_s-768x512.jpg 768w\" sizes=\"auto, (max-width: 580px) 100vw, 580px\" \/>Nous offrons \u00e0 nos clients la possibilit\u00e9 d'installer un antid\u00e9marrage en <strong>combinaison<\/strong> avec leur <strong>syst\u00e8me de suivi et de localisation<\/strong>. De cette fa\u00e7on, ils peuvent non seulement tracer la localisation de leurs diff\u00e9rents v\u00e9hicules ou engins, mais ils sont \u00e9galement capables, si n\u00e9cessaire, d'intervenir directement \u00e0 distance en cas de mouvement intempestif, ce qui profite bien entendu \u00e0 la s\u00e9curit\u00e9 de leur flotte. Le syst\u00e8me d'antid\u00e9marrage a prouv\u00e9 plus d'une fois son efficacit\u00e9 comme <a href=\"https:\/\/www.traxgo.be\/fr\/systeme-track-and-trace-comme-securite-contre-le-vol-des-camionnettes\/\">protection antivol<\/a>! Ci-dessous, nous expliquons bri\u00e8vement certaines des possibilit\u00e9s des syst\u00e8mes avec antid\u00e9marrage.<\/p>\n<h3>Antid\u00e9marrage pour v\u00e9hicules<\/h3>\n<p>Il existe de nombreux types de v\u00e9hicules pouvant \u00eatre \u00e9quip\u00e9s d'un antid\u00e9marrage: v\u00e9hicules utilitaires, camions, camionnettes, minibus, ... Habituellement, l'objectif de l'installation d'un tel syst\u00e8me est le m\u00eame: assurer le d\u00e9marrage du v\u00e9hicule \u00e0 distance dans un mani\u00e8re simple et rapide.fermeture en cas d'utilisation non d\u00e9sir\u00e9e. De cette fa\u00e7on,<a href=\"https:\/\/www.traxgo.be\/fr\/online-track-et-trace-et-systemes-de-localisation\/traxone\/traxone-logiciel-pour-la-gestion-de-flotte-automobile\/\"> le gestionnaire de flotte<\/a> peut non seulement voir o\u00f9 se trouvent les diff\u00e9rents v\u00e9hicules, mais il dispose \u00e9galement d'une s\u00e9curit\u00e9 suppl\u00e9mentaire pour les v\u00e9hicules. Le <strong>syst\u00e8me de suivi avec antid\u00e9marrage<\/strong> peut \u00eatre install\u00e9 dans les v\u00e9hicules \u00e9quip\u00e9s d'un moteur \u00e0 combustion interne traditionnel, mais les v\u00e9hicules hybrides et \u00e9lectriques peuvent \u00e9galement \u00eatre \u00e9quip\u00e9s du syst\u00e8me.<\/p>\n<p class=\"mobileonly\"><a class=\"button cta\" href=\"#contact\">Plus d'information? <strong>Contactez-nous<\/strong><\/a><\/p>\n<h3>\u00c9quiper les machines d'un antid\u00e9marrage<\/h3>\n<p><img loading=\"lazy\" decoding=\"async\" class=\"alignright wp-image-296\" src=\"https:\/\/www.traxgo.be\/wp-content\/uploads\/2018\/02\/kraantje-oranjeoog.jpg\" alt=\"Machines antivol avec antid\u00e9marrage\" width=\"300\" height=\"274\" srcset=\"https:\/\/www.traxgo.be\/wp-content\/uploads\/2018\/02\/kraantje-oranjeoog.jpg 603w, https:\/\/www.traxgo.be\/wp-content\/uploads\/2018\/02\/kraantje-oranjeoog-300x274.jpg 300w\" sizes=\"auto, (max-width: 300px) 100vw, 300px\" \/>De plus en plus de signalements de vols d'engins (pelles, t\u00e9lescopiques, chariots \u00e9l\u00e9vateurs, ...) paraissent dans la presse. Les propri\u00e9taires de ces engins vol\u00e9s sont souvent d\u00e9sempar\u00e9s : non seulement l'engin a disparu, mais en plus les travaux \u00e0 effectuer sont \u00e0 l'arr\u00eat, avec toutes les cons\u00e9quences que cela comporte. Gr\u00e2ce au syst\u00e8me de suivi et de tra\u00e7abilit\u00e9, nous sommes toujours en mesure de <strong>localiser<\/strong> la machine \u00e0 un tel moment et de la <strong>r\u00e9cup\u00e9rer<\/strong> de cette mani\u00e8re. Mais avec un antid\u00e9marrage, vous pouvez aller plus loin: vous pouvez <strong>\u00e9teindre imm\u00e9diatement<\/strong> la machine en cas d'actions ind\u00e9sirables. L'utilisation ne doit pas \u00eatre limit\u00e9e \u00e0 la protection contre le vol: il existe \u00e9galement des options pour d\u00e9limiter les zones dans lesquelles les machines peuvent fonctionner ou, en combinaison avec un syst\u00e8me de badge, il peut \u00eatre garanti qu'une machine ne peut \u00eatre utilis\u00e9e que par des personnes ayant le droit comp\u00e9tences techniques.<\/p>\n<p class=\"mobileonly\"><a class=\"button cta\" href=\"#contact\">Plus d'information? <strong>Contactez-nous<\/strong><\/a><\/p>\n<h3>Vos avantages en combinaison avec le track-and-trace<\/h3>\n<ul class=\"advantages\">\n<li>Meilleure <strong>s\u00e9curit\u00e9<\/strong>: en cas de mouvement non autoris\u00e9, vous pouvez <strong>intervenir imm\u00e9diatement<\/strong> gr\u00e2ce \u00e0 l'antid\u00e9marrage.<\/li>\n<li>Gr\u00e2ce \u00e0 l'enregistrement track-and-trace en temps r\u00e9el, vous pouvez <strong>visualiser<\/strong> les itin\u00e9raires parcourus en d\u00e9tail sur une carte et vous pouvez prendre des mesures imm\u00e9diates.<\/li>\n<li>Les <strong>diff\u00e9rentes options de rapport<\/strong> offrent une vue d'ensemble claire. De cette fa\u00e7on, vous avez un instrument de contr\u00f4le parfait entre vos mains.<\/li>\n<li>Les <strong>heures de d\u00e9part et d'arr\u00eat<\/strong> combin\u00e9es aux kilom\u00e8tres parcourus rendent votre administration tr\u00e8s simple.<\/li>\n<li>Les <strong>liaisons CANBUS<\/strong> permettent \u00e9galement de surveiller d'autres param\u00e8tres, comme le niveau de carburant et la vitesse, \u2026<\/li>\n<\/ul>\n<p><a class=\"button cta\" href=\"#contact\">Plus d'information? <strong>Contactez-nous<\/strong><\/a><\/p>\n<p>&nbsp;<\/p>\n<h4><strong>Consultez des informations d\u00e9taill\u00e9es sur:<\/strong><\/h4>\n<ul>\n<li><a href=\"https:\/\/www.traxgo.be\/fr\/online-track-et-trace-et-systemes-de-localisation\/localisation-vehicules\/\">Localisation de v\u00e9hicules: voitures, camions, ...<\/a><\/li>\n<li><a href=\"https:\/\/www.traxgo.be\/fr\/online-track-et-trace-et-systemes-de-localisation\/localisation-machines\/\">Localisation de machines<\/a><\/li>\n<li><a href=\"https:\/\/www.traxgo.be\/fr\/conseils-pour-prevenir-le-vol-de-vos-equipements-de-travail\/\">Antivol \u00e9quipement de travail<\/a><\/li>\n<li><a href=\"https:\/\/www.traxgo.be\/fr\/online-track-et-trace-et-systemes-de-localisation\/enregistrement-des-heures-de-services\/\">L'enregistrement des heures de service<\/a><\/li>\n<li><a href=\"https:\/\/www.traxgo.be\/fr\/online-track-et-trace-et-systemes-de-localisation\/enregistrement-du-kilometrage\/\">L'enregistrement du kilom\u00e9trage<\/a><\/li>\n<li><a href=\"https:\/\/www.traxgo.be\/fr\/online-track-et-trace-et-systemes-de-localisation\/enregistrement-de-temps\/\">L'enregistrement de temps<\/a><\/li>\n<li><a href=\"https:\/\/www.traxgo.be\/fr\/online-track-et-trace-et-systemes-de-localisation\/\">Autres applications<\/a><\/li>\n<\/ul>\n","protected":false},"excerpt":{"rendered":"<p>Nous offrons \u00e0 nos clients la possibilit\u00e9 d'installer un antid\u00e9marrage en combinaison avec leur syst\u00e8me de suivi et de localisation. De cette fa\u00e7on, ils peuvent non seulement tracer la localisation de leurs diff\u00e9rents v\u00e9hicules ou engins, mais ils sont \u00e9galement capables, si n\u00e9cessaire, d'intervenir directement \u00e0 distance en cas de mouvement intempestif, ce qui profite [&hellip;]<\/p>\n","protected":false},"author":1,"featured_media":6742,"parent":0,"menu_order":0,"comment_status":"closed","ping_status":"closed","template":"","meta":{"_acf_changed":false,"footnotes":""},"class_list":["post-14149","page","type-page","status-publish","has-post-thumbnail","hentry"],"acf":[],"_links":{"self":[{"href":"https:\/\/www.traxgo.be\/fr\/wp-json\/wp\/v2\/pages\/14149","targetHints":{"allow":["GET"]}}],"collection":[{"href":"https:\/\/www.traxgo.be\/fr\/wp-json\/wp\/v2\/pages"}],"about":[{"href":"https:\/\/www.traxgo.be\/fr\/wp-json\/wp\/v2\/types\/page"}],"author":[{"embeddable":true,"href":"https:\/\/www.traxgo.be\/fr\/wp-json\/wp\/v2\/users\/1"}],"replies":[{"embeddable":true,"href":"https:\/\/www.traxgo.be\/fr\/wp-json\/wp\/v2\/comments?post=14149"}],"version-history":[{"count":9,"href":"https:\/\/www.traxgo.be\/fr\/wp-json\/wp\/v2\/pages\/14149\/revisions"}],"predecessor-version":[{"id":14592,"href":"https:\/\/www.traxgo.be\/fr\/wp-json\/wp\/v2\/pages\/14149\/revisions\/14592"}],"wp:featuredmedia":[{"embeddable":true,"href":"https:\/\/www.traxgo.be\/fr\/wp-json\/wp\/v2\/media\/6742"}],"wp:attachment":[{"href":"https:\/\/www.traxgo.be\/fr\/wp-json\/wp\/v2\/media?parent=14149"}],"curies":[{"name":"wp","href":"https:\/\/api.w.org\/{rel}","templated":true}]}}