{"id":14574,"date":"2023-07-13T14:39:36","date_gmt":"2023-07-13T14:39:36","guid":{"rendered":"https:\/\/www.traxgo.be\/?page_id=14574"},"modified":"2025-12-02T12:11:25","modified_gmt":"2025-12-02T12:11:25","slug":"conditions-generales","status":"publish","type":"page","link":"https:\/\/www.traxgo.be\/fr\/conditions-generales\/","title":{"rendered":"Conditions g\u00e9n\u00e9rales"},"content":{"rendered":"<p>Les pr\u00e9sentes conditions g\u00e9n\u00e9rales s'appliquent au site Web (<a href=\"https:\/\/www.traxgo.be\/fr\/\">www.traxgo.be<\/a>). <strong>TRAXGO<\/strong>, ayant son si\u00e8ge social \u00e0 8790 Waregem, Deerlijkseweg 144a, BCE n\u00b0 0859.624.787, ci-apr\u00e8s d\u00e9nomm\u00e9e \"nous\", est responsable du contenu de ce site Web.<\/p>\n<h3>1. Conditions d'utilisation du site Web<\/h3>\n<p>Toute utilisation de ce site Web est soumise \u00e0 ses conditions d'utilisation, qui figurent notamment dans les pr\u00e9sentes Conditions G\u00e9n\u00e9rales, dans la Politique de confidentialit\u00e9 et dans la clause de non-responsabilit\u00e9 relative aux m\u00e9dias sociaux. En utilisant ce site Web, l'utilisateur en accepte les conditions d'utilisation. Les conditions d'utilisation peuvent \u00eatre modifi\u00e9es \u00e0 tout moment, sans pr\u00e9avis.<br \/>\nCe site Web est destin\u00e9 \u00e0 votre usage personnel uniquement, \u00e0 l'exclusion de toute utilisation \u00e0 des fins commerciales.<\/p>\n<h3>2. Produits et services<\/h3>\n<p>La mention des d\u00e9tails des produits et des services sur ce site Web ne constitue pas, et ne peut \u00eatre interpr\u00e9t\u00e9e comme, une offre contraignante de vente de ces produits ou de fourniture de ces services.<br \/>\nTous les produits et services r\u00e9pertori\u00e9s sur ce site Web le sont sous r\u00e9serve de disponibilit\u00e9 et peuvent \u00eatre retir\u00e9s \u00e0 tout moment. Tous les produits et services, ainsi que toute mention de prix, sont sujets \u00e0 changement sans pr\u00e9avis.<br \/>\nLes pr\u00e9sentes conditions d'utilisation du site Web doivent toujours \u00eatre lues conjointement avec les conditions sp\u00e9cifiques distinctes concernant les produits et services individuels auxquels le site Web fait r\u00e9f\u00e9rence. En cas de contradiction entre les pr\u00e9sentes conditions g\u00e9n\u00e9rales d'utilisation et les conditions sp\u00e9cifiques relatives \u00e0 des produits ou services particuliers, ces derni\u00e8res pr\u00e9vaudront.<\/p>\n<h3>3. Responsabilit\u00e9<\/h3>\n<p>Ce site Web a \u00e9t\u00e9 cr\u00e9\u00e9 avec le plus grand soin. TRAXGO ne peut toutefois pas garantir l'absence d\u2019erreurs, l'exactitude ou l'exhaustivit\u00e9 des informations qui y figurent. TRAXGO ne peut en aucun cas \u00eatre tenue responsable des dommages directs ou indirects, de quelque nature ou ampleur que ce soit, qui pourraient \u00eatre caus\u00e9s directement ou indirectement par la consultation de ce site Web, ou en g\u00e9n\u00e9ral par toute utilisation de celui-ci.<\/p>\n<h3>4. Liens vers d'autres sites Web<\/h3>\n<p>Ce site Web peut contenir des liens (hypertextes) vers des sites Web externes. Ces liens ne sont repris qu\u2019\u00e0 titre d'information pour les utilisateurs. TRAXGO n'exerce aucun contr\u00f4le sur ces sites Web externes ni sur leur contenu et ne donne donc aucune garantie quant aux informations qui y sont fournies. TRAXGO d\u00e9cline toute responsabilit\u00e9 pour les dommages qui pourraient \u00eatre occasionn\u00e9s par la consultation des informations fournies sur ces sites Web externes, quelles que soient la nature, l'ampleur, la cause ou les cons\u00e9quences de ces dommages.<\/p>\n<h3>5. Propri\u00e9t\u00e9 intellectuelle<\/h3>\n<p>Sauf indication contraire, toutes les marques, tous les noms, logos et images figurant sur le pr\u00e9sent site Web relatifs \u00e0 TRAXGO ou \u00e0 une partie tierce sont prot\u00e9g\u00e9s par les droits de propri\u00e9t\u00e9 intellectuelle de TRAXGO et\/ou de la partie tierce. Aucune permission ou licence n'est accord\u00e9e par le biais de ce site Web pour utiliser la propri\u00e9t\u00e9 intellectuelle de TRAXGO ou de tiers. Ce site Web, ainsi que tous les textes, images, graphiques, fichiers sonores, d'animation et vid\u00e9o et la mani\u00e8re dont ils sont affich\u00e9s sont prot\u00e9g\u00e9s par le droit d'auteur et par toutes les r\u00e9glementations applicables en mati\u00e8re de droit de la propri\u00e9t\u00e9 intellectuelle, au sens le plus large du terme. Le contenu de ce site Web ne peut \u00eatre utilis\u00e9 qu'\u00e0 des fins strictement personnelles et ne peut \u00eatre copi\u00e9, distribu\u00e9, modifi\u00e9 ou rendu accessible \u00e0 des tiers \u00e0 des fins commerciales.<\/p>\n<p>&nbsp;<\/p>\n<p><a href=\"https:\/\/www.traxgo.be\/wp-content\/uploads\/2025\/12\/conditions-generales-2025.pdf\" target=\"_blank\" rel=\"noopener\">Conditions g\u00e9n\u00e9rales produits et services<\/a> (\u00e0 partir du 1er juin 2025)<\/p>\n","protected":false},"excerpt":{"rendered":"<p>Les pr\u00e9sentes conditions g\u00e9n\u00e9rales s'appliquent au site Web (www.traxgo.be). TRAXGO, ayant son si\u00e8ge social \u00e0 8790 Waregem, Deerlijkseweg 144a, BCE n\u00b0 0859.624.787, ci-apr\u00e8s d\u00e9nomm\u00e9e \"nous\", est responsable du contenu de ce site Web. 1. Conditions d'utilisation du site Web Toute utilisation de ce site Web est soumise \u00e0 ses conditions d'utilisation, qui figurent notamment dans [&hellip;]<\/p>\n","protected":false},"author":1,"featured_media":5758,"parent":0,"menu_order":0,"comment_status":"closed","ping_status":"closed","template":"templates\/conditions.tpl.php","meta":{"_acf_changed":false,"footnotes":""},"class_list":["post-14574","page","type-page","status-publish","has-post-thumbnail","hentry"],"acf":[],"_links":{"self":[{"href":"https:\/\/www.traxgo.be\/fr\/wp-json\/wp\/v2\/pages\/14574","targetHints":{"allow":["GET"]}}],"collection":[{"href":"https:\/\/www.traxgo.be\/fr\/wp-json\/wp\/v2\/pages"}],"about":[{"href":"https:\/\/www.traxgo.be\/fr\/wp-json\/wp\/v2\/types\/page"}],"author":[{"embeddable":true,"href":"https:\/\/www.traxgo.be\/fr\/wp-json\/wp\/v2\/users\/1"}],"replies":[{"embeddable":true,"href":"https:\/\/www.traxgo.be\/fr\/wp-json\/wp\/v2\/comments?post=14574"}],"version-history":[{"count":7,"href":"https:\/\/www.traxgo.be\/fr\/wp-json\/wp\/v2\/pages\/14574\/revisions"}],"predecessor-version":[{"id":17930,"href":"https:\/\/www.traxgo.be\/fr\/wp-json\/wp\/v2\/pages\/14574\/revisions\/17930"}],"wp:featuredmedia":[{"embeddable":true,"href":"https:\/\/www.traxgo.be\/fr\/wp-json\/wp\/v2\/media\/5758"}],"wp:attachment":[{"href":"https:\/\/www.traxgo.be\/fr\/wp-json\/wp\/v2\/media?parent=14574"}],"curies":[{"name":"wp","href":"https:\/\/api.w.org\/{rel}","templated":true}]}}