{"id":14649,"date":"2023-07-24T09:12:12","date_gmt":"2023-07-24T09:12:12","guid":{"rendered":"https:\/\/www.traxgo.be\/?page_id=14649"},"modified":"2023-07-24T09:14:10","modified_gmt":"2023-07-24T09:14:10","slug":"comparer-les-comportements-de-conduite-des-employes","status":"publish","type":"page","link":"https:\/\/www.traxgo.be\/fr\/comparer-les-comportements-de-conduite-des-employes\/","title":{"rendered":"Comparer les comportements de conduite des employ\u00e9s"},"content":{"rendered":"<h2>Comparer les comportements de conduite des employ\u00e9s<\/h2>\n<p><img loading=\"lazy\" decoding=\"async\" class=\"alignright wp-image-4039\" src=\"https:\/\/www.traxgo.be\/wp-content\/uploads\/2019\/05\/64405483_s.jpg\" alt=\"Comparer les comportements de conduite des employ\u00e9s\" width=\"580\" height=\"348\" srcset=\"https:\/\/www.traxgo.be\/wp-content\/uploads\/2019\/05\/64405483_s.jpg 893w, https:\/\/www.traxgo.be\/wp-content\/uploads\/2019\/05\/64405483_s-300x180.jpg 300w, https:\/\/www.traxgo.be\/wp-content\/uploads\/2019\/05\/64405483_s-768x461.jpg 768w\" sizes=\"auto, (max-width: 580px) 100vw, 580px\" \/>Il est important pour la gestion de flotte que les entreprises puissent comparer le comportement de conduite de leurs employ\u00e9s en temps r\u00e9el, ce qui est possible avec un syst\u00e8me de suivi des v\u00e9hicules efficace.<\/p>\n<p>Gr\u00e2ce \u00e0 un <a href=\"https:\/\/www.traxgo.be\/fr\/traceur-gps\/\">tracker GPS<\/a>, les actions ou man\u0153uvres de vos collaborateurs sur la voie sont mesur\u00e9es individuellement. Sur la base des donn\u00e9es enregistr\u00e9es, <a href=\"https:\/\/www.traxgo.be\/fr\/online-track-et-trace-et-systemes-de-localisation\/traxone\/traxone-logiciel-pour-la-gestion-de-flotte-automobile\/\">la gestion de flotte<\/a> peut analyser leur comportement de conduite et apporter des ajustements si n\u00e9cessaire.<\/p>\n<h3>Donn\u00e9es enregistr\u00e9es<\/h3>\n<p>Gr\u00e2ce au syst\u00e8me de suivi et de tra\u00e7abilit\u00e9, une multitude de donn\u00e9es analytiques pr\u00e9cieuses sont collect\u00e9es, qui peuvent \u00eatre facilement compar\u00e9es par la suite avec le logiciel n\u00e9cessaire. Quelques exemples d'informations pouvant \u00eatre consult\u00e9es :<\/p>\n<ul>\n<li>Vitesse<\/li>\n<li>Frein<\/li>\n<li>S'arr\u00eater<\/li>\n<li>Virage<\/li>\n<li>Tr\/min<\/li>\n<\/ul>\n<h3>Avantages<\/h3>\n<p>Utiliser les bons outils pour surveiller, suivre et comparer le comportement de conduite des employ\u00e9s offre de nombreux avantages int\u00e9ressants. Et pas seulement pour votre entreprise, mais aussi pour les employ\u00e9s eux-m\u00eames. Par exemple, <strong>l'\u00e9coconduite ou la conduite \u00e9conomique<\/strong> entra\u00eene beaucoup moins d'accidents, des \u00e9conomies de carburant et des frais d'assurance moins \u00e9lev\u00e9s. En bref, un <strong>gagnant-gagnant<\/strong> pour tout le monde. Si vous souhaitez des informations d\u00e9taill\u00e9es sur les nombreuses possibilit\u00e9s de nos <strong>syst\u00e8mes de suivi<\/strong>, n'h\u00e9sitez pas \u00e0 nous contacter. Nos employ\u00e9s ont beaucoup d'expertise et se feront un plaisir de vous aider. Une d\u00e9mo de notre logiciel est \u00e9galement possible.<\/p>\n<p><a class=\"button cta\" href=\"#contact\">Plus d'information? <strong>Contactez-nous<\/strong><\/a><\/p>\n","protected":false},"excerpt":{"rendered":"<p>Comparer les comportements de conduite des employ\u00e9s Il est important pour la gestion de flotte que les entreprises puissent comparer le comportement de conduite de leurs employ\u00e9s en temps r\u00e9el, ce qui est possible avec un syst\u00e8me de suivi des v\u00e9hicules efficace. Gr\u00e2ce \u00e0 un tracker GPS, les actions ou man\u0153uvres de vos collaborateurs sur [&hellip;]<\/p>\n","protected":false},"author":1,"featured_media":6470,"parent":0,"menu_order":0,"comment_status":"closed","ping_status":"closed","template":"","meta":{"_acf_changed":false,"footnotes":""},"class_list":["post-14649","page","type-page","status-publish","has-post-thumbnail","hentry"],"acf":[],"_links":{"self":[{"href":"https:\/\/www.traxgo.be\/fr\/wp-json\/wp\/v2\/pages\/14649","targetHints":{"allow":["GET"]}}],"collection":[{"href":"https:\/\/www.traxgo.be\/fr\/wp-json\/wp\/v2\/pages"}],"about":[{"href":"https:\/\/www.traxgo.be\/fr\/wp-json\/wp\/v2\/types\/page"}],"author":[{"embeddable":true,"href":"https:\/\/www.traxgo.be\/fr\/wp-json\/wp\/v2\/users\/1"}],"replies":[{"embeddable":true,"href":"https:\/\/www.traxgo.be\/fr\/wp-json\/wp\/v2\/comments?post=14649"}],"version-history":[{"count":5,"href":"https:\/\/www.traxgo.be\/fr\/wp-json\/wp\/v2\/pages\/14649\/revisions"}],"predecessor-version":[{"id":14654,"href":"https:\/\/www.traxgo.be\/fr\/wp-json\/wp\/v2\/pages\/14649\/revisions\/14654"}],"wp:featuredmedia":[{"embeddable":true,"href":"https:\/\/www.traxgo.be\/fr\/wp-json\/wp\/v2\/media\/6470"}],"wp:attachment":[{"href":"https:\/\/www.traxgo.be\/fr\/wp-json\/wp\/v2\/media?parent=14649"}],"curies":[{"name":"wp","href":"https:\/\/api.w.org\/{rel}","templated":true}]}}