{"id":15380,"date":"2024-02-02T09:52:35","date_gmt":"2024-02-02T09:52:35","guid":{"rendered":"https:\/\/www.traxgo.be\/?page_id=15380"},"modified":"2024-02-15T15:37:29","modified_gmt":"2024-02-15T15:37:29","slug":"systeme-de-geolocalisation","status":"publish","type":"page","link":"https:\/\/www.traxgo.be\/fr\/systeme-de-geolocalisation\/","title":{"rendered":"Syst\u00e8me de g\u00e9olocalisation"},"content":{"rendered":"<h2>Suivi pr\u00e9cis avec g\u00e9olocalisation<\/h2>\n<p><img loading=\"lazy\" decoding=\"async\" class=\"alignright wp-image-10480\" src=\"https:\/\/www.traxgo.be\/wp-content\/uploads\/2022\/04\/tracking-voertuigen-2.jpg\" alt=\"Syst\u00e8me de g\u00e9olocalisation pour un suivi pr\u00e9cis des v\u00e9hicules, machines et mat\u00e9riaux\" width=\"510\" height=\"510\" srcset=\"https:\/\/www.traxgo.be\/wp-content\/uploads\/2022\/04\/tracking-voertuigen-2.jpg 780w, https:\/\/www.traxgo.be\/wp-content\/uploads\/2022\/04\/tracking-voertuigen-2-300x300.jpg 300w, https:\/\/www.traxgo.be\/wp-content\/uploads\/2022\/04\/tracking-voertuigen-2-150x150.jpg 150w, https:\/\/www.traxgo.be\/wp-content\/uploads\/2022\/04\/tracking-voertuigen-2-768x768.jpg 768w\" sizes=\"auto, (max-width: 510px) 100vw, 510px\" \/>Un syst\u00e8me de g\u00e9olocalisation vous permet de d\u00e9terminer tr\u00e8s pr\u00e9cis\u00e9ment la localisation de vos v\u00e9hicules, machines et mat\u00e9riels. Un \u00e9l\u00e9ment mat\u00e9riel est plac\u00e9 dans le v\u00e9hicule, un soi-disant <a href=\"https:\/\/www.traxgo.be\/fr\/traceur-gps\/\">traceur GPS<\/a>, qui envoie essentiellement les coordonn\u00e9es \u00e0 la plate-forme centrale. Cela nous permet de vous montrer la position sur une carte 24h\/24 via une interface conviviale. Qu'il s'agisse de voitures particuli\u00e8res, de camionnettes ou de camions, gr\u00e2ce \u00e0 notre syst\u00e8me de g\u00e9olocalisation efficace vous ne perdrez plus jamais de vue vos v\u00e9hicules.<\/p>\n<h3>Plus qu'un syst\u00e8me de g\u00e9olocalisation moyen<\/h3>\n<p>Comme nous l'avons indiqu\u00e9 ci-dessus, le mat\u00e9riel de suivi et de tra\u00e7abilit\u00e9 transmet des donn\u00e9es de base concernant l'emplacement. Mais il existe bien s\u00fbr bien d\u2019autres possibilit\u00e9s. De nombreuses autres informations peuvent \u00e9galement \u00eatre transmises, trait\u00e9es et consult\u00e9es par vos soins. Pensez par exemple. <a href=\"https:\/\/www.traxgo.be\/fr\/online-track-et-trace-et-systemes-de-localisation\/systeme-de-controle-de-pression-des-pneus\/\">pression des pneus<\/a>, niveau de carburant, vitesse, <a href=\"https:\/\/www.traxgo.be\/fr\/online-track-et-trace-et-systemes-de-localisation\/enrgistrement-de-temperature\/\">temp\u00e9rature<\/a> du chargement, etc. Tout cela vous permet de surveiller en d\u00e9tail vos v\u00e9hicules, machines ou mat\u00e9riels \u00e0 distance, 24h\/24 et 7j\/7. D\u2019un simple coup d\u2019\u0153il, vous disposez d\u2019une image pr\u00e9cise de l\u2019ensemble de votre flotte ou de votre parc de machines.<\/p>\n<h3>Optimisez vos op\u00e9rations quotidiennes<\/h3>\n<p>Mais avec nos syst\u00e8mes de suivi, nous pouvons aller bien plus loin. Par exemple, un lien peut \u00eatre \u00e9tabli avec un <a href=\"https:\/\/www.traxgo.be\/fr\/antidemarrage-pour-vehicules-et-machines\/\">antid\u00e9marrage moteur<\/a>, qui permet d'\u00e9teindre \u00e0 distance les v\u00e9hicules et les machines d'une simple pression sur un bouton. Ou autre sc\u00e9nario: vous veillez \u00e0 ce que les d\u00e9placements ou les op\u00e9rations ne soient possibles qu'\u00e0 l'int\u00e9rieur d'une zone d\u00e9limit\u00e9e par des personnes autoris\u00e9es \u00e0 le faire. Le syst\u00e8me de g\u00e9olocalisation devient ainsi une <strong>base solide<\/strong> pour toute une gamme d'options qui vous aident \u00e0 am\u00e9liorer le fonctionnement op\u00e9rationnel de votre entreprise et ainsi <strong>gagner du temps et de l'argent<\/strong> au quotidien.<\/p>\n<p>Vous \u00eates int\u00e9ress\u00e9 par une ou plusieurs de nos applications? Veuillez nous contacter sans engagement, nous serons heureux d'\u00e9couter vos besoins. Forts de nos plus de <strong>20 ans d'exp\u00e9rience<\/strong> dans le secteur du suivi et de la tra\u00e7abilit\u00e9, nous serons heureux de vous aider \u00e0 trouver une solution adapt\u00e9e \u00e0 votre situation.<\/p>\n<p><a class=\"button cta\" href=\"#contact\">Plus d'information? <strong>Contactez-nous<\/strong><\/a><\/p>\n<p>&nbsp;<\/p>\n<h4><strong>Consultez des informations d\u00e9taill\u00e9es sur:<\/strong><\/h4>\n<ul>\n<li><a href=\"https:\/\/www.traxgo.be\/fr\/online-track-et-trace-et-systemes-de-localisation\/localisation-vehicules\/\">G\u00e9olocalisation de v\u00e9hicule<\/a><\/li>\n<li><a href=\"https:\/\/www.traxgo.be\/fr\/tracking\/\">Syst\u00e8mes de suivi et de tra\u00e7abilit\u00e9<\/a><\/li>\n<li><a href=\"https:\/\/www.traxgo.be\/fr\/les-applications-de-suivi-aident-les-entreprises-de-transport-a-faire-des-economies\/\">Suivi pour les entreprises de transport<\/a><\/li>\n<li><a href=\"https:\/\/www.traxgo.be\/fr\/online-track-et-trace-et-systemes-de-localisation\/localisation-vehicules\/\">Suivez les v\u00e9hicules en temps r\u00e9el<\/a><\/li>\n<li><a href=\"https:\/\/www.traxgo.be\/fr\/suivi-de-votre-conteneur\/\">Suivi et tra\u00e7abilit\u00e9 des conteneurs<\/a><\/li>\n<\/ul>\n","protected":false},"excerpt":{"rendered":"<p>Suivi pr\u00e9cis avec g\u00e9olocalisation Un syst\u00e8me de g\u00e9olocalisation vous permet de d\u00e9terminer tr\u00e8s pr\u00e9cis\u00e9ment la localisation de vos v\u00e9hicules, machines et mat\u00e9riels. Un \u00e9l\u00e9ment mat\u00e9riel est plac\u00e9 dans le v\u00e9hicule, un soi-disant traceur GPS, qui envoie essentiellement les coordonn\u00e9es \u00e0 la plate-forme centrale. Cela nous permet de vous montrer la position sur une carte 24h\/24 [&hellip;]<\/p>\n","protected":false},"author":1,"featured_media":6742,"parent":0,"menu_order":0,"comment_status":"closed","ping_status":"closed","template":"","meta":{"_acf_changed":false,"footnotes":""},"class_list":["post-15380","page","type-page","status-publish","has-post-thumbnail","hentry"],"acf":[],"_links":{"self":[{"href":"https:\/\/www.traxgo.be\/fr\/wp-json\/wp\/v2\/pages\/15380","targetHints":{"allow":["GET"]}}],"collection":[{"href":"https:\/\/www.traxgo.be\/fr\/wp-json\/wp\/v2\/pages"}],"about":[{"href":"https:\/\/www.traxgo.be\/fr\/wp-json\/wp\/v2\/types\/page"}],"author":[{"embeddable":true,"href":"https:\/\/www.traxgo.be\/fr\/wp-json\/wp\/v2\/users\/1"}],"replies":[{"embeddable":true,"href":"https:\/\/www.traxgo.be\/fr\/wp-json\/wp\/v2\/comments?post=15380"}],"version-history":[{"count":17,"href":"https:\/\/www.traxgo.be\/fr\/wp-json\/wp\/v2\/pages\/15380\/revisions"}],"predecessor-version":[{"id":15629,"href":"https:\/\/www.traxgo.be\/fr\/wp-json\/wp\/v2\/pages\/15380\/revisions\/15629"}],"wp:featuredmedia":[{"embeddable":true,"href":"https:\/\/www.traxgo.be\/fr\/wp-json\/wp\/v2\/media\/6742"}],"wp:attachment":[{"href":"https:\/\/www.traxgo.be\/fr\/wp-json\/wp\/v2\/media?parent=15380"}],"curies":[{"name":"wp","href":"https:\/\/api.w.org\/{rel}","templated":true}]}}