{"id":15638,"date":"2024-02-19T13:16:55","date_gmt":"2024-02-19T13:16:55","guid":{"rendered":"https:\/\/www.traxgo.be\/?page_id=15638"},"modified":"2024-02-19T14:05:35","modified_gmt":"2024-02-19T14:05:35","slug":"lire-les-donnees-du-camion-de-linterface-fms","status":"publish","type":"page","link":"https:\/\/www.traxgo.be\/fr\/lire-les-donnees-du-camion-de-linterface-fms\/","title":{"rendered":"Lire les donn\u00e9es du camion de l'interface FMS"},"content":{"rendered":"<p><img loading=\"lazy\" decoding=\"async\" class=\"alignright wp-image-15523\" src=\"https:\/\/www.traxgo.be\/wp-content\/uploads\/2024\/02\/fms-interface.jpg\" alt=\"Interface FMS pour lire les donn\u00e9es des camions\" width=\"580\" height=\"389\" srcset=\"https:\/\/www.traxgo.be\/wp-content\/uploads\/2024\/02\/fms-interface.jpg 1000w, https:\/\/www.traxgo.be\/wp-content\/uploads\/2024\/02\/fms-interface-300x201.jpg 300w, https:\/\/www.traxgo.be\/wp-content\/uploads\/2024\/02\/fms-interface-768x515.jpg 768w\" sizes=\"auto, (max-width: 580px) 100vw, 580px\" \/>Une <strong>connexion FMS<\/strong> permet de lire des donn\u00e9es sp\u00e9cifiques enregistr\u00e9es en standard dans les camions, comme la consommation de carburant, la vitesse, les temps de conduite, etc. \u00c0 cette fin, plusieurs grands constructeurs de camions (dont Volvo, DAF Trucks, Scania, etc.) se sont mis d'accord sur une norme europ\u00e9enne de communication, permettant ainsi aux fournisseurs de syst\u00e8mes de <a href=\"https:\/\/www.traxgo.be\/fr\/online-track-et-trace-et-systemes-de-localisation\/traxone\/traxone-logiciel-pour-la-gestion-de-flotte-automobile\/\">gestion de flotte<\/a> d'utiliser ces donn\u00e9es dans des applications centralis\u00e9es et ind\u00e9pendantes de la marque. Cela offre aux gestionnaires de flottes de transport la possibilit\u00e9 de surveiller leurs camions encore plus <strong>efficacement<\/strong>, car ils ont une vue claire de tous les diff\u00e9rents param\u00e8tres en un seul endroit.<\/p>\n<p class=\"mobileonly\"><a class=\"button cta\" href=\"#contact\">Plus d'information? <strong>Contactez-nous<\/strong><\/a><\/p>\n<h3>Relier le mat\u00e9riel de suivi et de tra\u00e7abilit\u00e9 au FMS<\/h3>\n<p>En tant qu'entreprise sp\u00e9cialis\u00e9e dans le suivi et la tra\u00e7abilit\u00e9 et soucieuse de l'innovation, il va sans dire que notre <a href=\"https:\/\/www.traxgo.be\/fr\/materiel-track-trace\/\">mat\u00e9riel de suivi et de tra\u00e7abilit\u00e9<\/a> intelligent peut facilement \u00eatre reli\u00e9 \u00e0 cette interface FMS. Par exemple, les donn\u00e9es FMS disponibles des camions de diff\u00e9rentes marques sont transmises en temps r\u00e9el \u00e0 notre plateforme centrale, consultable 24h\/24 et 7j\/7. Cela permet \u00e0 nos clients de prendre des actions bas\u00e9es sur des informations concr\u00e8tes et pertinentes pour <strong>optimiser<\/strong> davantage l\u2019exploitation de leur flotte.<\/p>\n<h3>Pourquoi choisir Traxgo?<\/h3>\n<p>Nous sommes actifs dans le secteur du suivi et de la tra\u00e7abilit\u00e9 depuis plus de 20 ans et disposons donc d'une grande exp\u00e9rience et d'un savoir-faire pertinent. Traxgo est l'une des principales entreprises belges actives dans le domaine du tracking &amp; tracing et propose, en tant que partenaire certifi\u00e9 ISO, une offre globale unique pour l'optimisation des processus commerciaux, d'une part avec une plateforme de collecte d'informations en temps r\u00e9el, d'autre part d'autre part en proposant des <a href=\"https:\/\/www.traxgo.be\/fr\/online-track-et-trace-et-systemes-de-localisation\/traxone\/\">logiciels d'entreprise<\/a> pour fournir des informations sur les clients et permettre de r\u00e9aliser des \u00e9conomies. Etes-vous int\u00e9ress\u00e9 par nos candidatures ? Veuillez nous contacter sans engagement, nous serons heureux de discuter de la mani\u00e8re dont nous pouvons vous aider \u00e0 <strong>\u00e9conomiser du temps et de l'argent<\/strong>.<\/p>\n<p><a class=\"button cta\" href=\"#contact\">Plus d'information? <strong>Contactez-nous<\/strong><\/a><\/p>\n<p>&nbsp;<\/p>\n<h4>Consultez des informations d\u00e9taill\u00e9es sur:<\/h4>\n<ul>\n<li><a href=\"https:\/\/www.traxgo.be\/fr\/online-track-et-trace-et-systemes-de-localisation\/systeme-de-controle-de-pression-des-pneus\/\">Contr\u00f4lez votre pression des pneus \u00e0 distance (TPMS)<\/a><\/li>\n<li><a href=\"https:\/\/www.traxgo.be\/fr\/online-track-et-trace-et-systemes-de-localisation\/lecture-du-tachygraphe\/\">Lecture \u00e0 distance du tachygraphe num\u00e9rique<\/a><\/li>\n<li><a href=\"https:\/\/www.traxgo.be\/fr\/antidemarrage-pour-vehicules-et-machines\/\">Antid\u00e9marrage pour v\u00e9hicules et machines<\/a><\/li>\n<li><a href=\"https:\/\/www.traxgo.be\/fr\/online-track-et-trace-et-systemes-de-localisation\/protection-anti-effraction-pour-camionnettes\/\">Protection anti-effraction pour camionnettes<\/a><\/li>\n<\/ul>\n","protected":false},"excerpt":{"rendered":"<p>Une connexion FMS permet de lire des donn\u00e9es sp\u00e9cifiques enregistr\u00e9es en standard dans les camions, comme la consommation de carburant, la vitesse, les temps de conduite, etc. \u00c0 cette fin, plusieurs grands constructeurs de camions (dont Volvo, DAF Trucks, Scania, etc.) se sont mis d'accord sur une norme europ\u00e9enne de communication, permettant ainsi aux fournisseurs [&hellip;]<\/p>\n","protected":false},"author":1,"featured_media":5748,"parent":0,"menu_order":0,"comment_status":"closed","ping_status":"closed","template":"","meta":{"_acf_changed":false,"footnotes":""},"class_list":["post-15638","page","type-page","status-publish","has-post-thumbnail","hentry"],"acf":[],"_links":{"self":[{"href":"https:\/\/www.traxgo.be\/fr\/wp-json\/wp\/v2\/pages\/15638","targetHints":{"allow":["GET"]}}],"collection":[{"href":"https:\/\/www.traxgo.be\/fr\/wp-json\/wp\/v2\/pages"}],"about":[{"href":"https:\/\/www.traxgo.be\/fr\/wp-json\/wp\/v2\/types\/page"}],"author":[{"embeddable":true,"href":"https:\/\/www.traxgo.be\/fr\/wp-json\/wp\/v2\/users\/1"}],"replies":[{"embeddable":true,"href":"https:\/\/www.traxgo.be\/fr\/wp-json\/wp\/v2\/comments?post=15638"}],"version-history":[{"count":18,"href":"https:\/\/www.traxgo.be\/fr\/wp-json\/wp\/v2\/pages\/15638\/revisions"}],"predecessor-version":[{"id":15675,"href":"https:\/\/www.traxgo.be\/fr\/wp-json\/wp\/v2\/pages\/15638\/revisions\/15675"}],"wp:featuredmedia":[{"embeddable":true,"href":"https:\/\/www.traxgo.be\/fr\/wp-json\/wp\/v2\/media\/5748"}],"wp:attachment":[{"href":"https:\/\/www.traxgo.be\/fr\/wp-json\/wp\/v2\/media?parent=15638"}],"curies":[{"name":"wp","href":"https:\/\/api.w.org\/{rel}","templated":true}]}}