{"id":15820,"date":"2024-03-07T10:33:58","date_gmt":"2024-03-07T10:33:58","guid":{"rendered":"https:\/\/www.traxgo.be\/?page_id=15820"},"modified":"2024-03-07T12:58:18","modified_gmt":"2024-03-07T12:58:18","slug":"acheter-un-traceur-gps-a-prix-bas","status":"publish","type":"page","link":"https:\/\/www.traxgo.be\/fr\/acheter-un-traceur-gps-a-prix-bas\/","title":{"rendered":"Acheter un traceur GPS \u00e0 prix bas"},"content":{"rendered":"<p><img loading=\"lazy\" decoding=\"async\" class=\"wp-image-15555 alignright\" src=\"https:\/\/www.traxgo.be\/wp-content\/uploads\/2024\/02\/goedkope-gps-tracker-kopen.jpg\" alt=\"Acheter un traceur GPS \u00e0 prix bas, des points importants \u00e0 consid\u00e9rer\" width=\"580\" height=\"387\" srcset=\"https:\/\/www.traxgo.be\/wp-content\/uploads\/2024\/02\/goedkope-gps-tracker-kopen.jpg 1000w, https:\/\/www.traxgo.be\/wp-content\/uploads\/2024\/02\/goedkope-gps-tracker-kopen-300x200.jpg 300w, https:\/\/www.traxgo.be\/wp-content\/uploads\/2024\/02\/goedkope-gps-tracker-kopen-768x512.jpg 768w\" sizes=\"auto, (max-width: 580px) 100vw, 580px\" \/>L'achat d'un traceur GPS \u00e0 prix bas est-il une bonne id\u00e9e? Comme pour tout le reste, la qualit\u00e9 a un prix et ce qui est \"<em>bon march\u00e9<\/em>\" devient souvent \"<em>cher<\/em>\". La principale question que l'on peut se poser est la suivante: pourquoi certains mat\u00e9riels de suivi et de tra\u00e7abilit\u00e9 sont-ils moins chers qu\u2019une alternative similaire? Et puis vous arrivez bient\u00f4t aux questions suivantes. La <strong>qualit\u00e9<\/strong> des composants utilis\u00e9s est-elle la m\u00eame? L'appareil fonctionne-t-il de mani\u00e8re <strong>fiable<\/strong> \u00e0 100%? La qualit\u00e9 de la communication GPS est-elle suffisante? Existe-t-il une certaine <strong>garantie<\/strong> sur le <a href=\"https:\/\/www.traxgo.be\/fr\/traceur-gps\/\">traceur GPS<\/a>? En d'autres termes, il existe de nombreuses raisons pour lesquelles certains mat\u00e9riels pourraient \u00eatre moins chers.<\/p>\n<h3>Alternative pour acheter un traceur GPS \u00e0 prix bas<\/h3>\n<p>Si vous voulez \u00eatre s\u00fbr d\u2019acheter un traceur GPS qui vous offrira une tranquillit\u00e9 d\u2019esprit pendant des ann\u00e9es, il serait peut-\u00eatre pr\u00e9f\u00e9rable de chercher un peu plus loin que le segment bon march\u00e9. Apr\u00e8s tout, vous voulez \u00e9viter que, t\u00f4t ou tard, vous soyez confront\u00e9 \u00e0 une surprise d\u00e9sagr\u00e9able et que le <a href=\"https:\/\/www.traxgo.be\/fr\/materiel-track-trace\/\">mat\u00e9riel de suivi et de tra\u00e7abilit\u00e9<\/a> tombe en panne \u00e0 un moment crucial. Les trackers GPS intelligents que nous fournissons sont techniquement la cr\u00e8me de la cr\u00e8me et r\u00e9pondent \u00e0 toutes les <strong>normes de qualit\u00e9<\/strong> contemporaines. Vous pouvez donc compter sur ces appareils pour faire exactement ce qu\u2019ils sont cens\u00e9s faire, pendant de nombreuses ann\u00e9es.<\/p>\n<p class=\"mobileonly\"><a class=\"button cta\" href=\"#contact\">Plus d'information? <strong>Contactez-nous<\/strong><\/a><\/p>\n<h3>Service excellent<\/h3>\n<p>De plus, nous sommes fiers de notre excellent service. Si un probl\u00e8me survient de mani\u00e8re inattendue quelque part avec un dispositif de suivi et de localisation, nos employ\u00e9s d\u00e9vou\u00e9s sont toujours pr\u00eats \u00e0 vous aider. Nous ne savons pas si vous b\u00e9n\u00e9ficierez \u00e9galement de ce service premium apr\u00e8s l'achat d'un traceur GPS pas cher, mais une chose est s\u00fbre: nous ne vous laisserons jamais \u00e0 votre sort. Forts de nos plus de <strong>20 ans d'exp\u00e9rience<\/strong> dans le secteur du suivi et de la tra\u00e7abilit\u00e9, nous disposons d'une grande expertise dans ce domaine que nous mettons volontiers \u00e0 profit pour trouver une solution pour vous.<\/p>\n<p>Notre offre ne se limite pas seulement au <a href=\"https:\/\/www.traxgo.be\/fr\/online-track-et-trace-et-systemes-de-localisation\/localisation-vehicules\/\">suivi des voitures<\/a>: nous proposons \u00e9galement de nombreuses options dans notre gamme pour les <a href=\"https:\/\/www.traxgo.be\/fr\/online-track-et-trace-et-systemes-de-localisation\/localisation-machines\/\">machines<\/a> et les <a href=\"https:\/\/www.traxgo.be\/fr\/online-track-et-trace-et-systemes-de-localisation\/localisation-materiaux\/\">mat\u00e9riaux<\/a> (par exemple, <a href=\"https:\/\/www.traxgo.be\/fr\/localisation-de-conteneurs\/\">suivi GPS des conteneurs<\/a>). Convaincu de notre valeur ajout\u00e9e? Veuillez nous contacter sans engagement, nous serons heureux de discuter avec vous de l'appareil le plus adapt\u00e9 \u00e0 votre situation sp\u00e9cifique. Ou d\u00e9couvrez nos nombreuses <a href=\"https:\/\/www.traxgo.be\/fr\/online-track-et-trace-et-systemes-de-localisation\/\">applications de tracking et du monitoring<\/a>.<\/p>\n<p><a class=\"button cta\" href=\"#contact\">Plus d'information? <strong>Contactez-nous<\/strong><\/a><\/p>\n","protected":false},"excerpt":{"rendered":"<p>L'achat d'un traceur GPS \u00e0 prix bas est-il une bonne id\u00e9e? Comme pour tout le reste, la qualit\u00e9 a un prix et ce qui est \"bon march\u00e9\" devient souvent \"cher\". La principale question que l'on peut se poser est la suivante: pourquoi certains mat\u00e9riels de suivi et de tra\u00e7abilit\u00e9 sont-ils moins chers qu\u2019une alternative similaire? [&hellip;]<\/p>\n","protected":false},"author":1,"featured_media":15543,"parent":0,"menu_order":0,"comment_status":"closed","ping_status":"closed","template":"","meta":{"_acf_changed":false,"footnotes":""},"class_list":["post-15820","page","type-page","status-publish","has-post-thumbnail","hentry"],"acf":[],"_links":{"self":[{"href":"https:\/\/www.traxgo.be\/fr\/wp-json\/wp\/v2\/pages\/15820","targetHints":{"allow":["GET"]}}],"collection":[{"href":"https:\/\/www.traxgo.be\/fr\/wp-json\/wp\/v2\/pages"}],"about":[{"href":"https:\/\/www.traxgo.be\/fr\/wp-json\/wp\/v2\/types\/page"}],"author":[{"embeddable":true,"href":"https:\/\/www.traxgo.be\/fr\/wp-json\/wp\/v2\/users\/1"}],"replies":[{"embeddable":true,"href":"https:\/\/www.traxgo.be\/fr\/wp-json\/wp\/v2\/comments?post=15820"}],"version-history":[{"count":11,"href":"https:\/\/www.traxgo.be\/fr\/wp-json\/wp\/v2\/pages\/15820\/revisions"}],"predecessor-version":[{"id":15836,"href":"https:\/\/www.traxgo.be\/fr\/wp-json\/wp\/v2\/pages\/15820\/revisions\/15836"}],"wp:featuredmedia":[{"embeddable":true,"href":"https:\/\/www.traxgo.be\/fr\/wp-json\/wp\/v2\/media\/15543"}],"wp:attachment":[{"href":"https:\/\/www.traxgo.be\/fr\/wp-json\/wp\/v2\/media?parent=15820"}],"curies":[{"name":"wp","href":"https:\/\/api.w.org\/{rel}","templated":true}]}}