{"id":16341,"date":"2024-06-27T07:13:26","date_gmt":"2024-06-27T07:13:26","guid":{"rendered":"https:\/\/www.traxgo.be\/?page_id=16341"},"modified":"2024-06-27T07:35:46","modified_gmt":"2024-06-27T07:35:46","slug":"quest-ce-quun-systeme-tpms","status":"publish","type":"page","link":"https:\/\/www.traxgo.be\/fr\/quest-ce-quun-systeme-tpms\/","title":{"rendered":"Qu'est-ce qu'un syst\u00e8me TPMS?"},"content":{"rendered":"<p><img loading=\"lazy\" decoding=\"async\" class=\"alignright wp-image-15973\" src=\"https:\/\/www.traxgo.be\/wp-content\/uploads\/2024\/03\/tpms-systeem-bandenspanning.jpg\" alt=\"Un syst\u00e8me TPMS ou syst\u00e8me de surveillance de la pression des pneus mesure la pression et la temp\u00e9rature des pneus\" width=\"580\" height=\"387\" srcset=\"https:\/\/www.traxgo.be\/wp-content\/uploads\/2024\/03\/tpms-systeem-bandenspanning.jpg 847w, https:\/\/www.traxgo.be\/wp-content\/uploads\/2024\/03\/tpms-systeem-bandenspanning-300x200.jpg 300w, https:\/\/www.traxgo.be\/wp-content\/uploads\/2024\/03\/tpms-systeem-bandenspanning-768x512.jpg 768w\" sizes=\"auto, (max-width: 580px) 100vw, 580px\" \/><\/p>\n<p>Un syst\u00e8me TPMS est inestimable pour la s\u00e9curit\u00e9 des conducteurs, des passagers et des autres usagers de la route. L'abr\u00e9viation TPMS signifie <span style=\"text-decoration: underline;\"><strong>T<\/strong><\/span>yre <span style=\"text-decoration: underline;\"><strong>P<\/strong><\/span>ressure <span style=\"text-decoration: underline;\"><strong>M<\/strong><\/span>onitoring <span style=\"text-decoration: underline;\"><strong>S<\/strong><\/span>ystem, ou <a href=\"https:\/\/www.traxgo.be\/fr\/online-track-et-trace-et-systemes-de-localisation\/systeme-de-controle-de-pression-des-pneus\/\">syst\u00e8me de surveillance de la pression des pneus<\/a> en fran\u00e7ais. Gr\u00e2ce \u00e0 des capteurs intelligents, un tel syst\u00e8me mesure en permanence la pression et la temp\u00e9rature des pneus et signalera le moindre \u00e9cart au conducteur et\/ou au r\u00e9partiteur. Il peut \u00eatre appliqu\u00e9 aux camions (tracteurs et semi-remorques), aux bus, aux autocars, etc. Plus il y a de v\u00e9hicules qui circulent avec, plus la voie publique devient s\u00fbre pour tous.<\/p>\n<h3>Le syst\u00e8me TPMS r\u00e9duit les co\u00fbts op\u00e9rationnels<\/h3>\n<p>Mais un syst\u00e8me TPMS ne prouve pas seulement sa valeur ajout\u00e9e dans le domaine de <strong>la s\u00e9curit\u00e9<\/strong>. Conduire avec une pression de pneu correcte se traduira \u00e9galement automatiquement par une r\u00e9duction de la consommation de carburant. Votre flotte fonctionnera beaucoup plus efficacement, avec tous les avantages qui en d\u00e9coulent: plus <strong>d'efficacit\u00e9<\/strong>, moins de pannes, moins d'usure, etc. Il vaut certainement la peine de calculer dans quelle mesure vous pouvez ainsi r\u00e9duire vos co\u00fbts d'exploitation. Vous serez \u00e9tonn\u00e9 des r\u00e9sultats, surtout si votre flotte est compos\u00e9e de plusieurs v\u00e9hicules. Et il va sans dire que l\u2019environnement vous remerciera \u00e9galement pour la diminution des \u00e9missions de CO2! Bref, un gagnant-gagnant ind\u00e9niable pour tout le monde.<\/p>\n<h3>Combinaison avec un logiciel de suivi et de tra\u00e7abilit\u00e9<\/h3>\n<p>Nous combinons toujours un syst\u00e8me TPMS avec notre <a href=\"https:\/\/www.traxgo.be\/fr\/logiciel-track-trace\/\">logiciel de suivi et de tra\u00e7abilit\u00e9<\/a> efficace. Celui-ci vous permet de suivre les diff\u00e9rents param\u00e8tres de votre flotte en temps r\u00e9el sur une plateforme centrale et conviviale, ce qui simplifiera grandement sa gestion. Vous ne disposez pas actuellement d'un syst\u00e8me de contr\u00f4le et \u00eates convaincu de la valeur ajout\u00e9e pour votre entreprise? Veuillez nous contacter sans engagement et nous serons heureux de vous expliquer les options. Gr\u00e2ce \u00e0 nos diff\u00e9rentes applications de suivi et de surveillance, nous aidons de nombreuses entreprises \u00e0 <strong>\u00e9conomiser du temps et de l'argent<\/strong>!<\/p>\n<p>Pour conclure, nous allons lister pour vous les choses les plus importantes. Un syst\u00e8me TPMS ...<\/p>\n<ul class=\"advantages\">\n<li>Augmente la <strong>s\u00e9curit\u00e9<\/strong><\/li>\n<li>Augmente votre <strong>retour<\/strong><\/li>\n<li>R\u00e9duit l\u2019impact <strong>environnemental<\/strong><\/li>\n<\/ul>\n<p><a class=\"button cta\" href=\"#contact\">Plus d'information? <strong>Contactez-nous<\/strong><\/a><\/p>\n<p>&nbsp;<\/p>\n<p><strong>Consultez des informations d\u00e9taill\u00e9es sur:<\/strong><\/p>\n<ul>\n<li><a href=\"https:\/\/www.traxgo.be\/fr\/lire-les-donnees-du-camion-de-linterface-fms\/\">Lire les donn\u00e9es du camion de l'interface FMS<\/a><\/li>\n<li><a href=\"https:\/\/www.traxgo.be\/fr\/optimiser-la-gestion-de-flotte-grace-a-la-localisation-3\/\">Optimiser la gestion de flotte gr\u00e2ce \u00e0 la localisation<\/a><\/li>\n<li><a href=\"https:\/\/www.traxgo.be\/fr\/les-applications-de-suivi-aident-les-entreprises-de-transport-a-faire-des-economies\/\">Applications de suivi aident entreprises de transport<\/a><\/li>\n<li><a href=\"https:\/\/www.traxgo.be\/fr\/online-track-et-trace-et-systemes-de-localisation\/lecture-du-tachygraphe\/\">Lecture \u00e0 distance du tachygraphe num\u00e9rique<\/a><\/li>\n<\/ul>\n","protected":false},"excerpt":{"rendered":"<p>Un syst\u00e8me TPMS est inestimable pour la s\u00e9curit\u00e9 des conducteurs, des passagers et des autres usagers de la route. L'abr\u00e9viation TPMS signifie Tyre Pressure Monitoring System, ou syst\u00e8me de surveillance de la pression des pneus en fran\u00e7ais. Gr\u00e2ce \u00e0 des capteurs intelligents, un tel syst\u00e8me mesure en permanence la pression et la temp\u00e9rature des pneus [&hellip;]<\/p>\n","protected":false},"author":1,"featured_media":5848,"parent":0,"menu_order":0,"comment_status":"closed","ping_status":"closed","template":"","meta":{"_acf_changed":false,"footnotes":""},"class_list":["post-16341","page","type-page","status-publish","has-post-thumbnail","hentry"],"acf":[],"_links":{"self":[{"href":"https:\/\/www.traxgo.be\/fr\/wp-json\/wp\/v2\/pages\/16341","targetHints":{"allow":["GET"]}}],"collection":[{"href":"https:\/\/www.traxgo.be\/fr\/wp-json\/wp\/v2\/pages"}],"about":[{"href":"https:\/\/www.traxgo.be\/fr\/wp-json\/wp\/v2\/types\/page"}],"author":[{"embeddable":true,"href":"https:\/\/www.traxgo.be\/fr\/wp-json\/wp\/v2\/users\/1"}],"replies":[{"embeddable":true,"href":"https:\/\/www.traxgo.be\/fr\/wp-json\/wp\/v2\/comments?post=16341"}],"version-history":[{"count":6,"href":"https:\/\/www.traxgo.be\/fr\/wp-json\/wp\/v2\/pages\/16341\/revisions"}],"predecessor-version":[{"id":16347,"href":"https:\/\/www.traxgo.be\/fr\/wp-json\/wp\/v2\/pages\/16341\/revisions\/16347"}],"wp:featuredmedia":[{"embeddable":true,"href":"https:\/\/www.traxgo.be\/fr\/wp-json\/wp\/v2\/media\/5848"}],"wp:attachment":[{"href":"https:\/\/www.traxgo.be\/fr\/wp-json\/wp\/v2\/media?parent=16341"}],"curies":[{"name":"wp","href":"https:\/\/api.w.org\/{rel}","templated":true}]}}