{"id":16458,"date":"2024-07-18T12:18:38","date_gmt":"2024-07-18T12:18:38","guid":{"rendered":"https:\/\/www.traxgo.be\/?page_id=16458"},"modified":"2024-07-18T12:21:08","modified_gmt":"2024-07-18T12:21:08","slug":"differences-dans-les-systemes-de-suivi-des-vehicules","status":"publish","type":"page","link":"https:\/\/www.traxgo.be\/fr\/differences-dans-les-systemes-de-suivi-des-vehicules\/","title":{"rendered":"Diff\u00e9rences dans les syst\u00e8mes de suivi des v\u00e9hicules"},"content":{"rendered":"<p><img loading=\"lazy\" decoding=\"async\" class=\"alignright wp-image-16378\" src=\"https:\/\/www.traxgo.be\/wp-content\/uploads\/2024\/07\/verschillen-voertuigvolgsystemen.jpg\" alt=\"Diff\u00e9rences possibles entre les syst\u00e8mes de localisation des v\u00e9hicules en un coup d'\u0153il\" width=\"580\" height=\"387\" srcset=\"https:\/\/www.traxgo.be\/wp-content\/uploads\/2024\/07\/verschillen-voertuigvolgsystemen.jpg 1000w, https:\/\/www.traxgo.be\/wp-content\/uploads\/2024\/07\/verschillen-voertuigvolgsystemen-300x200.jpg 300w, https:\/\/www.traxgo.be\/wp-content\/uploads\/2024\/07\/verschillen-voertuigvolgsystemen-768x513.jpg 768w\" sizes=\"auto, (max-width: 580px) 100vw, 580px\" \/>Lorsqu\u2019on envisage l\u2019achat d\u2019un ou plusieurs syst\u00e8mes de localisation de v\u00e9hicules, il est toujours bon d\u2019examiner d\u2019abord les diff\u00e9rences. Il existe tellement de fournisseurs diff\u00e9rents, chacun proposant une gamme vari\u00e9e de dispositifs de suivi, qu'il n'est pas toujours facile d'avoir une id\u00e9e claire des possibilit\u00e9s. Sur la base de nos <strong>ann\u00e9es d'exp\u00e9rience<\/strong>, nous souhaitons vous fournir quelques id\u00e9es sur cette page d'informations, afin que vous puissiez faire un choix \u00e9clair\u00e9.<\/p>\n<h3>Les options entre les syst\u00e8mes de suivi des v\u00e9hicules diff\u00e8rent<\/h3>\n<p>Le premier point important o\u00f9 il peut y avoir des diff\u00e9rences entre les syst\u00e8mes de localisation des v\u00e9hicules r\u00e9side dans leurs capacit\u00e9s et leurs options. Jetez un \u0153il attentif aux options standard de chaque syst\u00e8me de suivi de v\u00e9hicule. Il existe g\u00e9n\u00e9ralement \u00e9galement des options d'extension dans le domaine du mat\u00e9riel (comme une connexion avec un <a href=\"https:\/\/www.traxgo.be\/fr\/antidemarrage-pour-vehicules-et-machines\/\">antid\u00e9marrage<\/a> ou un <a href=\"https:\/\/www.traxgo.be\/fr\/lisabadge\/\">syst\u00e8me de badge<\/a>) et il existe \u00e9galement des options pour des services suppl\u00e9mentaires (par exemple, nous proposons un <a href=\"https:\/\/www.traxgo.be\/fr\/tracer-et-recuperer-les-vehicules-voles\/\">service de r\u00e9cup\u00e9ration<\/a> unique). Il est pr\u00e9f\u00e9rable de placer les diff\u00e9rents syst\u00e8mes complets les uns \u00e0 c\u00f4t\u00e9 des autres et de tout lister soigneusement en dessous. Selon vos besoins, certains syst\u00e8mes de localisation de v\u00e9hicules seront moins adapt\u00e9s, ce qui simplifiera quelque peu votre choix.<\/p>\n<p class=\"mobileonly\"><a class=\"button cta\" href=\"#contact\">Plus d'information? <strong>Contactez-nous<\/strong><\/a><\/p>\n<h3>Diff\u00e9rences de qualit\u00e9 des syst\u00e8mes de suivi<\/h3>\n<p>La plupart des syst\u00e8mes de suivi des v\u00e9hicules utilisent presque tous une technologie similaire. Il peut cependant y avoir des diff\u00e9rences entre les appareils. Il y a de fortes chances que les <a href=\"https:\/\/www.traxgo.be\/fr\/acheter-un-traceur-gps-a-prix-bas\/\">trackers GPS moins chers<\/a> utilisent des composants diff\u00e9rents de ceux de leurs fr\u00e8res plus chers. Nos clients peuvent bien entendu \u00eatre assur\u00e9s que nous utilisons uniquement du mat\u00e9riel r\u00e9pondant aux <strong>normes les plus strictes<\/strong>. Outre l\u2019appareil lui-m\u00eame, il peut \u00e9galement y avoir une diff\u00e9rence dans la qualit\u00e9 du service fourni. Dans quelle mesure les installations sont-elles r\u00e9alis\u00e9es\u00a0? Puis-je facilement joindre quelqu'un si j'ai des probl\u00e8mes par la suite ? Et la garantie ? Etc. Il est important d\u2019y pr\u00eater toute l\u2019attention n\u00e9cessaire lors de votre ronde d\u2019information.<\/p>\n<h3>Diff\u00e9rences de prix entre les appareils de suivi<\/h3>\n<p>En partie \u00e0 cause de la qualit\u00e9 et des diff\u00e9rentes options, il y aura bien s\u00fbr aussi des diff\u00e9rences de prix entre les diff\u00e9rents syst\u00e8mes de localisation des v\u00e9hicules. Pour faire la comparaison avec les voitures : une Ferrari co\u00fbte tout simplement plus cher qu\u2019une Lada. Vous \u00eates tomb\u00e9 sur un appareil qui semble identique \u00e0 premi\u00e8re vue pour un prix bien inf\u00e9rieur ? Ensuite, comme expliqu\u00e9 ci-dessus, comparez d\u2019abord les options et la qualit\u00e9. Ce n'est que s'ils sont identiques que vous pourrez faire une comparaison approfondie.<\/p>\n<p>Il existe probablement de nombreuses autres diff\u00e9rences entre les syst\u00e8mes de localisation de v\u00e9hicules, mais avec ces informations, nous souhaitons vous faire prendre conscience qu'il est pr\u00e9f\u00e9rable de ne pas faire de choix h\u00e2tif. Il serait dommage que vous optiez pour un appareil en particulier et que vous d\u00e9couvriez par la suite qu'il ne r\u00e9pond pas tout \u00e0 fait \u00e0 vos attentes. Vous ne savez toujours pas quel <a href=\"https:\/\/www.traxgo.be\/fr\/le-systeme-de-geolocalisation-de-vehicule-ultime\/\">syst\u00e8me de localisation de v\u00e9hicules<\/a> vous souhaitez installer ou souhaitez-vous des explications suppl\u00e9mentaires de la part d'un de nos experts ? N'h\u00e9sitez pas \u00e0 nous contacter, nous serons heureux de vous aider.<\/p>\n<p><a class=\"button cta\" href=\"#contact\">Plus d'information? <strong>Contactez-nous<\/strong><\/a><\/p>\n","protected":false},"excerpt":{"rendered":"<p>Lorsqu\u2019on envisage l\u2019achat d\u2019un ou plusieurs syst\u00e8mes de localisation de v\u00e9hicules, il est toujours bon d\u2019examiner d\u2019abord les diff\u00e9rences. Il existe tellement de fournisseurs diff\u00e9rents, chacun proposant une gamme vari\u00e9e de dispositifs de suivi, qu'il n'est pas toujours facile d'avoir une id\u00e9e claire des possibilit\u00e9s. Sur la base de nos ann\u00e9es d'exp\u00e9rience, nous souhaitons vous [&hellip;]<\/p>\n","protected":false},"author":1,"featured_media":15543,"parent":0,"menu_order":0,"comment_status":"closed","ping_status":"closed","template":"","meta":{"_acf_changed":false,"footnotes":""},"class_list":["post-16458","page","type-page","status-publish","has-post-thumbnail","hentry"],"acf":[],"_links":{"self":[{"href":"https:\/\/www.traxgo.be\/fr\/wp-json\/wp\/v2\/pages\/16458","targetHints":{"allow":["GET"]}}],"collection":[{"href":"https:\/\/www.traxgo.be\/fr\/wp-json\/wp\/v2\/pages"}],"about":[{"href":"https:\/\/www.traxgo.be\/fr\/wp-json\/wp\/v2\/types\/page"}],"author":[{"embeddable":true,"href":"https:\/\/www.traxgo.be\/fr\/wp-json\/wp\/v2\/users\/1"}],"replies":[{"embeddable":true,"href":"https:\/\/www.traxgo.be\/fr\/wp-json\/wp\/v2\/comments?post=16458"}],"version-history":[{"count":6,"href":"https:\/\/www.traxgo.be\/fr\/wp-json\/wp\/v2\/pages\/16458\/revisions"}],"predecessor-version":[{"id":16464,"href":"https:\/\/www.traxgo.be\/fr\/wp-json\/wp\/v2\/pages\/16458\/revisions\/16464"}],"wp:featuredmedia":[{"embeddable":true,"href":"https:\/\/www.traxgo.be\/fr\/wp-json\/wp\/v2\/media\/15543"}],"wp:attachment":[{"href":"https:\/\/www.traxgo.be\/fr\/wp-json\/wp\/v2\/media?parent=16458"}],"curies":[{"name":"wp","href":"https:\/\/api.w.org\/{rel}","templated":true}]}}