{"id":16475,"date":"2024-07-18T12:45:08","date_gmt":"2024-07-18T12:45:08","guid":{"rendered":"https:\/\/www.traxgo.be\/?page_id=16475"},"modified":"2024-07-18T12:47:24","modified_gmt":"2024-07-18T12:47:24","slug":"la-numerisation-dans-le-secteur-agricole","status":"publish","type":"page","link":"https:\/\/www.traxgo.be\/fr\/la-numerisation-dans-le-secteur-agricole\/","title":{"rendered":"La num\u00e9risation dans le secteur agricole"},"content":{"rendered":"<h2>Suivi et tra\u00e7abilit\u00e9 pour le secteur agricole<\/h2>\n<p><img loading=\"lazy\" decoding=\"async\" class=\"alignright wp-image-8353\" src=\"https:\/\/www.traxgo.be\/wp-content\/uploads\/2021\/04\/digitalisatie-in-de-landbouwsector.jpg\" alt=\"Digitalisation dans le secteur agricole : d\u00e9couvrez les nombreuses possibilit\u00e9s\" width=\"580\" height=\"386\" srcset=\"https:\/\/www.traxgo.be\/wp-content\/uploads\/2021\/04\/digitalisatie-in-de-landbouwsector.jpg 650w, https:\/\/www.traxgo.be\/wp-content\/uploads\/2021\/04\/digitalisatie-in-de-landbouwsector-300x200.jpg 300w\" sizes=\"auto, (max-width: 580px) 100vw, 580px\" \/>Gr\u00e2ce \u00e0 Traxgo, vous pouvez collecter toutes sortes de donn\u00e9es qui vous donnent de nouvelles informations sur le fonctionnement de votre entreprise agricole. De cette fa\u00e7on, vous pouvez optimiser le flux de travail et la communication. Les syst\u00e8mes num\u00e9riques de Traxgo permettent \u00e9galement de collecter toutes sortes de donn\u00e9es dans le secteur agricole, comme la consommation, les co\u00fbts, l'efficacit\u00e9, etc. De plus, tout <a href=\"https:\/\/www.traxgo.be\/fr\/online-track-et-trace-et-systemes-de-localisation\/localisation-materiaux\/\">votre mat\u00e9riel<\/a> peut \u00e9galement \u00eatre localis\u00e9 en temps r\u00e9el. Toutes vos machines n\u00e9cessitent une maintenance, les donn\u00e9es stock\u00e9es peuvent vous fournir des mises \u00e0 jour ou des avertissements.<\/p>\n<p>La technologie intelligente vous permet de gagner du temps et d'am\u00e9liorer le flux de travail. Nos syst\u00e8mes de suivi et de tra\u00e7abilit\u00e9 vous permettent d'\u00e9conomiser sur de nombreuses choses, comme l'eau, l'\u00e9nergie, etc.<\/p>\n<h3>Augmenter l\u2019efficacit\u00e9 agricole gr\u00e2ce \u00e0 la num\u00e9risation<\/h3>\n<p>Gr\u00e2ce \u00e0 la num\u00e9risation, la temp\u00e9rature et l'humidit\u00e9 peuvent d\u00e9sormais \u00e9galement \u00eatre surveill\u00e9es en temps r\u00e9el. De plus, <a href=\"https:\/\/www.traxgo.be\/fr\/online-track-et-trace-et-systemes-de-localisation\/localisation-machines\/\">vos machines<\/a> sont utilis\u00e9es de mani\u00e8re optimale, vous perdez moins de temps et de nombreux param\u00e8tres comme la pluviom\u00e9trie, le niveau d'eau, l'humidit\u00e9, etc. peuvent \u00eatre mesur\u00e9s.<\/p>\n<p>En suivant les donn\u00e9es, vous obtenez de nouvelles informations et vous pouvez encore mieux surveiller votre entreprise. Traxgo contribue donc \u00e0 optimiser votre entreprise. Souhaitez-vous \u00e9galement mettre l\u2019accent sur la poursuite de <strong>la num\u00e9risation<\/strong> pour vos collaborateurs et augmenter <strong>l\u2019efficacit\u00e9<\/strong> de votre entreprise dans <strong>le secteur agricole<\/strong>? N'h\u00e9sitez pas \u00e0 nous contacter, nous travaillerons avec vous pour trouver la meilleure solution.<\/p>\n<p><a class=\"button cta\" href=\"#contact\">Plus d'information? <strong>Contactez-nous<\/strong><\/a><\/p>\n<p>D\u00e9couvrez \u00e9galement nos int\u00e9ressantes solutions de tracking et logicielles pour d\u2019autres secteurs:<\/p>\n<ul>\n<li><a title=\"Digitalisatie bij gemeenten en regering\" href=\"https:\/\/www.traxgo.be\/fr\/numerisation-dans-les-municipalites-et-le-gouvernement\/\">Num\u00e9risation dans les municipalit\u00e9s et le gouvernement<\/a><\/li>\n<li><a href=\"https:\/\/www.traxgo.be\/fr\/numerisation-dans-les-services-durgence\/\">Num\u00e9risation dans les services d'urgence<\/a><\/li>\n<li><a href=\"https:\/\/www.traxgo.be\/fr\/numerisation-au-service-de-messagerie\/\">Num\u00e9risation au service de messagerie<\/a><\/li>\n<li><a href=\"https:\/\/www.traxgo.be\/fr\/numerisation-dans-les-entreprises-de-nettoyage\/\">Num\u00e9risation dans les entreprises de nettoyage<\/a><\/li>\n<li><a href=\"https:\/\/www.traxgo.be\/fr\/la-digitalisation-du-service-et-du-service-apres-vente\/\">La digitalisation du service et du service apr\u00e8s-vente<\/a><\/li>\n<li><a href=\"https:\/\/www.traxgo.be\/fr\/numerisation-dans-les-services-de-taxi\/\">Num\u00e9risation dans les services de taxi<\/a><\/li>\n<li><a href=\"https:\/\/www.traxgo.be\/fr\/numerisation-dans-le-secteur-des-transports\/\">Num\u00e9risation dans le secteur des transports<\/a><\/li>\n<li><a href=\"https:\/\/www.traxgo.be\/fr\/\">Syst\u00e8mes de g\u00e9olocalisation<\/a><\/li>\n<li><a href=\"https:\/\/www.traxgo.be\/fr\/online-track-et-trace-et-systemes-de-localisation\/monitoring\/\">Surveillance de votre flotte<\/a><\/li>\n<li><a href=\"https:\/\/www.traxgo.be\/fr\/tracking\/\">Syst\u00e8mes de suivi<\/a><\/li>\n<\/ul>\n","protected":false},"excerpt":{"rendered":"<p>Suivi et tra\u00e7abilit\u00e9 pour le secteur agricole Gr\u00e2ce \u00e0 Traxgo, vous pouvez collecter toutes sortes de donn\u00e9es qui vous donnent de nouvelles informations sur le fonctionnement de votre entreprise agricole. De cette fa\u00e7on, vous pouvez optimiser le flux de travail et la communication. Les syst\u00e8mes num\u00e9riques de Traxgo permettent \u00e9galement de collecter toutes sortes de [&hellip;]<\/p>\n","protected":false},"author":1,"featured_media":6563,"parent":0,"menu_order":0,"comment_status":"closed","ping_status":"closed","template":"","meta":{"_acf_changed":false,"footnotes":""},"class_list":["post-16475","page","type-page","status-publish","has-post-thumbnail","hentry"],"acf":[],"_links":{"self":[{"href":"https:\/\/www.traxgo.be\/fr\/wp-json\/wp\/v2\/pages\/16475","targetHints":{"allow":["GET"]}}],"collection":[{"href":"https:\/\/www.traxgo.be\/fr\/wp-json\/wp\/v2\/pages"}],"about":[{"href":"https:\/\/www.traxgo.be\/fr\/wp-json\/wp\/v2\/types\/page"}],"author":[{"embeddable":true,"href":"https:\/\/www.traxgo.be\/fr\/wp-json\/wp\/v2\/users\/1"}],"replies":[{"embeddable":true,"href":"https:\/\/www.traxgo.be\/fr\/wp-json\/wp\/v2\/comments?post=16475"}],"version-history":[{"count":5,"href":"https:\/\/www.traxgo.be\/fr\/wp-json\/wp\/v2\/pages\/16475\/revisions"}],"predecessor-version":[{"id":16480,"href":"https:\/\/www.traxgo.be\/fr\/wp-json\/wp\/v2\/pages\/16475\/revisions\/16480"}],"wp:featuredmedia":[{"embeddable":true,"href":"https:\/\/www.traxgo.be\/fr\/wp-json\/wp\/v2\/media\/6563"}],"wp:attachment":[{"href":"https:\/\/www.traxgo.be\/fr\/wp-json\/wp\/v2\/media?parent=16475"}],"curies":[{"name":"wp","href":"https:\/\/api.w.org\/{rel}","templated":true}]}}