{"id":16490,"date":"2024-07-18T13:02:25","date_gmt":"2024-07-18T13:02:25","guid":{"rendered":"https:\/\/www.traxgo.be\/?page_id=16490"},"modified":"2024-07-18T13:05:40","modified_gmt":"2024-07-18T13:05:40","slug":"la-numerisation-dans-le-secteur-de-la-sante","status":"publish","type":"page","link":"https:\/\/www.traxgo.be\/fr\/la-numerisation-dans-le-secteur-de-la-sante\/","title":{"rendered":"La num\u00e9risation dans le secteur de la sant\u00e9"},"content":{"rendered":"<h2>Secteur de la sant\u00e9<\/h2>\n<p><img loading=\"lazy\" decoding=\"async\" class=\"alignright wp-image-8362\" src=\"https:\/\/www.traxgo.be\/wp-content\/uploads\/2021\/04\/digitalisatie-in-de-gezondheidssector.jpg\" alt=\"Digitalisation dans le secteur de la sant\u00e9 : d\u00e9couvrez les nombreuses possibilit\u00e9s\" width=\"580\" height=\"343\" srcset=\"https:\/\/www.traxgo.be\/wp-content\/uploads\/2021\/04\/digitalisatie-in-de-gezondheidssector.jpg 650w, https:\/\/www.traxgo.be\/wp-content\/uploads\/2021\/04\/digitalisatie-in-de-gezondheidssector-300x177.jpg 300w\" sizes=\"auto, (max-width: 580px) 100vw, 580px\" \/>Dans le domaine des <a href=\"https:\/\/www.traxgo.be\/fr\/soins-de-sante\/\">soins de sant\u00e9<\/a>, l\u2019efficacit\u00e9 est l\u2019une des choses les plus importantes. Les syst\u00e8mes de num\u00e9risation de Traxgo - comme par ex. notre <a href=\"https:\/\/www.traxgo.be\/fr\/online-track-et-trace-et-systemes-de-localisation\/traxone\/traxone-logiciel-de-planification\/\">logiciel de planification<\/a> ou notre <a href=\"https:\/\/www.traxgo.be\/fr\/online-track-et-trace-et-systemes-de-localisation\/traxone\/traxone-logiciel-pour-la-gestion-de-projet\/\">logiciel de gestion de projet<\/a> - peuvent augmenter consid\u00e9rablement cette efficacit\u00e9. En innovant avec un syst\u00e8me num\u00e9rique, l\u2019organisation du secteur de la sant\u00e9 pourra travailler beaucoup plus facilement. De cette fa\u00e7on, les employ\u00e9s peuvent \u00eatre imm\u00e9diatement d\u00e9ploy\u00e9s l\u00e0 et quand ils sont n\u00e9cessaires. Une communication rapide garantit donc efficacit\u00e9 et peu de perte de temps.<\/p>\n<p>Les innovations num\u00e9riques rendront la communication beaucoup plus fluide. Tout peut \u00eatre fait num\u00e9riquement et directement. De cette fa\u00e7on, vous pouvez facilement g\u00e9rer les t\u00e2ches et gagner beaucoup de temps. Les documents peuvent \u00eatre envoy\u00e9s directement et vos collaborateurs sont d\u00e9ploy\u00e9s de mani\u00e8re optimale. Vous savez toujours o\u00f9 travaille votre personnel \u00e0 ce moment-l\u00e0.<\/p>\n<h3>Bien plus que des syst\u00e8mes de suivi<\/h3>\n<p>Comme mentionn\u00e9 ci-dessus, Traxgo peut avoir une grande importance dans le domaine de la sant\u00e9. L'efficacit\u00e9, le flux de travail et la s\u00e9curit\u00e9 augmenteront. Cela permettra de gagner beaucoup de temps et donc d\u2019\u00e9conomiser des co\u00fbts. Souhaitez-vous \u00e9galement vous concentrer sur la poursuite de <strong>la num\u00e9risation<\/strong> pour vos collaborateurs et augmenter <strong>l\u2019efficacit\u00e9<\/strong> de votre organisation dans <strong>le secteur de la sant\u00e9<\/strong>? N'h\u00e9sitez pas \u00e0 nous contacter, nous travaillerons avec vous pour trouver la meilleure solution.<\/p>\n<p><a class=\"button cta\" href=\"#contact\">Plus d'information? <strong>Contactez-nous<\/strong><\/a><\/p>\n<p>D\u00e9couvrez \u00e9galement nos solutions de suivi et de surveillance pour de nombreux autres secteurs:<\/p>\n<ul>\n<li><a title=\"Digitalisatie bij gemeenten en regering\" href=\"https:\/\/www.traxgo.be\/fr\/numerisation-dans-les-municipalites-et-le-gouvernement\/\">Num\u00e9risation dans les municipalit\u00e9s et le gouvernement<\/a><\/li>\n<li><a href=\"https:\/\/www.traxgo.be\/fr\/numerisation-dans-les-services-durgence\/\">Num\u00e9risation dans les services d'urgence<\/a><\/li>\n<li><a href=\"https:\/\/www.traxgo.be\/fr\/numerisation-au-service-de-messagerie\/\">Num\u00e9risation au service de messagerie<\/a><\/li>\n<li><a href=\"https:\/\/www.traxgo.be\/fr\/numerisation-dans-les-entreprises-de-nettoyage\/\">Num\u00e9risation dans les entreprises de nettoyage<\/a><\/li>\n<li><a href=\"https:\/\/www.traxgo.be\/fr\/la-digitalisation-du-service-et-du-service-apres-vente\/\">La digitalisation du service et du service apr\u00e8s-vente<\/a><\/li>\n<li><a href=\"https:\/\/www.traxgo.be\/fr\/numerisation-dans-les-services-de-taxi\/\">Num\u00e9risation dans les services de taxi<\/a><\/li>\n<li><a href=\"https:\/\/www.traxgo.be\/fr\/numerisation-dans-le-secteur-des-transports\/\">Num\u00e9risation dans le secteur des transports<\/a><\/li>\n<li><a href=\"https:\/\/www.traxgo.be\/fr\/\">Syst\u00e8mes de g\u00e9olocalisation<\/a><\/li>\n<li><a href=\"https:\/\/www.traxgo.be\/fr\/online-track-et-trace-et-systemes-de-localisation\/monitoring\/\">Surveillance de votre flotte<\/a><\/li>\n<li><a href=\"https:\/\/www.traxgo.be\/fr\/tracking\/\">Syst\u00e8mes de suivi<\/a><\/li>\n<\/ul>\n","protected":false},"excerpt":{"rendered":"<p>Secteur de la sant\u00e9 Dans le domaine des soins de sant\u00e9, l\u2019efficacit\u00e9 est l\u2019une des choses les plus importantes. Les syst\u00e8mes de num\u00e9risation de Traxgo - comme par ex. notre logiciel de planification ou notre logiciel de gestion de projet - peuvent augmenter consid\u00e9rablement cette efficacit\u00e9. En innovant avec un syst\u00e8me num\u00e9rique, l\u2019organisation du secteur [&hellip;]<\/p>\n","protected":false},"author":1,"featured_media":6549,"parent":0,"menu_order":0,"comment_status":"closed","ping_status":"closed","template":"","meta":{"_acf_changed":false,"footnotes":""},"class_list":["post-16490","page","type-page","status-publish","has-post-thumbnail","hentry"],"acf":[],"_links":{"self":[{"href":"https:\/\/www.traxgo.be\/fr\/wp-json\/wp\/v2\/pages\/16490","targetHints":{"allow":["GET"]}}],"collection":[{"href":"https:\/\/www.traxgo.be\/fr\/wp-json\/wp\/v2\/pages"}],"about":[{"href":"https:\/\/www.traxgo.be\/fr\/wp-json\/wp\/v2\/types\/page"}],"author":[{"embeddable":true,"href":"https:\/\/www.traxgo.be\/fr\/wp-json\/wp\/v2\/users\/1"}],"replies":[{"embeddable":true,"href":"https:\/\/www.traxgo.be\/fr\/wp-json\/wp\/v2\/comments?post=16490"}],"version-history":[{"count":4,"href":"https:\/\/www.traxgo.be\/fr\/wp-json\/wp\/v2\/pages\/16490\/revisions"}],"predecessor-version":[{"id":16494,"href":"https:\/\/www.traxgo.be\/fr\/wp-json\/wp\/v2\/pages\/16490\/revisions\/16494"}],"wp:featuredmedia":[{"embeddable":true,"href":"https:\/\/www.traxgo.be\/fr\/wp-json\/wp\/v2\/media\/6549"}],"wp:attachment":[{"href":"https:\/\/www.traxgo.be\/fr\/wp-json\/wp\/v2\/media?parent=16490"}],"curies":[{"name":"wp","href":"https:\/\/api.w.org\/{rel}","templated":true}]}}