{"id":17523,"date":"2025-04-23T11:53:33","date_gmt":"2025-04-23T11:53:33","guid":{"rendered":"https:\/\/www.traxgo.be\/?page_id=17523"},"modified":"2025-08-01T11:33:51","modified_gmt":"2025-08-01T11:33:51","slug":"approche-structuree-pour-le-suivi-et-la-tracabilite-des-grandes-flottes","status":"publish","type":"page","link":"https:\/\/www.traxgo.be\/fr\/approche-structuree-pour-le-suivi-et-la-tracabilite-des-grandes-flottes\/","title":{"rendered":"Approche structur\u00e9e pour le suivi et la tra\u00e7abilit\u00e9 des grandes flottes"},"content":{"rendered":"<div>\n<p><img loading=\"lazy\" decoding=\"async\" class=\"alignright wp-image-17418\" src=\"https:\/\/www.traxgo.be\/wp-content\/uploads\/2025\/04\/traxgo-xl-service.jpg\" alt=\"Approche structur\u00e9e pour le suivi et la tra\u00e7abilit\u00e9 des grandes flottes\" width=\"580\" height=\"383\" srcset=\"https:\/\/www.traxgo.be\/wp-content\/uploads\/2025\/04\/traxgo-xl-service.jpg 852w, https:\/\/www.traxgo.be\/wp-content\/uploads\/2025\/04\/traxgo-xl-service-300x198.jpg 300w, https:\/\/www.traxgo.be\/wp-content\/uploads\/2025\/04\/traxgo-xl-service-768x507.jpg 768w\" sizes=\"auto, (max-width: 580px) 100vw, 580px\" \/><\/p>\n<p>Nous savons mieux que quiconque que la confiance doit \u00eatre gagn\u00e9e. Nous avons de nombreuses ann\u00e9es d\u2019<strong>exp\u00e9rience<\/strong> et d\u2019<strong>expertise<\/strong> avec de grandes flottes de v\u00e9hicules et de machines. Le fait que nous ne soyons pas un one-hit wonder est \u00e9vident au vu de nos plus de 20 ans d\u2019activit\u00e9, une p\u00e9riode au cours de laquelle Traxgo est devenu la r\u00e9f\u00e9rence pour le d\u00e9ploiement d\u2019applications de suivi et de tra\u00e7abilit\u00e9 pour les grandes flottes. La convivialit\u00e9 et le service client sont les points cl\u00e9s de notre d\u00e9marche.<\/p>\n<\/div>\n<h3>Notre m\u00e9thode de travail en 3 \u00e9tapes claires<\/h3>\n<p><strong>1. Analyse et d\u00e9veloppement<br \/>\n<\/strong>Lors d'un entretien exploratoire, nous \u00e9coutons attentivement vos besoins. Nous vous proposons ensuite une solution adapt\u00e9e : standard si possible, personnalis\u00e9e si n\u00e9cessaire. Nous listons les avantages et les inconv\u00e9nients des diff\u00e9rentes options et les examinons avec vous, afin que nous puissions ensemble faire un choix r\u00e9fl\u00e9chi et fond\u00e9. Pour le <a href=\"https:\/\/www.traxgo.be\/fr\/materiel-track-trace\/\">mat\u00e9riel<\/a>, nous avons une ligne directe avec notre(nos) fabricant(s) et nous d\u00e9veloppons le <a href=\"https:\/\/www.traxgo.be\/fr\/logiciel-track-trace\/\">logiciel<\/a> enti\u00e8rement \"<em>en interne<\/em>\" : pour la personnalisation, nous pouvons faire appel \u00e0 nos propres programmeurs, ce qui a bien s\u00fbr un impact significatif sur la vitesse \u00e0 laquelle les d\u00e9veloppements peuvent \u00eatre r\u00e9alis\u00e9s.<\/p>\n<p><strong>2. Installation rapide selon le planning<\/strong><br \/>\nNous sommes \u00e9galement fiers de pouvoir intervenir tr\u00e8s rapidement lors de l\u2019installation d\u2019\u00e9quipements dans vos v\u00e9hicules, machines ou autres actifs. Nous pouvons le faire car, contrairement \u00e0 d'autres acteurs du march\u00e9, nous disposons de notre propre \u00e9quipe de techniciens de service et ne d\u00e9pendons donc pas de tiers : nous d\u00e9terminons nous-m\u00eames notre planification et nos priorit\u00e9s, ce qui nous permet de garantir que le d\u00e9ploiement du suivi et de la tra\u00e7abilit\u00e9 dans votre parc de machines ou de v\u00e9hicules se d\u00e9roule sans probl\u00e8me.<\/p>\n<p><strong>3. D\u00e9marrage et entretien en douceur<\/strong><br \/>\nLors du d\u00e9marrage, nous organiserons bien entendu les formations n\u00e9cessaires pour vos collaborateurs internes, afin qu'ils puissent commencer \u00e0 utiliser leur nouvelle plateforme avec des connaissances suffisantes. Mais m\u00eame apr\u00e8s la p\u00e9riode d\u2019introduction, nous ne les abandonnons pas \u00e0 leur sort ; votre \u00e9quipe peut toujours compter sur un soutien solide de notre service client.<\/p>\n<p class=\"nomobile\" style=\"padding: 35px; background-color: #eeeeee;\"><img loading=\"lazy\" decoding=\"async\" class=\"size-full wp-image-17460 aligncenter\" style=\"margin-bottom: 0px;\" src=\"https:\/\/www.traxgo.be\/wp-content\/uploads\/2025\/04\/xl-proces-new-1.png\" alt=\"Int\u00e9gration du suivi et de la tra\u00e7abilit\u00e9 avec une approche structur\u00e9e\" width=\"1000\" height=\"128\" \/><\/p>\n<p class=\"mobileonly\" style=\"padding: 35px; background-color: #eeeeee; text-align: center;\"><img loading=\"lazy\" decoding=\"async\" class=\"alignnone size-full wp-image-17487\" style=\"width: auto;\" src=\"https:\/\/www.traxgo.be\/wp-content\/uploads\/2025\/04\/xl-proces-mobile-new.png\" alt=\"\" width=\"261\" height=\"606\" \/><\/p>\n<h3>Pourquoi les entreprises disposant de grandes flottes choisissent Traxgo<\/h3>\n<ul class=\"advantages\">\n<li>Nous assurons un interlocuteur d\u00e9di\u00e9 \u00e0 chaque \u00e9tape du processus, de l'analyse jusqu'au d\u00e9marrage effectif. Vous disposez toujours d'un <strong>interlocuteur<\/strong> clair, d'un confident permanent qui vous accompagnera avec des conseils et des connaissances professionnelles. Pas d'appels t\u00e9l\u00e9phoniques inutiles avec diff\u00e9rents services, car il ou elle s'assure que tout se passe bien pour vous au sein de notre organisation. Nous vous fournissons \u00e9galement des mises \u00e0 jour interm\u00e9diaires r\u00e9guli\u00e8res sur l'avancement de votre projet, afin que vous soyez toujours au courant de l'\u00e9tat actuel.<\/li>\n<li>Les diff\u00e9rentes certifications que nous avons obtenues confirment notre approche professionnelle. Nous pouvons fournir un certificat <strong>ISO 9001<\/strong> pour l'assurance qualit\u00e9 et un certificat <strong>ISO 27001<\/strong> reconnu internationalement pour la s\u00e9curit\u00e9 de l'information, et un DPO externe et ind\u00e9pendant surveille en permanence notre conformit\u00e9 aux exigences strictes du <strong>RGPD<\/strong>.<\/li>\n<li>La solidit\u00e9 de nos solutions de suivi et de tra\u00e7abilit\u00e9 et de notre approche pratique a \u00e9galement \u00e9t\u00e9 constat\u00e9e au-del\u00e0 de nos fronti\u00e8res nationales, c'est pourquoi nous faisons partie d'<strong>AddSecure<\/strong>, l'un des principaux fournisseurs europ\u00e9ens de connectivit\u00e9 IoT s\u00e9curis\u00e9e et de solutions de bout en bout, depuis fin 2023.<\/li>\n<\/ul>\n<p><img loading=\"lazy\" decoding=\"async\" class=\"alignright wp-image-17426 nomobile\" src=\"https:\/\/www.traxgo.be\/wp-content\/uploads\/2025\/04\/traxgo-xl-2.png\" alt=\"Int\u00e9gration fluide du suivi et de la tra\u00e7abilit\u00e9 avec Traxgo XL\" width=\"150\" height=\"151\" srcset=\"https:\/\/www.traxgo.be\/wp-content\/uploads\/2025\/04\/traxgo-xl-2.png 253w, https:\/\/www.traxgo.be\/wp-content\/uploads\/2025\/04\/traxgo-xl-2-150x150.png 150w\" sizes=\"auto, (max-width: 150px) 100vw, 150px\" \/>Gr\u00e2ce \u00e0 notre approche structur\u00e9e, nous garantissons depuis de nombreuses ann\u00e9es une int\u00e9gration r\u00e9ussie du <a href=\"https:\/\/www.traxgo.be\/fr\/online-track-et-trace-et-systemes-de-localisation\/\">suivi et de la tra\u00e7abilit\u00e9<\/a> pour les grandes flottes. Nos nombreux <strong>cas clients<\/strong> parlent d'eux-m\u00eames, n'h\u00e9sitez pas \u00e0 nous contacter pour quelques r\u00e9f\u00e9rences dans votre secteur.<\/p>\n<p><a class=\"button cta\" href=\"#contact\">Plus d'information? <strong>Contactez-nous<\/strong><\/a><\/p>\n","protected":false},"excerpt":{"rendered":"<p>Nous savons mieux que quiconque que la confiance doit \u00eatre gagn\u00e9e. Nous avons de nombreuses ann\u00e9es d\u2019exp\u00e9rience et d\u2019expertise avec de grandes flottes de v\u00e9hicules et de machines. Le fait que nous ne soyons pas un one-hit wonder est \u00e9vident au vu de nos plus de 20 ans d\u2019activit\u00e9, une p\u00e9riode au cours de laquelle [&hellip;]<\/p>\n","protected":false},"author":1,"featured_media":17486,"parent":0,"menu_order":0,"comment_status":"closed","ping_status":"closed","template":"","meta":{"_acf_changed":false,"footnotes":""},"class_list":["post-17523","page","type-page","status-publish","has-post-thumbnail","hentry"],"acf":[],"_links":{"self":[{"href":"https:\/\/www.traxgo.be\/fr\/wp-json\/wp\/v2\/pages\/17523","targetHints":{"allow":["GET"]}}],"collection":[{"href":"https:\/\/www.traxgo.be\/fr\/wp-json\/wp\/v2\/pages"}],"about":[{"href":"https:\/\/www.traxgo.be\/fr\/wp-json\/wp\/v2\/types\/page"}],"author":[{"embeddable":true,"href":"https:\/\/www.traxgo.be\/fr\/wp-json\/wp\/v2\/users\/1"}],"replies":[{"embeddable":true,"href":"https:\/\/www.traxgo.be\/fr\/wp-json\/wp\/v2\/comments?post=17523"}],"version-history":[{"count":7,"href":"https:\/\/www.traxgo.be\/fr\/wp-json\/wp\/v2\/pages\/17523\/revisions"}],"predecessor-version":[{"id":17791,"href":"https:\/\/www.traxgo.be\/fr\/wp-json\/wp\/v2\/pages\/17523\/revisions\/17791"}],"wp:featuredmedia":[{"embeddable":true,"href":"https:\/\/www.traxgo.be\/fr\/wp-json\/wp\/v2\/media\/17486"}],"wp:attachment":[{"href":"https:\/\/www.traxgo.be\/fr\/wp-json\/wp\/v2\/media?parent=17523"}],"curies":[{"name":"wp","href":"https:\/\/api.w.org\/{rel}","templated":true}]}}