{"id":17803,"date":"2025-08-26T12:22:40","date_gmt":"2025-08-26T12:22:40","guid":{"rendered":"https:\/\/www.traxgo.be\/?page_id=17803"},"modified":"2025-09-01T08:37:43","modified_gmt":"2025-09-01T08:37:43","slug":"loi-europeenne-sur-les-donnees","status":"publish","type":"page","link":"https:\/\/www.traxgo.be\/fr\/loi-europeenne-sur-les-donnees\/","title":{"rendered":"Loi europ\u00e9enne sur les donn\u00e9es"},"content":{"rendered":"<h3>Qu'est-ce que la loi europ\u00e9enne sur les donn\u00e9es ?<\/h3>\n<p>Le r\u00e8glement europ\u00e9en sur les donn\u00e9es (R\u00e8glement UE 2023\/2854) est une nouvelle loi europ\u00e9enne entr\u00e9e en vigueur le 1er septembre 2025. Ce texte garantit aux utilisateurs d'appareils intelligents et de services num\u00e9riques un meilleur contr\u00f4le sur les donn\u00e9es qu'ils g\u00e9n\u00e8rent. Cela inclut les donn\u00e9es des appareils \u00e9lectrom\u00e9nagers, des voitures et des machines (industrielles). Cela inclut \u00e9galement (potentiellement) les donn\u00e9es g\u00e9n\u00e9r\u00e9es par nos solutions connect\u00e9es.<\/p>\n<p>En bref, la loi sur les donn\u00e9es permet de :<\/p>\n<ul>\n<li>consulter,<\/li>\n<li>utiliser \u00e0 vos propres fins et<\/li>\n<li>partager avec des tiers<\/li>\n<\/ul>\n<p>Vous trouverez de plus amples informations sur la loi sur les donn\u00e9es \u00e0 l'adresse suivante :<\/p>\n<ul>\n<li>Site Web de la Commission europ\u00e9enne: <a href=\"https:\/\/digital-strategy.ec.europa.eu\/nl\/policies\/data-act\" target=\"_blank\" rel=\"noopener\">https:\/\/digital-strategy.ec.europa.eu\/nl\/policies\/data-act<\/a><\/li>\n<\/ul>\n<h3>Comment g\u00e9rer la loi sur les donn\u00e9es ?<\/h3>\n<p>Nos produits et services (le cas \u00e9ch\u00e9ant) sont con\u00e7us pour \u00eatre enti\u00e8rement conformes \u00e0 la loi europ\u00e9enne sur la protection des donn\u00e9es. Nos processus existants prennent en charge les \u00e9l\u00e9ments suivants\u00a0:<\/p>\n<ul>\n<li>Assurer la transparence sur les donn\u00e9es g\u00e9n\u00e9r\u00e9es.<\/li>\n<li>Partager les donn\u00e9es avec le client de mani\u00e8re simple et conviviale.<\/li>\n<li>Partager les donn\u00e9es client sur demande (et avec son consentement explicite) avec des tiers d\u00e9sign\u00e9s par le client.<\/li>\n<li>Traitement de toutes les demandes entrantes dans un d\u00e9lai raisonnable, avec pour objectif une r\u00e9ponse en quelques jours ouvr\u00e9s.<\/li>\n<\/ul>\n<p>Parce que nous accordons une grande importance \u00e0 la confidentialit\u00e9 et \u00e0 la s\u00e9curit\u00e9 des donn\u00e9es, nous veillons \u00e0 ce que toutes les demandes soient trait\u00e9es avec le plus grand soin. Pour en faire la demande, veuillez suivre la proc\u00e9dure ci-dessous.<\/p>\n<h3>Comment fonctionne la r\u00e9cup\u00e9ration des donn\u00e9es (loi europ\u00e9enne sur les donn\u00e9es) ?<\/h3>\n<p>En suivant les \u00e9tapes ci-dessous, nous pouvons vous fournir un service cibl\u00e9.<\/p>\n<ol>\n<li>Veuillez envoyer un e-mail avec votre demande \u00e0 <a href=\"mailto:privacy-smartmobility@addsecure.com\">privacy-smartmobility@addsecure.com<\/a><\/li>\n<li>Veuillez adresser cet e-mail comme suit\u00a0: \u00ab\u00a0Demande d\u2019acc\u00e8s aux donn\u00e9es de la loi sur les donn\u00e9es de l\u2019UE\u00a0\u00bb<\/li>\n<li>Et veuillez l'indiquer dans l'email;\n<ol>\n<li>votre r\u00e9f\u00e9rence v\u00e9rifiable (par exemple, votre code d'identification de salle de contr\u00f4le)<\/li>\n<li>qu'il s'agisse d'une demande pour vous-m\u00eame ou que vous souhaitiez que vos donn\u00e9es soient partag\u00e9es avec un tiers<\/li>\n<li>la p\u00e9riode pendant laquelle vous souhaitez recevoir les donn\u00e9es<\/li>\n<li>auxquels (v\u00e9hicules ou objets) la demande s'applique<\/li>\n<\/ol>\n<\/li>\n<li>D\u00e8s r\u00e9ception, nous v\u00e9rifierons votre identit\u00e9 et celle du ou des appareils et vous fournirons les donn\u00e9es demand\u00e9es.<\/li>\n<li>Vous recevrez les donn\u00e9es dans quelques jours ouvrables<\/li>\n<\/ol>\n<h3><strong>Questions ?<\/strong><\/h3>\n<p>Si vous avez des questions \u00e0 ce sujet, vous pouvez toujours envoyer un e-mail \u00e0 <a href=\"mailto:privacy-smartmobility@addsecure.com\">privacy-smartmobility@addsecure.com<\/a>.<\/p>\n","protected":false},"excerpt":{"rendered":"<p>Qu'est-ce que la loi europ\u00e9enne sur les donn\u00e9es ? Le r\u00e8glement europ\u00e9en sur les donn\u00e9es (R\u00e8glement UE 2023\/2854) est une nouvelle loi europ\u00e9enne entr\u00e9e en vigueur le 1er septembre 2025. Ce texte garantit aux utilisateurs d'appareils intelligents et de services num\u00e9riques un meilleur contr\u00f4le sur les donn\u00e9es qu'ils g\u00e9n\u00e8rent. Cela inclut les donn\u00e9es des appareils [&hellip;]<\/p>\n","protected":false},"author":1,"featured_media":5758,"parent":0,"menu_order":0,"comment_status":"closed","ping_status":"closed","template":"","meta":{"_acf_changed":false,"footnotes":""},"class_list":["post-17803","page","type-page","status-publish","has-post-thumbnail","hentry"],"acf":[],"_links":{"self":[{"href":"https:\/\/www.traxgo.be\/fr\/wp-json\/wp\/v2\/pages\/17803","targetHints":{"allow":["GET"]}}],"collection":[{"href":"https:\/\/www.traxgo.be\/fr\/wp-json\/wp\/v2\/pages"}],"about":[{"href":"https:\/\/www.traxgo.be\/fr\/wp-json\/wp\/v2\/types\/page"}],"author":[{"embeddable":true,"href":"https:\/\/www.traxgo.be\/fr\/wp-json\/wp\/v2\/users\/1"}],"replies":[{"embeddable":true,"href":"https:\/\/www.traxgo.be\/fr\/wp-json\/wp\/v2\/comments?post=17803"}],"version-history":[{"count":5,"href":"https:\/\/www.traxgo.be\/fr\/wp-json\/wp\/v2\/pages\/17803\/revisions"}],"predecessor-version":[{"id":17808,"href":"https:\/\/www.traxgo.be\/fr\/wp-json\/wp\/v2\/pages\/17803\/revisions\/17808"}],"wp:featuredmedia":[{"embeddable":true,"href":"https:\/\/www.traxgo.be\/fr\/wp-json\/wp\/v2\/media\/5758"}],"wp:attachment":[{"href":"https:\/\/www.traxgo.be\/fr\/wp-json\/wp\/v2\/media?parent=17803"}],"curies":[{"name":"wp","href":"https:\/\/api.w.org\/{rel}","templated":true}]}}