{"id":2354,"date":"2018-07-26T10:57:01","date_gmt":"2018-07-26T10:57:01","guid":{"rendered":"https:\/\/www.traxgo.be\/?page_id=2354"},"modified":"2024-01-08T10:07:13","modified_gmt":"2024-01-08T10:07:13","slug":"privacy-policy","status":"publish","type":"page","link":"https:\/\/www.traxgo.be\/fr\/privacy-policy\/","title":{"rendered":"Privacy Policy"},"content":{"rendered":"<p>La pr\u00e9sente politique de confidentialit\u00e9 s\u2019applique au traitement des donn\u00e9es \u00e0 caract\u00e8re personnel sur notre site Internet et dans le cadre des services fournis par <strong>TRAXGO<\/strong> dont le si\u00e8ge social est \u00e9tabli \u00e0 8790 Waregem, Deerlijkseweg 144a, BCE n\u00b0 0589 624 787, ci-apr\u00e8s d\u00e9sign\u00e9e \u00ab nous \u00bb ou \u00ab notre \u00bb.\u00a0 Traxgo agit en tant que Responsable du traitement.<\/p>\n<p>TRAXGO vous garantit le traitement confidentiel de vos donn\u00e9es \u00e0 caract\u00e8re personnel conform\u00e9ment au R\u00e8glement g\u00e9n\u00e9ral sur la protection des donn\u00e9es, en abr\u00e9g\u00e9 \u00ab\u00a0RGPD\u00a0\u00bb ou \u00ab\u00a0GDPR\u00a0\u00bb. La pr\u00e9sente politique de confidentialit\u00e9 peut \u00eatre modifi\u00e9e ou mise \u00e0 jour de mani\u00e8re r\u00e9guli\u00e8re. Nous vous demandons donc de bien vouloir consulter r\u00e9guli\u00e8rement la pr\u00e9sente politique de confidentialit\u00e9 sur notre site Internet afin de toujours disposer de la version la plus r\u00e9cente.<\/p>\n<p>Les questions concernant la l\u00e9gislation applicable et la pr\u00e9sente politique de confidentialit\u00e9 peuvent \u00eatre pos\u00e9es \u00e0 notre d\u00e9l\u00e9gu\u00e9 \u00e0 la protection des donn\u00e9es (\u00ab\u00a0DPD\u00a0\u00bb) \u00e0 l\u2019adresse <a href=\"mailto:privacy@traxgo.be\">privacy@traxgo.be<\/a>.<\/p>\n<h3><strong>NOTRE POSITION<\/strong><\/h3>\n<p>Lorsque nous fournissons nos solutions commerciales (\u00ab\u00a0Services\u00a0\u00bb) \u00e0 nos clients, nous traitons les donn\u00e9es \u00e0 caract\u00e8re personnel en tant que Sous-traitant pour le compte de nos clients, avec lesquels TRAXGO conclut un contrat de sous-traitance. Nous imposons \u00e9galement les exigences qui en d\u00e9coulent \u00e0 nos fournisseurs par le biais d\u2019un contrat de sous-traitance.<\/p>\n<p>Nous agissons en tant que Responsable du traitement des donn\u00e9es que nous traitons \u00e0 des fins personnelles, par exemple dans les domaines du marketing, des ressources humaines, des affaires juridiques, des statistiques, de l\u2019administration et de la conformit\u00e9 (voir ci-dessous).<\/p>\n<p>\u00c9tant donn\u00e9 que nous traitons des donn\u00e9es \u00e0 caract\u00e8re personnel \u00e0 la fois en tant que Sous-traitant et en tant que Responsable du traitement, la pr\u00e9sente politique de confidentialit\u00e9 s\u2019adresse \u00e0 nos clients ou aux visiteurs de notre site Internet ou des canaux de m\u00e9dias sociaux. Lisez ici notre <a href=\"https:\/\/www.traxgo.be\/fr\/social-media-policy\/\">politique sp\u00e9cifique en mati\u00e8re de m\u00e9dias sociaux<\/a>.<\/p>\n<h3><strong>\u00c0 QUELLES FINS ET SUR QUELLE BASE TRAITONS-NOUS VOS DONN\u00c9ES \u00c0 CARACT\u00c8RE PERSONNEL\u00a0? <\/strong><\/h3>\n<p>Nous traitons les donn\u00e9es \u00e0 caract\u00e8re personnel aux fins de traitement suivantes et sur la base juridique suivante\u00a0:<\/p>\n<p>Afin de pouvoir fournir les Services, nous traitons les donn\u00e9es \u00e0 caract\u00e8re personnel en tant que Sous-traitant pour le compte de nos clients. La finalit\u00e9 et la base juridique de ce traitement sont d\u00e9termin\u00e9es individuellement par chaque client et non par Traxgo.<\/p>\n<p>En tant que Responsable du traitement, nous traitons les donn\u00e9es \u00e0 caract\u00e8re personnel aux fins suivantes\u00a0:<\/p>\n<ul>\n<li>Maintien d\u2019un <strong>niveau de s\u00e9curit\u00e9 ad\u00e9quat<\/strong> (s\u00e9curisation). Nous consid\u00e9rons que la s\u00e9curit\u00e9 de nos services et, en r\u00e8gle g\u00e9n\u00e9rale, la s\u00e9curit\u00e9 de nos informations, est notre obligation l\u00e9gale au titre de l\u2019article 6 (1) (c) du RGPD et notre int\u00e9r\u00eat l\u00e9gitime au titre de l\u2019article\u00a06 (1) (f) du RGPD. Dans ce cadre, nous contr\u00f4lons l\u2019utilisation de nos syst\u00e8mes en interne afin de d\u00e9tecter les violations de la politique interne, les modifications non autoris\u00e9es de nos syst\u00e8mes ou les bots, codes ou comportements malveillants. Cette finalit\u00e9 englobe l\u2019adoption de mesures de s\u00e9curit\u00e9 ad\u00e9quates, leur \u00e9valuation et leur r\u00e9vision p\u00e9riodiques.<\/li>\n<li><strong>Communications de marketing direct et marketing en ligne.<\/strong> Nous consid\u00e9rons que le traitement des donn\u00e9es \u00e0 caract\u00e8re personnel \u00e0 des fins de marketing direct est notre int\u00e9r\u00eat l\u00e9gitime, conform\u00e9ment \u00e0 l\u2019article 6 (1) (f) du RGPD. Lorsque le r\u00e8glement ePrivacy ou d\u2019autres prescriptions l\u00e9gales l\u2019exigent, nous nous appuyons sur le consentement de la personne concern\u00e9e, conform\u00e9ment \u00e0 l\u2019article 6 (1) (a) du RGPD. Cette finalit\u00e9 porte sur les communications de marketing direct de TRAXGO, par exemple par le biais de nos campagnes de marketing, de nos bulletins d\u2019information, de nos \u00e9v\u00e9nements, de nos blogs et de nos canaux de m\u00e9dias sociaux, l\u2019interaction en ligne avec les utilisateurs, la maintenance de nos sites Internet et la publication de photos d\u2019\u00e9quipes ou d\u2019\u00e9v\u00e9nements lorsque cela est autoris\u00e9.<\/li>\n<li>Exercice ou <strong>d\u00e9fense de droits en justice<\/strong>. Comme toute entreprise, nous devons occasionnellement d\u00e9poser une plainte en justice, demander une compensation ou un r\u00e8glement et conserver des preuves juridiques, obtenir des conseils juridiques aupr\u00e8s de conseillers externes, veiller au respect de la r\u00e9glementation, nous faire repr\u00e9senter par un conseiller juridique dans le cadre de proc\u00e9dures judiciaires, p\u00e9nales, administratives ou autres ou faire rapport aux organismes charg\u00e9s de l\u2019application de la loi ou autres. C\u2019est n\u00e9cessaire aux fins de nos int\u00e9r\u00eats l\u00e9gitimes au titre de l\u2019article\u00a06 (1) (f) du RGPD ou \u00e0 l\u2019ex\u00e9cution du contrat conform\u00e9ment \u00e0 l\u2019article 6 (1) (b) du RGPD.<\/li>\n<li><strong>Fiscalit\u00e9, facturation et comptabilit\u00e9<\/strong>. Afin de respecter les dispositions en mati\u00e8re de fiscalit\u00e9, de facturation et de comptabilit\u00e9, nous devons traiter un nombre limit\u00e9 de donn\u00e9es personnelles. C\u2019est une obligation l\u00e9gale au titre de l\u2019article\u00a06 (1) (c) du RGPD.<\/li>\n<li><strong>Ex\u00e9cution du contrat<\/strong>. Nous concluons des contrats aussi bien avec des personnes physiques qu\u2019avec d\u2019autres entreprises dans le cadre desquels nous traitons des donn\u00e9es \u00e0 caract\u00e8re personnel relatives au personnel ou aux contacts dans un contexte\u00a0B2B pour la conclusion, l\u2019ex\u00e9cution et la gestion du contrat (base l\u00e9gale = ex\u00e9cution du contrat art. 6 (1) (b) du RGPD. Cette finalit\u00e9 englobe \u00e9galement toute n\u00e9gociation pr\u00e9contractuelle ou tout traitement de donn\u00e9es via un formulaire de contact sur notre site Internet ou d\u2019autres canaux.<\/li>\n<li><strong>Am\u00e9lioration de la qualit\u00e9 et des services<\/strong>. Nous traitons vos donn\u00e9es personnelles pour effectuer des analyses statistiques en vue d\u2019am\u00e9liorer nos sites Internet, produits et services ou de d\u00e9velopper de nouveaux produits et services.<\/li>\n<li>Lorsque vous postulez pour un emploi sur notre <strong>site Internet<\/strong> ou d\u2019une autre mani\u00e8re, nous traitons les donn\u00e9es des candidats \u00e0 des fins de recrutement et de conclusion d\u2019un contrat. Nous demandons aux candidats non retenus l\u2019autorisation de conserver des donn\u00e9es \u00e0 caract\u00e8re personnel afin de pouvoir les contacter pour de futures offres d\u2019emploi.<\/li>\n<\/ul>\n<h3><strong>QUELLES DONN\u00c9ES \u00c0 CARACT\u00c8RE PERSONNEL TRAITONS-NOUS\u00a0? <\/strong><\/h3>\n<p>Nous ne traitons que les donn\u00e9es personnelles qui sont n\u00e9cessaires, tant en termes de type que pour les finalit\u00e9s de traitement expos\u00e9es ci-dessus. Pour la plupart des finalit\u00e9s, nous ne traitons que les donn\u00e9es d\u2019identification de base et les donn\u00e9es de contact, ainsi que les donn\u00e9es de communication et le contenu sp\u00e9cifiques.<\/p>\n<ul>\n<li>Lorsque vous utilisez nos sites Web, nous ne recueillons pas de cookies, seulement des donn\u00e9es anonymes pour l\u2019am\u00e9lioration, l\u2019optimisation et les mesures statistiques de notre site Web. Aucune donn\u00e9e personnelle ne sera trait\u00e9e \u00e0 cette fin. Le site web n\u2019utilise pas de cookies tiers, ni de cookies marketing.<\/li>\n<li>Lorsque vous remplissez un formulaire de contact sur nos sites Internet ou que vous nous contactez par e-mail, t\u00e9l\u00e9phone, fax ou tout autre canal, nous pouvons collecter les \u00e9l\u00e9ments suivants\u00a0: nom, adresse e-mail, adresse postale, num\u00e9ro de t\u00e9l\u00e9phone, ainsi que les donn\u00e9es de journal de votre message (date, heure)<\/li>\n<li>En vue de la conclusion de conventions contractuelles avec les clients, nous traitons \u00e9galement, outre les donn\u00e9es de contact et d\u2019identification, des donn\u00e9es publiques, \u00e0 savoir des donn\u00e9es contenues dans des banques de donn\u00e9es publiques telles que la Banque-Carrefour des Entreprises, des donn\u00e9es que vous avez vous-m\u00eame rendues publiques sur un site Internet, des donn\u00e9es de notori\u00e9t\u00e9 publique ou parues dans la presse.<\/li>\n<li>En mati\u00e8re de recrutement, nous traitons les donn\u00e9es \u00e0 caract\u00e8re personnel des candidats, telles que les CV.<\/li>\n<li>Nous ne recourons pas au traitement automatis\u00e9 des donn\u00e9es ou au profilage.<\/li>\n<li>Nous traitons les adresses e-mail et les donn\u00e9es de contact \u00e0 des fins de marketing direct, si vous nous avez donn\u00e9 votre autorisation \u00e0 cet effet.<\/li>\n<\/ul>\n<h3><strong>QUI SONT LES DESTINATAIRES DE VOS DONN\u00c9ES \u00c0 CARACT\u00c8RE PERSONNEL\u00a0? <\/strong><\/h3>\n<p>TRAXGO ne partage pas vos donn\u00e9es \u00e0 caract\u00e8re personnel avec des tiers, sauf dans le cadre de la fourniture de ses services, et uniquement si cela s\u2019av\u00e8re n\u00e9cessaire pour l\u2019assistance technique ou si elle est tenue de le faire en vertu d\u2019une disposition l\u00e9gale ou d\u2019une d\u00e9cision judiciaire. Ces tiers ne peuvent traiter vos donn\u00e9es \u00e0 caract\u00e8re personnel qu\u2019en notre nom et moyennant notre consentement \u00e9crit expr\u00e8s et conform\u00e9ment aux finalit\u00e9s esquiss\u00e9es ci-dessus. Nous garantissons que tous les sous-traitants tiers sont s\u00e9lectionn\u00e9s avec soin et ont l\u2019obligation de pr\u00e9server la s\u00e9curit\u00e9 et l\u2019int\u00e9grit\u00e9 de vos donn\u00e9es personnelles.<\/p>\n<p>Lorsque vous \u00eates \u00e0 la recherche d\u2019un emploi, nous pouvons collaborer avec des tiers qui effectuent des t\u00e2ches en notre nom, telles que la v\u00e9rification de r\u00e9f\u00e9rences, la r\u00e9alisation d\u2019\u00e9valuations psychom\u00e9triques et les tests de comp\u00e9tences.<\/p>\n<p>Au sein de TRAXGO, vos donn\u00e9es ne sont partag\u00e9es qu\u2019avec le personnel autoris\u00e9 (destinataires internes) ou un tiers v\u00e9rifi\u00e9 \/ autoris\u00e9. Nos collaborateurs ou contractants internes peuvent avoir acc\u00e8s \u00e0 vos donn\u00e9es personnelles sur une base strictement n\u00e9cessaire, qui est g\u00e9n\u00e9ralement d\u00e9termin\u00e9e et limit\u00e9e par la fonction, le r\u00f4le et le d\u00e9partement du collaborateur concern\u00e9.<\/p>\n<p>Nous faisons appel \u00e0 des sous-traitants pour nous aider \u00e0 fournir des services ; ils peuvent traiter dans ce cadre des donn\u00e9es personnelles pour nous. Nous veillons \u00e0 ce que la s\u00e9lection de nos sous-traitants et tout traitement de donn\u00e9es \u00e0 caract\u00e8re personnel par ceux-ci soient conformes au RGPD. TRAXGO fait appel aux cat\u00e9gories suivantes de sous-traitants pour la fourniture de services : fournisseurs de services d\u2019h\u00e9bergement ou de cloud computing, fournisseurs de solutions logicielles standard (comme Microsoft et Google).<\/p>\n<p>Nous nous effor\u00e7ons de proposer tous les clouds et serveurs au sein de l\u2019UE. Cependant, certains de nos sous-traitants ou des destinataires de donn\u00e9es personnelles susmentionn\u00e9s peuvent \u00eatre \u00e9tablis en dehors de l\u2019UE ou leurs serveurs peuvent \u00eatre situ\u00e9s en dehors de l\u2019UE. Tout transfert de donn\u00e9es personnelles en dehors de l\u2019UE n\u2019est effectu\u00e9 par nos soins que dans le strict respect du RGPD. Nous veillons \u00e0 ce que les destinataires externes dans les pays non admissibles aient conclu avec nous les Clauses Contractuelles Types de l\u2019UE (UE CCT) ou pr\u00e9sentent des garanties \u00e9quivalentes.<\/p>\n<h3><strong>S\u00c9CURIT\u00c9 DE VOS DONN\u00c9ES \u00c0 CARACT\u00c8RE PERSONNEL<\/strong><\/h3>\n<p>TRAXGO garantit un niveau qualitatif de s\u00e9curit\u00e9 des donn\u00e9es par l\u2019adoption de toutes les mesures techniques et organisationnelles n\u00e9cessaires et raisonnables. Nous nous effor\u00e7ons d\u2019\u00e9valuer ces mesures \u00e0 intervalles r\u00e9guliers et de les adapter si n\u00e9cessaire. TRAXGO est certifi\u00e9e ISO 27001.<\/p>\n<h3><strong>COMBIEN DE TEMPS CONSERVONS-NOUS VOS DONN\u00c9ES \u00c0 CARACT\u00c8RE PERSONNEL\u00a0? <\/strong><\/h3>\n<p>TRAXGO conserve vos donn\u00e9es \u00e0 caract\u00e8re personnel pendant la p\u00e9riode n\u00e9cessaire \u00e0 l\u2019ex\u00e9cution du contrat et conform\u00e9ment aux finalit\u00e9s du traitement, tel que d\u00e9crit ci-dessus. En raison de cette obligation l\u00e9gale, mais aussi des aspects techniques et financiers du stockage de donn\u00e9es, nous supprimons activement les donn\u00e9es lorsqu\u2019elles ne sont plus n\u00e9cessaires. Les d\u00e9lais de conservation sont soit pr\u00e9vus par les lois, conventions de traitement des donn\u00e9es et instructions respectives de nos responsables de traitement, soit d\u00e9finis par nos soins dans notre politique interne. Lorsque le traitement de vos donn\u00e9es \u00e0 caract\u00e8re personnel est fond\u00e9 sur votre consentement et que vous d\u00e9cidez de retirer celui-ci, nous ne traiterons plus vos donn\u00e9es \u00e0 caract\u00e8re personnel pour la finalit\u00e9 sp\u00e9cifique.<\/p>\n<p>Vos donn\u00e9es \u00e0 caract\u00e8re personnel sont donc conserv\u00e9es comme suit\u00a0: pendant la dur\u00e9e des services conform\u00e9ment aux finalit\u00e9s d\u00e9crites ci-dessus (p\u00e9riode de conservation active) et, d\u00e8s qu\u2019il n\u2019est plus question de contact, pendant une p\u00e9riode de conservation passive de 5 ans.<\/p>\n<p>Tous les d\u00e9lais de conservation relatifs aux donn\u00e9es \u00e0 caract\u00e8re personnel que nous traitons pour nos clients sont d\u00e9termin\u00e9s par nos clients. Nous ne pouvons conserver ces donn\u00e9es personnelles que pendant la dur\u00e9e de notre convention de traitement des donn\u00e9es, apr\u00e8s quoi nous devons renvoyer ou supprimer toutes les donn\u00e9es personnelles relatives aux personnes concern\u00e9es des clients. Nous pouvons toutefois supprimer les donn\u00e9es \u00e0 caract\u00e8re personnel encore plus t\u00f4t si le client nous le demande, par exemple si le client n\u2019estime plus n\u00e9cessaire le stockage de ces donn\u00e9es pour la finalit\u00e9 sp\u00e9cifi\u00e9e.<\/p>\n<h3><strong>VOS DROITS<\/strong><\/h3>\n<p>Lors du traitement de vos donn\u00e9es \u00e0 caract\u00e8re personnel, vous disposez de diff\u00e9rents droits. Lorsque nous demandons votre consentement pour traiter vos donn\u00e9es, vous pouvez retirer ce consentement \u00e0 tout moment. Le retrait du consentement n\u2019affecte pas la lic\u00e9it\u00e9 du traitement fond\u00e9 sur votre consentement ant\u00e9rieur au retrait.<\/p>\n<p>Si vous souhaitez exercer l\u2019un des droits \u00e9nonc\u00e9s ci-dessous, vous pouvez nous contacter \u00e0 tout moment \u00e0 l\u2019adresse suivante\u00a0: <a href=\"mailto:privacy@traxgo.be\">privacy@traxgo.be<\/a>\u00a0:<\/p>\n<p>Vous avez le droit\u00a0:<\/p>\n<ul>\n<li>de demander des informations et d\u2019acc\u00e9der \u00e0 vos donn\u00e9es \u00e0 caract\u00e8re personnel<\/li>\n<li>\u00e0 la rectification des donn\u00e9es inexactes (et que les donn\u00e9es incompl\u00e8tes soient compl\u00e9t\u00e9es)<\/li>\n<li>\u00e0 l\u2019effacement des donn\u00e9es \u00e0 caract\u00e8re personnel (droit \u00e0 l\u2019oubli)<\/li>\n<li>\u00e0 la limitation du traitement fond\u00e9 sur un int\u00e9r\u00eat l\u00e9gitime<\/li>\n<li>d\u2019opposition au marketing direct, sans justification et gratuitement<\/li>\n<li>\u00e0 la portabilit\u00e9 des donn\u00e9es<\/li>\n<li>de ne pas faire l\u2019objet d\u2019une d\u00e9cision individuelle<\/li>\n<\/ul>\n<p>Afin de pouvoir assurer un traitement rapide et correct de votre demande, nous vous demandons d\u2019\u00eatre aussi pr\u00e9cis(e) que possible lors de la formulation de votre demande. En cas de doute quant \u00e0 l\u2019identit\u00e9 du demandeur, des informations compl\u00e9mentaires seront demand\u00e9es pour l\u2019identifier.<\/p>\n<p>TRAXGO a le droit de refuser vos demandes si celles-ci sont \u00ab\u00a0manifestement infond\u00e9es ou excessives\u00a0\u00bb (notamment en raison de leur caract\u00e8re r\u00e9p\u00e9titif) ou de facturer une indemnit\u00e9 raisonnable de 60\u00a0euros hors TVA par demande.<\/p>\n<h3><strong>QUESTIONS OU R\u00c9CLAMATIONS<\/strong><\/h3>\n<p>Si vous avez des questions ou des r\u00e9clamations concernant la mani\u00e8re dont nous traitons vos donn\u00e9es \u00e0 caract\u00e8re personnel, vous pouvez nous contacter \u00e0 tout moment \u00e0 l\u2019adresse e-mail suivante\u00a0: <a href=\"mailto:privacy@traxgo.be\">privacy@traxgo.be<\/a>. En outre, vous avez toujours la possibilit\u00e9 d\u2019introduire une r\u00e9clamation aupr\u00e8s de l\u2019Autorit\u00e9 de protection des donn\u00e9es\u00a0: Rue de la Presse\u00a035, 1000 BRUXELLES, e-mail\u00a0: <a href=\"mailto:contact@apd-gba.be\">contact@apd-gba.be<\/a>.<\/p>\n","protected":false},"excerpt":{"rendered":"<p>La pr\u00e9sente politique de confidentialit\u00e9 s\u2019applique au traitement des donn\u00e9es \u00e0 caract\u00e8re personnel sur notre site Internet et dans le cadre des services fournis par TRAXGO dont le si\u00e8ge social est \u00e9tabli \u00e0 8790 Waregem, Deerlijkseweg 144a, BCE n\u00b0 0589 624 787, ci-apr\u00e8s d\u00e9sign\u00e9e \u00ab nous \u00bb ou \u00ab notre \u00bb.\u00a0 Traxgo agit en tant [&hellip;]<\/p>\n","protected":false},"author":1,"featured_media":5758,"parent":0,"menu_order":0,"comment_status":"closed","ping_status":"closed","template":"templates\/privacy.tpl.php","meta":{"_acf_changed":false,"footnotes":""},"class_list":["post-2354","page","type-page","status-publish","has-post-thumbnail","hentry"],"acf":[],"_links":{"self":[{"href":"https:\/\/www.traxgo.be\/fr\/wp-json\/wp\/v2\/pages\/2354","targetHints":{"allow":["GET"]}}],"collection":[{"href":"https:\/\/www.traxgo.be\/fr\/wp-json\/wp\/v2\/pages"}],"about":[{"href":"https:\/\/www.traxgo.be\/fr\/wp-json\/wp\/v2\/types\/page"}],"author":[{"embeddable":true,"href":"https:\/\/www.traxgo.be\/fr\/wp-json\/wp\/v2\/users\/1"}],"replies":[{"embeddable":true,"href":"https:\/\/www.traxgo.be\/fr\/wp-json\/wp\/v2\/comments?post=2354"}],"version-history":[{"count":16,"href":"https:\/\/www.traxgo.be\/fr\/wp-json\/wp\/v2\/pages\/2354\/revisions"}],"predecessor-version":[{"id":15156,"href":"https:\/\/www.traxgo.be\/fr\/wp-json\/wp\/v2\/pages\/2354\/revisions\/15156"}],"wp:featuredmedia":[{"embeddable":true,"href":"https:\/\/www.traxgo.be\/fr\/wp-json\/wp\/v2\/media\/5758"}],"wp:attachment":[{"href":"https:\/\/www.traxgo.be\/fr\/wp-json\/wp\/v2\/media?parent=2354"}],"curies":[{"name":"wp","href":"https:\/\/api.w.org\/{rel}","templated":true}]}}