{"id":243,"date":"2018-02-02T09:25:59","date_gmt":"2018-02-02T09:25:59","guid":{"rendered":"http:\/\/traxgo.local\/?page_id=243"},"modified":"2025-12-16T12:27:10","modified_gmt":"2025-12-16T12:27:10","slug":"contact","status":"publish","type":"page","link":"https:\/\/www.traxgo.be\/fr\/contact\/","title":{"rendered":"Contact"},"content":{"rendered":"\n<div class=\"wpcf7 no-js\" id=\"wpcf7-f249-o1\" lang=\"nl-NL\" dir=\"ltr\" data-wpcf7-id=\"249\">\n<div class=\"screen-reader-response\"><p role=\"status\" aria-live=\"polite\" aria-atomic=\"true\"><\/p> <ul><\/ul><\/div>\n<form action=\"\/fr\/wp-json\/wp\/v2\/pages\/243#wpcf7-f249-o1\" method=\"post\" class=\"wpcf7-form init\" aria-label=\"Contactformulier\" novalidate=\"novalidate\" data-status=\"init\">\n<fieldset class=\"hidden-fields-container\"><input type=\"hidden\" name=\"_wpcf7\" value=\"249\" \/><input type=\"hidden\" name=\"_wpcf7_version\" value=\"6.1.4\" \/><input type=\"hidden\" name=\"_wpcf7_locale\" value=\"nl_NL\" \/><input type=\"hidden\" name=\"_wpcf7_unit_tag\" value=\"wpcf7-f249-o1\" \/><input type=\"hidden\" name=\"_wpcf7_container_post\" value=\"0\" \/><input type=\"hidden\" name=\"_wpcf7_posted_data_hash\" value=\"\" \/>\n<\/fieldset>\n<p><span id=\"wpcf7-69e06f18a5e08-wrapper\" class=\"wpcf7-form-control-wrap leegveld-wrap\" ><label for=\"wpcf7-69e06f18a5e08-field\" class=\"hp-message\">Gelieve dit veld leeg te laten.<\/label><input id=\"wpcf7-69e06f18a5e08-field\"  class=\"wpcf7-form-control wpcf7-text\" type=\"text\" name=\"leegveld\" value=\"\" size=\"40\" tabindex=\"-1\" autocomplete=\"new-password\" \/><\/span><br \/>\n<span class=\"wpcf7-form-control-wrap\" data-name=\"bericht\"><textarea cols=\"40\" rows=\"10\" maxlength=\"2000\" class=\"wpcf7-form-control wpcf7-textarea wpcf7-validates-as-required\" aria-required=\"true\" aria-invalid=\"false\" placeholder=\"Comment vous avez entendu de nous? Posez vos questions ici *\" name=\"bericht\"><\/textarea><\/span><br \/>\n<span class=\"wpcf7-form-control-wrap\" data-name=\"bedrijfsnaam\"><input size=\"40\" maxlength=\"400\" class=\"wpcf7-form-control wpcf7-text wpcf7-validates-as-required\" aria-required=\"true\" aria-invalid=\"false\" placeholder=\"Soci\u00e9t\u00e9 *\" value=\"\" type=\"text\" name=\"bedrijfsnaam\" \/><\/span><br \/>\n<span class=\"wpcf7-form-control-wrap\" data-name=\"naam\"><input size=\"40\" maxlength=\"400\" class=\"wpcf7-form-control wpcf7-text wpcf7-validates-as-required\" aria-required=\"true\" aria-invalid=\"false\" placeholder=\"Nom *\" value=\"\" type=\"text\" name=\"naam\" \/><\/span><br \/>\n<span class=\"wpcf7-form-control-wrap\" data-name=\"e-mail\"><input size=\"40\" maxlength=\"400\" class=\"wpcf7-form-control wpcf7-email wpcf7-validates-as-required wpcf7-text wpcf7-validates-as-email\" aria-required=\"true\" aria-invalid=\"false\" placeholder=\"Adresse courriel *\" value=\"\" type=\"email\" name=\"e-mail\" \/><\/span><br \/>\n<span class=\"wpcf7-form-control-wrap\" data-name=\"telefoon\"><input size=\"40\" maxlength=\"400\" class=\"wpcf7-form-control wpcf7-text wpcf7-validates-as-required\" aria-required=\"true\" aria-invalid=\"false\" placeholder=\"T\u00e9l\u00e9phone *\" value=\"\" type=\"text\" name=\"telefoon\" \/><\/span><br \/>\n<span class=\"wpcf7-form-control-wrap\" data-name=\"gemeente\"><input size=\"40\" maxlength=\"400\" class=\"wpcf7-form-control wpcf7-text wpcf7-validates-as-required\" aria-required=\"true\" aria-invalid=\"false\" placeholder=\"Code postal et localit\u00e9 *\" value=\"\" type=\"text\" name=\"gemeente\" \/><\/span><br \/>\n<span class=\"wpcf7-form-control-wrap\" data-name=\"gevonden\"><select class=\"wpcf7-form-control wpcf7-select\" aria-invalid=\"false\" name=\"gevonden\"><option value=\"Comment vous avez entendu de nous?\">Comment vous avez entendu de nous?<\/option><option value=\"Publicit\u00e9 dans un magazine\">Publicit\u00e9 dans un magazine<\/option><option value=\"Recherche par le biais de Google\">Recherche par le biais de Google<\/option><option value=\"Gr\u00e2ce \u00e0 une foire\">Gr\u00e2ce \u00e0 une foire<\/option><option value=\"D&#039;un ami\">D&#039;un ami<\/option><option value=\"LinkedIn\">LinkedIn<\/option><option value=\"Autres\">Autres<\/option><\/select><\/span><br \/>\n<input class=\"wpcf7-form-control wpcf7-submit has-spinner\" type=\"submit\" value=\"Envoyer\" \/>\n<\/p><div class=\"wpcf7-response-output\" aria-hidden=\"true\"><\/div>\n<\/form>\n<\/div>\n\n<p><strong>Traxgo bv\/SRL<\/strong><br \/>\nDeerlijkseweg 144a, B-8790 Waregem<br \/>\nT. <a class=\"tel\" href=\"tel:+3256493587\">+32 56 49 35 87<\/a> - <a href=\"mailto:info@traxgo.be\">info@traxgo.be<\/a><\/p>\n<p>Lu. \u2013 Jeu.\u00a0\u00a0\u00a0 8h30 \u2013 12h 13h \u2013 17h<br \/>\nVen.\u00a0\u00a0\u00a0\u00a0\u00a0\u00a0\u00a0\u00a0\u00a0\u00a0\u00a0\u00a0 8h30 \u2013 12h\u00a0 13h \u2013 16h<\/p>\n<p>Pour b\u00e9n\u00e9ficier de l'aide la plus efficace possible, vous trouvez ci-dessous les coordonn\u00e9es directes de nos services:<\/p>\n<p style=\"float: left;\"><strong>Ventes internes - Marlies:<br \/>\n<\/strong>T.\u00a0 <a class=\"tel\" href=\"tel:+3256560914\">+32 56 56 09 14<\/a> \u00a0 \u00a0Courriel:\u00a0 <a href=\"mailto:sales@traxgo.be\">sales@traxgo.be<\/a><br \/>\n<strong>Planification - Gieles<\/strong><strong>:<br \/>\n<\/strong>T. <a class=\"tel\" href=\"tel:+3256560912\">+32 56 56 09 12<\/a>\u00a0 \u00a0 Courriel:\u00a0 <a href=\"mailto:planning@traxgo.be\">planning@traxgo.be<\/a><br \/>\n<strong>Service client - Kristof \/ Chelsea<\/strong><strong>:<br \/>\n<\/strong>T. <a class=\"tel\" href=\"tel:+3256560910\">+32 56 56 09 10<\/a>\u00a0\u00a0 \u00a0Courriel:\u00a0\u00a0<a href=\"mailto:support@traxgo.be\">support@traxgo.be<\/a><br \/>\n<strong>Finance - Christine:<br \/>\n<\/strong>T. <a class=\"tel\" href=\"tel:+32 56560915\">+32 56 56 09 15<\/a>\u00a0\u00a0 \u00a0Courriel:\u00a0\u00a0<a href=\"mailto:accountancy@traxgo.be\">accountancy@traxgo.be<\/a><br \/>\n<span style=\"color: #ffffff;\">.<\/span><br \/>\n<a class=\"tel\" title=\"GPS tracking pour les Pays-Bas\" href=\"https:\/\/www.traxgo.nl\"><strong>Traxgo Pays-Bas<\/strong><\/a><strong>:<\/strong><br \/>\nT. <a class=\"tel\" href=\"tel:+31850420551\">+31 85 0420 551<\/a>\u00a0\u00a0 \u00a0Courriel:\u00a0\u00a0<a href=\"mailto:info@traxgo.nl\">info@traxgo.nl<\/a><\/p>\n<style><!--.infopop{display:none}\/\/--><\/style>\n","protected":false},"excerpt":{"rendered":"<p>Traxgo bv\/SRL Deerlijkseweg 144a, B-8790 Waregem T. +32 56 49 35 87 - info@traxgo.be Lu. \u2013 Jeu.\u00a0\u00a0\u00a0 8h30 \u2013 12h 13h \u2013 17h Ven.\u00a0\u00a0\u00a0\u00a0\u00a0\u00a0\u00a0\u00a0\u00a0\u00a0\u00a0\u00a0 8h30 \u2013 12h\u00a0 13h \u2013 16h Pour b\u00e9n\u00e9ficier de l'aide la plus efficace possible, vous trouvez ci-dessous les coordonn\u00e9es directes de nos services: Ventes internes - Marlies: T.\u00a0 +32 56 56 [&hellip;]<\/p>\n","protected":false},"author":1,"featured_media":5744,"parent":0,"menu_order":0,"comment_status":"closed","ping_status":"closed","template":"","meta":{"_acf_changed":false,"footnotes":""},"class_list":["post-243","page","type-page","status-publish","has-post-thumbnail","hentry"],"acf":[],"_links":{"self":[{"href":"https:\/\/www.traxgo.be\/fr\/wp-json\/wp\/v2\/pages\/243","targetHints":{"allow":["GET"]}}],"collection":[{"href":"https:\/\/www.traxgo.be\/fr\/wp-json\/wp\/v2\/pages"}],"about":[{"href":"https:\/\/www.traxgo.be\/fr\/wp-json\/wp\/v2\/types\/page"}],"author":[{"embeddable":true,"href":"https:\/\/www.traxgo.be\/fr\/wp-json\/wp\/v2\/users\/1"}],"replies":[{"embeddable":true,"href":"https:\/\/www.traxgo.be\/fr\/wp-json\/wp\/v2\/comments?post=243"}],"version-history":[{"count":50,"href":"https:\/\/www.traxgo.be\/fr\/wp-json\/wp\/v2\/pages\/243\/revisions"}],"predecessor-version":[{"id":17948,"href":"https:\/\/www.traxgo.be\/fr\/wp-json\/wp\/v2\/pages\/243\/revisions\/17948"}],"wp:featuredmedia":[{"embeddable":true,"href":"https:\/\/www.traxgo.be\/fr\/wp-json\/wp\/v2\/media\/5744"}],"wp:attachment":[{"href":"https:\/\/www.traxgo.be\/fr\/wp-json\/wp\/v2\/media?parent=243"}],"curies":[{"name":"wp","href":"https:\/\/api.w.org\/{rel}","templated":true}]}}