{"id":3173,"date":"2019-01-30T20:36:57","date_gmt":"2019-01-30T20:36:57","guid":{"rendered":"https:\/\/www.traxgo.be\/?page_id=3173"},"modified":"2022-04-26T08:11:16","modified_gmt":"2022-04-26T08:11:16","slug":"enregistrement-des-presences","status":"publish","type":"page","link":"https:\/\/www.traxgo.be\/fr\/enregistrement-des-presences\/","title":{"rendered":"Enregistrement des pr\u00e9sences"},"content":{"rendered":"<h2>Enregistrement des pr\u00e9sences<\/h2>\n<p><img loading=\"lazy\" decoding=\"async\" class=\"alignright wp-image-994 size-medium\" title=\"Syst\u00e8me d'enregistrement des pr\u00e9sences\" src=\"https:\/\/www.traxgo.be\/wp-content\/uploads\/2018\/02\/Tijdklok_tijdregistratie-15431930_m-300x238.jpg\" alt=\"Syst\u00e8me d'enregistrement des pr\u00e9sences\" width=\"300\" height=\"238\" srcset=\"https:\/\/www.traxgo.be\/wp-content\/uploads\/2018\/02\/Tijdklok_tijdregistratie-15431930_m-300x238.jpg 300w, https:\/\/www.traxgo.be\/wp-content\/uploads\/2018\/02\/Tijdklok_tijdregistratie-15431930_m-1024x813.jpg 1024w, https:\/\/www.traxgo.be\/wp-content\/uploads\/2018\/02\/Tijdklok_tijdregistratie-15431930_m-768x610.jpg 768w, https:\/\/www.traxgo.be\/wp-content\/uploads\/2018\/02\/Tijdklok_tijdregistratie-15431930_m.jpg 1537w\" sizes=\"auto, (max-width: 300px) 100vw, 300px\" \/><\/p>\n<p>Le fameux enregistrement des pr\u00e9sences est en vigueur depuis avril 2014.<\/p>\n<p>Il pr\u00e9voit que les travailleurs qui exercent une activit\u00e9 immobili\u00e8re sur un chantier d\u2019une certaine valeur doivent s\u2019enregistrer avant de commencer le travail. Cette l\u00e9gislation a \u00e9t\u00e9 mise en place pour lutter contre le dumping social et la concurrence d\u00e9loyale. Gr\u00e2ce au Checkinatwork, l\u2019ONSS dispose d\u2019un tableau complet de toutes les personnes pr\u00e9sentes sur un chantier donn\u00e9.<\/p>\n<p>Des ann\u00e9es plus tard, nous constatons en effet que nombre d\u2019entreprises, dans la pratique, mettent en \u0153uvre ces enregistrements comme il se doit. Toutefois, on d\u00e9plore la persistance du dumping social et d\u2019autres ph\u00e9nom\u00e8nes.<\/p>\n<p>Pour aller encore plus loin, les syndicats et les employeurs du secteur belge de la construction ont sign\u00e9 un plan pour une concurrence loyale. Aux c\u00f4t\u00e9s du secr\u00e9taire d\u2019\u00c9tat \u00e0 la Lutte contre la fraude sociale et du ministre des Ind\u00e9pendants, ils disposent ainsi d\u2019un projet de lutte contre le dumping social dans ce secteur. C\u2019est dans l\u2019int\u00e9r\u00eat non seulement des travailleurs et des employeurs belges, mais aussi de l\u2019\u00c9tat, qui doit 11\u00a0% du total de ses recettes annuelles (20,1 milliards) au secteur belge de la construction.<\/p>\n<p>Si vous souhaitez obtenir plus d\u2019informations sur l\u2019enregistrement des pr\u00e9sences ou sur le <a href=\"https:\/\/www.traxgo.be\/fr\/systeme-denregistrement-des-presences\/\">syst\u00e8me d\u2019enregistrement<\/a>, contactez-nous au moyen du <a href=\"https:\/\/www.traxgo.be\/fr\/contact\/\">formulaire<\/a> de notre site.<\/p>\n<p><a class=\"button cta\" href=\"#contact\">Plus d'information? <strong>Contactez-nous<\/strong><\/a><\/p>\n<p>&nbsp;<\/p>\n<p><strong>D\u00e9couvrez \u00e9galement tout sur\u00a0:<\/strong><\/p>\n<ul>\n<li><a href=\"https:\/\/www.traxgo.be\/fr\/online-track-et-trace-et-systemes-de-localisation\/enregistrement-des-presences-checkinatwork\/\">Checkinatwork<\/a><\/li>\n<li><a href=\"https:\/\/www.traxgo.be\/fr\/pointeuse\/\">Pointeuse<\/a><\/li>\n<li><a href=\"https:\/\/www.traxgo.be\/fr\/online-track-et-trace-et-systemes-de-localisation\/localisation-machines\/\">Syst\u00e8me de localisation de vos machines<\/a> <a href=\"https:\/\/www.traxgo.be\/fr\/localisation-de-remorques\/\">et remorques<\/a><\/li>\n<li><a href=\"https:\/\/www.traxgo.be\/fr\/online-track-et-trace-et-systemes-de-localisation\/\">Autres solutions<\/a><\/li>\n<\/ul>\n","protected":false},"excerpt":{"rendered":"<p>Enregistrement des pr\u00e9sences Le fameux enregistrement des pr\u00e9sences est en vigueur depuis avril 2014. Il pr\u00e9voit que les travailleurs qui exercent une activit\u00e9 immobili\u00e8re sur un chantier d\u2019une certaine valeur doivent s\u2019enregistrer avant de commencer le travail. Cette l\u00e9gislation a \u00e9t\u00e9 mise en place pour lutter contre le dumping social et la concurrence d\u00e9loyale. Gr\u00e2ce [&hellip;]<\/p>\n","protected":false},"author":7,"featured_media":472,"parent":0,"menu_order":0,"comment_status":"closed","ping_status":"closed","template":"","meta":{"_acf_changed":false,"footnotes":""},"class_list":["post-3173","page","type-page","status-publish","has-post-thumbnail","hentry"],"acf":[],"_links":{"self":[{"href":"https:\/\/www.traxgo.be\/fr\/wp-json\/wp\/v2\/pages\/3173","targetHints":{"allow":["GET"]}}],"collection":[{"href":"https:\/\/www.traxgo.be\/fr\/wp-json\/wp\/v2\/pages"}],"about":[{"href":"https:\/\/www.traxgo.be\/fr\/wp-json\/wp\/v2\/types\/page"}],"author":[{"embeddable":true,"href":"https:\/\/www.traxgo.be\/fr\/wp-json\/wp\/v2\/users\/7"}],"replies":[{"embeddable":true,"href":"https:\/\/www.traxgo.be\/fr\/wp-json\/wp\/v2\/comments?post=3173"}],"version-history":[{"count":10,"href":"https:\/\/www.traxgo.be\/fr\/wp-json\/wp\/v2\/pages\/3173\/revisions"}],"predecessor-version":[{"id":10812,"href":"https:\/\/www.traxgo.be\/fr\/wp-json\/wp\/v2\/pages\/3173\/revisions\/10812"}],"wp:featuredmedia":[{"embeddable":true,"href":"https:\/\/www.traxgo.be\/fr\/wp-json\/wp\/v2\/media\/472"}],"wp:attachment":[{"href":"https:\/\/www.traxgo.be\/fr\/wp-json\/wp\/v2\/media?parent=3173"}],"curies":[{"name":"wp","href":"https:\/\/api.w.org\/{rel}","templated":true}]}}