{"id":3176,"date":"2019-01-30T20:40:41","date_gmt":"2019-01-30T20:40:41","guid":{"rendered":"https:\/\/www.traxgo.be\/?page_id=3176"},"modified":"2022-07-27T08:25:33","modified_gmt":"2022-07-27T08:25:33","slug":"systeme-denregistrement-des-presences","status":"publish","type":"page","link":"https:\/\/www.traxgo.be\/fr\/systeme-denregistrement-des-presences\/","title":{"rendered":"Syst\u00e8me d\u2019enregistrement des pr\u00e9sences"},"content":{"rendered":"<h2>Syst\u00e8me d\u2019enregistrement des pr\u00e9sences<\/h2>\n<p><img loading=\"lazy\" decoding=\"async\" class=\"wp-image-2417 size-full alignright\" title=\"Aanwezigheidsregistratie\" src=\"https:\/\/www.traxgo.be\/wp-content\/uploads\/2018\/08\/aanwezigheids.png\" alt=\"Aanwezigheidsregistratie\" width=\"293\" height=\"207\" \/><\/p>\n<h3>Avantages d\u2019un syst\u00e8me d\u2019enregistrement des pr\u00e9sences<\/h3>\n<p>L\u2019enregistrement des pr\u00e9sences \u00e0 l\u2019arriv\u00e9e au chantier est obligatoire depuis le 1er\u00a0avril 2014. Il s\u2019applique aux chantiers d\u2019au moins 500\u00a0000\u00a0EUR.<\/p>\n<p>Un syst\u00e8me d\u2019enregistrement des pr\u00e9sences peut vous faire gagner \u00e9norm\u00e9ment de temps. Il existe diff\u00e9rentes fa\u00e7ons de faciliter le CheckInAtWork. Vous pouvez donc choisir la solution qui convient le mieux \u00e0 votre entreprise. L\u2019enregistrement des pr\u00e9sences peut notamment \u00eatre assur\u00e9 par un lecteur de badges ou une pointeuse.<\/p>\n<p>Si vous souhaitez obtenir plus d\u2019informations sur l\u2019enregistrement des pr\u00e9sences, contactez-nous au moyen du <a href=\"https:\/\/www.traxgo.be\/fr\/contact\/\">formulaire<\/a> de notre site. Gagnez du temps et de l\u2019argent en profitant de l\u2019enregistrement <a href=\"https:\/\/www.traxgo.be\/fr\/online-track-et-trace-et-systemes-de-localisation\/enregistrement-de-temps\/\">automatique des temps<\/a> et des <a href=\"https:\/\/www.traxgo.be\/rittenregistratie\/\">d\u00e9placements <\/a>gr\u00e2ce \u00e0 Traxgo.<\/p>\n<p><a class=\"button cta\" href=\"#contact\">Plus d'information? <strong>Contactez-nous<\/strong><\/a><\/p>\n<p>&nbsp;<\/p>\n<p><strong>D\u00e9couvrez \u00e9galement tout sur\u00a0:<\/strong><\/p>\n<ul>\n<li><a href=\"https:\/\/www.traxgo.be\/fr\/online-track-et-trace-et-systemes-de-localisation\/enregistrement-des-presences-checkinatwork\/\">Checkinatwork<\/a><\/li>\n<li><a href=\"https:\/\/www.traxgo.be\/fr\/pointeuse\/\">Pointeuse<\/a><\/li>\n<li><a href=\"https:\/\/www.traxgo.be\/fr\/online-track-et-trace-et-systemes-de-localisation\/localisation-machines\/\">Syst\u00e8me de localisation de vos machines<\/a> <a href=\"https:\/\/www.traxgo.be\/fr\/localisation-de-remorques\/\">et remorques<\/a><\/li>\n<li><a href=\"https:\/\/www.traxgo.be\/fr\/online-track-et-trace-et-systemes-de-localisation\/\">Autres solutions<\/a><\/li>\n<\/ul>\n","protected":false},"excerpt":{"rendered":"<p>Syst\u00e8me d\u2019enregistrement des pr\u00e9sences Avantages d\u2019un syst\u00e8me d\u2019enregistrement des pr\u00e9sences L\u2019enregistrement des pr\u00e9sences \u00e0 l\u2019arriv\u00e9e au chantier est obligatoire depuis le 1er\u00a0avril 2014. Il s\u2019applique aux chantiers d\u2019au moins 500\u00a0000\u00a0EUR. Un syst\u00e8me d\u2019enregistrement des pr\u00e9sences peut vous faire gagner \u00e9norm\u00e9ment de temps. Il existe diff\u00e9rentes fa\u00e7ons de faciliter le CheckInAtWork. Vous pouvez donc choisir la [&hellip;]<\/p>\n","protected":false},"author":7,"featured_media":472,"parent":0,"menu_order":0,"comment_status":"closed","ping_status":"closed","template":"","meta":{"_acf_changed":false,"footnotes":""},"class_list":["post-3176","page","type-page","status-publish","has-post-thumbnail","hentry"],"acf":[],"_links":{"self":[{"href":"https:\/\/www.traxgo.be\/fr\/wp-json\/wp\/v2\/pages\/3176","targetHints":{"allow":["GET"]}}],"collection":[{"href":"https:\/\/www.traxgo.be\/fr\/wp-json\/wp\/v2\/pages"}],"about":[{"href":"https:\/\/www.traxgo.be\/fr\/wp-json\/wp\/v2\/types\/page"}],"author":[{"embeddable":true,"href":"https:\/\/www.traxgo.be\/fr\/wp-json\/wp\/v2\/users\/7"}],"replies":[{"embeddable":true,"href":"https:\/\/www.traxgo.be\/fr\/wp-json\/wp\/v2\/comments?post=3176"}],"version-history":[{"count":5,"href":"https:\/\/www.traxgo.be\/fr\/wp-json\/wp\/v2\/pages\/3176\/revisions"}],"predecessor-version":[{"id":12913,"href":"https:\/\/www.traxgo.be\/fr\/wp-json\/wp\/v2\/pages\/3176\/revisions\/12913"}],"wp:featuredmedia":[{"embeddable":true,"href":"https:\/\/www.traxgo.be\/fr\/wp-json\/wp\/v2\/media\/472"}],"wp:attachment":[{"href":"https:\/\/www.traxgo.be\/fr\/wp-json\/wp\/v2\/media?parent=3176"}],"curies":[{"name":"wp","href":"https:\/\/api.w.org\/{rel}","templated":true}]}}