{"id":3187,"date":"2019-01-30T21:11:37","date_gmt":"2019-01-30T21:11:37","guid":{"rendered":"https:\/\/www.traxgo.be\/?page_id=3187"},"modified":"2022-04-26T08:21:18","modified_gmt":"2022-04-26T08:21:18","slug":"systeme-denregistrement-des-presences-dans-la-construction","status":"publish","type":"page","link":"https:\/\/www.traxgo.be\/fr\/systeme-denregistrement-des-presences-dans-la-construction\/","title":{"rendered":"Syst\u00e8me d'enregistrement des pr\u00e9sences dans la construction"},"content":{"rendered":"<h2>Syst\u00e8me d'enregistrement des pr\u00e9sences dans la construction<\/h2>\n<p><img loading=\"lazy\" decoding=\"async\" class=\"alignright wp-image-2344 size-medium\" title=\"Enregistrement des pr\u00e9sences dans la construction\" src=\"https:\/\/www.traxgo.be\/wp-content\/uploads\/2018\/07\/CheckInAtWork-met-oogje2-200x300.jpg\" alt=\"Enregistrement des pr\u00e9sences dans la construction\" width=\"200\" height=\"300\" srcset=\"https:\/\/www.traxgo.be\/wp-content\/uploads\/2018\/07\/CheckInAtWork-met-oogje2-200x300.jpg 200w, https:\/\/www.traxgo.be\/wp-content\/uploads\/2018\/07\/CheckInAtWork-met-oogje2.jpg 480w\" sizes=\"auto, (max-width: 200px) 100vw, 200px\" \/><strong>Automatisez l'enregistrement des pr\u00e9sences dans le secteur de la construction et \u00e9conomisez temps et argent!<\/strong><\/p>\n<p>Gr\u00e2ce \u00e0 nos solutions innovantes, vous n\u2019avez plus \u00e0 vous soucier du respect de l\u2019enregistrement des pr\u00e9sences. Les enregistrements s\u2019effectuent presque automatiquement sur le CheckInAtWork d\u00e8s l\u2019arriv\u00e9e sur le chantier.<\/p>\n<p>-Vous g\u00e9rez un grand chantier\u00a0? Utilisez une pointeuse et demandez \u00e0 vos employ\u00e9s de scanner leur badge ou leur code QR pour enregistrer leurs pr\u00e9sences.<br \/>\n-Vous utilisez d\u00e9j\u00e0 un logiciel de planification\u00a0? T\u00e9l\u00e9chargez votre fichier dans notre syst\u00e8me et transmettez l\u2019enregistrement des pr\u00e9sences automatiquement.<br \/>\n-Vos employ\u00e9s ont \u00e9galement re\u00e7u un ConstruBadge\u00a0? Dans ce cas, nos solutions vous permettent \u00e9galement de l\u2019utiliser pour l\u2019enregistrement des pr\u00e9sences.<br \/>\n-Vous avez recours \u00e0 des sous-traitants\u00a0? Eux aussi peuvent s\u2019enregistrer rapidement avec le CheckInAtWork\u00a0!<\/p>\n<p><strong>Traxgo est le bon choix\u00a0:<\/strong><\/p>\n<ul class=\"advantages\">\n<li>Des ann\u00e9es d\u2019exp\u00e9rience<\/li>\n<li>Formation gratuite (incluant CheckInAtWork)<\/li>\n<li>Service et soutien gratuits<\/li>\n<li>Mises \u00e0 jour pouss\u00e9es et personnalisation<\/li>\n<li>Logiciel propre<\/li>\n<\/ul>\n<p>Si vous souhaitez obtenir plus d\u2019informations sur l\u2019enregistrement des pr\u00e9sences <a href=\"https:\/\/www.traxgo.be\/aanwezigheidsregistratie-in-de-bouwsector\/\">dans le secteur de la construction<\/a>, contactez-nous au moyen du <a href=\"https:\/\/www.traxgo.be\/fr\/contact\/\">formulaire<\/a> de notre site.<\/p>\n<p><a class=\"button cta\" href=\"#contact\">Plus d'information? <strong>Contactez-nous<\/strong><\/a><\/p>\n<p>&nbsp;<\/p>\n<p><strong>D\u00e9couvrez \u00e9galement tout sur\u00a0:<\/strong><\/p>\n<ul>\n<li><a href=\"https:\/\/www.traxgo.be\/fr\/online-track-et-trace-et-systemes-de-localisation\/enregistrement-des-presences-checkinatwork\/\">Checkinatwork<\/a><\/li>\n<li><a href=\"https:\/\/www.traxgo.be\/fr\/pointeuse\/\">Pointeuse<\/a><\/li>\n<li><a href=\"https:\/\/www.traxgo.be\/fr\/online-track-et-trace-et-systemes-de-localisation\/localisation-machines\/\">Syst\u00e8me de localisation de vos machines<\/a> <a href=\"https:\/\/www.traxgo.be\/fr\/localisation-de-remorques\/\">et remorques<\/a><\/li>\n<li><a href=\"https:\/\/www.traxgo.be\/fr\/online-track-et-trace-et-systemes-de-localisation\/\">Autres solutions<\/a><\/li>\n<\/ul>\n","protected":false},"excerpt":{"rendered":"<p>Syst\u00e8me d'enregistrement des pr\u00e9sences dans la construction Automatisez l'enregistrement des pr\u00e9sences dans le secteur de la construction et \u00e9conomisez temps et argent! Gr\u00e2ce \u00e0 nos solutions innovantes, vous n\u2019avez plus \u00e0 vous soucier du respect de l\u2019enregistrement des pr\u00e9sences. Les enregistrements s\u2019effectuent presque automatiquement sur le CheckInAtWork d\u00e8s l\u2019arriv\u00e9e sur le chantier. -Vous g\u00e9rez un [&hellip;]<\/p>\n","protected":false},"author":7,"featured_media":421,"parent":0,"menu_order":0,"comment_status":"closed","ping_status":"closed","template":"","meta":{"_acf_changed":false,"footnotes":""},"class_list":["post-3187","page","type-page","status-publish","has-post-thumbnail","hentry"],"acf":[],"_links":{"self":[{"href":"https:\/\/www.traxgo.be\/fr\/wp-json\/wp\/v2\/pages\/3187","targetHints":{"allow":["GET"]}}],"collection":[{"href":"https:\/\/www.traxgo.be\/fr\/wp-json\/wp\/v2\/pages"}],"about":[{"href":"https:\/\/www.traxgo.be\/fr\/wp-json\/wp\/v2\/types\/page"}],"author":[{"embeddable":true,"href":"https:\/\/www.traxgo.be\/fr\/wp-json\/wp\/v2\/users\/7"}],"replies":[{"embeddable":true,"href":"https:\/\/www.traxgo.be\/fr\/wp-json\/wp\/v2\/comments?post=3187"}],"version-history":[{"count":7,"href":"https:\/\/www.traxgo.be\/fr\/wp-json\/wp\/v2\/pages\/3187\/revisions"}],"predecessor-version":[{"id":10822,"href":"https:\/\/www.traxgo.be\/fr\/wp-json\/wp\/v2\/pages\/3187\/revisions\/10822"}],"wp:featuredmedia":[{"embeddable":true,"href":"https:\/\/www.traxgo.be\/fr\/wp-json\/wp\/v2\/media\/421"}],"wp:attachment":[{"href":"https:\/\/www.traxgo.be\/fr\/wp-json\/wp\/v2\/media?parent=3187"}],"curies":[{"name":"wp","href":"https:\/\/api.w.org\/{rel}","templated":true}]}}