{"id":3196,"date":"2019-01-30T21:47:10","date_gmt":"2019-01-30T21:47:10","guid":{"rendered":"https:\/\/www.traxgo.be\/?page_id=3196"},"modified":"2022-05-05T11:11:04","modified_gmt":"2022-05-05T11:11:04","slug":"systeme-denregistrement-des-presences-dans-le-secteur-de-la-construction","status":"publish","type":"page","link":"https:\/\/www.traxgo.be\/fr\/systeme-denregistrement-des-presences-dans-le-secteur-de-la-construction\/","title":{"rendered":"Syst\u00e8me d\u2019enregistrement des pr\u00e9sences dans le secteur de la construction"},"content":{"rendered":"<h2><strong>Syst\u00e8me d\u2019enregistrement des pr\u00e9sences dans le secteur de la construction<\/strong><\/h2>\n<h3><img loading=\"lazy\" decoding=\"async\" class=\"alignright wp-image-419\" src=\"https:\/\/www.traxgo.be\/wp-content\/uploads\/2018\/02\/check-in-at-work-man-low.jpg\" alt=\"Checkinatwork | Syst\u00e8me d\u2019enregistrement des pr\u00e9sences dans la construction | Check In At Work - Voor aanwezigheidsregistratie in de bouw\" width=\"580\" height=\"425\" srcset=\"https:\/\/www.traxgo.be\/wp-content\/uploads\/2018\/02\/check-in-at-work-man-low.jpg 873w, https:\/\/www.traxgo.be\/wp-content\/uploads\/2018\/02\/check-in-at-work-man-low-300x220.jpg 300w, https:\/\/www.traxgo.be\/wp-content\/uploads\/2018\/02\/check-in-at-work-man-low-768x563.jpg 768w\" sizes=\"auto, (max-width: 580px) 100vw, 580px\" \/>Enregistrement obligatoire sur le chantier<\/h3>\n<p>Sur les chantiers importants, les travailleurs sont tenus d\u2019enregistrer leur pr\u00e9sence. Un processus fastidieux qui, faute de solution efficace, peut entra\u00eener d\u2019importantes pertes de temps. C\u2019est pourquoi Traxgo a cr\u00e9\u00e9 track-and-trace, un outil qui vous propose diff\u00e9rentes solutions sur mesure.<\/p>\n<h3><strong>Enregistrement des pr\u00e9sences sur les chantiers<\/strong><\/h3>\n<p>L\u2019enregistrement des pr\u00e9sences dans le secteur de la construction n\u2019est obligatoire que sur les chantiers importants, o\u00f9 sont r\u00e9alis\u00e9s des travaux d\u2019une valeur de 800\u00a0000\u00a0euros au moins. Il est important que l\u2019enregistrement \u00e9lectronique se fasse quotidiennement, avant que les employ\u00e9s ne commencent \u00e0 travailler. Les donn\u00e9es du travailleur et de l\u2019employeur ainsi que la date et le chantier sont transmis \u00e0 l\u2019ONSS. L\u2019enregistrement \u00e9lectronique est obligatoire pour toutes les personnes directement impliqu\u00e9es dans les travaux, des ouvriers aux ing\u00e9nieurs.<\/p>\n<h3>Pourquoi l\u2019enregistrement \u00e9lectronique des pr\u00e9sences sur le chantier est-il obligatoire\u00a0?<\/h3>\n<p>L\u2019\u00c9tat a rendu obligatoire l\u2019enregistrement \u00e9lectronique des pr\u00e9sences dans le cadre de la lutte contre la fraude sociale et fiscale. Il permet de savoir avec certitude qui travaille et quand, de sorte que les entreprises ne peuvent plus frauder. En outre, le ConstruBadge est lui aussi devenu obligatoire r\u00e9cemment\u00a0: comme l\u2019enregistrement des pr\u00e9sences, il s\u2019agit d\u2019un outil utilis\u00e9 dans la lutte contre la fraude sociale.<\/p>\n<h3>Comment fonctionne CheckInAtWork\u00a0?<\/h3>\n<p>Vous pouvez utiliser <a href=\"https:\/\/www.traxgo.be\/fr\/online-track-et-trace-et-systemes-de-localisation\/enregistrement-des-presences-checkinatwork\/\">CheckInAtWork<\/a> pour g\u00e9rer l\u2019enregistrement \u00e9lectronique des pr\u00e9sences sur un chantier. Vos employ\u00e9s n\u2019ont pas besoin d\u2019attendre une confirmation\u00a0: ils peuvent se mettre au travail imm\u00e9diatement. L\u2019outil de planification synchronise tous les enregistrements en temps r\u00e9el, ce qui permet \u00e0 l\u2019entrepreneur, si n\u00e9cessaire, d\u2019effectuer des ajustements sans attendre.<\/p>\n<p>Si vous souhaitez obtenir plus d\u2019informations sur l\u2019enregistrement des pr\u00e9sences dans le secteur de la construction, contactez-nous au moyen du <a href=\"https:\/\/www.traxgo.be\/fr\/contact\/\">formulaire<\/a> de notre site.<\/p>\n<p><a class=\"button cta\" href=\"#contact\">Plus d'information? <strong>Contactez-nous<\/strong><\/a><\/p>\n<p>&nbsp;<\/p>\n<p><strong>D\u00e9couvrez \u00e9galement tout sur\u00a0:<\/strong><\/p>\n<ul>\n<li><a href=\"https:\/\/www.traxgo.be\/fr\/online-track-et-trace-et-systemes-de-localisation\/enregistrement-des-presences-checkinatwork\/\">Checkinatwork<\/a><\/li>\n<li><a href=\"https:\/\/www.traxgo.be\/fr\/pointeuse\/\">Pointeuse<\/a><\/li>\n<li><a href=\"https:\/\/www.traxgo.be\/fr\/online-track-et-trace-et-systemes-de-localisation\/localisation-machines\/\">Syst\u00e8me de localisation de vos machines<\/a> <a href=\"https:\/\/www.traxgo.be\/fr\/localisation-de-remorques\/\">et remorques<\/a><\/li>\n<li><a href=\"https:\/\/www.traxgo.be\/fr\/online-track-et-trace-et-systemes-de-localisation\/\">Autres solutions<\/a><\/li>\n<\/ul>\n","protected":false},"excerpt":{"rendered":"<p>Syst\u00e8me d\u2019enregistrement des pr\u00e9sences dans le secteur de la construction Enregistrement obligatoire sur le chantier Sur les chantiers importants, les travailleurs sont tenus d\u2019enregistrer leur pr\u00e9sence. Un processus fastidieux qui, faute de solution efficace, peut entra\u00eener d\u2019importantes pertes de temps. C\u2019est pourquoi Traxgo a cr\u00e9\u00e9 track-and-trace, un outil qui vous propose diff\u00e9rentes solutions sur mesure. [&hellip;]<\/p>\n","protected":false},"author":7,"featured_media":310,"parent":0,"menu_order":0,"comment_status":"closed","ping_status":"closed","template":"","meta":{"_acf_changed":false,"footnotes":""},"class_list":["post-3196","page","type-page","status-publish","has-post-thumbnail","hentry"],"acf":[],"_links":{"self":[{"href":"https:\/\/www.traxgo.be\/fr\/wp-json\/wp\/v2\/pages\/3196","targetHints":{"allow":["GET"]}}],"collection":[{"href":"https:\/\/www.traxgo.be\/fr\/wp-json\/wp\/v2\/pages"}],"about":[{"href":"https:\/\/www.traxgo.be\/fr\/wp-json\/wp\/v2\/types\/page"}],"author":[{"embeddable":true,"href":"https:\/\/www.traxgo.be\/fr\/wp-json\/wp\/v2\/users\/7"}],"replies":[{"embeddable":true,"href":"https:\/\/www.traxgo.be\/fr\/wp-json\/wp\/v2\/comments?post=3196"}],"version-history":[{"count":10,"href":"https:\/\/www.traxgo.be\/fr\/wp-json\/wp\/v2\/pages\/3196\/revisions"}],"predecessor-version":[{"id":11076,"href":"https:\/\/www.traxgo.be\/fr\/wp-json\/wp\/v2\/pages\/3196\/revisions\/11076"}],"wp:featuredmedia":[{"embeddable":true,"href":"https:\/\/www.traxgo.be\/fr\/wp-json\/wp\/v2\/media\/310"}],"wp:attachment":[{"href":"https:\/\/www.traxgo.be\/fr\/wp-json\/wp\/v2\/media?parent=3196"}],"curies":[{"name":"wp","href":"https:\/\/api.w.org\/{rel}","templated":true}]}}