{"id":3244,"date":"2019-02-01T09:38:59","date_gmt":"2019-02-01T09:38:59","guid":{"rendered":"https:\/\/www.traxgo.be\/?page_id=3244"},"modified":"2022-07-27T08:14:42","modified_gmt":"2022-07-27T08:14:42","slug":"enregistrement-des-presences-dans-le-secteur-de-la-construction","status":"publish","type":"page","link":"https:\/\/www.traxgo.be\/fr\/enregistrement-des-presences-dans-le-secteur-de-la-construction\/","title":{"rendered":"Enregistrement des pr\u00e9sences pour le secteur du b\u00e2timent"},"content":{"rendered":"<h2><strong>Enregistrement des pr\u00e9sences pour des entreprises de b\u00e2timent<\/strong><\/h2>\n<h3><strong>Enregistrement \u00e9lectronique des pr\u00e9sences<br \/>\n<img loading=\"lazy\" decoding=\"async\" class=\"alignnone size-medium wp-image-308 alignright\" src=\"https:\/\/www.traxgo.be\/wp-content\/uploads\/2018\/02\/Women-Check-in-at-work-300x300.jpg\" alt=\"Enregistrement des pr\u00e9sences pour le secteur du b\u00e2timent\" width=\"300\" height=\"300\" srcset=\"https:\/\/www.traxgo.be\/wp-content\/uploads\/2018\/02\/Women-Check-in-at-work-300x300.jpg 300w, https:\/\/www.traxgo.be\/wp-content\/uploads\/2018\/02\/Women-Check-in-at-work-150x150.jpg 150w, https:\/\/www.traxgo.be\/wp-content\/uploads\/2018\/02\/Women-Check-in-at-work.jpg 450w\" sizes=\"auto, (max-width: 300px) 100vw, 300px\" \/><\/strong><\/h3>\n<p>Le syst\u00e8me d\u2019enregistrement \u00e9lectronique des pr\u00e9sences <a href=\"https:\/\/www.traxgo.be\/fr\/online-track-et-trace-et-systemes-de-localisation\/enregistrement-des-presences-checkinatwork\/\">CheckInAtWork<\/a> est d\u00e9sormais largement utilis\u00e9 dans une grande partie du secteur de la construction. Depuis le 1er\u00a0avril 2014, les chantiers d\u2019envergure ont l\u2019obligation l\u00e9gale de faire inscrire la plupart de leurs employ\u00e9s \u00e0 l\u2019ONSS. Depuis 2018, cette obligation s\u2019applique m\u00eame \u00e0 tous les chantiers de construction.<\/p>\n<p>En outre, depuis le 1er\u00a0octobre 2014, chaque employ\u00e9 doit obligatoirement porter un badge ConstruBadge (badge de la construction) reprenant ses donn\u00e9es d\u2019identit\u00e9 et sa photo. Depuis le 1er\u00a0janvier 2015, l\u2019ONSS peut du reste infliger des amendes aux entreprises de la construction qui ne respectent pas la l\u00e9gislation.<\/p>\n<h3><strong>L\u00e9gislation relative \u00e0 CheckInAtWork<\/strong><\/h3>\n<p>Quiconque effectue des travaux (immobiliers) sur un chantier doit s\u2019enregistrer, notamment\u00a0:<\/p>\n<ul>\n<li>les employ\u00e9s<\/li>\n<li>les travailleurs ind\u00e9pendants<\/li>\n<li>le ma\u00eetre d\u2019\u0153uvre<\/li>\n<li>les travailleurs int\u00e9rimaires<\/li>\n<li>mais aussi les architectes et coordinateurs de la s\u00e9curit\u00e9.<\/li>\n<\/ul>\n<p>Cette obligation s\u2019applique aussi bien aux Belges qu\u2019aux \u00e9trangers. Les visiteurs ou ma\u00eetres d\u2019ouvrage dont la pr\u00e9sence est occasionnelle en sont dispens\u00e9s. L\u2019enregistrement reprend les donn\u00e9es du travailleur et de l\u2019employeur ainsi que le chantier et la date. Un enregistrement des pr\u00e9sences erron\u00e9 peut entra\u00eener des sanctions, tant pour le travailleur que l\u2019employeur. Le ma\u00eetre d\u2019\u0153uvre charg\u00e9 de l\u2019ex\u00e9cution est responsable en dernier ressort. Soyez donc tr\u00e8s attentif \u00e0 la fa\u00e7on dont vous organisez l\u2019enregistrement des pr\u00e9sences aupr\u00e8s de vos sous-traitants et de vos employ\u00e9s et consignez bien le tout.<\/p>\n<p>Si vous souhaitez obtenir plus d\u2019informations sur l\u2019enregistrement des <a href=\"https:\/\/www.traxgo.be\/fr\/logiciel-de-gestion-du-temps-et-des-presences\/\">pr\u00e9sences<\/a> dans le secteur de la construction, contactez-nous au moyen du <a href=\"https:\/\/www.traxgo.be\/fr\/contact\/\">formulaire<\/a> de notre site.<\/p>\n<p><a class=\"button cta\" href=\"#contact\">Plus d'information? <strong>Contactez-nous<\/strong><\/a><\/p>\n<p>&nbsp;<\/p>\n<p><strong>D\u00e9couvrez \u00e9galement tout sur\u00a0:<\/strong><\/p>\n<ul>\n<li><a href=\"https:\/\/www.traxgo.be\/fr\/online-track-et-trace-et-systemes-de-localisation\/enregistrement-des-presences-checkinatwork\/\">Checkinatwork<\/a><\/li>\n<li><a href=\"https:\/\/www.traxgo.be\/fr\/pointeuse\/\">Pointeuse<\/a><\/li>\n<li><a href=\"https:\/\/www.traxgo.be\/fr\/online-track-et-trace-et-systemes-de-localisation\/localisation-machines\/\">Syst\u00e8me de localisation de vos machines<\/a> <a href=\"https:\/\/www.traxgo.be\/fr\/localisation-de-remorques\/\">et remorques<\/a><\/li>\n<li><a href=\"https:\/\/www.traxgo.be\/fr\/online-track-et-trace-et-systemes-de-localisation\/\">Autres solutions<\/a><\/li>\n<\/ul>\n","protected":false},"excerpt":{"rendered":"<p>Enregistrement des pr\u00e9sences pour des entreprises de b\u00e2timent Enregistrement \u00e9lectronique des pr\u00e9sences Le syst\u00e8me d\u2019enregistrement \u00e9lectronique des pr\u00e9sences CheckInAtWork est d\u00e9sormais largement utilis\u00e9 dans une grande partie du secteur de la construction. Depuis le 1er\u00a0avril 2014, les chantiers d\u2019envergure ont l\u2019obligation l\u00e9gale de faire inscrire la plupart de leurs employ\u00e9s \u00e0 l\u2019ONSS. Depuis 2018, cette [&hellip;]<\/p>\n","protected":false},"author":7,"featured_media":453,"parent":0,"menu_order":0,"comment_status":"closed","ping_status":"closed","template":"","meta":{"_acf_changed":false,"footnotes":""},"class_list":["post-3244","page","type-page","status-publish","has-post-thumbnail","hentry"],"acf":[],"_links":{"self":[{"href":"https:\/\/www.traxgo.be\/fr\/wp-json\/wp\/v2\/pages\/3244","targetHints":{"allow":["GET"]}}],"collection":[{"href":"https:\/\/www.traxgo.be\/fr\/wp-json\/wp\/v2\/pages"}],"about":[{"href":"https:\/\/www.traxgo.be\/fr\/wp-json\/wp\/v2\/types\/page"}],"author":[{"embeddable":true,"href":"https:\/\/www.traxgo.be\/fr\/wp-json\/wp\/v2\/users\/7"}],"replies":[{"embeddable":true,"href":"https:\/\/www.traxgo.be\/fr\/wp-json\/wp\/v2\/comments?post=3244"}],"version-history":[{"count":9,"href":"https:\/\/www.traxgo.be\/fr\/wp-json\/wp\/v2\/pages\/3244\/revisions"}],"predecessor-version":[{"id":12908,"href":"https:\/\/www.traxgo.be\/fr\/wp-json\/wp\/v2\/pages\/3244\/revisions\/12908"}],"wp:featuredmedia":[{"embeddable":true,"href":"https:\/\/www.traxgo.be\/fr\/wp-json\/wp\/v2\/media\/453"}],"wp:attachment":[{"href":"https:\/\/www.traxgo.be\/fr\/wp-json\/wp\/v2\/media?parent=3244"}],"curies":[{"name":"wp","href":"https:\/\/api.w.org\/{rel}","templated":true}]}}