{"id":3251,"date":"2019-02-01T10:00:42","date_gmt":"2019-02-01T10:00:42","guid":{"rendered":"https:\/\/www.traxgo.be\/?page_id=3251"},"modified":"2019-02-01T10:11:29","modified_gmt":"2019-02-01T10:11:29","slug":"legislation-sur-lenregistrement-des-presences","status":"publish","type":"page","link":"https:\/\/www.traxgo.be\/fr\/legislation-sur-lenregistrement-des-presences\/","title":{"rendered":"L\u00e9gislation sur l\u2019enregistrement des pr\u00e9sences"},"content":{"rendered":"<h2><strong>L\u00e9gislation sur l\u2019enregistrement des pr\u00e9sences<\/strong><\/h2>\n<p>L\u2019enregistrement des pr\u00e9sences dans le secteur de la construction est obligatoire depuis le 1er\u00a0janvier 2015. <u><a href=\"https:\/\/www.traxgo.be\/fr\/online-track-et-trace-et-systemes-de-localisation\/enregistrement-des-presences-checkinatwork\/\">CheckInAtWork<\/a><\/u> permet d\u2019organiser l\u2019enregistrement rapidement, facilement et sans effort. De plus, vos employ\u00e9s sont parfaitement en r\u00e8gle, car le syst\u00e8me transmet les donn\u00e9es directement \u00e0 l\u2019ONSS. Un outil tr\u00e8s pratique, donc. Mais qu\u2019en est-il exactement de la l\u00e9gislation sur l\u2019enregistrement des pr\u00e9sences\u00a0?<\/p>\n<p><strong>Enregistrement des pr\u00e9sences\u00a0: une obligation<br \/>\n<img loading=\"lazy\" decoding=\"async\" class=\"alignright wp-image-2602 size-medium\" title=\"Aanwezigheidsregistratie wetgeving\" src=\"https:\/\/www.traxgo.be\/wp-content\/uploads\/2018\/10\/Wetgeving2-300x199.jpg\" alt=\"Aanwezigheidsregistratie wetgeving\" width=\"300\" height=\"199\" srcset=\"https:\/\/www.traxgo.be\/wp-content\/uploads\/2018\/10\/Wetgeving2-300x199.jpg 300w, https:\/\/www.traxgo.be\/wp-content\/uploads\/2018\/10\/Wetgeving2-768x510.jpg 768w, https:\/\/www.traxgo.be\/wp-content\/uploads\/2018\/10\/Wetgeving2.jpg 960w\" sizes=\"auto, (max-width: 300px) 100vw, 300px\" \/><\/strong><\/p>\n<p>L\u2019\u00c9tat belge a mis en place l\u2019enregistrement \u00e9lectronique des pr\u00e9sences afin de lutter contre la fraude sociale et fiscale des entreprises de la construction. Ce syst\u00e8me permet aux pouvoirs publics de savoir qui travaille, o\u00f9 et quand. Ainsi, les entreprises ne peuvent plus commettre de fraudes. Lors de l\u2019enregistrement, la date, le chantier ainsi que les donn\u00e9es du travailleur et de l\u2019employeur sont transmis \u00e0 l\u2019ONSS automatiquement. \u00a0Vous n\u2019avez donc rien \u00e0 faire.<\/p>\n<p>L\u2019enregistrement des pr\u00e9sences est obligatoire pour tous ceux qui sont concern\u00e9s par le secteur de la construction\u00a0: les ouvriers, les travailleurs ind\u00e9pendants, les chefs de chantier, les ing\u00e9nieurs et les coordonnateurs de la s\u00e9curit\u00e9. Seuls en sont dispens\u00e9s les bureaux d\u2019\u00e9tudes, les inspecteurs et les autres visiteurs occasionnels.<\/p>\n<p>Toutefois, les nouvelles r\u00e8gles ne s\u2019appliquent pas aux chantiers temporaires et mobiles d\u2019une valeur totale inf\u00e9rieure \u00e0 800\u00a0000\u00a0euros hors TVA.<\/p>\n<p>Si vous souhaitez obtenir plus d\u2019informations sur la l\u00e9gislation relative \u00e0 l\u2019enregistrement des pr\u00e9sences, contactez-nous au moyen du <u><a href=\"https:\/\/www.traxgo.be\/fr\/contact\/\">formulaire<\/a><\/u> de notre site.<\/p>\n<p><u><a href=\"#contact\" class=\"button\">CONTACTEZ-NOUS POUR PLUS D\u2019INFORMATIONS<\/a><\/u><\/p>\n<p><strong>D\u00e9couvrez \u00e9galement tout sur\u00a0:<\/strong><\/p>\n<ul>\n<li><u><a href=\"https:\/\/www.traxgo.be\/fr\/online-track-et-trace-et-systemes-de-localisation\/enregistrement-des-presences-checkinatwork\/\">Checkinatwork<\/a><\/u><\/li>\n<li><u><a href=\"https:\/\/www.traxgo.be\/fr\/pointeuse\/\">Pointeuse<\/a><\/u><\/li>\n<li><u><a href=\"https:\/\/www.traxgo.be\/fr\/online-track-et-trace-et-systemes-de-localisation\/localisation-machines\/\">Syst\u00e8me de localisation de vos machines<\/a><\/u> <u><a href=\"https:\/\/www.traxgo.be\/fr\/localisation-de-remorques\/\">et remorques<\/a><\/u><\/li>\n<li><u><a href=\"https:\/\/www.traxgo.be\/fr\/online-track-et-trace-et-systemes-de-localisation\/\">Autres solutions<\/a><\/u><\/li>\n<\/ul>\n","protected":false},"excerpt":{"rendered":"<p>L\u00e9gislation sur l\u2019enregistrement des pr\u00e9sences L\u2019enregistrement des pr\u00e9sences dans le secteur de la construction est obligatoire depuis le 1er\u00a0janvier 2015. CheckInAtWork permet d\u2019organiser l\u2019enregistrement rapidement, facilement et sans effort. De plus, vos employ\u00e9s sont parfaitement en r\u00e8gle, car le syst\u00e8me transmet les donn\u00e9es directement \u00e0 l\u2019ONSS. Un outil tr\u00e8s pratique, donc. Mais qu\u2019en est-il exactement [&hellip;]<\/p>\n","protected":false},"author":7,"featured_media":2601,"parent":0,"menu_order":0,"comment_status":"closed","ping_status":"closed","template":"","meta":{"_acf_changed":false,"footnotes":""},"class_list":["post-3251","page","type-page","status-publish","has-post-thumbnail","hentry"],"acf":[],"_links":{"self":[{"href":"https:\/\/www.traxgo.be\/fr\/wp-json\/wp\/v2\/pages\/3251","targetHints":{"allow":["GET"]}}],"collection":[{"href":"https:\/\/www.traxgo.be\/fr\/wp-json\/wp\/v2\/pages"}],"about":[{"href":"https:\/\/www.traxgo.be\/fr\/wp-json\/wp\/v2\/types\/page"}],"author":[{"embeddable":true,"href":"https:\/\/www.traxgo.be\/fr\/wp-json\/wp\/v2\/users\/7"}],"replies":[{"embeddable":true,"href":"https:\/\/www.traxgo.be\/fr\/wp-json\/wp\/v2\/comments?post=3251"}],"version-history":[{"count":2,"href":"https:\/\/www.traxgo.be\/fr\/wp-json\/wp\/v2\/pages\/3251\/revisions"}],"predecessor-version":[{"id":3253,"href":"https:\/\/www.traxgo.be\/fr\/wp-json\/wp\/v2\/pages\/3251\/revisions\/3253"}],"wp:featuredmedia":[{"embeddable":true,"href":"https:\/\/www.traxgo.be\/fr\/wp-json\/wp\/v2\/media\/2601"}],"wp:attachment":[{"href":"https:\/\/www.traxgo.be\/fr\/wp-json\/wp\/v2\/media?parent=3251"}],"curies":[{"name":"wp","href":"https:\/\/api.w.org\/{rel}","templated":true}]}}