{"id":3266,"date":"2019-02-01T11:58:33","date_gmt":"2019-02-01T11:58:33","guid":{"rendered":"https:\/\/www.traxgo.be\/?page_id=3266"},"modified":"2023-07-19T07:59:08","modified_gmt":"2023-07-19T07:59:08","slug":"enregistrement-des-deplacements","status":"publish","type":"page","link":"https:\/\/www.traxgo.be\/fr\/enregistrement-des-deplacements\/","title":{"rendered":"Enregistrement des d\u00e9placements"},"content":{"rendered":"<h2>Enregistrement des d\u00e9placements<\/h2>\n<h3><img loading=\"lazy\" decoding=\"async\" class=\"alignnone size-medium wp-image-2368 alignright\" src=\"https:\/\/www.traxgo.be\/wp-content\/uploads\/2018\/07\/rittenregistratie-foto-300x200.png\" alt=\"Avantages de l\u2019enregistrement automatique des d\u00e9placements\" width=\"300\" height=\"200\" srcset=\"https:\/\/www.traxgo.be\/wp-content\/uploads\/2018\/07\/rittenregistratie-foto-300x200.png 300w, https:\/\/www.traxgo.be\/wp-content\/uploads\/2018\/07\/rittenregistratie-foto-768x512.png 768w, https:\/\/www.traxgo.be\/wp-content\/uploads\/2018\/07\/rittenregistratie-foto.png 960w\" sizes=\"auto, (max-width: 300px) 100vw, 300px\" \/>Avantages de l\u2019enregistrement automatique des d\u00e9placements<\/h3>\n<p>L\u2019enregistrement automatique des d\u00e9placements vous permet de conna\u00eetre avec exactitude la localisation de vos v\u00e9hicules, le nombre de kilom\u00e8tres parcourus et le temps pass\u00e9 sur la route.\u00a0 On y a souvent recours en raison de son <strong>efficacit\u00e9<\/strong>\u00a0: tous les kilom\u00e8tres et les temps de parcours sont enregistr\u00e9s avec <strong>pr\u00e9cision<\/strong> et en temps <strong>r\u00e9el<\/strong>.<strong>\u00a0<\/strong><\/p>\n<p>Outre ces avantages, l\u2019enregistrement automatique des d\u00e9placements pr\u00e9sente nombre d\u2019autres atouts:<\/p>\n<ul class=\"advantages\">\n<li><a href=\"https:\/\/www.traxgo.be\/fr\/online-track-et-trace-et-systemes-de-localisation\/enregistrement-du-kilometrage\/\">L\u2019enregistrement des kilom\u00e8tres<\/a> vous permet de d\u00e9terminer les moments o\u00f9 l\u2019entretien du v\u00e9hicule devient n\u00e9cessaire. Mais aussi ceux o\u00f9 ils doivent passer au contr\u00f4le technique ainsi que l\u2019\u00e9ch\u00e9ance de vos contrats d\u2019assurance et de leasing.<\/li>\n<li>Une distinction est \u00e9tablie entre les d\u00e9placements professionnels et priv\u00e9s, ce qui constitue un avantage pour vos imp\u00f4ts. Les itin\u00e9raires, vitesses et autres comportements de conduite (par exemple le freinage) sont \u00e9galement consign\u00e9s, ce qui vous permet d\u2019inciter vos employ\u00e9s \u00e0 conduire de mani\u00e8re \u00e9conomique et \u00e9cologique. Un avantage suppl\u00e9mentaire pour la consommation et l\u2019usure.<\/li>\n<li>Enfin, l\u2019enregistrement automatique des d\u00e9placements vous fera gagner beaucoup de temps. En effet, toute l\u2019administration est assur\u00e9e pour vous automatiquement. Vous pouvez facilement consulter et t\u00e9l\u00e9charger l\u2019aper\u00e7u des donn\u00e9es en ligne. Enfin, notre syst\u00e8me d\u2019enregistrement des d\u00e9placements est tr\u00e8s simple d\u2019utilisation.<\/li>\n<\/ul>\n<p><a class=\"button cta\" href=\"#contact\">Plus d'information? <strong>Contactez-nous<\/strong><\/a><\/p>\n<h3>Des informations suppl\u00e9mentaires sur l'enregistrement des d\u00e9placements?<\/h3>\n<p>Notre syst\u00e8me efficace peut \u00eatre appliqu\u00e9 \u00e0 diff\u00e9rents types de v\u00e9hicules, par ex. aux camions, camionnettes, voitures de tourisme, ... aussi bien pour les voitures \u00e0 moteur traditionnel au diesel ou \u00e0 l'essence, que pour les voitures \u00e9lectriques et hybrides. Si vous souhaitez obtenir plus d\u2019informations sur notre syst\u00e8me d\u2019enregistrement automatique des d\u00e9placements, ou vous \u00eates int\u00e9ress\u00e9 par l'une de nos autres solutions de tracking ou de monitoring, laissez-nous vos coordonn\u00e9es via le <a href=\"https:\/\/www.traxgo.be\/fr\/contact\/\">formulaire de contact<\/a>.<\/p>\n<p>&nbsp;<\/p>\n<p><strong>D\u00e9couvrez \u00e9galement tout sur:<\/strong><\/p>\n<ul>\n<li><a href=\"https:\/\/www.traxgo.be\/fr\/online-track-et-trace-et-systemes-de-localisation\/enregistrement-des-presences-checkinatwork\/\">Checkinatwork<\/a><\/li>\n<li><a href=\"https:\/\/www.traxgo.be\/fr\/pointeuse\/\">Pointeuse<\/a><\/li>\n<li><a href=\"https:\/\/www.traxgo.be\/fr\/online-track-et-trace-et-systemes-de-localisation\/localisation-machines\/\">Syst\u00e8me de localisation de vos machines<\/a> <a href=\"https:\/\/www.traxgo.be\/fr\/localisation-de-remorques\/\">et remorques<\/a><\/li>\n<li><a href=\"https:\/\/www.traxgo.be\/fr\/online-track-et-trace-et-systemes-de-localisation\/\">Autres solutions<\/a><\/li>\n<\/ul>\n","protected":false},"excerpt":{"rendered":"<p>Enregistrement des d\u00e9placements Avantages de l\u2019enregistrement automatique des d\u00e9placements L\u2019enregistrement automatique des d\u00e9placements vous permet de conna\u00eetre avec exactitude la localisation de vos v\u00e9hicules, le nombre de kilom\u00e8tres parcourus et le temps pass\u00e9 sur la route.\u00a0 On y a souvent recours en raison de son efficacit\u00e9\u00a0: tous les kilom\u00e8tres et les temps de parcours sont [&hellip;]<\/p>\n","protected":false},"author":7,"featured_media":292,"parent":0,"menu_order":0,"comment_status":"closed","ping_status":"closed","template":"","meta":{"_acf_changed":false,"footnotes":""},"class_list":["post-3266","page","type-page","status-publish","has-post-thumbnail","hentry"],"acf":[],"_links":{"self":[{"href":"https:\/\/www.traxgo.be\/fr\/wp-json\/wp\/v2\/pages\/3266","targetHints":{"allow":["GET"]}}],"collection":[{"href":"https:\/\/www.traxgo.be\/fr\/wp-json\/wp\/v2\/pages"}],"about":[{"href":"https:\/\/www.traxgo.be\/fr\/wp-json\/wp\/v2\/types\/page"}],"author":[{"embeddable":true,"href":"https:\/\/www.traxgo.be\/fr\/wp-json\/wp\/v2\/users\/7"}],"replies":[{"embeddable":true,"href":"https:\/\/www.traxgo.be\/fr\/wp-json\/wp\/v2\/comments?post=3266"}],"version-history":[{"count":15,"href":"https:\/\/www.traxgo.be\/fr\/wp-json\/wp\/v2\/pages\/3266\/revisions"}],"predecessor-version":[{"id":14614,"href":"https:\/\/www.traxgo.be\/fr\/wp-json\/wp\/v2\/pages\/3266\/revisions\/14614"}],"wp:featuredmedia":[{"embeddable":true,"href":"https:\/\/www.traxgo.be\/fr\/wp-json\/wp\/v2\/media\/292"}],"wp:attachment":[{"href":"https:\/\/www.traxgo.be\/fr\/wp-json\/wp\/v2\/media?parent=3266"}],"curies":[{"name":"wp","href":"https:\/\/api.w.org\/{rel}","templated":true}]}}