{"id":3284,"date":"2019-02-01T13:11:17","date_gmt":"2019-02-01T13:11:17","guid":{"rendered":"https:\/\/www.traxgo.be\/?page_id=3284"},"modified":"2022-05-02T08:52:11","modified_gmt":"2022-05-02T08:52:11","slug":"construbadge","status":"publish","type":"page","link":"https:\/\/www.traxgo.be\/fr\/construbadge\/","title":{"rendered":"ConstruBadge"},"content":{"rendered":"<h2>ConstruBadge<\/h2>\n<h3><img loading=\"lazy\" decoding=\"async\" class=\"alignright wp-image-4811\" src=\"https:\/\/www.traxgo.be\/wp-content\/uploads\/2019\/11\/photo-1541888946425-d81bb19240f5.jpeg\" alt=\"ConstruBadge - moyen d\u2019identification visuel pour les ouvriers de la construction\" width=\"580\" height=\"387\" srcset=\"https:\/\/www.traxgo.be\/wp-content\/uploads\/2019\/11\/photo-1541888946425-d81bb19240f5.jpeg 1350w, https:\/\/www.traxgo.be\/wp-content\/uploads\/2019\/11\/photo-1541888946425-d81bb19240f5-300x200.jpeg 300w, https:\/\/www.traxgo.be\/wp-content\/uploads\/2019\/11\/photo-1541888946425-d81bb19240f5-768x512.jpeg 768w, https:\/\/www.traxgo.be\/wp-content\/uploads\/2019\/11\/photo-1541888946425-d81bb19240f5-1024x683.jpeg 1024w\" sizes=\"auto, (max-width: 580px) 100vw, 580px\" \/><strong>Qu\u2019est-ce que le ConstruBadge\u00a0?<\/strong><\/h3>\n<p>Le ConstruBadge sert de moyen d\u2019identification visuel pour les ouvriers de la construction. Ils doivent le porter visiblement lorsqu\u2019ils entrent sur les chantiers.<\/p>\n<h3><strong>\u00c0 quoi le badge sert-il\u00a0?<\/strong><\/h3>\n<p>Le ConstruBadge est une cons\u00e9quence du plan strat\u00e9gique par lequel les partenaires sociaux du secteur de la construction entendent instaurer un climat de saine concurrence et ainsi mettre fin au dumping social.<\/p>\n<h3><strong>Quelles donn\u00e9es le ConstruBadge contient-il\u00a0?<\/strong><\/h3>\n<p>Le badge contient toutes les informations n\u00e9cessaires \u00e0 l\u2019identification du travailleur : sa photo et son nom, le nom de son employeur, leurs num\u00e9ros d\u2019identification, son num\u00e9ro de carte, son code-barre et sa date d\u2019expiration.<\/p>\n<h3><strong>Qui re\u00e7oit un ConstruBadge\u00a0?<\/strong><\/h3>\n<p>Tout ouvrier du b\u00e2timent connu de l\u2019ONSS re\u00e7oit automatiquement un ConstruBadge. Vous n\u2019avez donc pas \u00e0 en faire la demande. Sont \u00e0 la fois concern\u00e9s les ouvriers d\u2019entreprises de construction belges et les ouvriers d\u2019employeurs \u00e9trangers qui effectuent des travaux sur le territoire belge. Les travailleurs int\u00e9rimaires qui rel\u00e8vent de ces cat\u00e9gories re\u00e7oivent \u00e9galement un ConstruBadge.<\/p>\n<p>Il se peut que l\u2019employeur re\u00e7oive le ConstruBadge de ses travailleurs, mais uniquement dans les cas suivants\u00a0:<\/p>\n<ul>\n<li>L\u2019ouvrier n\u2019a pas de domicile officiel en Belgique, aux Pays-Bas, au Luxembourg, en France ou en Allemagne<\/li>\n<li>Un badge de remplacement a \u00e9t\u00e9 demand\u00e9 pour l\u2019ouvrier.<\/li>\n<\/ul>\n<h3><strong>Mon ouvrier n\u2019a pas re\u00e7u de badge ConstruBadge\u00a0: pourquoi\u00a0?<\/strong><\/h3>\n<p>Lorsque vous engagez un nouvel ouvrier, vous devez d\u2019abord le d\u00e9clarer au secr\u00e9tariat social. Accomplissez cette d\u00e9marche le plus rapidement possible pour que le ConstruBadge puisse \u00eatre cr\u00e9\u00e9. Ce n\u2019est que lorsque l\u2019ONSS dispose des donn\u00e9es de l\u2019ouvrier concern\u00e9 que ce dernier re\u00e7oit un badge.<\/p>\n<p>Il peut \u00e9galement arriver que votre ouvrier n\u2019ait pas re\u00e7u de ConstruBadge parce qu\u2019il n\u2019est pas domicili\u00e9 en Belgique. Il n\u2019existe donc pas de photo de lui dans le registre national. Avant de pouvoir cr\u00e9er le badge, vous devrez t\u00e9l\u00e9charger une photo de cet ouvrier via le portail en ligne pour que le ConstruBadge puisse \u00eatre cr\u00e9\u00e9 le plus rapidement possible.<\/p>\n<p>Les personnes souffrant d\u2019une incapacit\u00e9 de longue dur\u00e9e et les retrait\u00e9s ne re\u00e7oivent pas non plus un ConstruBadge automatiquement. Ce n\u2019est le cas que lorsqu\u2019ils indiquent qu\u2019ils reprennent le travail.<\/p>\n<h3><strong>Comment m\u2019inscrire \u00e0 l\u2019application en ligne\u00a0?<\/strong><\/h3>\n<p>Vous recevez automatiquement un courrier contenant un code d\u2019acc\u00e8s vous permettant de vous connecter au portail. Vous pouvez ensuite cr\u00e9er un compte au moyen de votre num\u00e9ro BCE et du code. Apr\u00e8s avoir activ\u00e9 votre compte, vous pouvez notamment t\u00e9l\u00e9charger un aper\u00e7u de tous les ConstruBadges, demander un badge de remplacement, t\u00e9l\u00e9charger une photo s\u2019il n\u2019en existe pas pour un ouvrier sp\u00e9cifique et inviter d\u2019autres utilisateurs \u00e0 utiliser la plate-forme.<\/p>\n<h3><strong>Quels sont les avantages du ConstruBadge\u00a0?<\/strong><\/h3>\n<p>En plus d\u2019\u00eatre un moyen d\u2019identification, le badge est \u00e9galement un outil utile pour l\u2019enregistrement des temps via l\u2019application Track-and-Trace de Traxgo. Comme le badge contient d\u00e9j\u00e0 les donn\u00e9es ONSS de l\u2019ouvrier, vous pouvez assurer le suivi des pr\u00e9sences sur le chantier en toute simplicit\u00e9.<\/p>\n<p><a class=\"button cta\" href=\"#contact\">Plus d'information? <strong>Contactez-nous<\/strong><\/a><\/p>\n<p>&nbsp;<\/p>\n<p>Consultez \u00e9galement\u00a0:<\/p>\n<ul>\n<li><a href=\"https:\/\/www.traxgo.be\/fr\/legislation-relative-a-checkinatwork\/\">L\u00e9gislation <\/a>relative \u00e0 CheckInAtWork<\/li>\n<li><a href=\"https:\/\/www.traxgo.be\/fr\/declaration-de-travaux\/\">D\u00e9claration de chantier<\/a><\/li>\n<li><a href=\"https:\/\/www.traxgo.be\/fr\/enregistrement-des-presences\/\">Le motif sous-jacent de l\u2019enregistrement des pr\u00e9sences\u00a0<\/a>?<\/li>\n<li><a href=\"https:\/\/www.traxgo.be\/fr\/suivi-de-la-planification-du-personnel\/\">Checkinatwork\u00a0: l\u2019outil id\u00e9al pour le suivi de votre planification du personnel<\/a><\/li>\n<li><a href=\"https:\/\/www.traxgo.be\/fr\/planification-des-conges\/\">Planification des cong\u00e9s\u00a0? Facilitez-vous la t\u00e2che<\/a><\/li>\n<li>Enregistrement des pr\u00e9sences dans le secteur de la construction\u00a0: <a href=\"https:\/\/www.traxgo.be\/fr\/systeme-denregistrement-des-presences-dans-la-construction\/\">articles 1<\/a> et <a href=\"https:\/\/www.traxgo.be\/fr\/systeme-denregistrement-des-presences-dans-le-secteur-de-la-construction\/\">2<\/a><\/li>\n<li><a href=\"https:\/\/www.traxgo.be\/fr\/gestiondespresences\/\">Gestion des pr\u00e9sences<\/a><\/li>\n<\/ul>\n<p>&nbsp;<\/p>\n<p>&nbsp;<\/p>\n","protected":false},"excerpt":{"rendered":"<p>ConstruBadge Qu\u2019est-ce que le ConstruBadge\u00a0? Le ConstruBadge sert de moyen d\u2019identification visuel pour les ouvriers de la construction. Ils doivent le porter visiblement lorsqu\u2019ils entrent sur les chantiers. \u00c0 quoi le badge sert-il\u00a0? Le ConstruBadge est une cons\u00e9quence du plan strat\u00e9gique par lequel les partenaires sociaux du secteur de la construction entendent instaurer un climat [&hellip;]<\/p>\n","protected":false},"author":7,"featured_media":2911,"parent":0,"menu_order":0,"comment_status":"closed","ping_status":"closed","template":"","meta":{"_acf_changed":false,"footnotes":""},"class_list":["post-3284","page","type-page","status-publish","has-post-thumbnail","hentry"],"acf":[],"_links":{"self":[{"href":"https:\/\/www.traxgo.be\/fr\/wp-json\/wp\/v2\/pages\/3284","targetHints":{"allow":["GET"]}}],"collection":[{"href":"https:\/\/www.traxgo.be\/fr\/wp-json\/wp\/v2\/pages"}],"about":[{"href":"https:\/\/www.traxgo.be\/fr\/wp-json\/wp\/v2\/types\/page"}],"author":[{"embeddable":true,"href":"https:\/\/www.traxgo.be\/fr\/wp-json\/wp\/v2\/users\/7"}],"replies":[{"embeddable":true,"href":"https:\/\/www.traxgo.be\/fr\/wp-json\/wp\/v2\/comments?post=3284"}],"version-history":[{"count":6,"href":"https:\/\/www.traxgo.be\/fr\/wp-json\/wp\/v2\/pages\/3284\/revisions"}],"predecessor-version":[{"id":10915,"href":"https:\/\/www.traxgo.be\/fr\/wp-json\/wp\/v2\/pages\/3284\/revisions\/10915"}],"wp:featuredmedia":[{"embeddable":true,"href":"https:\/\/www.traxgo.be\/fr\/wp-json\/wp\/v2\/media\/2911"}],"wp:attachment":[{"href":"https:\/\/www.traxgo.be\/fr\/wp-json\/wp\/v2\/media?parent=3284"}],"curies":[{"name":"wp","href":"https:\/\/api.w.org\/{rel}","templated":true}]}}