{"id":3288,"date":"2019-02-01T13:19:14","date_gmt":"2019-02-01T13:19:14","guid":{"rendered":"https:\/\/www.traxgo.be\/?page_id=3288"},"modified":"2025-03-04T10:25:58","modified_gmt":"2025-03-04T10:25:58","slug":"lisabadge","status":"publish","type":"page","link":"https:\/\/www.traxgo.be\/fr\/lisabadge\/","title":{"rendered":"LISAbadge"},"content":{"rendered":"<h2>LISAbadge<\/h2>\n<h3><img loading=\"lazy\" decoding=\"async\" class=\"alignright wp-image-11382\" src=\"https:\/\/www.traxgo.be\/wp-content\/uploads\/2022\/05\/lisabadge-mensen-bouw-1.jpg\" alt=\"LISAbadge: moyen d'identification visual pour les ouvriers sur le chantier\" width=\"580\" height=\"387\" srcset=\"https:\/\/www.traxgo.be\/wp-content\/uploads\/2022\/05\/lisabadge-mensen-bouw-1.jpg 750w, https:\/\/www.traxgo.be\/wp-content\/uploads\/2022\/05\/lisabadge-mensen-bouw-1-300x200.jpg 300w\" sizes=\"auto, (max-width: 580px) 100vw, 580px\" \/><strong>\u00c0 qui s\u2019adresse le LISAbadge\u00a0?<\/strong><\/h3>\n<p>Le LISAbadge s\u2019adresse \u00e0 tous ceux qui travaillent dans l\u2019industrie de la construction\u00a0: toute personne impliqu\u00e9e dans les activit\u00e9s du chantier, quel que soit son statut ou sa commission paritaire. Il s\u2019agit donc aussi bien des ouvriers et des employ\u00e9s que des \u00e9lectriciens et des ind\u00e9pendants.<\/p>\n<h3><strong>Quel est l\u2019avantage du LISAbadge\u00a0?<\/strong><\/h3>\n<p>Le LISAbadge vous permet d\u2019effectuer des enregistrements et donc de respecter les obligations de l\u2019ONSS. Vous \u00e9vitez donc les amendes en cas d\u2019inspection. Le LISAbadge est compatible avec la plate-forme Track-and-Trace de Traxgo et facilite ainsi l\u2019enregistrement des temps de vos travailleurs.<\/p>\n<p>Le LISAbadge a \u00e9t\u00e9 con\u00e7u par des entrepreneurs et r\u00e9pond donc \u00e0 leurs besoins. Il vous permet d\u2019assurer un suivi de votre administration de mani\u00e8re plus efficace.<\/p>\n<p>Le badge vous donne acc\u00e8s \u00e0 une plate-forme s\u00e9curis\u00e9e sur laquelle vous pouvez consulter toutes les donn\u00e9es des utilisateurs enregistr\u00e9s. L\u2019environnement en ligne vous fournit des informations pertinentes sur les chantiers qui vous concernent.<\/p>\n<p>Pour obtenir un LISAbadge, vous devez d\u2019abord acheter un code de fabrication. Ce dernier vous permet d\u2019acc\u00e9der \u00e0 la plate-forme et de saisir une adresse \u00e0 laquelle le badge peut \u00eatre envoy\u00e9.<\/p>\n<div style=\"padding: 0px 35px; background-color: #eeeeee; display: inline-block;\">\n<h3>Pour quoi pouvez-vous contacter Traxgo?<\/h3>\n<p>Pour acheter un LisaBadge vous-m\u00eame, nous souhaitons vous r\u00e9f\u00e9rer \u00e0 <a href=\"https:\/\/www.tobelisa.be\/fr\/lisabadge\" target=\"_blank\" rel=\"noopener noreferrer\">tobelisa.be<\/a>. Cependant, si vous souhaitez faire un lien entre les donn\u00e9es de LisaBadge et les informations de suivi et de trace, vous \u00eates au bon endroit. Avec un syst\u00e8me de badges dans vos v\u00e9hicules ou via une <a href=\"https:\/\/www.traxgo.be\/fr\/pointeuse\/\">pointeuse mobile<\/a> sur le chantier, nous pouvons automatiser votre <a href=\"https:\/\/www.traxgo.be\/fr\/online-track-et-trace-et-systemes-de-localisation\/enregistrement-des-presences-checkinatwork\/\">enregistrement Checkinatwork<\/a>.<\/p>\n<\/div>\n<p><a class=\"button cta\" href=\"#contact\">Plus d'information? <strong>Contactez-nous<\/strong><\/a><\/p>\n<p>&nbsp;<\/p>\n<p><strong>Consultez \u00e9galement\u00a0:<\/strong><\/p>\n<ul>\n<li><a href=\"https:\/\/www.traxgo.be\/fr\/legislation-relative-a-checkinatwork\/\">L\u00e9gislation <\/a>relative \u00e0 CheckInAtWork<\/li>\n<li><a href=\"https:\/\/www.traxgo.be\/fr\/declaration-de-travaux\/\">D\u00e9claration de chantier<\/a><\/li>\n<li><a href=\"https:\/\/www.traxgo.be\/fr\/enregistrement-des-presences\/\">Le motif sous-jacent de l\u2019enregistrement des pr\u00e9sences\u00a0<\/a>?<\/li>\n<li><a href=\"https:\/\/www.traxgo.be\/fr\/suivi-de-la-planification-du-personnel\/\">Checkinatwork\u00a0: l\u2019outil id\u00e9al pour le suivi de votre planification du personnel<\/a><\/li>\n<li><a href=\"https:\/\/www.traxgo.be\/fr\/planification-des-conges\/\">Planification des cong\u00e9s\u00a0? Facilitez-vous la t\u00e2che<\/a><\/li>\n<li>Enregistrement des pr\u00e9sences dans le secteur de la construction\u00a0: <a href=\"https:\/\/www.traxgo.be\/fr\/systeme-denregistrement-des-presences-dans-la-construction\/\">articles 1<\/a> et <a href=\"https:\/\/www.traxgo.be\/fr\/systeme-denregistrement-des-presences-dans-le-secteur-de-la-construction\/\">2<\/a><\/li>\n<li><a href=\"https:\/\/www.traxgo.be\/fr\/gestiondespresences\/\">Gestion des pr\u00e9sences<\/a><\/li>\n<\/ul>\n","protected":false},"excerpt":{"rendered":"<p>LISAbadge \u00c0 qui s\u2019adresse le LISAbadge\u00a0? Le LISAbadge s\u2019adresse \u00e0 tous ceux qui travaillent dans l\u2019industrie de la construction\u00a0: toute personne impliqu\u00e9e dans les activit\u00e9s du chantier, quel que soit son statut ou sa commission paritaire. Il s\u2019agit donc aussi bien des ouvriers et des employ\u00e9s que des \u00e9lectriciens et des ind\u00e9pendants. Quel est l\u2019avantage [&hellip;]<\/p>\n","protected":false},"author":7,"featured_media":2919,"parent":0,"menu_order":0,"comment_status":"closed","ping_status":"closed","template":"","meta":{"_acf_changed":false,"footnotes":""},"class_list":["post-3288","page","type-page","status-publish","has-post-thumbnail","hentry"],"acf":[],"_links":{"self":[{"href":"https:\/\/www.traxgo.be\/fr\/wp-json\/wp\/v2\/pages\/3288","targetHints":{"allow":["GET"]}}],"collection":[{"href":"https:\/\/www.traxgo.be\/fr\/wp-json\/wp\/v2\/pages"}],"about":[{"href":"https:\/\/www.traxgo.be\/fr\/wp-json\/wp\/v2\/types\/page"}],"author":[{"embeddable":true,"href":"https:\/\/www.traxgo.be\/fr\/wp-json\/wp\/v2\/users\/7"}],"replies":[{"embeddable":true,"href":"https:\/\/www.traxgo.be\/fr\/wp-json\/wp\/v2\/comments?post=3288"}],"version-history":[{"count":11,"href":"https:\/\/www.traxgo.be\/fr\/wp-json\/wp\/v2\/pages\/3288\/revisions"}],"predecessor-version":[{"id":17222,"href":"https:\/\/www.traxgo.be\/fr\/wp-json\/wp\/v2\/pages\/3288\/revisions\/17222"}],"wp:featuredmedia":[{"embeddable":true,"href":"https:\/\/www.traxgo.be\/fr\/wp-json\/wp\/v2\/media\/2919"}],"wp:attachment":[{"href":"https:\/\/www.traxgo.be\/fr\/wp-json\/wp\/v2\/media?parent=3288"}],"curies":[{"name":"wp","href":"https:\/\/api.w.org\/{rel}","templated":true}]}}