{"id":3372,"date":"2019-02-06T08:59:21","date_gmt":"2019-02-06T08:59:21","guid":{"rendered":"https:\/\/www.traxgo.be\/?page_id=3372"},"modified":"2022-05-05T12:23:06","modified_gmt":"2022-05-05T12:23:06","slug":"gestion-des-feuilles-des-heures","status":"publish","type":"page","link":"https:\/\/www.traxgo.be\/fr\/gestion-des-feuilles-des-heures\/","title":{"rendered":"Gestion des feuilles des heures"},"content":{"rendered":"<h2><strong>Gestion des feuilles des heures<\/strong><\/h2>\n<p><img loading=\"lazy\" decoding=\"async\" class=\"alignright wp-image-3800\" src=\"https:\/\/www.traxgo.be\/wp-content\/uploads\/2019\/04\/Urenregistratie4.jpg\" alt=\"Gestion des feuilles des heures - Enregistrer les heures de travail\" width=\"580\" height=\"386\" srcset=\"https:\/\/www.traxgo.be\/wp-content\/uploads\/2019\/04\/Urenregistratie4.jpg 626w, https:\/\/www.traxgo.be\/wp-content\/uploads\/2019\/04\/Urenregistratie4-300x200.jpg 300w\" sizes=\"auto, (max-width: 580px) 100vw, 580px\" \/>La d\u00e9finition des feuilles des heures est la suivante\u00a0: \u00ab\u00a0formulaires sur lesquels un travailleur peut indiquer le nombre d\u2019heures qu\u2019il a consacr\u00e9es \u00e0 un projet\u00a0\u00bb. La feuille des heures est g\u00e9n\u00e9ralement remplie chaque semaine. Auparavant, le travailleur la compl\u00e9tait manuellement, avant que le service administratif ne la saisisse dans un syst\u00e8me. Heureusement, ce travail fastidieux de gestion des feuilles de temps appartient \u00e0 une \u00e9poque r\u00e9volue\u00a0!<\/p>\n<p>La solution Track-and-Trace de Traxgo vous permet de centraliser et de suivre automatiquement votre enregistrement des heures en \u00e9vitant de nombreuses \u00e9tapes de l\u2019ancienne m\u00e9thode.\u00a0 En effet, le syst\u00e8me renseigne automatiquement les heures et les traite lui-m\u00eame. Les feuilles des heures sont donc reli\u00e9es \u00e0 d\u2019autres syst\u00e8mes, si bien que le suivi de l\u2019ensemble est extr\u00eamement ais\u00e9.<\/p>\n<p>L\u2019utilisation du syst\u00e8me Track-and-Trace pour assurer la gestion des feuilles des heures vous permet de conna\u00eetre rapidement le nombre d\u2019heures travaill\u00e9es, de jours travaill\u00e9s et les lieux o\u00f9 ont eu lieu les prestations. Vous obtenez donc \u00e9galement une meilleure vue d\u2019ensemble de votre planification du personnel et de vos co\u00fbts.<\/p>\n<p><a class=\"button cta\" href=\"#contact\">Plus d'information? <strong>Contactez-nous<\/strong><\/a><\/p>\n<p>&nbsp;<\/p>\n<p><strong>Consultez \u00e9galement\u00a0:<\/strong><\/p>\n<ul>\n<li><a href=\"https:\/\/www.traxgo.be\/fr\/legislation-relative-a-checkinatwork\/\">L\u00e9gislation <\/a>relative \u00e0 CheckInAtWork<\/li>\n<li><a href=\"https:\/\/www.traxgo.be\/fr\/declaration-de-travaux\/\">D\u00e9claration de chantier<\/a><\/li>\n<li><a href=\"https:\/\/www.traxgo.be\/fr\/enregistrement-des-presences\/\">Le motif sous-jacent de l\u2019enregistrement des pr\u00e9sences\u00a0<\/a>?<\/li>\n<li><a href=\"https:\/\/www.traxgo.be\/fr\/suivi-de-la-planification-du-personnel\/\">Checkinatwork\u00a0: l\u2019outil id\u00e9al pour le suivi de votre planification du personnel<\/a><\/li>\n<li><a href=\"https:\/\/www.traxgo.be\/fr\/planification-des-conges\/\">Planification des cong\u00e9s\u00a0? Facilitez-vous la t\u00e2che<\/a><\/li>\n<li>Enregistrement des pr\u00e9sences dans le secteur de la construction\u00a0: <a href=\"https:\/\/www.traxgo.be\/fr\/systeme-denregistrement-des-presences-dans-la-construction\/\">articles 1<\/a> et <a href=\"https:\/\/www.traxgo.be\/fr\/systeme-denregistrement-des-presences-dans-le-secteur-de-la-construction\/\">2<\/a><\/li>\n<li><a href=\"https:\/\/www.traxgo.be\/fr\/gestiondespresences\/\">Gestion des pr\u00e9sences<\/a><\/li>\n<\/ul>\n","protected":false},"excerpt":{"rendered":"<p>Gestion des feuilles des heures La d\u00e9finition des feuilles des heures est la suivante\u00a0: \u00ab\u00a0formulaires sur lesquels un travailleur peut indiquer le nombre d\u2019heures qu\u2019il a consacr\u00e9es \u00e0 un projet\u00a0\u00bb. La feuille des heures est g\u00e9n\u00e9ralement remplie chaque semaine. Auparavant, le travailleur la compl\u00e9tait manuellement, avant que le service administratif ne la saisisse dans un [&hellip;]<\/p>\n","protected":false},"author":7,"featured_media":2954,"parent":0,"menu_order":0,"comment_status":"closed","ping_status":"closed","template":"","meta":{"_acf_changed":false,"footnotes":""},"class_list":["post-3372","page","type-page","status-publish","has-post-thumbnail","hentry"],"acf":[],"_links":{"self":[{"href":"https:\/\/www.traxgo.be\/fr\/wp-json\/wp\/v2\/pages\/3372","targetHints":{"allow":["GET"]}}],"collection":[{"href":"https:\/\/www.traxgo.be\/fr\/wp-json\/wp\/v2\/pages"}],"about":[{"href":"https:\/\/www.traxgo.be\/fr\/wp-json\/wp\/v2\/types\/page"}],"author":[{"embeddable":true,"href":"https:\/\/www.traxgo.be\/fr\/wp-json\/wp\/v2\/users\/7"}],"replies":[{"embeddable":true,"href":"https:\/\/www.traxgo.be\/fr\/wp-json\/wp\/v2\/comments?post=3372"}],"version-history":[{"count":9,"href":"https:\/\/www.traxgo.be\/fr\/wp-json\/wp\/v2\/pages\/3372\/revisions"}],"predecessor-version":[{"id":11121,"href":"https:\/\/www.traxgo.be\/fr\/wp-json\/wp\/v2\/pages\/3372\/revisions\/11121"}],"wp:featuredmedia":[{"embeddable":true,"href":"https:\/\/www.traxgo.be\/fr\/wp-json\/wp\/v2\/media\/2954"}],"wp:attachment":[{"href":"https:\/\/www.traxgo.be\/fr\/wp-json\/wp\/v2\/media?parent=3372"}],"curies":[{"name":"wp","href":"https:\/\/api.w.org\/{rel}","templated":true}]}}