{"id":3375,"date":"2019-02-06T09:07:44","date_gmt":"2019-02-06T09:07:44","guid":{"rendered":"https:\/\/www.traxgo.be\/?page_id=3375"},"modified":"2022-06-02T11:50:34","modified_gmt":"2022-06-02T11:50:34","slug":"gestiondespresences","status":"publish","type":"page","link":"https:\/\/www.traxgo.be\/fr\/gestiondespresences\/","title":{"rendered":"Gestion des pr\u00e9sences"},"content":{"rendered":"<h2><strong>Gestion des pr\u00e9sences<\/strong><\/h2>\n<h3><strong>Pointeuse CheckInAtWork de Traxgo<\/strong><\/h3>\n<p>La pointeuse mobile de Traxgo est un outil indispensable pour l\u2019enregistrement des pr\u00e9sences de vos employ\u00e9s et sous-traitants pour <a href=\"https:\/\/www.traxgo.be\/fr\/online-track-et-trace-et-systemes-de-localisation\/enregistrement-des-presences-checkinatwork\/\">CheckInAtWork.<\/a>\u00a0Il vous permet d\u2019enregistrer les temps de votre personnel de mani\u00e8re autonome, mais aussi de dresser automatiquement l\u2019inventaire des outils et \u00e9quipements pr\u00e9sents sur votre chantier. Un outil qui vous facilite grandement la gestion des pr\u00e9sences.<\/p>\n<p><strong>Vos avantages:<\/strong><img loading=\"lazy\" decoding=\"async\" class=\"alignright wp-image-2606 size-medium\" title=\"Simplifiez l'enregistrement des pr\u00e9sences de vos employ\u00e9s\" src=\"https:\/\/www.traxgo.be\/wp-content\/uploads\/2018\/10\/Beheer-aanwezigheden-oogje-300x200.jpg\" alt=\"Simplifiez l'enregistrement des pr\u00e9sences de vos employ\u00e9s\" width=\"300\" height=\"200\" srcset=\"https:\/\/www.traxgo.be\/wp-content\/uploads\/2018\/10\/Beheer-aanwezigheden-oogje-300x200.jpg 300w, https:\/\/www.traxgo.be\/wp-content\/uploads\/2018\/10\/Beheer-aanwezigheden-oogje-768x512.jpg 768w, https:\/\/www.traxgo.be\/wp-content\/uploads\/2018\/10\/Beheer-aanwezigheden-oogje.jpg 960w\" sizes=\"auto, (max-width: 300px) 100vw, 300px\" \/><\/p>\n<ul class=\"advantages\">\n<li>Gestion z\u00e9ro papier de vos chantiers et simplification de votre administration<\/li>\n<li>Lecture automatique des donn\u00e9es sur le ConstruBadge et le LisaBadge<\/li>\n<li>Suivi en temps r\u00e9el de la pr\u00e9sence de votre personnel et de vos ouvriers sur les chantiers<\/li>\n<li>Inventaire automatique de vos \u00e9quipements de travail et mat\u00e9riel (sur le chantier)<\/li>\n<li>Consultation des rapports de badges par personne et par lieu de travail<\/li>\n<li>Contr\u00f4le des pr\u00e9sences sur le chantier<\/li>\n<\/ul>\n<p>Si vous souhaitez obtenir plus d\u2019informations sur la gestion des pr\u00e9sences, contactez-nous au moyen du <a href=\"https:\/\/www.traxgo.be\/en\/contact\/\">formulaire<\/a> de notre site.<\/p>\n<p><a class=\"button cta\" href=\"#contact\">Plus d'information? <strong>Contactez-nous<\/strong><\/a><\/p>\n<p>&nbsp;<\/p>\n<p><strong>D\u00e9couvrez \u00e9galement tout sur\u00a0:<\/strong><\/p>\n<ul>\n<li><a href=\"https:\/\/www.traxgo.be\/fr\/online-track-et-trace-et-systemes-de-localisation\/enregistrement-des-presences-checkinatwork\/\">Checkinatwork<\/a><\/li>\n<li><a href=\"https:\/\/www.traxgo.be\/fr\/pointeuse\/\">Pointeuse<\/a><\/li>\n<li><a href=\"https:\/\/www.traxgo.be\/fr\/online-track-et-trace-et-systemes-de-localisation\/localisation-machines\/\">Syst\u00e8me de localisation de vos machines<\/a> <a href=\"https:\/\/www.traxgo.be\/fr\/localisation-de-remorques\/\">et remorques<\/a><\/li>\n<li><a href=\"https:\/\/www.traxgo.be\/fr\/online-track-et-trace-et-systemes-de-localisation\/\">Autres solutions<\/a><\/li>\n<\/ul>\n","protected":false},"excerpt":{"rendered":"<p>Gestion des pr\u00e9sences Pointeuse CheckInAtWork de Traxgo La pointeuse mobile de Traxgo est un outil indispensable pour l\u2019enregistrement des pr\u00e9sences de vos employ\u00e9s et sous-traitants pour CheckInAtWork.\u00a0Il vous permet d\u2019enregistrer les temps de votre personnel de mani\u00e8re autonome, mais aussi de dresser automatiquement l\u2019inventaire des outils et \u00e9quipements pr\u00e9sents sur votre chantier. Un outil qui [&hellip;]<\/p>\n","protected":false},"author":7,"featured_media":2612,"parent":0,"menu_order":0,"comment_status":"closed","ping_status":"closed","template":"","meta":{"_acf_changed":false,"footnotes":""},"class_list":["post-3375","page","type-page","status-publish","has-post-thumbnail","hentry"],"acf":[],"_links":{"self":[{"href":"https:\/\/www.traxgo.be\/fr\/wp-json\/wp\/v2\/pages\/3375","targetHints":{"allow":["GET"]}}],"collection":[{"href":"https:\/\/www.traxgo.be\/fr\/wp-json\/wp\/v2\/pages"}],"about":[{"href":"https:\/\/www.traxgo.be\/fr\/wp-json\/wp\/v2\/types\/page"}],"author":[{"embeddable":true,"href":"https:\/\/www.traxgo.be\/fr\/wp-json\/wp\/v2\/users\/7"}],"replies":[{"embeddable":true,"href":"https:\/\/www.traxgo.be\/fr\/wp-json\/wp\/v2\/comments?post=3375"}],"version-history":[{"count":6,"href":"https:\/\/www.traxgo.be\/fr\/wp-json\/wp\/v2\/pages\/3375\/revisions"}],"predecessor-version":[{"id":11435,"href":"https:\/\/www.traxgo.be\/fr\/wp-json\/wp\/v2\/pages\/3375\/revisions\/11435"}],"wp:featuredmedia":[{"embeddable":true,"href":"https:\/\/www.traxgo.be\/fr\/wp-json\/wp\/v2\/media\/2612"}],"wp:attachment":[{"href":"https:\/\/www.traxgo.be\/fr\/wp-json\/wp\/v2\/media?parent=3375"}],"curies":[{"name":"wp","href":"https:\/\/api.w.org\/{rel}","templated":true}]}}