{"id":3391,"date":"2019-02-06T11:36:41","date_gmt":"2019-02-06T11:36:41","guid":{"rendered":"https:\/\/www.traxgo.be\/?page_id=3391"},"modified":"2025-07-09T13:36:57","modified_gmt":"2025-07-09T13:36:57","slug":"tracking","status":"publish","type":"page","link":"https:\/\/www.traxgo.be\/fr\/tracking\/","title":{"rendered":"Tracking"},"content":{"rendered":"<p style=\"text-align: left;\">Traxgo est sp\u00e9cialis\u00e9 dans la fourniture de syst\u00e8mes de suivi et de tra\u00e7abilit\u00e9 pour les applications suivantes.<\/p>\n<h2>Syst\u00e8mes de suivi pour v\u00e9hicules<\/h2>\n<p><img loading=\"lazy\" decoding=\"async\" class=\"alignright size-medium wp-image-7896\" src=\"https:\/\/www.traxgo.be\/wp-content\/uploads\/2021\/02\/tracking-voertuigen-300x200.jpg\" alt=\"Un syst\u00e8me de suivi des v\u00e9hicules (voitures, camions, ...).\" width=\"300\" height=\"200\" srcset=\"https:\/\/www.traxgo.be\/wp-content\/uploads\/2021\/02\/tracking-voertuigen-300x200.jpg 300w, https:\/\/www.traxgo.be\/wp-content\/uploads\/2021\/02\/tracking-voertuigen.jpg 768w\" sizes=\"auto, (max-width: 300px) 100vw, 300px\" \/>Un traceur GPS install\u00e9 dans votre v\u00e9hicule envoie \u00e0 intervalles r\u00e9guliers des informations importantes sur le v\u00e9hicule, comme sa localisation ou sa vitesse, vers un serveur via une liaison GPRS\/GSM. Vos donn\u00e9es sont trait\u00e9es sur ce serveur s\u00e9curis\u00e9. Vous vous connectez comme client sur\u00a0<strong>notre\u00a0<a href=\"https:\/\/www.traxgo.be\/fr\/logiciel-track-trace\/\">plate-forme Traxgo<\/a>\u00a0100 % s\u00e9curis\u00e9e<\/strong>. Vous voyez les donn\u00e9es\u00a0<strong>de fa\u00e7on claire, sur une carte et dans des rapports<\/strong>. Vous pouvez ainsi suivre et g\u00e9rer vos v\u00e9hicules \u00e0 tout instant. Que votre flotte soit compos\u00e9e de voitures particuli\u00e8res, de camionnettes, de camions, ... Nous serons heureux de vous aider avec nos applications.<\/p>\n<p><a class=\"button\" href=\"https:\/\/www.traxgo.be\/fr\/online-track-et-trace-et-systemes-de-localisation\/localisation-vehicules\/\">G\u00e9olocalisation de v\u00e9hicules<\/a><\/p>\n<h2>Suivi en temps r\u00e9el des machines<\/h2>\n<p><img loading=\"lazy\" decoding=\"async\" class=\"alignright wp-image-7891 size-medium\" src=\"https:\/\/www.traxgo.be\/wp-content\/uploads\/2021\/02\/tracking-machines-300x200.jpg\" alt=\"Syst\u00e8me de suivi des machines\" width=\"300\" height=\"200\" srcset=\"https:\/\/www.traxgo.be\/wp-content\/uploads\/2021\/02\/tracking-machines-300x200.jpg 300w, https:\/\/www.traxgo.be\/wp-content\/uploads\/2021\/02\/tracking-machines.jpg 768w\" sizes=\"auto, (max-width: 300px) 100vw, 300px\" \/>Un syst\u00e8me de localisation Traxgo est install\u00e9 dans votre machine. Celui-ci transmet \u00e0 intervalles r\u00e9guliers l'emplacement et les heures de service. Ces donn\u00e9es sont ensuite transf\u00e9r\u00e9es sur\u00a0<a href=\"https:\/\/www.traxgo.be\/fr\/logiciel-track-trace\/\"><strong>la plate-forme Traxgo<\/strong><\/a>, pour<strong>\u00a0\u00eatre consult\u00e9es de fa\u00e7on claire<\/strong>, sur une carte et dans des rapports. Vous pouvez ainsi\u00a0<strong>suivre, g\u00e9rer et couper vos machines \u00e0 tout moment<\/strong>, si vous le souhaitez.<\/p>\n<p><a class=\"button\" href=\"https:\/\/www.traxgo.be\/fr\/online-track-et-trace-et-systemes-de-localisation\/localisation-machines\/\">Suivi des machines<\/a><\/p>\n<h2>Suivi et tra\u00e7abilit\u00e9 des mat\u00e9riaux<\/h2>\n<p><img loading=\"lazy\" decoding=\"async\" class=\"alignright size-medium wp-image-7900\" src=\"https:\/\/www.traxgo.be\/wp-content\/uploads\/2021\/02\/tracking-materialen-300x200.jpg\" alt=\"Syst\u00e8me de suivi des mat\u00e9riaux | Gestion du mat\u00e9riel\" width=\"300\" height=\"200\" srcset=\"https:\/\/www.traxgo.be\/wp-content\/uploads\/2021\/02\/tracking-materialen-300x200.jpg 300w, https:\/\/www.traxgo.be\/wp-content\/uploads\/2021\/02\/tracking-materialen.jpg 768w\" sizes=\"auto, (max-width: 300px) 100vw, 300px\" \/>Gr\u00e2ce \u00e0 la technologie BT, vous voyez<strong>\u00a0en un coup d'\u0153il o\u00f9 se trouvent vos mat\u00e9riaux, 7 jours sur 7, 24 heures sur 24<\/strong>. Le mat\u00e9riel est pourvu d'une petite \u00e9tiquette. Les \u00e9tiquettes sont en liaison avec un syst\u00e8me de localisation Traxgo, qui\u00a0<strong>transmet leur position de fa\u00e7on automatique et instantan\u00e9e<\/strong>. L'\u00e9tiquette BT permet donc de localiser tout votre mat\u00e9riel.<\/p>\n<p><a class=\"button\" href=\"https:\/\/www.traxgo.be\/fr\/online-track-et-trace-et-systemes-de-localisation\/localisation-materiaux\/\">Suivi des mat\u00e9riaux<\/a><\/p>\n<p>&nbsp;<\/p>\n<h3>Autres applications d'un syst\u00e8me de suivi<\/h3>\n<p>Comment nos diff\u00e9rents syst\u00e8mes de suivi et de tra\u00e7abilit\u00e9 et applications logicielles peuvent-ils contribuer \u00e0 optimiser le rendement de vos actifs pr\u00e9cieux\u00a0? D\u00e9couvrez comment des entreprises de divers secteurs utilisent quotidiennement notre <strong>technologie innovante<\/strong> pour am\u00e9liorer leurs processus op\u00e9rationnels gr\u00e2ce aux pages d'information ci-dessous.<\/p>\n<ul>\n<li><a href=\"https:\/\/www.traxgo.be\/fr\/online-track-et-trace-et-systemes-de-localisation\/equipement-portuaire\/\">Suivi des \u00e9quipements portuaires<\/a><\/li>\n<li><a href=\"https:\/\/www.traxgo.be\/fr\/suivi-de-flotte-un-systeme-de-suivi-pour-votre-flotte\/\">Un syst\u00e8me de suivi pour votre flotte<\/a><\/li>\n<li><a href=\"https:\/\/www.traxgo.be\/fr\/services-de-messagerie\/\">Services de messagerie<\/a><\/li>\n<li><a href=\"https:\/\/www.traxgo.be\/fr\/secteur-agricole\/\">Suivi et tra\u00e7abilit\u00e9 pour le secteur agricole<\/a><\/li>\n<li><a href=\"https:\/\/www.traxgo.be\/fr\/suivre-et-tracer-les-vehicules-de-service\/\">Suivre et tracer les v\u00e9hicules de service<\/a><\/li>\n<li><a href=\"https:\/\/www.traxgo.be\/fr\/track-trace-traceur-gps\/\">Track &amp; trace - Traceur GPS<\/a><\/li>\n<li><a href=\"https:\/\/www.traxgo.be\/fr\/acheter-tracker-systeme-de-suivi\/\">Acheter tracker - syst\u00e8me de suivi<\/a><\/li>\n<li><a href=\"https:\/\/www.traxgo.be\/fr\/suivi-et-tracabilite-pour-les-entreprises-dexternalisation\/\">Suivi et tra\u00e7abilit\u00e9 pour les entreprises d'externalisation<\/a><\/li>\n<li><a href=\"https:\/\/www.traxgo.be\/fr\/track-trace-dans-le-secteur-du-leasing\/\">Track &amp; trace dans le secteur du leasing<\/a><\/li>\n<li><a href=\"https:\/\/www.traxgo.be\/fr\/soins-de-sante\/\">Suivi et tra\u00e7abilit\u00e9 pour les soins de sant\u00e9<\/a><\/li>\n<li><a href=\"https:\/\/www.traxgo.be\/fr\/le-systeme-de-geolocalisation-de-vehicule-ultime\/\">Syst\u00e8me de g\u00e9olocalisation de v\u00e9hicule ultime<\/a><\/li>\n<li><a href=\"https:\/\/www.traxgo.be\/fr\/location-de-machines\/\">Suivi et de tra\u00e7abilit\u00e9 pour la location de machines<\/a><\/li>\n<li><a href=\"https:\/\/www.traxgo.be\/fr\/secteur-de-lentretien\/\">Secteur service et maintenance<\/a><\/li>\n<li><a href=\"https:\/\/www.traxgo.be\/fr\/numerisation-dans-les-municipalites-et-le-gouvernement\/\">Num\u00e9risation dans les municipalit\u00e9s et le gouvernement<\/a><\/li>\n<li><a href=\"https:\/\/www.traxgo.be\/fr\/numerisation-dans-les-services-durgence\/\">Num\u00e9risation dans les services d'urgence<\/a><\/li>\n<li><a href=\"https:\/\/www.traxgo.be\/fr\/numerisation-au-service-de-messagerie\/\">Num\u00e9risation au service de messagerie<\/a><\/li>\n<li><a href=\"https:\/\/www.traxgo.be\/fr\/numerisation-dans-les-entreprises-de-nettoyage\/\">Num\u00e9risation dans les entreprises de nettoyage<\/a><\/li>\n<li><a href=\"https:\/\/www.traxgo.be\/fr\/la-digitalisation-du-service-et-du-service-apres-vente\/\">La digitalisation du service et du service apr\u00e8s-vente<\/a><\/li>\n<li><a href=\"https:\/\/www.traxgo.be\/fr\/location-de-voiture\/\">Track &amp; trace pour la location de voiture<\/a><\/li>\n<li><a href=\"https:\/\/www.traxgo.be\/fr\/suivi-et-tracabilite-pour-les-services-express\/\">Suivi et tra\u00e7abilit\u00e9 pour les services express<\/a><\/li>\n<li><a href=\"https:\/\/www.traxgo.be\/fr\/ameliorer-votre-gestion-du-materiel\/\">Am\u00e9liorer gestion du mat\u00e9riel<\/a><\/li>\n<li><a href=\"https:\/\/www.traxgo.be\/fr\/secteur-des-transports\/\">Solutions dans le secteur des transports<\/a><\/li>\n<li><a href=\"https:\/\/www.traxgo.be\/fr\/surveiller-les-vehicules-avec-tracking-and-tracing\/\">Surveiller les v\u00e9hicules avec Tracking and Tracing<\/a><\/li>\n<li><a href=\"https:\/\/www.traxgo.be\/fr\/online-track-et-trace-et-systemes-de-localisation\/traxone-logiciel-pour-la-gestion-de-flotte-automobile\/\">Logiciel pour la gestion de flotte automobile<\/a><\/li>\n<li><a href=\"https:\/\/www.traxgo.be\/fr\/suivi-de-votre-conteneur\/\">Suivi de votre conteneur<\/a><\/li>\n<li><a href=\"https:\/\/www.traxgo.be\/fr\/suivi-et-tracage\/\">Suivi et tra\u00e7age pour v\u00e9hicules, machines et mat\u00e9riaux<\/a><\/li>\n<li><a href=\"https:\/\/www.traxgo.be\/fr\/contact\/\">Devis g\u00e9olocalisation ou tracking<\/a><\/li>\n<\/ul>\n<p><a class=\"button cta\" href=\"#contact\">Plus d'information? <strong>Contactez-nous<\/strong><\/a><\/p>\n","protected":false},"excerpt":{"rendered":"<p>Traxgo est sp\u00e9cialis\u00e9 dans la fourniture de syst\u00e8mes de suivi et de tra\u00e7abilit\u00e9 pour les applications suivantes. Syst\u00e8mes de suivi pour v\u00e9hicules Un traceur GPS install\u00e9 dans votre v\u00e9hicule envoie \u00e0 intervalles r\u00e9guliers des informations importantes sur le v\u00e9hicule, comme sa localisation ou sa vitesse, vers un serveur via une liaison GPRS\/GSM. Vos donn\u00e9es sont [&hellip;]<\/p>\n","protected":false},"author":1,"featured_media":5748,"parent":0,"menu_order":0,"comment_status":"closed","ping_status":"closed","template":"","meta":{"_acf_changed":false,"footnotes":""},"class_list":["post-3391","page","type-page","status-publish","has-post-thumbnail","hentry"],"acf":[],"_links":{"self":[{"href":"https:\/\/www.traxgo.be\/fr\/wp-json\/wp\/v2\/pages\/3391","targetHints":{"allow":["GET"]}}],"collection":[{"href":"https:\/\/www.traxgo.be\/fr\/wp-json\/wp\/v2\/pages"}],"about":[{"href":"https:\/\/www.traxgo.be\/fr\/wp-json\/wp\/v2\/types\/page"}],"author":[{"embeddable":true,"href":"https:\/\/www.traxgo.be\/fr\/wp-json\/wp\/v2\/users\/1"}],"replies":[{"embeddable":true,"href":"https:\/\/www.traxgo.be\/fr\/wp-json\/wp\/v2\/comments?post=3391"}],"version-history":[{"count":42,"href":"https:\/\/www.traxgo.be\/fr\/wp-json\/wp\/v2\/pages\/3391\/revisions"}],"predecessor-version":[{"id":17782,"href":"https:\/\/www.traxgo.be\/fr\/wp-json\/wp\/v2\/pages\/3391\/revisions\/17782"}],"wp:featuredmedia":[{"embeddable":true,"href":"https:\/\/www.traxgo.be\/fr\/wp-json\/wp\/v2\/media\/5748"}],"wp:attachment":[{"href":"https:\/\/www.traxgo.be\/fr\/wp-json\/wp\/v2\/media?parent=3391"}],"curies":[{"name":"wp","href":"https:\/\/api.w.org\/{rel}","templated":true}]}}