{"id":3397,"date":"2019-02-06T11:37:44","date_gmt":"2019-02-06T11:37:44","guid":{"rendered":"https:\/\/www.traxgo.be\/?page_id=3397"},"modified":"2022-11-09T12:29:55","modified_gmt":"2022-11-09T12:29:55","slug":"monitoring","status":"publish","type":"page","link":"https:\/\/www.traxgo.be\/fr\/online-track-et-trace-et-systemes-de-localisation\/monitoring\/","title":{"rendered":"Monitoring"},"content":{"rendered":"<h2>Surveillance de votre flotte, etc.<\/h2>\n<p><img loading=\"lazy\" decoding=\"async\" class=\"alignright wp-image-4620\" src=\"https:\/\/www.traxgo.be\/wp-content\/uploads\/2019\/08\/transport.jpg\" alt=\"D\u00e9couvrez les possibilit\u00e9s de surveillance de nos syst\u00e8mes pour votre flotte\" width=\"580\" height=\"387\" srcset=\"https:\/\/www.traxgo.be\/wp-content\/uploads\/2019\/08\/transport.jpg 1000w, https:\/\/www.traxgo.be\/wp-content\/uploads\/2019\/08\/transport-300x200.jpg 300w, https:\/\/www.traxgo.be\/wp-content\/uploads\/2019\/08\/transport-768x512.jpg 768w\" sizes=\"auto, (max-width: 580px) 100vw, 580px\" \/>Traxgo est sp\u00e9cialis\u00e9 dans la fourniture de<a href=\"https:\/\/www.traxgo.be\/fr\/tracking\/\"> syst\u00e8mes de suivi<\/a> et de tra\u00e7abilit\u00e9. D\u00e9couvrez ici les diff\u00e9rentes possibilit\u00e9s que nous pouvons vous offrir pour un suivi professionnel, et comment elles peuvent vous aider \u00e0 am\u00e9liorer vos processus m\u00e9tiers. Cela peut commencer par la surveillance des v\u00e9hicules de votre flotte, mais nous proposons \u00e9galement de nombreuses autres options. N'h\u00e9sitez pas \u00e0 nous contacter si vous avez des questions suppl\u00e9mentaires apr\u00e8s avoir lu les pages d'information suivantes. Notre personnel expert se fera un plaisir de vous aider.<\/p>\n<ul>\n<li><a href=\"https:\/\/www.traxgo.be\/fr\/online-track-et-trace-et-systemes-de-localisation\/enregistrement-des-presences-checkinatwork\/\">Checkinatwork &amp; enregistrement de pr\u00e9sence<\/a><\/li>\n<li><a href=\"https:\/\/www.traxgo.be\/fr\/online-track-et-trace-et-systemes-de-localisation\/enregistrement-de-temps\/\">Enregistrement de temps<\/a><\/li>\n<li><a href=\"https:\/\/www.traxgo.be\/fr\/online-track-et-trace-et-systemes-de-localisation\/enregistrement-des-heures-de-services\/\">Enregistrement des heures de service<\/a><\/li>\n<li><a href=\"https:\/\/www.traxgo.be\/fr\/online-track-et-trace-et-systemes-de-localisation\/enrgistrement-de-temperature\/\">Enregistrement de temp\u00e9rature<\/a><\/li>\n<li><a href=\"https:\/\/www.traxgo.be\/fr\/online-track-et-trace-et-systemes-de-localisation\/enregistrement-du-kilometrage\/\">Enregistrement du kilom\u00e9trage<\/a><\/li>\n<li><a href=\"https:\/\/www.traxgo.be\/fr\/online-track-et-trace-et-systemes-de-localisation\/liquid-sensor\/\">Niveau de liquide<\/a><\/li>\n<li><a href=\"https:\/\/www.traxgo.be\/fr\/online-track-et-trace-et-systemes-de-localisation\/systeme-de-controle-de-pression-des-pneus\/\">Pressions des pneus<\/a><\/li>\n<li><a href=\"https:\/\/www.traxgo.be\/fr\/online-track-et-trace-et-systemes-de-localisation\/lecture-du-tachygraphe\/\">Lecture du tachygraphe<\/a><\/li>\n<li><a href=\"https:\/\/www.traxgo.be\/fr\/online-track-et-trace-et-systemes-de-localisation\/protection-anti-effraction-pour-camionnettes\/\">Protection anti-effraction camionnettes<\/a><\/li>\n<li><a href=\"https:\/\/www.traxgo.be\/fr\/gestion-des-machines-et-du-materiel\/\">Gestion des machines et du mat\u00e9riel<\/a><\/li>\n<li><a href=\"https:\/\/www.traxgo.be\/fr\/suivi-du-temps-mobile\/\">Suivi du temps mobile<\/a><\/li>\n<li><a href=\"https:\/\/www.traxgo.be\/fr\/verification-de-la-pression-des-pneus\/\">V\u00e9rification pression des pneus<\/a><\/li>\n<li><a href=\"https:\/\/www.traxgo.be\/fr\/reduire-la-consommation-de-carburant\/\">R\u00e9duire la consommation de carburant<\/a><\/li>\n<li><a href=\"https:\/\/www.traxgo.be\/fr\/conduite-econome-en-energie\/\">Conduite \u00e9conome en \u00e9nergie<\/a><\/li>\n<li><a href=\"https:\/\/www.traxgo.be\/fr\/logiciel-de-gestion-du-materiel\/\">Logiciel de gestion du mat\u00e9riel<\/a><\/li>\n<li><a href=\"https:\/\/www.traxgo.be\/fr\/mesurer-le-comportement-au-volant\/\">Mesurer le comportement au volant<\/a><\/li>\n<li><a href=\"https:\/\/www.traxgo.be\/fr\/conduire-une-voiture-de-maniere-plus-economique\/\">Conduire une voiture de mani\u00e8re plus \u00e9conomique<\/a><\/li>\n<li><a href=\"https:\/\/www.traxgo.be\/fr\/mesurer-le-comportement-au-volant-des-employes\/\">Mesurer le comportement au volant des employ\u00e9s<\/a><\/li>\n<li><a href=\"https:\/\/www.traxgo.be\/fr\/enregistrement-du-temps-des-employes\/\">Enregistrement du temps des employ\u00e9s<\/a><\/li>\n<li><a href=\"https:\/\/www.traxgo.be\/fr\/automatiser-lenregistrement-des-heures-de-travail\/\">Automatiser l'enregistrement des heures de travail<\/a><\/li>\n<li><a href=\"https:\/\/www.traxgo.be\/fr\/economisez-sur-la-consommation-de-carburant\/\">\u00c9conomisez sur la consommation de carburant<\/a><\/li>\n<li><a href=\"https:\/\/www.traxgo.be\/fr\/suivi-des-heures-de-travail\/\">Suivi des heures de travail<\/a><\/li>\n<li><a href=\"https:\/\/www.traxgo.be\/fr\/lora-wan\/\">LoRaWAN<\/a><\/li>\n<li><a href=\"https:\/\/www.traxgo.be\/fr\/narrowband\/\">Narrowband - bande \u00e9troite<\/a><\/li>\n<li><a href=\"https:\/\/www.traxgo.be\/fr\/reseau-sigfox\/\">R\u00e9seau Sigfox<\/a><\/li>\n<li><a href=\"https:\/\/www.traxgo.be\/fr\/enregistrement-du-temps-dans-les-grandes-entreprises\/\">Enregistrement du temps dans les grandes entreprises<\/a><\/li>\n<li><a href=\"https:\/\/www.traxgo.be\/fr\/checkinatwork\/\">Enregistrement automatique des pr\u00e9sences pour la construction<\/a><\/li>\n<li><a href=\"https:\/\/www.traxgo.be\/fr\/systemes-denregistrement\/\">Syst\u00e8mes d'enregistrement<\/a><\/li>\n<li><a href=\"https:\/\/www.traxgo.be\/fr\/enregistrement-des-kilometres-ou-des-trajets\/\">Enregistrement des kilom\u00e8tres ou des trajets<\/a><\/li>\n<li><a href=\"https:\/\/www.traxgo.be\/fr\/enregistrement-de-trajet-clair\/\">Enregistrement de trajet clair<\/a><\/li>\n<li><a href=\"https:\/\/www.traxgo.be\/fr\/systeme-de-controle-dacces\/\">Syst\u00e8me de contr\u00f4le d'acc\u00e8s<\/a><\/li>\n<li><a href=\"https:\/\/www.traxgo.be\/fr\/contact\/\">Devis g\u00e9olocalisation ou tracking<\/a><\/li>\n<\/ul>\n<p><a class=\"button cta\" href=\"#contact\">Plus d'information? <strong>Contactez-nous<\/strong><\/a><\/p>\n","protected":false},"excerpt":{"rendered":"<p>Surveillance de votre flotte, etc. Traxgo est sp\u00e9cialis\u00e9 dans la fourniture de syst\u00e8mes de suivi et de tra\u00e7abilit\u00e9. D\u00e9couvrez ici les diff\u00e9rentes possibilit\u00e9s que nous pouvons vous offrir pour un suivi professionnel, et comment elles peuvent vous aider \u00e0 am\u00e9liorer vos processus m\u00e9tiers. Cela peut commencer par la surveillance des v\u00e9hicules de votre flotte, mais [&hellip;]<\/p>\n","protected":false},"author":1,"featured_media":5862,"parent":553,"menu_order":0,"comment_status":"closed","ping_status":"closed","template":"","meta":{"_acf_changed":false,"footnotes":""},"class_list":["post-3397","page","type-page","status-publish","has-post-thumbnail","hentry"],"acf":[],"_links":{"self":[{"href":"https:\/\/www.traxgo.be\/fr\/wp-json\/wp\/v2\/pages\/3397","targetHints":{"allow":["GET"]}}],"collection":[{"href":"https:\/\/www.traxgo.be\/fr\/wp-json\/wp\/v2\/pages"}],"about":[{"href":"https:\/\/www.traxgo.be\/fr\/wp-json\/wp\/v2\/types\/page"}],"author":[{"embeddable":true,"href":"https:\/\/www.traxgo.be\/fr\/wp-json\/wp\/v2\/users\/1"}],"replies":[{"embeddable":true,"href":"https:\/\/www.traxgo.be\/fr\/wp-json\/wp\/v2\/comments?post=3397"}],"version-history":[{"count":34,"href":"https:\/\/www.traxgo.be\/fr\/wp-json\/wp\/v2\/pages\/3397\/revisions"}],"predecessor-version":[{"id":13346,"href":"https:\/\/www.traxgo.be\/fr\/wp-json\/wp\/v2\/pages\/3397\/revisions\/13346"}],"up":[{"embeddable":true,"href":"https:\/\/www.traxgo.be\/fr\/wp-json\/wp\/v2\/pages\/553"}],"wp:featuredmedia":[{"embeddable":true,"href":"https:\/\/www.traxgo.be\/fr\/wp-json\/wp\/v2\/media\/5862"}],"wp:attachment":[{"href":"https:\/\/www.traxgo.be\/fr\/wp-json\/wp\/v2\/media?parent=3397"}],"curies":[{"name":"wp","href":"https:\/\/api.w.org\/{rel}","templated":true}]}}