{"id":3441,"date":"2019-02-06T14:01:45","date_gmt":"2019-02-06T14:01:45","guid":{"rendered":"https:\/\/www.traxgo.be\/?page_id=3441"},"modified":"2022-05-10T09:32:05","modified_gmt":"2022-05-10T09:32:05","slug":"legislation-relative-a-checkinatwork","status":"publish","type":"page","link":"https:\/\/www.traxgo.be\/fr\/legislation-relative-a-checkinatwork\/","title":{"rendered":"L\u00e9gislation relative \u00e0 CheckInAtWork"},"content":{"rendered":"<h1><strong>L\u00e9gislation relative \u00e0 CheckInAtWork<\/strong><\/h1>\n<p>Nous aimons la simplicit\u00e9 et la transparence. C\u2019est pourquoi nous avons r\u00e9alis\u00e9 une synth\u00e8se de l\u2019ensemble des r\u00e8gles. Il est obligatoire de d\u00e9clarer certains chantiers et tous les employ\u00e9s doivent enregistrer leur pr\u00e9sence par voie \u00e9lectronique. Lisez sur cette page des informations sur la l\u00e9gislation relative \u00e0 CheckInAtWork.<\/p>\n<p><img loading=\"lazy\" decoding=\"async\" class=\"wp-image-2343 size-medium alignright\" title=\"Enregistrement des pr\u00e9sences (CheckInAtWork)\" src=\"https:\/\/www.traxgo.be\/wp-content\/uploads\/2018\/07\/CheckInAtWork-met-oogje-293x300.jpg\" alt=\"Enregistrement des pr\u00e9sences (CheckInAtWork)\" width=\"293\" height=\"300\" srcset=\"https:\/\/www.traxgo.be\/wp-content\/uploads\/2018\/07\/CheckInAtWork-met-oogje-293x300.jpg 293w, https:\/\/www.traxgo.be\/wp-content\/uploads\/2018\/07\/CheckInAtWork-met-oogje.jpg 480w\" sizes=\"auto, (max-width: 293px) 100vw, 293px\" \/><\/p>\n<p>L\u2019enregistrement des pr\u00e9sences (CheckInAtWork) \u00e0 l\u2019arriv\u00e9e au chantier est obligatoire depuis le 1er\u00a0avril 2014. Il s\u2019applique aux chantiers d\u2019au moins 500\u00a0000\u00a0EUR. L\u2019automatisation des enregistrements vous permet de gagner beaucoup de temps. Il existe diff\u00e9rentes fa\u00e7ons de faciliter le CheckInAtWork. Vous pouvez donc choisir la solution qui convient le mieux \u00e0 votre entreprise. L\u2019enregistrement des pr\u00e9sences peut notamment \u00eatre assur\u00e9 par un lecteur de badges ou une pointeuse. Si vous souhaitez obtenir plus d\u2019informations sur CheckInAtWork, contactez-nous au moyen du formulaire de notre site.<\/p>\n<p><a class=\"button cta\" href=\"#contact\">Plus d'information? <strong>Contactez-nous<\/strong><\/a><\/p>\n<h3><strong>D\u00e9claration des chantiers<\/strong><\/h3>\n<p>Si, auparavant, plusieurs administrations devaient \u00eatre notifi\u00e9es, il suffit \u00e0 pr\u00e9sent d\u2019effectuer une seule d\u00e9claration des travaux \u00e0 l\u2019ONSS.<\/p>\n<h3>Quels travaux\u00a0?<\/h3>\n<p>Presque tous les travaux qui pr\u00e9sentent un risque pour la sant\u00e9 et la s\u00e9curit\u00e9 des travailleurs.<\/p>\n<h3>Exceptions<\/h3>\n<ul>\n<li>les travaux sans sous-traitant d\u2019un co\u00fbt inf\u00e9rieur \u00e0 30\u00a0000\u00a0euros (hors TVA)<\/li>\n<li>les travaux avec un seul sous-traitant d\u2019un co\u00fbt inf\u00e9rieur \u00e0 5\u00a0000\u00a0euros (hors TVA)<\/li>\n<\/ul>\n<h3><strong>CheckInAtWork (enregistrement des pr\u00e9sences) pour le secteur de la construction<\/strong><\/h3>\n<p>Il est obligatoire d\u2019enregistrer les pr\u00e9sences sur des chantiers sp\u00e9cifiques\u00a0: ceux dont la valeur totale est d\u2019au moins 500\u00a0000\u00a0\u20ac HTVA.<\/p>\n<h3>Pour qui\u00a0?<\/h3>\n<p>Cette loi s\u2019applique aux ouvriers, aux ind\u00e9pendants, aux coordinateurs de s\u00e9curit\u00e9... c\u2019est-\u00e0-dire \u00e0 tous ceux qui participent activement \u00e0 la construction du chantier. Les bureaux d\u2019\u00e9tudes et les rapporteurs de la PEB sont dispens\u00e9s de l\u2019enregistrement. Enfin, CheckInAtWork n\u2019est pas obligatoire pour les visiteurs occasionnels du chantier.<\/p>\n<p>En pratique, ces r\u00e8gles cr\u00e9ent \u00e9videmment de nombreuses incertitudes. Voici un exemple pour clarifier les choses\u00a0:<\/p>\n<ul>\n<li>un chauffeur apporte une livraison\u00a0: il ne s\u2019enregistre pas, car il ne fait que visiter le chantier et n\u2019effectue aucun travail.<\/li>\n<li>un chauffeur apporte une livraison et l\u2019installe\u00a0: il s\u2019enregistre, car il effectue des travaux sur le chantier.<\/li>\n<\/ul>\n<p>En r\u00e9sum\u00e9, <strong>l\u2019exercice d\u2019activit\u00e9s immobili\u00e8res n\u00e9cessite<\/strong> presque toujours un enregistrement.<\/p>\n<h3><strong>Responsabilit\u00e9<\/strong><\/h3>\n<p>L\u2019entrepreneur principal est responsable de CheckInAtWork. Il doit informer ses sous-traitants de l\u2019obligation de l\u2019enregistrement des pr\u00e9sences et s\u2019assurer que ces derniers s\u2019enregistrent comme il se doit. L\u2019ONSS apporte une aide en envoyant au pr\u00e9alable un e-mail indiquant qu\u2019un chantier donn\u00e9 remplit toutes les conditions concernant l\u2019enregistrement des pr\u00e9sences.<\/p>\n<h3><strong>Enregistrement des donn\u00e9es obligatoires<\/strong><\/h3>\n<p>Les donn\u00e9es suivantes doivent obligatoirement \u00eatre saisies dans le syst\u00e8me \u00e9lectronique d\u2019enregistrement des pr\u00e9sences\u00a0:<\/p>\n<ul>\n<li>les donn\u00e9es \u00e0 caract\u00e8re personnel du travailleur (registre national, num\u00e9ro BIS ou Limosa L1)<\/li>\n<li>l\u2019emplacement du chantier (par le biais du code repris dans l\u2019enregistrement du chantier 30\u00a0bis)<\/li>\n<li>les donn\u00e9es d\u2019identification de l\u2019employeur (num\u00e9ro d\u2019entreprise)<\/li>\n<li>la date de l\u2019enregistrement (pas d\u2019heure)<\/li>\n<\/ul>\n<p>L\u2019automatisation des enregistrements vous permet de gagner beaucoup de temps. Il existe diff\u00e9rentes fa\u00e7ons de faciliter le CheckInAtWork. Vous pouvez donc choisir la solution qui convient le mieux \u00e0 votre entreprise.\u00a0L\u2019enregistrement des pr\u00e9sences peut notamment \u00eatre assur\u00e9 par un lecteur de badges ou une pointeuse.<\/p>\n<p>Si vous souhaitez obtenir plus d\u2019informations sur CheckInAtWork ou en apprendre avantage sur la <a href=\"https:\/\/www.traxgo.be\/fr\/legislation-sur-lenregistrement-des-presences\/\">l\u00e9gislation<\/a>, laissez-nous vos coordonn\u00e9es via le <a href=\"https:\/\/www.traxgo.be\/fr\/contact\/\">formulaire de contact<\/a>.<\/p>\n<p><a class=\"button cta\" href=\"#contact\">Plus d'information? <strong>Contactez-nous<\/strong><\/a><\/p>\n<p>&nbsp;<\/p>\n<p><strong>D\u00e9couvrez \u00e9galement tout sur\u00a0:<\/strong><\/p>\n<ul>\n<li><a href=\"https:\/\/www.traxgo.be\/fr\/online-track-et-trace-et-systemes-de-localisation\/enregistrement-des-presences-checkinatwork\/\">Checkinatwork<\/a><\/li>\n<li><a href=\"https:\/\/www.traxgo.be\/fr\/pointeuse\/\">Pointeuse<\/a><\/li>\n<li><a href=\"https:\/\/www.traxgo.be\/fr\/online-track-et-trace-et-systemes-de-localisation\/localisation-machines\/\">Syst\u00e8me de localisation de vos machines<\/a> <a href=\"https:\/\/www.traxgo.be\/fr\/localisation-de-remorques\/\">et remorques<\/a><\/li>\n<li><a href=\"https:\/\/www.traxgo.be\/fr\/online-track-et-trace-et-systemes-de-localisation\/\">Autres solutions<\/a><\/li>\n<\/ul>\n","protected":false},"excerpt":{"rendered":"<p>L\u00e9gislation relative \u00e0 CheckInAtWork Nous aimons la simplicit\u00e9 et la transparence. C\u2019est pourquoi nous avons r\u00e9alis\u00e9 une synth\u00e8se de l\u2019ensemble des r\u00e8gles. Il est obligatoire de d\u00e9clarer certains chantiers et tous les employ\u00e9s doivent enregistrer leur pr\u00e9sence par voie \u00e9lectronique. Lisez sur cette page des informations sur la l\u00e9gislation relative \u00e0 CheckInAtWork. L\u2019enregistrement des pr\u00e9sences [&hellip;]<\/p>\n","protected":false},"author":7,"featured_media":421,"parent":0,"menu_order":0,"comment_status":"closed","ping_status":"closed","template":"","meta":{"_acf_changed":false,"footnotes":""},"class_list":["post-3441","page","type-page","status-publish","has-post-thumbnail","hentry"],"acf":[],"_links":{"self":[{"href":"https:\/\/www.traxgo.be\/fr\/wp-json\/wp\/v2\/pages\/3441","targetHints":{"allow":["GET"]}}],"collection":[{"href":"https:\/\/www.traxgo.be\/fr\/wp-json\/wp\/v2\/pages"}],"about":[{"href":"https:\/\/www.traxgo.be\/fr\/wp-json\/wp\/v2\/types\/page"}],"author":[{"embeddable":true,"href":"https:\/\/www.traxgo.be\/fr\/wp-json\/wp\/v2\/users\/7"}],"replies":[{"embeddable":true,"href":"https:\/\/www.traxgo.be\/fr\/wp-json\/wp\/v2\/comments?post=3441"}],"version-history":[{"count":8,"href":"https:\/\/www.traxgo.be\/fr\/wp-json\/wp\/v2\/pages\/3441\/revisions"}],"predecessor-version":[{"id":11164,"href":"https:\/\/www.traxgo.be\/fr\/wp-json\/wp\/v2\/pages\/3441\/revisions\/11164"}],"wp:featuredmedia":[{"embeddable":true,"href":"https:\/\/www.traxgo.be\/fr\/wp-json\/wp\/v2\/media\/421"}],"wp:attachment":[{"href":"https:\/\/www.traxgo.be\/fr\/wp-json\/wp\/v2\/media?parent=3441"}],"curies":[{"name":"wp","href":"https:\/\/api.w.org\/{rel}","templated":true}]}}