{"id":3449,"date":"2019-02-06T14:28:58","date_gmt":"2019-02-06T14:28:58","guid":{"rendered":"https:\/\/www.traxgo.be\/?page_id=3449"},"modified":"2022-05-24T07:34:42","modified_gmt":"2022-05-24T07:34:42","slug":"suite-pgi","status":"publish","type":"page","link":"https:\/\/www.traxgo.be\/fr\/suite-pgi\/","title":{"rendered":"Suite PGI"},"content":{"rendered":"<h2>Suite PGI<\/h2>\n<p><img loading=\"lazy\" decoding=\"async\" class=\"alignright wp-image-6324\" src=\"https:\/\/www.traxgo.be\/wp-content\/uploads\/2019\/01\/ERP.jpg\" alt=\"Suite PGI (Progiciel de gestion int\u00e9gr\u00e9)\" width=\"580\" height=\"386\" srcset=\"https:\/\/www.traxgo.be\/wp-content\/uploads\/2019\/01\/ERP.jpg 626w, https:\/\/www.traxgo.be\/wp-content\/uploads\/2019\/01\/ERP-300x200.jpg 300w\" sizes=\"auto, (max-width: 580px) 100vw, 580px\" \/><\/p>\n<p><strong>PGI<\/strong> signifie <strong>progiciel de gestion int\u00e9gr\u00e9<\/strong> (Suite PGI en anglais: ERP pour Enterprise Resource Planning). Ce logiciel g\u00e8re toutes les informations importantes des diff\u00e9rents services de l\u2019entreprise.<\/p>\n<p>Une suite PGi facilite des op\u00e9rations complexes telles que les calculs pr\u00e9alables, les relev\u00e9s de mesures, les devis et les calculs du co\u00fbt r\u00e9el. Il contribue \u00e9galement \u00e0 am\u00e9liorer votre service \u00e0 la client\u00e8le. Le syst\u00e8me permet de r\u00e9duire les co\u00fbts et d\u2019accro\u00eetre la productivit\u00e9.<\/p>\n<p>Les entreprises se rendent compte que la concurrence est de plus en plus rude. Il est donc important de maximiser la productivit\u00e9 de votre entreprise.<\/p>\n<p>Une suite PGI permet de g\u00e9rer toutes les informations au sein d\u2019un seul et m\u00eame logiciel, ce qui permet \u00e0 l\u2019entreprise de gagner en efficacit\u00e9, en rapidit\u00e9 et en flexibilit\u00e9.<\/p>\n<h3><strong>Fonctionnement PGI<\/strong><\/h3>\n<p>Une suite PGI est structur\u00e9e en modules. Les modules de base sont adapt\u00e9s \u00e0 toutes les entreprises. Mais certains autres sont sp\u00e9cialement con\u00e7us pour r\u00e9pondre aux besoins sp\u00e9cifiques d\u2019une soci\u00e9t\u00e9. Vous pouvez donc choisir le module qui convient le mieux \u00e0 votre structure.<\/p>\n<p>Dans une suite PGI, tous les \u00e9l\u00e9ments sont subdivis\u00e9s. Ces subdivisions peuvent comprendre les finances, l\u2019administration, les informations sur les clients, etc. Le progiciel de gestion int\u00e9gr\u00e9 constitue donc une compilation de toutes ces donn\u00e9es. Comme ces informations sont sauvegard\u00e9es ensemble dans la suite, les recherches et le partage avec des coll\u00e8gues sont d\u2019autant plus ais\u00e9s.<\/p>\n<h3><strong>Avantages<\/strong><\/h3>\n<ul class=\"advantages\">\n<li>Gain de temps et d\u2019argent<\/li>\n<li>Toutes les informations importantes sont sauvegard\u00e9es et peuvent \u00eatre partag\u00e9es avec des coll\u00e8gues<\/li>\n<li>Toutes les donn\u00e9es peuvent \u00eatre r\u00e9cup\u00e9r\u00e9es facilement<\/li>\n<li>Les op\u00e9rations compliqu\u00e9es sont simplifi\u00e9es<\/li>\n<\/ul>\n<p>Si vous souhaitez obtenir plus d\u2019informations sur les PGI (progiciels de gestion int\u00e9gr\u00e9s), laissez-nous vos coordonn\u00e9es via le <u><a href=\"https:\/\/www.traxgo.be\/contact\/\">formulaire de contact<\/a><\/u> de notre site web.<\/p>\n<p><a class=\"button cta\" href=\"#contact\">Plus d'information? <strong>Contactez-nous<\/strong><\/a><\/p>\n","protected":false},"excerpt":{"rendered":"<p>Suite PGI PGI signifie progiciel de gestion int\u00e9gr\u00e9 (Suite PGI en anglais: ERP pour Enterprise Resource Planning). Ce logiciel g\u00e8re toutes les informations importantes des diff\u00e9rents services de l\u2019entreprise. Une suite PGi facilite des op\u00e9rations complexes telles que les calculs pr\u00e9alables, les relev\u00e9s de mesures, les devis et les calculs du co\u00fbt r\u00e9el. Il contribue [&hellip;]<\/p>\n","protected":false},"author":7,"featured_media":483,"parent":0,"menu_order":0,"comment_status":"closed","ping_status":"closed","template":"","meta":{"_acf_changed":false,"footnotes":""},"class_list":["post-3449","page","type-page","status-publish","has-post-thumbnail","hentry"],"acf":[],"_links":{"self":[{"href":"https:\/\/www.traxgo.be\/fr\/wp-json\/wp\/v2\/pages\/3449","targetHints":{"allow":["GET"]}}],"collection":[{"href":"https:\/\/www.traxgo.be\/fr\/wp-json\/wp\/v2\/pages"}],"about":[{"href":"https:\/\/www.traxgo.be\/fr\/wp-json\/wp\/v2\/types\/page"}],"author":[{"embeddable":true,"href":"https:\/\/www.traxgo.be\/fr\/wp-json\/wp\/v2\/users\/7"}],"replies":[{"embeddable":true,"href":"https:\/\/www.traxgo.be\/fr\/wp-json\/wp\/v2\/comments?post=3449"}],"version-history":[{"count":7,"href":"https:\/\/www.traxgo.be\/fr\/wp-json\/wp\/v2\/pages\/3449\/revisions"}],"predecessor-version":[{"id":11341,"href":"https:\/\/www.traxgo.be\/fr\/wp-json\/wp\/v2\/pages\/3449\/revisions\/11341"}],"wp:featuredmedia":[{"embeddable":true,"href":"https:\/\/www.traxgo.be\/fr\/wp-json\/wp\/v2\/media\/483"}],"wp:attachment":[{"href":"https:\/\/www.traxgo.be\/fr\/wp-json\/wp\/v2\/media?parent=3449"}],"curies":[{"name":"wp","href":"https:\/\/api.w.org\/{rel}","templated":true}]}}