{"id":3452,"date":"2019-02-06T14:37:40","date_gmt":"2019-02-06T14:37:40","guid":{"rendered":"https:\/\/www.traxgo.be\/?page_id=3452"},"modified":"2023-07-26T06:50:09","modified_gmt":"2023-07-26T06:50:09","slug":"geld-besparen-met-kilometerregistratie","status":"publish","type":"page","link":"https:\/\/www.traxgo.be\/fr\/geld-besparen-met-kilometerregistratie\/","title":{"rendered":"R\u00e9duisez vos co\u00fbts gr\u00e2ce \u00e0 l\u2019enregistrement des kilom\u00e8tres"},"content":{"rendered":"<h2><strong>R\u00e9duisez vos co\u00fbts gr\u00e2ce \u00e0 l\u2019enregistrement des kilom\u00e8tres<\/strong><\/h2>\n<h3><strong>Une administration simple<br \/>\n<\/strong><strong><img loading=\"lazy\" decoding=\"async\" class=\"alignright wp-image-2368 size-medium\" src=\"https:\/\/www.traxgo.be\/wp-content\/uploads\/2018\/07\/rittenregistratie-foto-300x200.png\" alt=\"Rittenregistratie\" width=\"300\" height=\"200\" srcset=\"https:\/\/www.traxgo.be\/wp-content\/uploads\/2018\/07\/rittenregistratie-foto-300x200.png 300w, https:\/\/www.traxgo.be\/wp-content\/uploads\/2018\/07\/rittenregistratie-foto-768x512.png 768w, https:\/\/www.traxgo.be\/wp-content\/uploads\/2018\/07\/rittenregistratie-foto.png 960w\" sizes=\"auto, (max-width: 300px) 100vw, 300px\" \/><\/strong><\/h3>\n<p>Toutes les heures consacr\u00e9es aux t\u00e2ches administratives repr\u00e9sentent un co\u00fbt consid\u00e9rable. Supposons que vous visitiez dix adresses par jour et que vous consacriez une minute d\u2019administration pour chacune d\u2019entre elles. Cela fait un total de dix minutes par jour. Apr\u00e8s 50 semaines (250 jours), vous avez d\u00e9j\u00e0 perdu 2500 minutes (41,6 heures).<\/p>\n<p>Et il ne s\u2019agit l\u00e0 que du temps que vous perdez avec un seul v\u00e9hicule. Ajoutez \u00e0 cela les erreurs \u00e9ventuelles lors de l\u2019enregistrement des kilom\u00e8tres et le montant en question devient d\u00e9j\u00e0 consid\u00e9rable.<\/p>\n<p>De plus, vous \u00eates oblig\u00e9 de tenir compte de plusieurs \u00e9l\u00e9ments pour l\u2019enregistrement des d\u00e9placements, ce qui peut entra\u00eener des amendes \u00e9lev\u00e9es si l\u2019administration ne satisfait pas \u00e0 toutes les exigences.<\/p>\n<h3><strong>Sans faille<\/strong><\/h3>\n<p>Si l\u2019<a href=\"https:\/\/www.traxgo.be\/fr\/online-track-et-trace-et-systemes-de-localisation\/enregistrement-du-kilometrage\/\">enregistrement des kilom\u00e8tres<\/a> pr\u00e9sente la moindre faille, cela peut \u00e9galement entra\u00eener des amendes \u00e9lev\u00e9es. Un suivi manuel de l\u2019enregistrement des d\u00e9placements pr\u00e9sente le risque de n\u00e9gliger des d\u00e9tails facilement. L\u2019enregistrement automatique des kilom\u00e8tres constitue donc la solution id\u00e9ale. De plus, vous \u00eates assur\u00e9 d\u2019un enregistrement et d\u2019un traitement des donn\u00e9es sans faille. Si vous souhaitez obtenir plus d\u2019informations sur l\u2019enregistrement automatique des kilom\u00e8tres, laissez-nous vos coordonn\u00e9es via le <a href=\"https:\/\/www.traxgo.be\/fr\/contact\/\">formulaire de contact<\/a>.<\/p>\n<p><a class=\"button cta\" href=\"#contact\">Plus d'information?<strong> Contactez-nous<\/strong><\/a><\/p>\n<p><strong>D\u00e9couvrez \u00e9galement tout sur\u00a0:<\/strong><\/p>\n<ul>\n<li><a href=\"https:\/\/www.traxgo.be\/fr\/online-track-et-trace-et-systemes-de-localisation\/enregistrement-des-presences-checkinatwork\/\">Checkinatwork<\/a><\/li>\n<li><a href=\"https:\/\/www.traxgo.be\/fr\/pointeuse\/\">Pointeuse<\/a><\/li>\n<li><a href=\"https:\/\/www.traxgo.be\/fr\/online-track-et-trace-et-systemes-de-localisation\/localisation-machines\/\">Syst\u00e8me de localisation de vos machines<\/a> <a href=\"https:\/\/www.traxgo.be\/fr\/localisation-de-remorques\/\">et remorques<\/a><\/li>\n<li><a href=\"https:\/\/www.traxgo.be\/fr\/online-track-et-trace-et-systemes-de-localisation\/\">Autres solutions<\/a><\/li>\n<\/ul>\n","protected":false},"excerpt":{"rendered":"<p>R\u00e9duisez vos co\u00fbts gr\u00e2ce \u00e0 l\u2019enregistrement des kilom\u00e8tres Une administration simple Toutes les heures consacr\u00e9es aux t\u00e2ches administratives repr\u00e9sentent un co\u00fbt consid\u00e9rable. Supposons que vous visitiez dix adresses par jour et que vous consacriez une minute d\u2019administration pour chacune d\u2019entre elles. Cela fait un total de dix minutes par jour. Apr\u00e8s 50 semaines (250 jours), [&hellip;]<\/p>\n","protected":false},"author":7,"featured_media":292,"parent":0,"menu_order":0,"comment_status":"closed","ping_status":"closed","template":"","meta":{"_acf_changed":false,"footnotes":""},"class_list":["post-3452","page","type-page","status-publish","has-post-thumbnail","hentry"],"acf":[],"_links":{"self":[{"href":"https:\/\/www.traxgo.be\/fr\/wp-json\/wp\/v2\/pages\/3452","targetHints":{"allow":["GET"]}}],"collection":[{"href":"https:\/\/www.traxgo.be\/fr\/wp-json\/wp\/v2\/pages"}],"about":[{"href":"https:\/\/www.traxgo.be\/fr\/wp-json\/wp\/v2\/types\/page"}],"author":[{"embeddable":true,"href":"https:\/\/www.traxgo.be\/fr\/wp-json\/wp\/v2\/users\/7"}],"replies":[{"embeddable":true,"href":"https:\/\/www.traxgo.be\/fr\/wp-json\/wp\/v2\/comments?post=3452"}],"version-history":[{"count":4,"href":"https:\/\/www.traxgo.be\/fr\/wp-json\/wp\/v2\/pages\/3452\/revisions"}],"predecessor-version":[{"id":14666,"href":"https:\/\/www.traxgo.be\/fr\/wp-json\/wp\/v2\/pages\/3452\/revisions\/14666"}],"wp:featuredmedia":[{"embeddable":true,"href":"https:\/\/www.traxgo.be\/fr\/wp-json\/wp\/v2\/media\/292"}],"wp:attachment":[{"href":"https:\/\/www.traxgo.be\/fr\/wp-json\/wp\/v2\/media?parent=3452"}],"curies":[{"name":"wp","href":"https:\/\/api.w.org\/{rel}","templated":true}]}}