{"id":3454,"date":"2019-02-06T14:45:50","date_gmt":"2019-02-06T14:45:50","guid":{"rendered":"https:\/\/www.traxgo.be\/?page_id=3454"},"modified":"2023-03-09T08:42:25","modified_gmt":"2023-03-09T08:42:25","slug":"traceur-gps","status":"publish","type":"page","link":"https:\/\/www.traxgo.be\/fr\/traceur-gps\/","title":{"rendered":"Traceur GPS pour voitures"},"content":{"rendered":"<p><img loading=\"lazy\" decoding=\"async\" class=\"alignright wp-image-1121\" title=\"gps tracer pour voitures | gps tracker pour voitures\" src=\"http:\/\/www.traxgo.be\/wp-content\/uploads\/2018\/03\/track-and-trace-grijze-wagens.jpg\" alt=\"GPS tracker pour voitures, camions, remorques, ...\" width=\"500\" height=\"281\" srcset=\"https:\/\/www.traxgo.be\/wp-content\/uploads\/2018\/03\/track-and-trace-grijze-wagens.jpg 780w, https:\/\/www.traxgo.be\/wp-content\/uploads\/2018\/03\/track-and-trace-grijze-wagens-300x168.jpg 300w, https:\/\/www.traxgo.be\/wp-content\/uploads\/2018\/03\/track-and-trace-grijze-wagens-768x431.jpg 768w\" sizes=\"auto, (max-width: 500px) 100vw, 500px\" \/><\/p>\n<p>Via une connexion GPRS\/GSM, un <strong>traceur GPS\u00a0<\/strong>install\u00e9 dans vos v\u00e9hicules envoie r\u00e9guli\u00e8rement \u00e0 notre serveur des donn\u00e9es importantes telles que la localisation, la vitesse, etc., qui sont ensuite trait\u00e9es sur notre serveur s\u00e9curis\u00e9.<\/p>\n<p>Les clients se connectent \u00e0 notre plate-forme en ligne s\u00e9curis\u00e9e Traxgo, accessible partout et \u00e0 tout moment (vous n\u2019avez pas besoin d\u2019installer un logiciel sur un ordinateur local). Les donn\u00e9es envoy\u00e9es par le traceur GPS sont pr\u00e9sent\u00e9es de mani\u00e8re tr\u00e8s claire sur la forme d\u2019une carte et de rapports. Ainsi, notre syst\u00e8me track and trace vous permet d\u2019assurer le suivi et la gestion de vos v\u00e9hicules \u00e0 tout moment. En d\u2019autres termes, un traceur GPS soigneusement install\u00e9 vous offre la possibilit\u00e9 de surveiller les v\u00e9hicules de votre parc <strong>partout et en temps r\u00e9el<\/strong>.<\/p>\n<p><a class=\"button cta\" href=\"#contact\">Plus d'information? <strong>Contactez-nous<\/strong><\/a><\/p>\n<p>&nbsp;<\/p>\n<h2>Un traceur GPS pour les voitures, mais pas seulement...<\/h2>\n<p>Nos syst\u00e8mes track &amp; trace ne se limitent pas au seul suivi des voitures. Nos traceurs professionnels peuvent \u00e9videmment \u00eatre install\u00e9s dans de nombreux autres v\u00e9hicules: camions, camionnettes, bateaux, remorques, etc. \u00c0 travers nos solutions de suivi en temps r\u00e9el, nous vous aidons \u00e0 \u00e9conomiser du temps et de l\u2019argent. <a href=\"#contact\">Contactez-nous<\/a> sans engagement pour plus d\u2019informations.<\/p>\n<p>Nous avons nombre de services \u00e0 vous offrir en plus du track &amp; trace\u00a0: consultez nos autres <a href=\"https:\/\/www.traxgo.be\/fr\/online-track-et-trace-et-systemes-de-localisation\/\">solutions<\/a>.<\/p>\n<p><a class=\"button\" href=\"https:\/\/www.traxgo.be\/fr\/online-track-et-trace-et-systemes-de-localisation\/localisation-vehicules\/\">D\u00e9couvrez les nombreux avantages<\/a><\/p>\n","protected":false},"excerpt":{"rendered":"<p>Via une connexion GPRS\/GSM, un traceur GPS\u00a0install\u00e9 dans vos v\u00e9hicules envoie r\u00e9guli\u00e8rement \u00e0 notre serveur des donn\u00e9es importantes telles que la localisation, la vitesse, etc., qui sont ensuite trait\u00e9es sur notre serveur s\u00e9curis\u00e9. Les clients se connectent \u00e0 notre plate-forme en ligne s\u00e9curis\u00e9e Traxgo, accessible partout et \u00e0 tout moment (vous n\u2019avez pas besoin d\u2019installer [&hellip;]<\/p>\n","protected":false},"author":7,"featured_media":292,"parent":0,"menu_order":0,"comment_status":"closed","ping_status":"closed","template":"","meta":{"_acf_changed":false,"footnotes":""},"class_list":["post-3454","page","type-page","status-publish","has-post-thumbnail","hentry"],"acf":[],"_links":{"self":[{"href":"https:\/\/www.traxgo.be\/fr\/wp-json\/wp\/v2\/pages\/3454","targetHints":{"allow":["GET"]}}],"collection":[{"href":"https:\/\/www.traxgo.be\/fr\/wp-json\/wp\/v2\/pages"}],"about":[{"href":"https:\/\/www.traxgo.be\/fr\/wp-json\/wp\/v2\/types\/page"}],"author":[{"embeddable":true,"href":"https:\/\/www.traxgo.be\/fr\/wp-json\/wp\/v2\/users\/7"}],"replies":[{"embeddable":true,"href":"https:\/\/www.traxgo.be\/fr\/wp-json\/wp\/v2\/comments?post=3454"}],"version-history":[{"count":9,"href":"https:\/\/www.traxgo.be\/fr\/wp-json\/wp\/v2\/pages\/3454\/revisions"}],"predecessor-version":[{"id":13832,"href":"https:\/\/www.traxgo.be\/fr\/wp-json\/wp\/v2\/pages\/3454\/revisions\/13832"}],"wp:featuredmedia":[{"embeddable":true,"href":"https:\/\/www.traxgo.be\/fr\/wp-json\/wp\/v2\/media\/292"}],"wp:attachment":[{"href":"https:\/\/www.traxgo.be\/fr\/wp-json\/wp\/v2\/media?parent=3454"}],"curies":[{"name":"wp","href":"https:\/\/api.w.org\/{rel}","templated":true}]}}