{"id":3463,"date":"2019-02-06T15:04:20","date_gmt":"2019-02-06T15:04:20","guid":{"rendered":"https:\/\/www.traxgo.be\/?page_id=3463"},"modified":"2022-05-05T13:19:02","modified_gmt":"2022-05-05T13:19:02","slug":"ritregistratie","status":"publish","type":"page","link":"https:\/\/www.traxgo.be\/fr\/ritregistratie\/","title":{"rendered":"Enregistrement des trajets pour les voitures de soci\u00e9t\u00e9"},"content":{"rendered":"<h2><strong>Enregistrement des trajets pour les voitures de soci\u00e9t\u00e9<\/strong><\/h2>\n<p><img loading=\"lazy\" decoding=\"async\" class=\"alignright wp-image-8053\" src=\"https:\/\/www.traxgo.be\/wp-content\/uploads\/2021\/03\/overzichtelijke-ritregistratie.jpg\" alt=\"Enregistrement en temps r\u00e9el des trajets pour les voitures de soci\u00e9t\u00e9 de votre flotte\" width=\"580\" height=\"387\" srcset=\"https:\/\/www.traxgo.be\/wp-content\/uploads\/2021\/03\/overzichtelijke-ritregistratie.jpg 768w, https:\/\/www.traxgo.be\/wp-content\/uploads\/2021\/03\/overzichtelijke-ritregistratie-300x200.jpg 300w\" sizes=\"auto, (max-width: 580px) 100vw, 580px\" \/>Traxgo jouit de longues ann\u00e9es d\u2019expertise dans le domaine de l\u2019enregistrement des d\u00e9placements.\u00a0 Gr\u00e2ce aux traceurs GPS de vos v\u00e9hicules de soci\u00e9t\u00e9, vous savez ce qu\u2019il en est de votre parc \u00e0 tout moment. Notre solution Track-and-Trace permet ainsi d\u2019effectuer l\u2019enregistrement des trajets pour les voitures de soci\u00e9t\u00e9.<\/p>\n<h3><strong>Syst\u00e8me de suivi Track-and-Trace<\/strong><\/h3>\n<p>Notre syst\u00e8me Track-and-Trace vous permet de g\u00e9rer vos services sur le terrain beaucoup plus efficacement. Le syst\u00e8me de suivi GPS vous offre en effet des rapports complets. Ainsi, vous pouvez assurer le suivi de l\u2019enregistrement des d\u00e9placements en toute simplicit\u00e9 et calculer l\u2019indemnit\u00e9 kilom\u00e9trique sur cette base. Il en va de m\u00eame des heures travaill\u00e9es par vos employ\u00e9s\u00a0: chaque comportement est enregistr\u00e9 par notre syst\u00e8me de suivi GPS embarqu\u00e9, puis transmis au syst\u00e8me Track-and-Trace.<\/p>\n<h3><strong>Avantages du syst\u00e8me d\u2019enregistrement GPS<\/strong><\/h3>\n<p>Le traceur GPS embarqu\u00e9 transmet au syst\u00e8me la position des v\u00e9hicules en temps r\u00e9el, ce qui pr\u00e9sente les avantages suivants\u00a0:<\/p>\n<ul class=\"advantages\">\n<li>Efficacit\u00e9 de la planification<\/li>\n<li>Rapports automatis\u00e9s sur les d\u00e9placements et les heures de travail<\/li>\n<li>Vue d\u2019ensemble des co\u00fbts d\u2019entretien<\/li>\n<\/ul>\n<p>Le syst\u00e8me vous permet donc non seulement d\u2019effectuer l\u2019enregistrement des d\u00e9placements, mais aussi, de mani\u00e8re g\u00e9n\u00e9rale, de faire des \u00e9conomies et de b\u00e9n\u00e9ficier d\u2019une meilleure vue d\u2019ensemble de votre parc automobile.<\/p>\n<p><a class=\"button cta\" href=\"#contact\">Plus d'information? <strong>Contactez-nous<\/strong><\/a><\/p>\n<p><strong>D\u00e9couvrez \u00e9galement tout sur\u00a0:<\/strong><\/p>\n<ul>\n<li><a href=\"https:\/\/www.traxgo.be\/fr\/online-track-et-trace-et-systemes-de-localisation\/localisation-machines\/\">Syst\u00e8me de localisation de vos machines<\/a> <a href=\"https:\/\/www.traxgo.be\/fr\/localisation-de-remorques\/\">et remorques<\/a><\/li>\n<li><a href=\"https:\/\/www.traxgo.be\/fr\/online-track-et-trace-et-systemes-de-localisation\/\">Autres solutions<\/a><\/li>\n<\/ul>\n","protected":false},"excerpt":{"rendered":"<p>Enregistrement des trajets pour les voitures de soci\u00e9t\u00e9 Traxgo jouit de longues ann\u00e9es d\u2019expertise dans le domaine de l\u2019enregistrement des d\u00e9placements.\u00a0 Gr\u00e2ce aux traceurs GPS de vos v\u00e9hicules de soci\u00e9t\u00e9, vous savez ce qu\u2019il en est de votre parc \u00e0 tout moment. Notre solution Track-and-Trace permet ainsi d\u2019effectuer l\u2019enregistrement des trajets pour les voitures de [&hellip;]<\/p>\n","protected":false},"author":7,"featured_media":2937,"parent":0,"menu_order":0,"comment_status":"closed","ping_status":"closed","template":"","meta":{"_acf_changed":false,"footnotes":""},"class_list":["post-3463","page","type-page","status-publish","has-post-thumbnail","hentry"],"acf":[],"_links":{"self":[{"href":"https:\/\/www.traxgo.be\/fr\/wp-json\/wp\/v2\/pages\/3463","targetHints":{"allow":["GET"]}}],"collection":[{"href":"https:\/\/www.traxgo.be\/fr\/wp-json\/wp\/v2\/pages"}],"about":[{"href":"https:\/\/www.traxgo.be\/fr\/wp-json\/wp\/v2\/types\/page"}],"author":[{"embeddable":true,"href":"https:\/\/www.traxgo.be\/fr\/wp-json\/wp\/v2\/users\/7"}],"replies":[{"embeddable":true,"href":"https:\/\/www.traxgo.be\/fr\/wp-json\/wp\/v2\/comments?post=3463"}],"version-history":[{"count":8,"href":"https:\/\/www.traxgo.be\/fr\/wp-json\/wp\/v2\/pages\/3463\/revisions"}],"predecessor-version":[{"id":11155,"href":"https:\/\/www.traxgo.be\/fr\/wp-json\/wp\/v2\/pages\/3463\/revisions\/11155"}],"wp:featuredmedia":[{"embeddable":true,"href":"https:\/\/www.traxgo.be\/fr\/wp-json\/wp\/v2\/media\/2937"}],"wp:attachment":[{"href":"https:\/\/www.traxgo.be\/fr\/wp-json\/wp\/v2\/media?parent=3463"}],"curies":[{"name":"wp","href":"https:\/\/api.w.org\/{rel}","templated":true}]}}