{"id":3465,"date":"2019-02-06T15:11:30","date_gmt":"2019-02-06T15:11:30","guid":{"rendered":"https:\/\/www.traxgo.be\/?page_id=3465"},"modified":"2025-03-26T08:24:13","modified_gmt":"2025-03-26T08:24:13","slug":"capteur-de-temperature","status":"publish","type":"page","link":"https:\/\/www.traxgo.be\/fr\/capteur-de-temperature\/","title":{"rendered":"Capteur de temp\u00e9rature"},"content":{"rendered":"<h2><strong>V\u00e9rifiez la temp\u00e9rature de votre cargaison \u00e0 l\u2019aide d\u2019un capteur thermique<\/strong><\/h2>\n<h3><img loading=\"lazy\" decoding=\"async\" class=\"alignright wp-image-2273 size-medium\" title=\"Capteur de temp\u00e9rature pour votre cargaison\" src=\"https:\/\/www.traxgo.be\/wp-content\/uploads\/2018\/06\/Temperatuursensor-oogje-300x188.png\" alt=\"Capteur de temp\u00e9rature pour votre cargaison\" width=\"300\" height=\"188\" srcset=\"https:\/\/www.traxgo.be\/wp-content\/uploads\/2018\/06\/Temperatuursensor-oogje-300x188.png 300w, https:\/\/www.traxgo.be\/wp-content\/uploads\/2018\/06\/Temperatuursensor-oogje-768x481.png 768w, https:\/\/www.traxgo.be\/wp-content\/uploads\/2018\/06\/Temperatuursensor-oogje.png 960w\" sizes=\"auto, (max-width: 300px) 100vw, 300px\" \/><\/h3>\n<p>L\u2019obtention d\u2019informations sur la temp\u00e9rature de votre cargaison peut s\u2019av\u00e9rer extr\u00eamement chronophage. Facilitez-vous donc la t\u00e2che en installant des capteurs thermiques. Un <strong>capteur thermique<\/strong> est un dispositif dans lequel la quantit\u00e9 physique de temp\u00e9rature est convertie en signal \u00e9lectrique lisible.<\/p>\n<p>Les capteurs de temp\u00e9rature sont utilis\u00e9s dans des endroits et des appareils o\u00f9 la temp\u00e9rature doit \u00eatre mesur\u00e9e pour la contr\u00f4ler et \u00e9ventuellement l\u2019ajuster. Les mesures du capteur thermique se font en temps r\u00e9el, de sorte que vous connaissez parfaitement la temp\u00e9rature de votre v\u00e9hicule de transport ou camion frigorifique. Assurez la qualit\u00e9 des aliments pendant le transport et r\u00e9duisez les risques pour la sant\u00e9 de vos clients\u00a0!<\/p>\n<h3><strong>Avantages d\u2019un capteur thermique<\/strong><\/h3>\n<ul class=\"advantages\">\n<li>Mesure de la temp\u00e9rature en temps r\u00e9el<\/li>\n<li>Pr\u00e9cision<\/li>\n<li>Commodit\u00e9\u00a0: vous n\u2019avez pas \u00e0 effectuer les mesures vous-m\u00eame<\/li>\n<li>Avertissement\u00a0: si la temp\u00e9rature est sup\u00e9rieure ou inf\u00e9rieure \u00e0 une certaine moyenne, vous pouvez facilement la corriger et ainsi \u00e9viter les probl\u00e8mes<\/li>\n<li>Consultation\u00a0: l\u2019aper\u00e7u et l\u2019historique des donn\u00e9es sont disponibles partout et \u00e0 tout moment.<\/li>\n<\/ul>\n<h3><strong>Capteur de temp\u00e9rature en combinaison avec track and trace<\/strong><\/h3>\n<p>Conna\u00eetre \u00e0 tout moment et en temps r\u00e9el la temp\u00e9rature et la localisation de votre v\u00e9hicule de transport : la combinaison parfaite! Si vous souhaitez en savoir plus sur les capteurs thermiques ou obtenir une offre sans engagement, laissez-nous vos coordonn\u00e9es via le <a href=\"https:\/\/www.traxgo.be\/fr\/contact\/\">formulaire de contact<\/a>.<\/p>\n<p><a class=\"button cta\" href=\"#contact\">Plus d'information? <strong>Contactez-nous<\/strong><\/a><\/p>\n<p><i class=\"fa fa-info-circle\" aria-hidden=\"true\"><\/i> <em><strong>Conseil de lecture:<\/strong> <a href=\"https:\/\/www.traxgo.be\/fr\/surveillance-de-la-temperature-avec-des-capteurs-calibres\/\">surveillance de la temp\u00e9rature avec des capteurs calibr\u00e9s<\/a>.<\/em><\/p>\n","protected":false},"excerpt":{"rendered":"<p>V\u00e9rifiez la temp\u00e9rature de votre cargaison \u00e0 l\u2019aide d\u2019un capteur thermique L\u2019obtention d\u2019informations sur la temp\u00e9rature de votre cargaison peut s\u2019av\u00e9rer extr\u00eamement chronophage. Facilitez-vous donc la t\u00e2che en installant des capteurs thermiques. Un capteur thermique est un dispositif dans lequel la quantit\u00e9 physique de temp\u00e9rature est convertie en signal \u00e9lectrique lisible. Les capteurs de temp\u00e9rature [&hellip;]<\/p>\n","protected":false},"author":7,"featured_media":361,"parent":0,"menu_order":0,"comment_status":"closed","ping_status":"closed","template":"","meta":{"_acf_changed":false,"footnotes":""},"class_list":["post-3465","page","type-page","status-publish","has-post-thumbnail","hentry"],"acf":[],"_links":{"self":[{"href":"https:\/\/www.traxgo.be\/fr\/wp-json\/wp\/v2\/pages\/3465","targetHints":{"allow":["GET"]}}],"collection":[{"href":"https:\/\/www.traxgo.be\/fr\/wp-json\/wp\/v2\/pages"}],"about":[{"href":"https:\/\/www.traxgo.be\/fr\/wp-json\/wp\/v2\/types\/page"}],"author":[{"embeddable":true,"href":"https:\/\/www.traxgo.be\/fr\/wp-json\/wp\/v2\/users\/7"}],"replies":[{"embeddable":true,"href":"https:\/\/www.traxgo.be\/fr\/wp-json\/wp\/v2\/comments?post=3465"}],"version-history":[{"count":5,"href":"https:\/\/www.traxgo.be\/fr\/wp-json\/wp\/v2\/pages\/3465\/revisions"}],"predecessor-version":[{"id":17310,"href":"https:\/\/www.traxgo.be\/fr\/wp-json\/wp\/v2\/pages\/3465\/revisions\/17310"}],"wp:featuredmedia":[{"embeddable":true,"href":"https:\/\/www.traxgo.be\/fr\/wp-json\/wp\/v2\/media\/361"}],"wp:attachment":[{"href":"https:\/\/www.traxgo.be\/fr\/wp-json\/wp\/v2\/media?parent=3465"}],"curies":[{"name":"wp","href":"https:\/\/api.w.org\/{rel}","templated":true}]}}