{"id":3471,"date":"2019-02-06T15:21:49","date_gmt":"2019-02-06T15:21:49","guid":{"rendered":"https:\/\/www.traxgo.be\/?page_id=3471"},"modified":"2022-05-04T13:13:55","modified_gmt":"2022-05-04T13:13:55","slug":"pointeuse-temps","status":"publish","type":"page","link":"https:\/\/www.traxgo.be\/fr\/pointeuse-temps\/","title":{"rendered":"Pointeuse en ligne"},"content":{"rendered":"<h2>Pointeuse en ligne<\/h2>\n<p><img loading=\"lazy\" decoding=\"async\" class=\"alignright wp-image-3800\" src=\"https:\/\/www.traxgo.be\/wp-content\/uploads\/2019\/04\/Urenregistratie4.jpg\" alt=\"Pointeuse en ligne\" width=\"580\" height=\"386\" srcset=\"https:\/\/www.traxgo.be\/wp-content\/uploads\/2019\/04\/Urenregistratie4.jpg 626w, https:\/\/www.traxgo.be\/wp-content\/uploads\/2019\/04\/Urenregistratie4-300x200.jpg 300w\" sizes=\"auto, (max-width: 580px) 100vw, 580px\" \/>Les travailleurs ont l\u2019obligation de s\u2019enregistrer sur le chantier via la pointeuse en ligne. Vous pouvez ainsi utiliser la plate-forme Traxgo pour savoir qui a point\u00e9 ou non et quand.<\/p>\n<p>L\u2019enregistrement vous d\u00e9leste \u00e9galement du volet administratif\u00a0: les badges d\u2019identification contiennent les donn\u00e9es n\u00e9cessaires pour l\u2019ONSS et le syst\u00e8me transmet les informations \u00e0 CheckInAtWork.<\/p>\n<h3><strong>Propri\u00e9t\u00e9s<\/strong><\/h3>\n<ul>\n<li>Il n\u2019est pas n\u00e9cessaire d\u2019acheter des appareils suppl\u00e9mentaires ou du mat\u00e9riel co\u00fbteux pour utiliser notre syst\u00e8me\u00a0: compatible avec de nombreux appareils, ilfacilite votre flux de travail.<\/li>\n<li>Le syst\u00e8me suit la position GPS de vos travailleurs\u00a0: des informations que vous pouvez consulter via notre plate-forme Traxgo.<\/li>\n<li>La pointeuse enregistre les heures de travail et les affiche sous la forme d\u2019un aper\u00e7u pratique\u00a0: vous savez toujours qui a travaill\u00e9, quand et o\u00f9.<\/li>\n<\/ul>\n<p><a class=\"button cta\" href=\"#contact\">Plus d'information? <strong>Contactez-nous<\/strong><\/a><\/p>\n<p>&nbsp;<\/p>\n<p><strong>Consultez \u00e9galement\u00a0:<\/strong><\/p>\n<ul>\n<li><a href=\"https:\/\/www.traxgo.be\/fr\/legislation-relative-a-checkinatwork\/\">L\u00e9gislation <\/a>relative \u00e0 CheckInAtWork<\/li>\n<li><a href=\"https:\/\/www.traxgo.be\/fr\/declaration-de-travaux\/\">D\u00e9claration de chantier<\/a><\/li>\n<li><a href=\"https:\/\/www.traxgo.be\/fr\/enregistrement-des-presences\/\">Le motif sous-jacent de l\u2019enregistrement des pr\u00e9sences\u00a0<\/a>?<\/li>\n<li><a href=\"https:\/\/www.traxgo.be\/fr\/suivi-de-la-planification-du-personnel\/\">Checkinatwork\u00a0: l\u2019outil id\u00e9al pour le suivi de votre planification du personnel<\/a><\/li>\n<li><a href=\"https:\/\/www.traxgo.be\/fr\/planification-des-conges\/\">Planification des cong\u00e9s\u00a0? Facilitez-vous la t\u00e2che<\/a><\/li>\n<li>Enregistrement des pr\u00e9sences dans le secteur de la construction\u00a0: <a href=\"https:\/\/www.traxgo.be\/fr\/systeme-denregistrement-des-presences-dans-la-construction\/\">articles 1<\/a> et <a href=\"https:\/\/www.traxgo.be\/fr\/systeme-denregistrement-des-presences-dans-le-secteur-de-la-construction\/\">2<\/a><\/li>\n<li><a href=\"https:\/\/www.traxgo.be\/fr\/gestiondespresences\/\">Gestion des pr\u00e9sences<\/a><\/li>\n<\/ul>\n","protected":false},"excerpt":{"rendered":"<p>Pointeuse en ligne Les travailleurs ont l\u2019obligation de s\u2019enregistrer sur le chantier via la pointeuse en ligne. Vous pouvez ainsi utiliser la plate-forme Traxgo pour savoir qui a point\u00e9 ou non et quand. L\u2019enregistrement vous d\u00e9leste \u00e9galement du volet administratif\u00a0: les badges d\u2019identification contiennent les donn\u00e9es n\u00e9cessaires pour l\u2019ONSS et le syst\u00e8me transmet les informations [&hellip;]<\/p>\n","protected":false},"author":7,"featured_media":2943,"parent":0,"menu_order":0,"comment_status":"closed","ping_status":"closed","template":"","meta":{"_acf_changed":false,"footnotes":""},"class_list":["post-3471","page","type-page","status-publish","has-post-thumbnail","hentry"],"acf":[],"_links":{"self":[{"href":"https:\/\/www.traxgo.be\/fr\/wp-json\/wp\/v2\/pages\/3471","targetHints":{"allow":["GET"]}}],"collection":[{"href":"https:\/\/www.traxgo.be\/fr\/wp-json\/wp\/v2\/pages"}],"about":[{"href":"https:\/\/www.traxgo.be\/fr\/wp-json\/wp\/v2\/types\/page"}],"author":[{"embeddable":true,"href":"https:\/\/www.traxgo.be\/fr\/wp-json\/wp\/v2\/users\/7"}],"replies":[{"embeddable":true,"href":"https:\/\/www.traxgo.be\/fr\/wp-json\/wp\/v2\/comments?post=3471"}],"version-history":[{"count":10,"href":"https:\/\/www.traxgo.be\/fr\/wp-json\/wp\/v2\/pages\/3471\/revisions"}],"predecessor-version":[{"id":10971,"href":"https:\/\/www.traxgo.be\/fr\/wp-json\/wp\/v2\/pages\/3471\/revisions\/10971"}],"wp:featuredmedia":[{"embeddable":true,"href":"https:\/\/www.traxgo.be\/fr\/wp-json\/wp\/v2\/media\/2943"}],"wp:attachment":[{"href":"https:\/\/www.traxgo.be\/fr\/wp-json\/wp\/v2\/media?parent=3471"}],"curies":[{"name":"wp","href":"https:\/\/api.w.org\/{rel}","templated":true}]}}