{"id":3473,"date":"2019-02-06T15:28:16","date_gmt":"2019-02-06T15:28:16","guid":{"rendered":"https:\/\/www.traxgo.be\/?page_id=3473"},"modified":"2022-07-05T08:08:12","modified_gmt":"2022-07-05T08:08:12","slug":"systeme-tpms","status":"publish","type":"page","link":"https:\/\/www.traxgo.be\/fr\/systeme-tpms\/","title":{"rendered":"Syst\u00e8me TPMS"},"content":{"rendered":"<h2><strong>Jusqu\u2019\u00e0 100\u00a0000\u00a0euros de subventions pour le syst\u00e8me TPMS de Traxgo<\/strong><\/h2>\n<p><strong>Les autorit\u00e9s flamandes investissent dans un secteur des transports s\u00fbr et \u00e9cologique.\u00a0<\/strong><\/p>\n<h3><strong>Syst\u00e8me de surveillance de la pression des pneus de Traxgo<\/strong><\/h3>\n<p><img loading=\"lazy\" decoding=\"async\" class=\"alignright wp-image-499\" title=\"Syst\u00e8me de contr\u00f4le de pression des pneus\" src=\"http:\/\/www.traxgo.be\/wp-content\/uploads\/2018\/02\/Band_logo-Wifi-PC.jpg\" alt=\"Syst\u00e8me de contr\u00f4le de pression des pneus Traxgo\" width=\"510\" height=\"189\" srcset=\"https:\/\/www.traxgo.be\/wp-content\/uploads\/2018\/02\/Band_logo-Wifi-PC.jpg 1000w, https:\/\/www.traxgo.be\/wp-content\/uploads\/2018\/02\/Band_logo-Wifi-PC-300x111.jpg 300w, https:\/\/www.traxgo.be\/wp-content\/uploads\/2018\/02\/Band_logo-Wifi-PC-768x285.jpg 768w\" sizes=\"auto, (max-width: 510px) 100vw, 510px\" \/><\/p>\n<p>Les entreprises de transport qui investissent dans des mesures en mati\u00e8re de s\u00e9curit\u00e9 routi\u00e8re et d\u2019\u00e9cologie peuvent recevoir des subventions <strong>allant jusqu\u2019\u00e0 100\u00a0000\u00a0euros de la part des autorit\u00e9s flamandes<\/strong>. Les autorit\u00e9s flamandes investissent dans un secteur des transports s\u00fbr et \u00e9cologique. L\u2019aide s\u2019\u00e9l\u00e8ve au maximum \u00e0 100\u00a0000\u00a0euros par entreprise pour les d\u00e9penses effectu\u00e9es en 2017, 2018 ou 2019. Toutes les entreprises peuvent introduire une demande d\u2019aide depuis la fin novembre 2017.<\/p>\n<p><strong>Le syst\u00e8me de surveillance de la pression des pneus de Traxgo est admissible \u00e0 cette subvention.<\/strong><\/p>\n<p>Le syst\u00e8me de surveillance de la pression des pneus de Traxgo mesure en continu la pression et la temp\u00e9rature de tous les pneus des camions et <a href=\"http:\/\/www.traxgo.be\/trailer-tracking-track-and-trace-aanhangwagen\/\">remorques<\/a>. Ces donn\u00e9es sont transf\u00e9r\u00e9es \u00e0 la plate-forme de Traxgo automatiquement et en temps r\u00e9el. Vous obtenez ainsi des <strong>informations en temps r\u00e9el<\/strong> sur l\u2019\u00e9tat de vos pneus.\u00a0<strong>Les irr\u00e9gularit\u00e9s sont rep\u00e9r\u00e9es imm\u00e9diatement<\/strong> et vous \u00eates averti \u00e0 temps par une alarme.<\/p>\n<p>D\u00e9couvrez tous les avantages du syst\u00e8me de surveillance de la pression des pneus de Traxgo.<\/p>\n<p><a class=\"button\" href=\"https:\/\/www.traxgo.be\/fr\/online-track-et-trace-et-systemes-de-localisation\/systeme-de-controle-de-pression-des-pneus\/\">Syst\u00e8me de contr\u00f4le de pression des pneus<\/a><\/p>\n<p>&nbsp;<\/p>\n<h3><strong>Syst\u00e8me Track and Trace de Traxgo<\/strong><\/h3>\n<p><img loading=\"lazy\" decoding=\"async\" class=\"alignright wp-image-502\" title=\"Syst\u00e8me Track and Trace\" src=\"http:\/\/www.traxgo.be\/wp-content\/uploads\/2018\/02\/Vrachtwagen_wifi_PC-bandenspanning_2018-vierkant.jpg\" alt=\"Syst\u00e8me Track and Trace pour votre parc de camions Traxgo\" width=\"510\" height=\"316\" srcset=\"https:\/\/www.traxgo.be\/wp-content\/uploads\/2018\/02\/Vrachtwagen_wifi_PC-bandenspanning_2018-vierkant.jpg 800w, https:\/\/www.traxgo.be\/wp-content\/uploads\/2018\/02\/Vrachtwagen_wifi_PC-bandenspanning_2018-vierkant-300x186.jpg 300w, https:\/\/www.traxgo.be\/wp-content\/uploads\/2018\/02\/Vrachtwagen_wifi_PC-bandenspanning_2018-vierkant-768x476.jpg 768w\" sizes=\"auto, (max-width: 510px) 100vw, 510px\" \/><\/p>\n<p>Le <strong>syst\u00e8me Track and Tracede Traxgo <\/strong>vous aide \u00e0 surveiller votre parc de camions. Les donn\u00e9es sont pr\u00e9sent\u00e9es de mani\u00e8re tr\u00e8s claire sur la forme d\u2019une carte et de rapports. Ainsi, vous pouvez suivre et g\u00e9rer votre camion ou votre remorque \u00e0 tout moment. Une alarme de mouvement vous notifie en cas de mouvement non d\u00e9sir\u00e9 ou de vol. Vous pouvez activer le dispositif d\u2019immobilisation du moteur \u00e0 tout moment, ce qui renforce la s\u00e9curit\u00e9 de votre parc. Une mani\u00e8re id\u00e9ale d\u2019emp\u00eacher les vols.<\/p>\n<p>D\u00e9couvrez tous les avantages du <a href=\"https:\/\/www.traxgo.be\/fr\/online-track-et-trace-et-systemes-de-localisation\/localisation-vehicules\/\">syst\u00e8me Track and Trace de Traxgo<\/a>.<\/p>\n<p><a class=\"button\" href=\"https:\/\/www.traxgo.be\/fr\/online-track-et-trace-et-systemes-de-localisation\/localisation-vehicules\/\">Localisation de v\u00e9hicules<\/a><\/p>\n<p>&nbsp;<\/p>\n<p><strong>Pour \u00eatre admissible aux subventions relatives au syst\u00e8me de surveillance de la pression des pneus de Traxgo, l\u2019entreprise doit remplir certaines conditions. <a href=\"https:\/\/www.traxgo.be\/fr\/bandenspanning-sensor-subsidies\/\">\u00cates-vous admissible \u00e0 des subventions?<\/a><\/strong><\/p>\n<p>Vous souhaitez obtenir plus d\u2019informations sur une solution globale ou sur mesure\u00a0?<br \/>\nEnvoyez-nous votre demande. Nous nous ferons un plaisir de vous aider.<\/p>\n<p><a class=\"button cta\" href=\"#contact\">Plus d'information? <strong>Contactez-nous<\/strong><\/a><\/p>\n<p>&nbsp;<\/p>\n<p><strong>D\u00e9couvrez \u00e9galement tout sur:<\/strong><\/p>\n<ul>\n<li><a href=\"https:\/\/www.traxgo.be\/fr\/online-track-et-trace-et-systemes-de-localisation\/enregistrement-des-presences-checkinatwork\/\">Checkinatwork<\/a><\/li>\n<li><a href=\"https:\/\/www.traxgo.be\/fr\/pointeuse\/\">Pointeuse<\/a><\/li>\n<li><a href=\"https:\/\/www.traxgo.be\/fr\/online-track-et-trace-et-systemes-de-localisation\/localisation-machines\/\">Syst\u00e8me de localisation de vos machines<\/a> <a href=\"https:\/\/www.traxgo.be\/fr\/localisation-de-remorques\/\">et remorques<\/a><\/li>\n<li><a href=\"https:\/\/www.traxgo.be\/fr\/online-track-et-trace-et-systemes-de-localisation\/enrgistrement-de-temperature\/\">Enregistrement de temp\u00e9rature<\/a><\/li>\n<li><a href=\"https:\/\/www.traxgo.be\/fr\/online-track-et-trace-et-systemes-de-localisation\/\">Autres solutions<\/a><\/li>\n<\/ul>\n","protected":false},"excerpt":{"rendered":"<p>Jusqu\u2019\u00e0 100\u00a0000\u00a0euros de subventions pour le syst\u00e8me TPMS de Traxgo Les autorit\u00e9s flamandes investissent dans un secteur des transports s\u00fbr et \u00e9cologique.\u00a0 Syst\u00e8me de surveillance de la pression des pneus de Traxgo Les entreprises de transport qui investissent dans des mesures en mati\u00e8re de s\u00e9curit\u00e9 routi\u00e8re et d\u2019\u00e9cologie peuvent recevoir des subventions allant jusqu\u2019\u00e0 100\u00a0000\u00a0euros [&hellip;]<\/p>\n","protected":false},"author":7,"featured_media":85,"parent":0,"menu_order":0,"comment_status":"closed","ping_status":"closed","template":"","meta":{"_acf_changed":false,"footnotes":""},"class_list":["post-3473","page","type-page","status-publish","has-post-thumbnail","hentry"],"acf":[],"_links":{"self":[{"href":"https:\/\/www.traxgo.be\/fr\/wp-json\/wp\/v2\/pages\/3473","targetHints":{"allow":["GET"]}}],"collection":[{"href":"https:\/\/www.traxgo.be\/fr\/wp-json\/wp\/v2\/pages"}],"about":[{"href":"https:\/\/www.traxgo.be\/fr\/wp-json\/wp\/v2\/types\/page"}],"author":[{"embeddable":true,"href":"https:\/\/www.traxgo.be\/fr\/wp-json\/wp\/v2\/users\/7"}],"replies":[{"embeddable":true,"href":"https:\/\/www.traxgo.be\/fr\/wp-json\/wp\/v2\/comments?post=3473"}],"version-history":[{"count":10,"href":"https:\/\/www.traxgo.be\/fr\/wp-json\/wp\/v2\/pages\/3473\/revisions"}],"predecessor-version":[{"id":12448,"href":"https:\/\/www.traxgo.be\/fr\/wp-json\/wp\/v2\/pages\/3473\/revisions\/12448"}],"wp:featuredmedia":[{"embeddable":true,"href":"https:\/\/www.traxgo.be\/fr\/wp-json\/wp\/v2\/media\/85"}],"wp:attachment":[{"href":"https:\/\/www.traxgo.be\/fr\/wp-json\/wp\/v2\/media?parent=3473"}],"curies":[{"name":"wp","href":"https:\/\/api.w.org\/{rel}","templated":true}]}}