{"id":3477,"date":"2019-02-07T07:38:45","date_gmt":"2019-02-07T07:38:45","guid":{"rendered":"https:\/\/www.traxgo.be\/?page_id=3477"},"modified":"2022-05-12T09:32:40","modified_gmt":"2022-05-12T09:32:40","slug":"enregistrement-des-heures","status":"publish","type":"page","link":"https:\/\/www.traxgo.be\/fr\/enregistrement-des-heures\/","title":{"rendered":"Enregistrement des heures"},"content":{"rendered":"<h2><strong>Enregistrement des heures<\/strong><\/h2>\n<h3><strong><img loading=\"lazy\" decoding=\"async\" class=\"alignright wp-image-6420\" src=\"https:\/\/www.traxgo.be\/wp-content\/uploads\/2019\/04\/Urenregistratie4.jpg\" alt=\"Enregistrement des heures | Enregistrement du temps\" width=\"580\" height=\"386\" srcset=\"https:\/\/www.traxgo.be\/wp-content\/uploads\/2019\/04\/Urenregistratie4.jpg 626w, https:\/\/www.traxgo.be\/wp-content\/uploads\/2019\/04\/Urenregistratie4-300x200.jpg 300w\" sizes=\"auto, (max-width: 580px) 100vw, 580px\" \/>L\u2019importance d\u2019un bon enregistrement des heures<\/strong><\/h3>\n<p>L\u2019enregistrement des heures est un outil important pour la gestion de votre entreprise, surtout lorsque ces heures jouent un r\u00f4le dans le travail fourni. Il est donc important de choisir un logiciel ad\u00e9quat, puisque vous vous appuierez longtemps sur celui-ci pour enregistrer correctement les heures de travail de vos effectifs.<\/p>\n<h3><strong>Choisir le bon logiciel pour <a href=\"https:\/\/www.traxgo.be\/fr\/heures-de-travail\/\">enregistrer les heures de travail<\/a><\/strong><\/h3>\n<p>Il convient de faire votre choix sur la base du rapport qualit\u00e9-prix. Le syst\u00e8me Traxgo effectue l\u2019enregistrement des heures de mani\u00e8re \u00e0 vous offrir une vue d\u2019ensemble pratique et \u00e0 \u00eatre reli\u00e9 au maximum d\u2019instances comp\u00e9tentes. Votre charge administrative s\u2019en trouve r\u00e9duite et vous respectez les obligations l\u00e9gales en tout temps. Ainsi, vous simplifiez non seulement votre propre gestion du temps de travail et du personnel, mais \u00eates \u00e9galement en conformit\u00e9 avec toutes les obligations suppl\u00e9mentaires. Traxgo est donc le partenaire id\u00e9al\u00a0!<\/p>\n<p>Vous aussi, vous souhaitez utiliser un logiciel d\u2019enregistrement des heures\u00a0? Nous nous ferons un plaisir de vous en dire plus lors d\u2019un entretien de d\u00e9monstration sans engagement.<\/p>\n<p><a class=\"button cta\" href=\"#contact\">Plus d'information? <strong>Contactez-nous<\/strong><\/a><\/p>\n<p>&nbsp;<\/p>\n<p><strong>Consultez \u00e9galement\u00a0:<\/strong><\/p>\n<ul>\n<li><a href=\"https:\/\/www.traxgo.be\/fr\/legislation-relative-a-checkinatwork\/\">L\u00e9gislation <\/a>relative \u00e0 CheckInAtWork<\/li>\n<li><a href=\"https:\/\/www.traxgo.be\/fr\/declaration-de-travaux\/\">D\u00e9claration de chantier<\/a><\/li>\n<li><a href=\"https:\/\/www.traxgo.be\/fr\/enregistrement-des-presences\/\">Le motif sous-jacent de l\u2019enregistrement des pr\u00e9sences\u00a0<\/a>?<\/li>\n<li><a href=\"https:\/\/www.traxgo.be\/fr\/suivi-de-la-planification-du-personnel\/\">Checkinatwork\u00a0: l\u2019outil id\u00e9al pour le suivi de votre planification du personnel<\/a><\/li>\n<li><a href=\"https:\/\/www.traxgo.be\/fr\/planification-des-conges\/\">Planification des cong\u00e9s\u00a0? Facilitez-vous la t\u00e2che<\/a><\/li>\n<li>Enregistrement des pr\u00e9sences dans le secteur de la construction\u00a0: <a href=\"https:\/\/www.traxgo.be\/fr\/systeme-denregistrement-des-presences-dans-la-construction\/\">articles 1<\/a> et <a href=\"https:\/\/www.traxgo.be\/fr\/systeme-denregistrement-des-presences-dans-le-secteur-de-la-construction\/\">2<\/a><\/li>\n<li><a href=\"https:\/\/www.traxgo.be\/fr\/gestiondespresences\/\">Gestion des pr\u00e9sences<\/a><\/li>\n<\/ul>\n","protected":false},"excerpt":{"rendered":"<p>Enregistrement des heures L\u2019importance d\u2019un bon enregistrement des heures L\u2019enregistrement des heures est un outil important pour la gestion de votre entreprise, surtout lorsque ces heures jouent un r\u00f4le dans le travail fourni. Il est donc important de choisir un logiciel ad\u00e9quat, puisque vous vous appuierez longtemps sur celui-ci pour enregistrer correctement les heures de [&hellip;]<\/p>\n","protected":false},"author":7,"featured_media":2612,"parent":0,"menu_order":0,"comment_status":"closed","ping_status":"closed","template":"","meta":{"_acf_changed":false,"footnotes":""},"class_list":["post-3477","page","type-page","status-publish","has-post-thumbnail","hentry"],"acf":[],"_links":{"self":[{"href":"https:\/\/www.traxgo.be\/fr\/wp-json\/wp\/v2\/pages\/3477","targetHints":{"allow":["GET"]}}],"collection":[{"href":"https:\/\/www.traxgo.be\/fr\/wp-json\/wp\/v2\/pages"}],"about":[{"href":"https:\/\/www.traxgo.be\/fr\/wp-json\/wp\/v2\/types\/page"}],"author":[{"embeddable":true,"href":"https:\/\/www.traxgo.be\/fr\/wp-json\/wp\/v2\/users\/7"}],"replies":[{"embeddable":true,"href":"https:\/\/www.traxgo.be\/fr\/wp-json\/wp\/v2\/comments?post=3477"}],"version-history":[{"count":11,"href":"https:\/\/www.traxgo.be\/fr\/wp-json\/wp\/v2\/pages\/3477\/revisions"}],"predecessor-version":[{"id":11229,"href":"https:\/\/www.traxgo.be\/fr\/wp-json\/wp\/v2\/pages\/3477\/revisions\/11229"}],"wp:featuredmedia":[{"embeddable":true,"href":"https:\/\/www.traxgo.be\/fr\/wp-json\/wp\/v2\/media\/2612"}],"wp:attachment":[{"href":"https:\/\/www.traxgo.be\/fr\/wp-json\/wp\/v2\/media?parent=3477"}],"curies":[{"name":"wp","href":"https:\/\/api.w.org\/{rel}","templated":true}]}}