{"id":3481,"date":"2019-02-07T08:02:03","date_gmt":"2019-02-07T08:02:03","guid":{"rendered":"https:\/\/www.traxgo.be\/?page_id=3481"},"modified":"2024-02-19T13:52:14","modified_gmt":"2024-02-19T13:52:14","slug":"bandenspanning-sensor-subsidies","status":"publish","type":"page","link":"https:\/\/www.traxgo.be\/fr\/bandenspanning-sensor-subsidies\/","title":{"rendered":"Subventions pour le syst\u00e8me de surveillance de la pression des pneus de Traxgo"},"content":{"rendered":"<h2>Subventions pour le syst\u00e8me de surveillance de la pression des pneus de Traxgo<\/h2>\n<h3><strong>Quelles entreprises\u00a0?<\/strong><\/h3>\n<p>Pour pouvoir b\u00e9n\u00e9ficier de cette subvention, l\u2019entreprise doit remplir les conditions suivantes :<\/p>\n<ul>\n<li>L\u2019entreprise doit poss\u00e9der d\u2019au moins un v\u00e9hicule \u00e0 moteur ou ensemble de v\u00e9hicules destin\u00e9 ou utilis\u00e9 pour le transport de marchandises par route et ayant un poids total autoris\u00e9 en charge (PTAC) sup\u00e9rieur \u00e0 3,5 tonnes. Le v\u00e9hicule doit \u00eatre immatricul\u00e9 en Belgique.<\/li>\n<li>Le si\u00e8ge d\u2019exploitation doit \u00eatre \u00e9tabli en R\u00e9gion flamande.<\/li>\n<li>La soci\u00e9t\u00e9 doit avoir une forme juridique accept\u00e9e (entreprise individuelle, S.A., SPRL, etc.).<\/li>\n<li>Il ne peut pas s\u2019agir d\u2019une entreprise en difficult\u00e9.<\/li>\n<li>La soci\u00e9t\u00e9 ne peut pas \u00eatre contr\u00f4l\u00e9e (directement ou indirectement) par une autorit\u00e9 administrative \u00e0 hauteur de 50\u00a0% ou plus.<\/li>\n<li>La soci\u00e9t\u00e9 doit se conformer au r\u00e8glement europ\u00e9en de minimis, qui stipule que la Commission europ\u00e9enne autorise les aides d\u2019\u00c9tat aussi longtemps qu\u2019elles restent inf\u00e9rieures \u00e0 un certain seuil.<\/li>\n<\/ul>\n<h3><strong>Quelles d\u00e9penses\u00a0?<\/strong><\/h3>\n<p>La subvention devrait \u00eatre affect\u00e9e\u00a0:<\/p>\n<ul>\n<li>aux d\u00e9penses pour des dispositifs de s\u00e9curit\u00e9 suppl\u00e9mentaires qui vont au-del\u00e0 des exigences l\u00e9gales, notamment les syst\u00e8mes d\u2019aide \u00e0 la conduite et de cam\u00e9ras (r\u00e9troviseur d\u2019angle mort ou cam\u00e9ra suppl\u00e9mentaire, par exemple), les indicateurs de poids par essieu, les syst\u00e8mes de cam\u00e9ras pour le stationnement et la conduite en marche arri\u00e8re, etc.<\/li>\n<\/ul>\n<p>Une liste d\u00e9taill\u00e9e de toutes les d\u00e9penses admissibles \u00e0 cette subvention est annex\u00e9e \u00e0 l\u2019arr\u00eat\u00e9 minist\u00e9riel.<br \/>\nPar \u00ab\u00a0d\u00e9penses\u00a0\u00bb, on entend l\u2019achat, la location ou le leasing de biens et de services \u00e9ligibles. Les d\u00e9penses (contrats ou factures) doivent porter sur des camions de plus de 3,5 tonnes et \u00eatre post\u00e9rieures au 1er\u00a0janvier 2017.<\/p>\n<h3><strong>Syst\u00e8mes \u00e9ligibles<\/strong><\/h3>\n<p><u><a href=\"https:\/\/www.traxgo.be\/fr\/online-track-et-trace-et-systemes-de-localisation\/systeme-de-controle-de-pression-des-pneus\/\">Le syst\u00e8me de surveillance de la pression des pneus Traxgo<\/a><\/u><\/p>\n<h3><strong>Montant<\/strong><\/h3>\n<p>La subvention maximale s\u2019\u00e9l\u00e8ve \u00e0 (hors TVA et frais d\u2019installation)\u00a0:<\/p>\n<ul>\n<li>100\u00a0000\u00a0euros par entreprise pour les d\u00e9penses engag\u00e9es sur trois ann\u00e9es civiles (en l\u2019occurrence 2017, 2018 et 2019). Ainsi, 80\u00a0% du co\u00fbt de la mesure sont rembours\u00e9s.<\/li>\n<li>3\u00a0000\u00a0euros par camion.<\/li>\n<\/ul>\n<p>Une fois la demande correctement introduite, l\u2019entreprise re\u00e7oit un accus\u00e9 de r\u00e9ception \u00e0 l\u2019adresse e-mail indiqu\u00e9e.<\/p>\n<p>Dans le cadre d\u2019un traitement normal du dossier de demande, l\u2019entreprise re\u00e7oit, <strong>dans un d\u00e9lai de 3 semaines<\/strong>, un e-mail indiquant la d\u00e9cision et, en cas d\u2019approbation, la <strong>notification que l\u2019ordre de paiement a \u00e9t\u00e9 donn\u00e9<\/strong>.<\/p>\n<p>Vous souhaitez obtenir plus d\u2019informations sur une solution globale ou sur mesure\u00a0?<br \/>\nEnvoyez-nous votre demande. Nous nous ferons un plaisir de vous aider.<\/p>\n<h3><u><\/u><u><a href=\"https:\/\/www.traxgo.be\/bandenspanningscontrolesysteem-tpms-systeem\/\">SUBVENTIONS POUR LE SYST\u00c8ME DE SURVEILLANCE DE LA PRESSION DES PNEUS<\/a><\/u><\/h3>\n<p><u><a class=\"button\" href=\"#contact\">CONTACTEZ-NOUS POUR PLUS D\u2019INFORMATIONS<\/a><\/u><\/p>\n<p><strong>D\u00e9couvrez \u00e9galement tout sur\u00a0:<\/strong><\/p>\n<ul>\n<li><a href=\"https:\/\/www.traxgo.be\/fr\/online-track-et-trace-et-systemes-de-localisation\/enregistrement-des-presences-checkinatwork\/\">Checkinatwork<\/a><\/li>\n<li><a href=\"https:\/\/www.traxgo.be\/fr\/pointeuse\/\">Pointeuse<\/a><\/li>\n<li><a href=\"https:\/\/www.traxgo.be\/fr\/online-track-et-trace-et-systemes-de-localisation\/localisation-machines\/\">Syst\u00e8me de localisation de vos machines<\/a> <a href=\"https:\/\/www.traxgo.be\/fr\/localisation-de-remorques\/\">et remorques<\/a><\/li>\n<li><a href=\"https:\/\/www.traxgo.be\/fr\/lire-les-donnees-du-camion-de-linterface-fms\/\">Lire les donn\u00e9es du camion de l'interface FMS<\/a><\/li>\n<li><a href=\"https:\/\/www.traxgo.be\/fr\/online-track-et-trace-et-systemes-de-localisation\/\">Autres solutions<\/a><\/li>\n<\/ul>\n","protected":false},"excerpt":{"rendered":"<p>Subventions pour le syst\u00e8me de surveillance de la pression des pneus de Traxgo Quelles entreprises\u00a0? Pour pouvoir b\u00e9n\u00e9ficier de cette subvention, l\u2019entreprise doit remplir les conditions suivantes : L\u2019entreprise doit poss\u00e9der d\u2019au moins un v\u00e9hicule \u00e0 moteur ou ensemble de v\u00e9hicules destin\u00e9 ou utilis\u00e9 pour le transport de marchandises par route et ayant un poids [&hellip;]<\/p>\n","protected":false},"author":7,"featured_media":5748,"parent":0,"menu_order":0,"comment_status":"closed","ping_status":"closed","template":"","meta":{"_acf_changed":false,"footnotes":""},"class_list":["post-3481","page","type-page","status-publish","has-post-thumbnail","hentry"],"acf":[],"_links":{"self":[{"href":"https:\/\/www.traxgo.be\/fr\/wp-json\/wp\/v2\/pages\/3481","targetHints":{"allow":["GET"]}}],"collection":[{"href":"https:\/\/www.traxgo.be\/fr\/wp-json\/wp\/v2\/pages"}],"about":[{"href":"https:\/\/www.traxgo.be\/fr\/wp-json\/wp\/v2\/types\/page"}],"author":[{"embeddable":true,"href":"https:\/\/www.traxgo.be\/fr\/wp-json\/wp\/v2\/users\/7"}],"replies":[{"embeddable":true,"href":"https:\/\/www.traxgo.be\/fr\/wp-json\/wp\/v2\/comments?post=3481"}],"version-history":[{"count":2,"href":"https:\/\/www.traxgo.be\/fr\/wp-json\/wp\/v2\/pages\/3481\/revisions"}],"predecessor-version":[{"id":15670,"href":"https:\/\/www.traxgo.be\/fr\/wp-json\/wp\/v2\/pages\/3481\/revisions\/15670"}],"wp:featuredmedia":[{"embeddable":true,"href":"https:\/\/www.traxgo.be\/fr\/wp-json\/wp\/v2\/media\/5748"}],"wp:attachment":[{"href":"https:\/\/www.traxgo.be\/fr\/wp-json\/wp\/v2\/media?parent=3481"}],"curies":[{"name":"wp","href":"https:\/\/api.w.org\/{rel}","templated":true}]}}