{"id":3483,"date":"2019-02-07T08:05:56","date_gmt":"2019-02-07T08:05:56","guid":{"rendered":"https:\/\/www.traxgo.be\/?page_id=3483"},"modified":"2022-05-12T09:33:24","modified_gmt":"2022-05-12T09:33:24","slug":"heures-de-travail","status":"publish","type":"page","link":"https:\/\/www.traxgo.be\/fr\/heures-de-travail\/","title":{"rendered":"Enregistrement des heures de travail"},"content":{"rendered":"<h2>Suivi efficace des heures de travail<\/h2>\n<p><img loading=\"lazy\" decoding=\"async\" class=\"alignright wp-image-8210\" src=\"https:\/\/www.traxgo.be\/wp-content\/uploads\/2021\/03\/planningssoftware-installatie-bouw.jpg\" alt=\"Enregistrement des heures de travail\" width=\"580\" height=\"387\" srcset=\"https:\/\/www.traxgo.be\/wp-content\/uploads\/2021\/03\/planningssoftware-installatie-bouw.jpg 720w, https:\/\/www.traxgo.be\/wp-content\/uploads\/2021\/03\/planningssoftware-installatie-bouw-300x200.jpg 300w\" sizes=\"auto, (max-width: 580px) 100vw, 580px\" \/>Le suivi et la v\u00e9rification des heures de travail de chacun de vos employ\u00e9s peuvent prendre \u00e9norm\u00e9ment de temps. Gr\u00e2ce \u00e0 l\u2019enregistrement des heures, \u00e9pargnez-vous beaucoup de travail et surveillez les heures de vos employ\u00e9s \u00e0 l\u2019aide d\u2019un logiciel pratique. Le logiciel Track-and-Trace de Traxgo vous permet notamment d\u2019obtenir une vue d\u2019ensemble des heures de travail de vos employ\u00e9s, de la planification des cong\u00e9s et de la localisation de vos v\u00e9hicules. Vous ne perdez donc pas de temps \u00e0 l\u2019enregistrement des heures et pouvez donc l\u2019investir dans d\u2019autres activit\u00e9s importantes.<\/p>\n<h3><strong>Utilisation d\u2019une pointeuse<\/strong><\/h3>\n<p>Vous pouvez utiliser notre <a href=\"https:\/\/www.traxgo.be\/fr\/pointeuse\">pointeuse<\/a> pour permettre \u00e0 vos employ\u00e9s de s\u2019enregistrer. Il s\u2019agit d\u2019un outil pratique \u00e0 travers lequel ils s\u2019enregistrent facilement \u00e0 l\u2019aide de leur badge d\u2019identification \u00e0 leur entr\u00e9e sur le chantier. Ces informations sont ensuite transmises \u00e0 la plate-forme Traxgo. Il n\u2019en faut pas plus.<\/p>\n<p>Les heures travaill\u00e9es sont reprises dans l\u2019application d\u2019enregistrement des temps. Si l\u2019employ\u00e9 oublie de pointer \u00e0 l\u2019arriv\u00e9e ou au d\u00e9part, le manager peut en \u00eatre inform\u00e9.<\/p>\n<p><a class=\"button cta\" href=\"#contact\">Plus d'information? <strong>Contactez-nous<\/strong><\/a><\/p>\n<p>&nbsp;<\/p>\n<p><strong>Consultez \u00e9galement\u00a0:<\/strong><\/p>\n<ul>\n<li><a href=\"https:\/\/www.traxgo.be\/fr\/legislation-relative-a-checkinatwork\/\">L\u00e9gislation <\/a>relative \u00e0 CheckInAtWork<\/li>\n<li><a href=\"https:\/\/www.traxgo.be\/fr\/declaration-de-travaux\/\">D\u00e9claration de chantier<\/a><\/li>\n<li><a href=\"https:\/\/www.traxgo.be\/fr\/enregistrement-des-presences\/\">Le motif sous-jacent de l\u2019enregistrement des pr\u00e9sences\u00a0<\/a>?<\/li>\n<li><a href=\"https:\/\/www.traxgo.be\/fr\/suivi-de-la-planification-du-personnel\/\">Checkinatwork\u00a0: l\u2019outil id\u00e9al pour le suivi de votre planification du personnel<\/a><\/li>\n<li><a href=\"https:\/\/www.traxgo.be\/fr\/planification-des-conges\/\">Planification des cong\u00e9s\u00a0? Facilitez-vous la t\u00e2che<\/a><\/li>\n<li>Enregistrement des pr\u00e9sences dans le secteur de la construction\u00a0: <a href=\"https:\/\/www.traxgo.be\/fr\/systeme-denregistrement-des-presences-dans-la-construction\/\">articles 1<\/a> et <a href=\"https:\/\/www.traxgo.be\/fr\/systeme-denregistrement-des-presences-dans-le-secteur-de-la-construction\/\">2<\/a><\/li>\n<li><a href=\"https:\/\/www.traxgo.be\/fr\/gestiondespresences\/\">Gestion des pr\u00e9sences<\/a><\/li>\n<\/ul>\n","protected":false},"excerpt":{"rendered":"<p>Suivi efficace des heures de travail Le suivi et la v\u00e9rification des heures de travail de chacun de vos employ\u00e9s peuvent prendre \u00e9norm\u00e9ment de temps. Gr\u00e2ce \u00e0 l\u2019enregistrement des heures, \u00e9pargnez-vous beaucoup de travail et surveillez les heures de vos employ\u00e9s \u00e0 l\u2019aide d\u2019un logiciel pratique. Le logiciel Track-and-Trace de Traxgo vous permet notamment d\u2019obtenir [&hellip;]<\/p>\n","protected":false},"author":7,"featured_media":2949,"parent":0,"menu_order":0,"comment_status":"closed","ping_status":"closed","template":"","meta":{"_acf_changed":false,"footnotes":""},"class_list":["post-3483","page","type-page","status-publish","has-post-thumbnail","hentry"],"acf":[],"_links":{"self":[{"href":"https:\/\/www.traxgo.be\/fr\/wp-json\/wp\/v2\/pages\/3483","targetHints":{"allow":["GET"]}}],"collection":[{"href":"https:\/\/www.traxgo.be\/fr\/wp-json\/wp\/v2\/pages"}],"about":[{"href":"https:\/\/www.traxgo.be\/fr\/wp-json\/wp\/v2\/types\/page"}],"author":[{"embeddable":true,"href":"https:\/\/www.traxgo.be\/fr\/wp-json\/wp\/v2\/users\/7"}],"replies":[{"embeddable":true,"href":"https:\/\/www.traxgo.be\/fr\/wp-json\/wp\/v2\/comments?post=3483"}],"version-history":[{"count":8,"href":"https:\/\/www.traxgo.be\/fr\/wp-json\/wp\/v2\/pages\/3483\/revisions"}],"predecessor-version":[{"id":11230,"href":"https:\/\/www.traxgo.be\/fr\/wp-json\/wp\/v2\/pages\/3483\/revisions\/11230"}],"wp:featuredmedia":[{"embeddable":true,"href":"https:\/\/www.traxgo.be\/fr\/wp-json\/wp\/v2\/media\/2949"}],"wp:attachment":[{"href":"https:\/\/www.traxgo.be\/fr\/wp-json\/wp\/v2\/media?parent=3483"}],"curies":[{"name":"wp","href":"https:\/\/api.w.org\/{rel}","templated":true}]}}