{"id":4780,"date":"2019-10-22T08:25:42","date_gmt":"2019-10-22T08:25:42","guid":{"rendered":"https:\/\/www.traxgo.be\/?page_id=4780"},"modified":"2019-10-22T08:35:22","modified_gmt":"2019-10-22T08:35:22","slug":"un-systeme-de-camera-contre-les-contrevenants","status":"publish","type":"page","link":"https:\/\/www.traxgo.be\/fr\/online-track-et-trace-et-systemes-de-localisation\/un-systeme-de-camera-contre-les-contrevenants\/","title":{"rendered":"Un syst\u00e8me de cam\u00e9ra contre les contrevenants"},"content":{"rendered":"<p><img loading=\"lazy\" decoding=\"async\" class=\"alignright wp-image-4731\" src=\"https:\/\/www.traxgo.be\/wp-content\/uploads\/2019\/10\/114116781_s.jpg\" alt=\"\" width=\"500\" height=\"333\" srcset=\"https:\/\/www.traxgo.be\/wp-content\/uploads\/2019\/10\/114116781_s.jpg 848w, https:\/\/www.traxgo.be\/wp-content\/uploads\/2019\/10\/114116781_s-300x200.jpg 300w, https:\/\/www.traxgo.be\/wp-content\/uploads\/2019\/10\/114116781_s-768x512.jpg 768w\" sizes=\"auto, (max-width: 500px) 100vw, 500px\" \/><\/p>\n<h1>La probl\u00e9matique<\/h1>\n<p>Un des d\u00e9fis li\u00e9s au <strong>d\u00e9veloppement urbain ax\u00e9 sur l'avenir<\/strong> est d'emp\u00eacher les personnes non d\u00e9tentrices d'une autorisation d'acc\u00e9der aux rues commer\u00e7antes. Leur acc\u00e8s est habituellement emp\u00each\u00e9 par des poteaux mobiles \u00e9quip\u00e9s d'un lecteur de cartes. Toutefois, leur entretien, ainsi que l'identification et la verbalisation des contrevenants, exigent un budget consid\u00e9rable.<\/p>\n<h1>La solution<\/h1>\n<p>Traxgo a d\u00e9velopp\u00e9 un <strong>syst\u00e8me de cam\u00e9ra intelligent<\/strong> contre les contrevenants qui ne n\u00e9cessite plus d'installer des obstacles physiques.<br \/>\nCette solution se compose des \u00e9l\u00e9ments suivants:<\/p>\n<ul>\n<li>Une cam\u00e9ra intelligente qui lit les plaques d'immatriculation et les transmet \u00e0 la plate-forme Traxgo<\/li>\n<li>Une liste blanche des plaques d'immatriculation des d\u00e9tenteurs d'une autorisation<\/li>\n<li>Une interface de gestion conviviale pour la police et les services de ville<\/li>\n<li>Une transmission de toutes les infractions \u00e0 la plate-forme de la police<\/li>\n<\/ul>\n<p><img loading=\"lazy\" decoding=\"async\" class=\"alignright wp-image-4735\" src=\"https:\/\/www.traxgo.be\/wp-content\/uploads\/2019\/10\/121620083_s.jpg\" alt=\"\" width=\"500\" height=\"333\" srcset=\"https:\/\/www.traxgo.be\/wp-content\/uploads\/2019\/10\/121620083_s.jpg 848w, https:\/\/www.traxgo.be\/wp-content\/uploads\/2019\/10\/121620083_s-300x200.jpg 300w, https:\/\/www.traxgo.be\/wp-content\/uploads\/2019\/10\/121620083_s-768x512.jpg 768w\" sizes=\"auto, (max-width: 500px) 100vw, 500px\" \/><\/p>\n<h1>Comment cela fonctionne-t-il?<\/h1>\n<p>Le service de la mobilit\u00e9 ou du tourisme fournit une liste blanche reprenant les personnes d\u00e9tentrices d'une autorisation. Le syst\u00e8me reconna\u00eet ces derni\u00e8res sur la base de leur plaque d'immatriculation, ce qui leur permet de circuler librement dans les rues commer\u00e7antes. Elles ne doivent ainsi pas disposer de cartes ni de codes d'acc\u00e8s sp\u00e9ciaux. <strong>Simple<\/strong>, <strong>efficace<\/strong> et <strong>facile \u00e0 utiliser<\/strong>!<\/p>\n<p>Votre ville serait-elle int\u00e9ress\u00e9e? Nous serons heureux de vous aider.<\/p>\n<p><a class=\"button\" href=\"#contact\">Contactez-nous<\/a><\/p>\n","protected":false},"excerpt":{"rendered":"<p>La probl\u00e9matique Un des d\u00e9fis li\u00e9s au d\u00e9veloppement urbain ax\u00e9 sur l'avenir est d'emp\u00eacher les personnes non d\u00e9tentrices d'une autorisation d'acc\u00e9der aux rues commer\u00e7antes. Leur acc\u00e8s est habituellement emp\u00each\u00e9 par des poteaux mobiles \u00e9quip\u00e9s d'un lecteur de cartes. Toutefois, leur entretien, ainsi que l'identification et la verbalisation des contrevenants, exigent un budget consid\u00e9rable. La solution [&hellip;]<\/p>\n","protected":false},"author":1,"featured_media":4735,"parent":553,"menu_order":0,"comment_status":"closed","ping_status":"closed","template":"","meta":{"_acf_changed":false,"footnotes":""},"class_list":["post-4780","page","type-page","status-publish","has-post-thumbnail","hentry"],"acf":[],"_links":{"self":[{"href":"https:\/\/www.traxgo.be\/fr\/wp-json\/wp\/v2\/pages\/4780","targetHints":{"allow":["GET"]}}],"collection":[{"href":"https:\/\/www.traxgo.be\/fr\/wp-json\/wp\/v2\/pages"}],"about":[{"href":"https:\/\/www.traxgo.be\/fr\/wp-json\/wp\/v2\/types\/page"}],"author":[{"embeddable":true,"href":"https:\/\/www.traxgo.be\/fr\/wp-json\/wp\/v2\/users\/1"}],"replies":[{"embeddable":true,"href":"https:\/\/www.traxgo.be\/fr\/wp-json\/wp\/v2\/comments?post=4780"}],"version-history":[{"count":6,"href":"https:\/\/www.traxgo.be\/fr\/wp-json\/wp\/v2\/pages\/4780\/revisions"}],"predecessor-version":[{"id":4789,"href":"https:\/\/www.traxgo.be\/fr\/wp-json\/wp\/v2\/pages\/4780\/revisions\/4789"}],"up":[{"embeddable":true,"href":"https:\/\/www.traxgo.be\/fr\/wp-json\/wp\/v2\/pages\/553"}],"wp:featuredmedia":[{"embeddable":true,"href":"https:\/\/www.traxgo.be\/fr\/wp-json\/wp\/v2\/media\/4735"}],"wp:attachment":[{"href":"https:\/\/www.traxgo.be\/fr\/wp-json\/wp\/v2\/media?parent=4780"}],"curies":[{"name":"wp","href":"https:\/\/api.w.org\/{rel}","templated":true}]}}